{"id":7459,"date":"2018-09-04T04:51:19","date_gmt":"2018-09-04T04:51:19","guid":{"rendered":"https:\/\/npm.org\/?page_id=7459"},"modified":"2020-06-21T18:25:38","modified_gmt":"2020-06-21T18:25:38","slug":"choral-anthems-eighth-sunday-in-ordinary-time-c","status":"publish","type":"page","link":"https:\/\/npm.org\/es\/choral-anthems-eighth-sunday-in-ordinary-time-c\/","title":{"rendered":"Himnos corales - Octavo domingo del tiempo ordinario (C)"},"content":{"rendered":"<h3><span style=\"font-size: 10pt;\">Himnos corales<\/span><\/h3>\n<table style=\"width: 100%;\" border=\"1\" width=\"100%\">\n<tbody>\n<tr>\n<td width=\"456\"><span style=\"font-size: 10pt;\"><strong>T\u00edtulo (Voicing)<\/strong><\/span><\/td>\n<td width=\"187\"><span style=\"font-size: 10pt;\"><strong>Compositor \/ Arreglista<\/strong><\/span><\/td>\n<td width=\"187\"><span style=\"font-size: 10pt;\"><strong>Editor (art\u00edculo #)<\/strong><\/span><\/td>\n<td width=\"103\"><span style=\"font-size: 10pt;\"><strong>Uso<\/strong><\/span><\/td>\n<\/tr>\n<tr>\n<td><span style=\"font-size: 10pt;\">Cantar\u00e9 de tus grandes misericordias, oh Se\u00f1or (SAB, teclado)<\/span><\/td>\n<td><span style=\"font-size: 10pt;\">Mendelssohn, F\u00e9lix<\/span><\/td>\n<td><span style=\"font-size: 10pt;\">Walton (1192)<\/span><\/td>\n<td><span style=\"font-size: 10pt;\">C<\/span><\/td>\n<\/tr>\n<\/tbody>\n<\/table>","protected":false},"excerpt":{"rendered":"<p>Himnos corales T\u00edtulo (Voz) Compositor\/Arreglista Editorial (Art\u00edculo #) Uso Cantar\u00e9 tus grandes misericordias, Se\u00f1or (SAB, teclado) Mendelssohn, Felix Walton (1192) C<\/p>","protected":false},"author":6628,"featured_media":0,"parent":0,"menu_order":0,"comment_status":"closed","ping_status":"closed","template":"","meta":{"_acf_changed":false,"footnotes":""},"class_list":["post-7459","page","type-page","status-publish","hentry"],"acf":[],"_links":{"self":[{"href":"https:\/\/npm.org\/es\/wp-json\/wp\/v2\/pages\/7459"}],"collection":[{"href":"https:\/\/npm.org\/es\/wp-json\/wp\/v2\/pages"}],"about":[{"href":"https:\/\/npm.org\/es\/wp-json\/wp\/v2\/types\/page"}],"author":[{"embeddable":true,"href":"https:\/\/npm.org\/es\/wp-json\/wp\/v2\/users\/6628"}],"replies":[{"embeddable":true,"href":"https:\/\/npm.org\/es\/wp-json\/wp\/v2\/comments?post=7459"}],"version-history":[{"count":0,"href":"https:\/\/npm.org\/es\/wp-json\/wp\/v2\/pages\/7459\/revisions"}],"wp:attachment":[{"href":"https:\/\/npm.org\/es\/wp-json\/wp\/v2\/media?parent=7459"}],"curies":[{"name":"gracias","href":"https:\/\/api.w.org\/{rel}","templated":true}]}}