{"id":7423,"date":"2018-08-24T16:54:03","date_gmt":"2018-08-24T16:54:03","guid":{"rendered":"https:\/\/npm.org\/?page_id=7423"},"modified":"2020-10-26T03:48:01","modified_gmt":"2020-10-26T03:48:01","slug":"the-essentials-of-catholic-liturgy","status":"publish","type":"page","link":"https:\/\/npm.org\/es\/the-essentials-of-catholic-liturgy\/","title":{"rendered":"Cursos de liturgia en l\u00ednea: \u00a1REG\u00cdSTRESE HOY!"},"content":{"rendered":"<p>Adem\u00e1s de nuestras oportunidades de capacitaci\u00f3n y formaci\u00f3n en persona proporcionadas en la Convenci\u00f3n Anual, Winter<em> Coloquio<\/em>, y Guitar and Ensemble Institute NPM se enorgullece de ofrecer oportunidades de capacitaci\u00f3n en l\u00ednea durante todo el a\u00f1o.<\/p>\n<p>Dos de nuestras oportunidades de formaci\u00f3n en l\u00ednea m\u00e1s populares son\u00a0<em>Los fundamentos de la liturgia cat\u00f3lica<\/em>y\u00a0<em>Talleres virtuales: Serie Cantor<\/em>, ambos presentados en colaboraci\u00f3n con Liturgy Training Publications (LTP).<\/p>\n<p><a href=\"https:\/\/teocl.org\/\" target=\"_blank\" rel=\"noopener noreferrer\"><em><strong>Los fundamentos de la liturgia cat\u00f3lica (ECL)<\/strong><\/em><\/a><\/p>\n<p>Ofrecidos en tres v\u00edas para ayudar a los participantes que necesitan varios niveles de instrucci\u00f3n, estos cursos de capacitaci\u00f3n ofrecen instrucci\u00f3n y formaci\u00f3n en los fundamentos de la liturgia cat\u00f3lica y los documentos lit\u00fargicos esenciales. Cada pista ser\u00e1 una forma colaborativa de aprendizaje que combina presentaciones de expertos sobre la historia y la teolog\u00eda de la liturgia con la oportunidad de participar en reflexiones mysstag\u00f3gicas con otros en el curso.<\/p>\n<p>ECL se ofrecer\u00e1 virtualmente durante todo el a\u00f1o y en persona en la convenci\u00f3n anual de NPM. El curso en l\u00ednea se ofrece peri\u00f3dicamente y consta de seis sesiones de noventa minutos. A los participantes se les asignar\u00e1n textos para leer y videos para ver entre cada sesi\u00f3n semanal, y recibir\u00e1n acceso a descargas especiales, videos y un foro de clase.<\/p>\n<p>Los Fundamentos de la liturgia cat\u00f3lica se beneficiar\u00e1n:<\/p>\n<ul>\n<li>Directores de m\u00fasica, especialmente aquellos que son nuevos o han adquirido recientemente otras responsabilidades lit\u00fargicas<\/li>\n<li>Cantores, acompa\u00f1antes, miembros del coro<\/li>\n<li>Directores de liturgia y miembros del comit\u00e9 de adoraci\u00f3n<\/li>\n<li>Aquellos en el ministerio laico o programas de formaci\u00f3n diaconal<\/li>\n<\/ul>\n<p><a href=\"https:\/\/teocl.org\/tracks\/ECLT1\" target=\"_blank\" rel=\"noopener noreferrer\"><strong>PISTA Uno:\u00a0<\/strong> Los fundamentos de la liturgia<\/a><\/p>\n<ul>\n<li>\u00a1Vuelve para conocer las fechas futuras de la pista uno!<\/li>\n<\/ul>\n<p><a href=\"https:\/\/teocl.org\/tracks\/ECLT2\" target=\"_blank\" rel=\"noopener noreferrer\"><strong>PISTA Dos: <\/strong>Ritos sacramentales y otras liturgias parroquiales<\/a><\/p>\n<ul>\n<li><a href=\"https:\/\/teocl.org\/offerings\/ECL20-ECLT2O2\" target=\"_blank\" rel=\"noopener noreferrer\">Inscripciones abiertas hasta el 27 de enero de 2020<\/a><\/li>\n<\/ul>\n<p><strong><a href=\"https:\/\/teocl.org\/tracks\/ECLT3\" target=\"_blank\" rel=\"noopener noreferrer\">PISTA Tres:\u00a0<\/a><\/strong><a href=\"https:\/\/teocl.org\/tracks\/ECLT3\" target=\"_blank\" rel=\"noopener noreferrer\">Liturgia, vida y discipulado: \u00a1llega el verano de 2020!<\/a><\/p>\n\t\t\t\t<img fetchpriority=\"high\" decoding=\"async\" src=\"https:\/\/npm.org\/wp-content\/uploads\/COMP-ltp-npm.jpg\" alt=\"COMP-ltp-npm\" itemprop=\"image\" height=\"561\" width=\"490\" title=\"COMP-ltp-npm\" onerror=\"this.style.display='none'\"  \/>","protected":false},"excerpt":{"rendered":"<p>Inscripciones abiertas \u2013 Segunda v\u00eda, febrero de 2020<\/p>","protected":false},"author":6628,"featured_media":11351,"parent":0,"menu_order":0,"comment_status":"closed","ping_status":"closed","template":"","meta":{"_acf_changed":false,"footnotes":""},"class_list":["post-7423","page","type-page","status-publish","has-post-thumbnail","hentry"],"acf":[],"_links":{"self":[{"href":"https:\/\/npm.org\/es\/wp-json\/wp\/v2\/pages\/7423"}],"collection":[{"href":"https:\/\/npm.org\/es\/wp-json\/wp\/v2\/pages"}],"about":[{"href":"https:\/\/npm.org\/es\/wp-json\/wp\/v2\/types\/page"}],"author":[{"embeddable":true,"href":"https:\/\/npm.org\/es\/wp-json\/wp\/v2\/users\/6628"}],"replies":[{"embeddable":true,"href":"https:\/\/npm.org\/es\/wp-json\/wp\/v2\/comments?post=7423"}],"version-history":[{"count":0,"href":"https:\/\/npm.org\/es\/wp-json\/wp\/v2\/pages\/7423\/revisions"}],"wp:featuredmedia":[{"embeddable":true,"href":"https:\/\/npm.org\/es\/wp-json\/wp\/v2\/media\/11351"}],"wp:attachment":[{"href":"https:\/\/npm.org\/es\/wp-json\/wp\/v2\/media?parent=7423"}],"curies":[{"name":"gracias","href":"https:\/\/api.w.org\/{rel}","templated":true}]}}