{"id":504,"date":"2017-06-24T17:37:05","date_gmt":"2017-06-24T17:37:05","guid":{"rendered":"https:\/\/npm.org\/?page_id=504"},"modified":"2020-09-05T18:51:07","modified_gmt":"2020-09-05T18:51:07","slug":"documents","status":"publish","type":"page","link":"https:\/\/npm.org\/es\/documents\/","title":{"rendered":"M\u00e1s recursos"},"content":{"rendered":"<p><strong>Documentos oficiales de liturgia<\/strong><\/p>\n<p><a href=\"http:\/\/www.vatican.va\/archive\/hist_councils\/ii_vatican_council\/documents\/vat-ii_const_19631204_sacrosanctum-concilium_en.html\">Concilio Vaticano II, Constituci\u00f3n sobre la Sagrada Liturgia <em> Sacrosanctum Concilium <\/em>(1963)<\/a><\/p>\n<a href=\"http:\/\/www.vatican.va\/roman_curia\/congregations\/ccdds\/documents\/rc_con_ccdds_doc_20010507_liturgiam-authenticam_en.html\">Congregaci\u00f3n para el Culto Divino y la Disciplina de los Sacramentos <em>Liturgiam Authenticam<\/em><br \/>\nSobre el uso de lenguas vern\u00e1culas en la publicaci\u00f3n de libros de liturgia romana (2001)<\/a>\n<p><a href=\"http:\/\/www.vatican.va\/roman_curia\/congregations\/ccdds\/documents\/rc_con_ccdds_doc_20020513_vers-direttorio_en.html\">Congregaci\u00f3n para el Culto Divino y la Disciplina de los Sacramentos <em>Directorio sobre la piedad popular y la liturgia <\/em>(2001) <\/a><\/p>\n<p><a href=\"http:\/\/www.usccb.org\/prayer-and-worship\/the-mass\/general-instruction-of-the-roman-missal\/\">Instrucci\u00f3n general del Misal Romano, incluidas adaptaciones para las di\u00f3cesis de los Estados Unidos de Am\u00e9rica (2002)<\/a><\/p>\n<p><a href=\"http:\/\/www.vatican.va\/holy_father\/special_features\/encyclicals\/documents\/hf_jp-ii_enc_20030417_ecclesia_eucharistia_en.html\">Juan Pablo II, Carta enc\u00edclica <em>Ecclesia de Eucharistia<\/em> (2003)<\/a><\/p>\n<p><a href=\"https:\/\/w2.vatican.va\/content\/john-paul-ii\/en\/apost_letters\/2003\/documents\/hf_jp-ii_apl_20031204_spiritus-et-sponsa.html\">Juan Pablo II, Carta Apost\u00f3lica <em>Spiritus et Sponsa<\/em> en el cuadrag\u00e9simo aniversario de la Constituci\u00f3n sobre la Sagrada Liturgia <em>Sacrosanctum Concilium <\/em>(2003)<\/a><\/p>\n<p><a href=\"http:\/\/www.vatican.va\/roman_curia\/congregations\/ccdds\/documents\/rc_con_ccdds_doc_20040423_redemptionis-sacramentum_en.html\">Instrucci\u00f3n <em>Redemptionis Sacramentum<\/em> sobre ciertas cuestiones que deben observarse o evitarse relativas a la Sant\u00edsima Eucarist\u00eda (2004)<\/a><\/p>\n<p><a href=\"https:\/\/w2.vatican.va\/content\/john-paul-ii\/en\/apost_letters\/2004\/documents\/hf_jp-ii_apl_20041008_mane-nobiscum-domine.html\">Juan Pablo II, Carta Apost\u00f3lica <em>Mane Nobiscum Domine<\/em> para el A\u00f1o de la Eucarist\u00eda (2004)<\/a><\/p>\n<p><a href=\"http:\/\/www.vatican.va\/roman_curia\/congregations\/ccdds\/documents\/rc_con_ccdds_doc_20041014_anno-eucaristia_en.html\">Congregaci\u00f3n para el Culto Divino y la Disciplina de los Sacramentos, <em>A\u00f1o de la Eucarist\u00eda: sugerencias y propuestas <\/em>(2004)<\/a><\/p>\n<a href=\"http:\/\/www.vatican.va\/holy_father\/benedict_xvi\/apost_exhortations\/documents\/hf_ben-xvi_exh_20070222_sacramentum-caritatis_en.html\">Benedicto XVI, <em>Sacramentum Caritatis<\/em><\/a><br \/>\n<a href=\"http:\/\/www.vatican.va\/holy_father\/benedict_xvi\/apost_exhortations\/documents\/hf_ben-xvi_exh_20070222_sacramentum-caritatis_en.html\">Exhortaci\u00f3n postsinodal sobre la Eucarist\u00eda como fuente y cumbre<\/a> <a href=\"http:\/\/www.vatican.va\/holy_father\/benedict_xvi\/apost_exhortations\/documents\/hf_ben-xvi_exh_20070222_sacramentum-caritatis_en.html\">de la Vida y Misi\u00f3n de la Iglesia (2007)<\/a>\n<p><a href=\"http:\/\/w2.vatican.va\/content\/benedict-xvi\/en\/motu_proprio\/documents\/hf_ben-xvi_motu-proprio_20070707_summorum-pontificum.html\">Benedicto XVI,<em> Motu Proprio<\/em>, <em>Summorum Pontificum <\/em>(2007)<\/a><\/p>\n<p><a href=\"http:\/\/www.vatican.va\/holy_father\/benedict_xvi\/letters\/2007\/documents\/hf_ben-xvi_let_20070707_lettera-vescovi_en.html\">Benedicto XVI, Carta a los obispos sobre la publicaci\u00f3n <\/a><a href=\"http:\/\/www.vatican.va\/holy_father\/benedict_xvi\/letters\/2007\/documents\/hf_ben-xvi_let_20070707_lettera-vescovi_en.html\">de El <em>Motu Proprio &quot;Summorum Pontificum&quot;<\/em> (2007)<\/a><\/p>\n<p>&nbsp;<\/p>\n<p><strong>Documentos musicales oficiales<\/strong><\/p>\n<p><a href=\"http:\/\/catholicliturgy.com\/index.cfm\/FuseAction\/DocumentContents\/Index\/2\/SubIndex\/17\/DocumentIndex\/360\">P\u00edo X, Carta enc\u00edclica <em>Tra Le Sollecitudini<\/em> Sobre la restauraci\u00f3n de la m\u00fasica sacra (1903)<\/a><\/p>\n<p><a href=\"http:\/\/www.vatican.va\/archive\/hist_councils\/ii_vatican_council\/documents\/vat-ii_instr_19670305_musicam-sacram_en.html\">Instrucci\u00f3n <em>Musicam Sacram<\/em> sobre la m\u00fasica sacra en la liturgia (1967)<\/a><\/p>\n<p><a href=\"http:\/\/www.vatican.va\/content\/john-paul-ii\/en\/letters\/1999\/documents\/hf_jp-ii_let_23041999_artists.html\">Juan Pablo II, Carta a los artistas (1999)<\/a><\/p>\n<p><a href=\"http:\/\/www.vatican.va\/holy_father\/john_paul_ii\/letters\/2003\/documents\/hf_jp-ii_let_20031203_musica-sacra_en.html\">Juan Pablo II, Quir\u00f3grafo del Centenario del Motu Proprio <em>Tra Le Sollecetudini<\/em> sobre m\u00fasica sacra (2003)<\/a><\/p>\n<p><a href=\"http:\/\/www.yakimadiocese.org\/pdf\/SingToTheLord.pdf\">USCCB, <em>Canten al Se\u00f1or: M\u00fasica en adoraci\u00f3n divina<\/em><\/a> (2007)<\/p>\n<p>&nbsp;<\/p>\n<p><strong>Otros documentos oficiales de la Iglesia<\/strong><\/p>\n<p><a href=\"http:\/\/www.usccb.org\/upload\/co-workers-vineyard-lay-ecclesial-ministry-2005.pdf\">Conferencia de Obispos Cat\u00f3licos de EE. UU., <em>Colaboradores en el vi\u00f1edo<\/em> (2005) <\/a><\/p>\n<p>&nbsp;<\/p>\n<p><strong>Otros documentos relacionados<\/strong><\/p>\n<p><em><a href=\"https:\/\/npm.org\/wp-content\/uploads\/2017\/06\/Catholic-Connections.pdf\">Conexiones cat\u00f3licas a la educaci\u00f3n musical<\/a><\/em><\/p>\n<p><a href=\"http:\/\/www.archmil.org\/ArchMil\/Resources\/TheMilwaukeeStatement.pdf\">Simposio de Milwaukee para compositores de iglesias: informe de diez a\u00f1os (1992)<\/a><\/p>\n<p><a href=\"http:\/\/www.canticanova.com\/articles\/liturgy\/art9o1.htm\">Declaraci\u00f3n de Snowbird sobre la m\u00fasica lit\u00fargica cat\u00f3lica (1995)<\/a><\/p>\n<p><a href=\"http:\/\/worship.calvin.edu\/resources\/resource-library\/nairobi-statement-on-worship-and-culture-full-text\">Declaraci\u00f3n de Nairobi sobre el culto y la cultura (Federaci\u00f3n Luterana Mundial, 1996)<\/a><\/p>","protected":false},"excerpt":{"rendered":"","protected":false},"author":6628,"featured_media":0,"parent":0,"menu_order":0,"comment_status":"closed","ping_status":"closed","template":"","meta":{"_acf_changed":false,"footnotes":""},"class_list":["post-504","page","type-page","status-publish","hentry"],"acf":[],"_links":{"self":[{"href":"https:\/\/npm.org\/es\/wp-json\/wp\/v2\/pages\/504"}],"collection":[{"href":"https:\/\/npm.org\/es\/wp-json\/wp\/v2\/pages"}],"about":[{"href":"https:\/\/npm.org\/es\/wp-json\/wp\/v2\/types\/page"}],"author":[{"embeddable":true,"href":"https:\/\/npm.org\/es\/wp-json\/wp\/v2\/users\/6628"}],"replies":[{"embeddable":true,"href":"https:\/\/npm.org\/es\/wp-json\/wp\/v2\/comments?post=504"}],"version-history":[{"count":0,"href":"https:\/\/npm.org\/es\/wp-json\/wp\/v2\/pages\/504\/revisions"}],"wp:attachment":[{"href":"https:\/\/npm.org\/es\/wp-json\/wp\/v2\/media?parent=504"}],"curies":[{"name":"gracias","href":"https:\/\/api.w.org\/{rel}","templated":true}]}}