{"id":5001,"date":"2017-11-08T21:36:59","date_gmt":"2017-11-08T21:36:59","guid":{"rendered":"https:\/\/npm.org\/?page_id=5001"},"modified":"2020-06-20T17:07:04","modified_gmt":"2020-06-20T17:07:04","slug":"choral-anthems-last-sunday-in-ordinary-time-our-lord-jesus-christ-king-of-the-universe-c-lectionary-162","status":"publish","type":"page","link":"https:\/\/npm.org\/es\/choral-anthems-last-sunday-in-ordinary-time-our-lord-jesus-christ-king-of-the-universe-c-lectionary-162\/","title":{"rendered":"Himnos corales - Cristo Rey (C)"},"content":{"rendered":"<p><strong>Himnos corales<\/strong><\/p>\n<table style=\"width: 100%;\" border=\"1\" width=\"100%\">\n<tbody>\n<tr>\n<td width=\"456\"><strong>T\u00edtulo (Voicing)<\/strong><\/td>\n<td width=\"187\"><strong>Compositor \/ Arreglista<\/strong><\/td>\n<td width=\"187\"><strong>Editor (art\u00edculo #)<\/strong><\/td>\n<td width=\"103\"><strong>Uso<\/strong><\/td>\n<\/tr>\n<tr>\n<td>Atribuir al Se\u00f1or (SATB, \u00f3rgano)<\/td>\n<td>Wetzler, Robert<\/td>\n<td>Concordia<\/td>\n<td>mi<\/td>\n<\/tr>\n<tr>\n<td>Atribuid al Se\u00f1or la gloria (SATB)<\/td>\n<td>Hillert, Richard<\/td>\n<td>Concordia<\/td>\n<td>CE<\/td>\n<\/tr>\n<tr>\n<td>Calvario (SATB, piano)<\/td>\n<td>Skeat, William J.<\/td>\n<td>J. Fischer<\/td>\n<td>GRAMO<\/td>\n<\/tr>\n<tr>\n<td>Paradoja de Christus (SATB, \u00d3rgano)<\/td>\n<td>Fedak, Alfred V.<\/td>\n<td>GIA (5463)<\/td>\n<td>GRAMO<\/td>\n<\/tr>\n<tr>\n<td>La muerte de Cristo (SATB)<\/td>\n<td>De vuelta, Sven-Erik<\/td>\n<td>Hansen (11838)<\/td>\n<td>GRAMO<\/td>\n<\/tr>\n<tr>\n<td>C\u00e1ntico festivo: Digno es Cristo (SATB, \u00d3rgano, Lat\u00f3n)<\/td>\n<td>Hillert, Richard<\/td>\n<td>Concordia (98-2305)<\/td>\n<td>mi<\/td>\n<\/tr>\n<tr>\n<td>Festival Te Deum (SATB, \u00d3rgano)<\/td>\n<td>Britten, Benjam\u00edn<\/td>\n<td>Boosey y Hawkes (48008909)<\/td>\n<td>mi<\/td>\n<\/tr>\n<tr>\n<td>Puerta del cielo, el (SATB)<\/td>\n<td>Thompson, Randall<\/td>\n<td>EC Schirmer (2490)<\/td>\n<td>PD<\/td>\n<\/tr>\n<tr>\n<td>Puerta del cielo, la (SSAA)<\/td>\n<td>Thompson, Randall<\/td>\n<td>EC Schirmer (2531)<\/td>\n<td>PD<\/td>\n<\/tr>\n<tr>\n<td>Puerta del cielo, la (TTBB)<\/td>\n<td>Thompson, Randall<\/td>\n<td>EC Schirmer (2175)<\/td>\n<td>PD<\/td>\n<\/tr>\n<tr>\n<td>Dios glorioso y poderoso (SATB)<\/td>\n<td>Stanford, Charles Villiers<\/td>\n<td>Stainer &amp; Bell (3.3363)<\/td>\n<td>mi<\/td>\n<\/tr>\n<tr>\n<td>Me he regocijado (SATB, cuerdas, continuo)<\/td>\n<td>Vivaldi, Antonio<\/td>\n<td>Augsburgo<\/td>\n<td>PD<\/td>\n<\/tr>\n<tr>\n<td>Me alegr\u00e9 (2 partes, campanas de mano)<\/td>\n<td>Hallock, Pedro<\/td>\n<td>GIA (2079)<\/td>\n<td>PD<\/td>\n<\/tr>\n<tr>\n<td>Estaba contento (SATB)<\/td>\n<td>Ferko, Frank<\/td>\n<td>EC Schirmer (4918)<\/td>\n<td>PD<\/td>\n<\/tr>\n<tr>\n<td>Estaba contento (SATB)<\/td>\n<td>Mayordomo, Eugene<\/td>\n<td>Esperanza (EB 9200)<\/td>\n<td>PD<\/td>\n<\/tr>\n<tr>\n<td>Me alegr\u00e9 (SATB, coro de ni\u00f1os, \u00f3rgano, campanas de mano)<\/td>\n<td>Scott, K. Lee<\/td>\n<td>Gremio de Coristas (CGA 883)<\/td>\n<td>PD<\/td>\n<\/tr>\n<tr>\n<td>Me alegr\u00e9 (SATB, \u00f3rgano, oboe o trompeta, campanas de mano)<\/td>\n<td>Kosche, Kenneth T.<\/td>\n<td>Concordia (98-3731)<\/td>\n<td>PD<\/td>\n<\/tr>\n<tr>\n<td>Me alegr\u00e9 (SATB, \u00f3rgano\/teclado)<\/td>\n<td>Wolff, S. Drummond<\/td>\n<td>Concordia<\/td>\n<td>PD<\/td>\n<\/tr>\n<tr>\n<td>Me alegr\u00e9 (SSA)<\/td>\n<td>Willan, Healley<\/td>\n<td>Concordia (97-7610) en \u201cTe alabamos, Parte II\u201d<\/td>\n<td>PD<\/td>\n<\/tr>\n<tr>\n<td>Me alegr\u00e9 (SSATB, \u00f3rgano optativo)<\/td>\n<td>Purcell, Enrique<\/td>\n<td>Ventas de m\u00fasica en Estados Unidos (NOV290446)<\/td>\n<td>PD<\/td>\n<\/tr>\n<tr>\n<td>Me alegr\u00e9 cuando me dijeron (SATB, \u00d3rgano)<\/td>\n<td>Sowerby, Leo<\/td>\n<td>Theodore Presser<\/td>\n<td>PD<\/td>\n<\/tr>\n<tr>\n<td>Me alegr\u00e9 cuando me dijeron (SSATTB, \u00d3rgano)<\/td>\n<td>Parry, C. Hurbert<\/td>\n<td>Ventas de m\u00fasica en Estados Unidos (29\/11\/2001)<\/td>\n<td>PD<\/td>\n<\/tr>\n<tr>\n<td>Me alegr\u00e9 cuando me dijeron (SSATTB, \u00d3rgano)<\/td>\n<td>Parry, C. Hurbert<\/td>\n<td>Ventas de m\u00fasica en Estados Unidos (29\/11\/2001)<\/td>\n<td>PD<\/td>\n<\/tr>\n<tr>\n<td>In paradisum de \u201cRequiem\u201d (SATB, \u00d3rgano)<\/td>\n<td>Faure, Gabriel<\/td>\n<td>Oxford (9780193418042)<\/td>\n<td>GRAMO<\/td>\n<\/tr>\n<tr>\n<td>Jesus Shall Reign Where&#039;er the Sun (SATB, \u00f3rgano)<\/td>\n<td>arreglo Hopson, Hal H.<\/td>\n<td>GIA (6472)<\/td>\n<td>GRAMO<\/td>\n<\/tr>\n<tr>\n<td>Rey del Amor Mi Pastor Es, El (SSATB, \u00d3rgano)<\/td>\n<td>Bairstow, Eduardo<\/td>\n<td>CPDL<\/td>\n<td>PD<\/td>\n<\/tr>\n<tr>\n<td>Laetatus sum (S\u00e9 alegre) (SATB)<\/td>\n<td>Monteverdi, Claudio<\/td>\n<td>Prensa Shawnee (MX0109)<\/td>\n<td>PD<\/td>\n<\/tr>\n<tr>\n<td>Laetatus sum (SATB, Alto, Tenor, Bajo soli, \u00d3rgano, 2 Violines)<\/td>\n<td>Charpentier, Marc-Antoine<\/td>\n<td>Concordia<\/td>\n<td>PD<\/td>\n<\/tr>\n<tr>\n<td>Laetatus sum (SATB, \u00d3rgano\/Piano)<\/td>\n<td>Vivaldi, Antonio<\/td>\n<td>Lawson-Gould<\/td>\n<td>PD<\/td>\n<\/tr>\n<tr>\n<td>Laetatus sum RV. 607 (SATB, cuerdas)<\/td>\n<td>Vivaldi, Antonio<\/td>\n<td>CPDL<\/td>\n<td>PD<\/td>\n<\/tr>\n<tr>\n<td>Vamos a regocijarnos (SATB, teclado, instrumentos de viento de madera opcionales)<\/td>\n<td>Joncas, J. Michael<\/td>\n<td>GIA (3437)<\/td>\n<td>PD<\/td>\n<\/tr>\n<tr>\n<td>Escuche lo que el Se\u00f1or est\u00e1 diciendo (Un\u00edsono, teclado)<\/td>\n<td>Behnke, John A.<\/td>\n<td>Concordia (98-3578) en &quot;Tres salmos para coro al un\u00edsono&quot;<\/td>\n<td>mi<\/td>\n<\/tr>\n<tr>\n<td>Oh Cristo Nuestro Rey (SATB)<\/td>\n<td>Wetzler, Robert<\/td>\n<td>Augsburgo<\/td>\n<td>GRAMO<\/td>\n<\/tr>\n<tr>\n<td>Alabado sea nuestro Dios \/ Salmo 117 (SATB)<\/td>\n<td>Sch\u00fctz, Heinrich<\/td>\n<td>Concordia (97-6303) en &quot;Diez Salmos del Salterio de Becker&quot;<\/td>\n<td>C<\/td>\n<\/tr>\n<tr>\n<td>Alabado sea el Se\u00f1or (SATB, \u00f3rgano)<\/td>\n<td>Batten, Adrian<\/td>\n<td>GIA (4369)<\/td>\n<td>C<\/td>\n<\/tr>\n<tr>\n<td>Alabado sea el Se\u00f1or, todas las naciones (SATB)<\/td>\n<td>Dressler, Gallus<\/td>\n<td>Concordia (98-2764)<\/td>\n<td>C<\/td>\n<\/tr>\n<tr>\n<td>O adora al rey (SATB, teclado)<\/td>\n<td>arr. Ehret, Walter<\/td>\n<td>GIA (6007)<\/td>\n<td>C<\/td>\n<\/tr>\n<tr>\n<td>La paz sea contigo (SATB, teclado)<\/td>\n<td>Mayordomo, Eugene<\/td>\n<td>Gris HW (GCMR03613)<\/td>\n<td>PD<\/td>\n<\/tr>\n<tr>\n<td>Psalmus 122 (SATB, teclado \/ \u00f3rgano)<\/td>\n<td>Sweelinck, Jan Pieterszoon<\/td>\n<td>Edici\u00f3n Musico (G 328)<\/td>\n<td>PD<\/td>\n<\/tr>\n<tr>\n<td>Al\u00e9grate, el Se\u00f1or es Rey (SATB, \u00d3rgano, opc. Coro de ni\u00f1os)<\/td>\n<td>arr. Parker, Alice<\/td>\n<td>GIA (6256)<\/td>\n<td>C<\/td>\n<\/tr>\n<tr>\n<td>Seven Last Words: Third Word (SATB, solos de tenor y 2 bajos, \u00f3rgano, cinta preparada)<\/td>\n<td>Pinkham, Daniel<\/td>\n<td>E. C. Schirmer (2907)<\/td>\n<td>GRAMO<\/td>\n<\/tr>\n<tr>\n<td>Tuyo el Am\u00e9n, Tuyo la Alabanza (SATB, \u00d3rgano)<\/td>\n<td>Schalk, Carl<\/td>\n<td>Augsburgo (9780800646127)<\/td>\n<td>mi<\/td>\n<\/tr>\n<tr>\n<td>T\u00fa eres el rey de la gloria de &quot;Dettingen Te Deum&quot; (solo de bajo, SATB, \u00f3rgano, trompeta<\/td>\n<td>Handel, George F.<\/td>\n<td>St. James Press<\/td>\n<td>GRAMO<\/td>\n<\/tr>\n<tr>\n<td>Tu trono, oh Dios, es eterno y para siempre (SATB, SATB Soli, \u00d3rgano\/Piano)<\/td>\n<td>Latrobe, cristiano<\/td>\n<td>Boosey y Hawkes<\/td>\n<td>2<\/td>\n<\/tr>\n<tr>\n<td>Para la gloria de nuestro Rey (Un\u00edsono, Teclado)<\/td>\n<td>Hoja, Roberto<\/td>\n<td>Gremio de Coristas (CGA 173)<\/td>\n<td>CE<\/td>\n<\/tr>\n<tr>\n<td>Velum templi scissum est (SATB, \u00d3rgano)<\/td>\n<td>Haydn, Johann Michael<\/td>\n<td>G. Schirmer<\/td>\n<td>GRAMO<\/td>\n<\/tr>\n<tr>\n<td>Damos gracias (Un\u00edsono, \u00d3rgano)<\/td>\n<td>Goode, Jack C.<\/td>\n<td>Abingdon<\/td>\n<td>2<\/td>\n<\/tr>\n<tr>\n<td>Digno es Cristo (SATB, \u00d3rgano \/ Teclado, opc. Congregaci\u00f3n)<\/td>\n<td>Leavitt, John<\/td>\n<td>Concordia<\/td>\n<td>mi<\/td>\n<\/tr>\n<tr>\n<td>Digno es el Cordero (SATB)<\/td>\n<td>Gallus, Jacobus<\/td>\n<td>M\u00fasica de Willis<\/td>\n<td>mi<\/td>\n<\/tr>\n<tr>\n<td>Digno es el Cordero de &quot;Mes\u00edas&quot; (SATB, teclado)<\/td>\n<td>Handel, George F.<\/td>\n<td>Varios<\/td>\n<td>mi<\/td>\n<\/tr>\n<\/tbody>\n<\/table>","protected":false},"excerpt":{"rendered":"<p>Choral Anthems Title (Voicing) Composer\/Arranger Publisher (Item #) Usage Ascribe to the Lord (SATB, Organ) Wetzler, Robert Concordia E Ascribe to the Lord the Glory (SATB) Hillert, Richard Concordia E,C Calvary (SATB, Piano) Skeat, William J. J. Fischer G Christus Paradox (SATB, Organ) Fedak, Alfred V. GIA (5463) G Dies mortis Christe (SATB) Back, Sven-Erik [&hellip;]<\/p>\n","protected":false},"author":6628,"featured_media":0,"parent":0,"menu_order":0,"comment_status":"closed","ping_status":"closed","template":"","meta":{"_acf_changed":false,"footnotes":""},"class_list":["post-5001","page","type-page","status-publish","hentry"],"acf":[],"_links":{"self":[{"href":"https:\/\/npm.org\/es\/wp-json\/wp\/v2\/pages\/5001"}],"collection":[{"href":"https:\/\/npm.org\/es\/wp-json\/wp\/v2\/pages"}],"about":[{"href":"https:\/\/npm.org\/es\/wp-json\/wp\/v2\/types\/page"}],"author":[{"embeddable":true,"href":"https:\/\/npm.org\/es\/wp-json\/wp\/v2\/users\/6628"}],"replies":[{"embeddable":true,"href":"https:\/\/npm.org\/es\/wp-json\/wp\/v2\/comments?post=5001"}],"version-history":[{"count":0,"href":"https:\/\/npm.org\/es\/wp-json\/wp\/v2\/pages\/5001\/revisions"}],"wp:attachment":[{"href":"https:\/\/npm.org\/es\/wp-json\/wp\/v2\/media?parent=5001"}],"curies":[{"name":"gracias","href":"https:\/\/api.w.org\/{rel}","templated":true}]}}