{"id":4989,"date":"2017-11-08T21:33:05","date_gmt":"2017-11-08T21:33:05","guid":{"rendered":"https:\/\/npm.org\/?page_id=4989"},"modified":"2020-06-21T18:13:07","modified_gmt":"2020-06-21T18:13:07","slug":"choral-anthems-thirtieth-sunday-in-ordinary-time-c-lectionary-150","status":"publish","type":"page","link":"https:\/\/npm.org\/es\/choral-anthems-thirtieth-sunday-in-ordinary-time-c-lectionary-150\/","title":{"rendered":"Himnos corales - trig\u00e9simo domingo del tiempo ordinario (C)"},"content":{"rendered":"<p><strong>Himnos corales<\/strong><\/p>\n<table style=\"width: 100%;\" border=\"1\" width=\"100%\">\n<tbody>\n<tr>\n<td width=\"456\"><strong>T\u00edtulo (Voicing)<\/strong><\/td>\n<td width=\"187\"><strong>Compositor \/ Arreglista<\/strong><\/td>\n<td width=\"187\"><strong>Editor (art\u00edculo #)<\/strong><\/td>\n<td width=\"103\"><strong>Uso<\/strong><\/td>\n<\/tr>\n<tr>\n<td>Solo T\u00fa Avanzas, oh Se\u00f1or (SATB, \u00d3rgano)<\/td>\n<td>Macabe, Michael<\/td>\n<td>Par\u00e1clito (PPM00511)<\/td>\n<td>C<\/td>\n<\/tr>\n<tr>\n<td>Ven y ora conmigo (Un\u00edsono, Piano)<\/td>\n<td>Christopherson, Dorothy<\/td>\n<td>Abingdon<\/td>\n<td>GRAMO<\/td>\n<\/tr>\n<tr>\n<td>Venid, pecadores (2 partes, oboe)<\/td>\n<td>arreglo de White, David Ashley<\/td>\n<td>Augsburgo (9780800653248)<\/td>\n<td>GRAMO<\/td>\n<\/tr>\n<tr>\n<td>Pelea la buena batalla (TTBB, piano)<\/td>\n<td>Gardner, Juan<\/td>\n<td>Oxford (9780193859456)<\/td>\n<td>2<\/td>\n<\/tr>\n<tr>\n<td>Llenad vuestros corazones de gozo y alegr\u00eda (SATB, \u00d3rgano)<\/td>\n<td>Englert, Eugene<\/td>\n<td>GIA (2876)<\/td>\n<td>mi<\/td>\n<\/tr>\n<tr>\n<td>Fragante la Oraci\u00f3n (SATB, Sop. &amp; Ten. Solos)<\/td>\n<td>Oliver, Curt<\/td>\n<td>Par\u00e1clito (PPM09821)<\/td>\n<td>C<\/td>\n<\/tr>\n<tr>\n<td>Dad Gracias al Se\u00f1or (SATB, \u00d3rgano)<\/td>\n<td>Martinson, Joel<\/td>\n<td>Par\u00e1clito (PPM00509)<\/td>\n<td>mi<\/td>\n<\/tr>\n<tr>\n<td>Siempre dar\u00e9 gracias (SATB, \u00d3rgano)<\/td>\n<td>Titcomb, Everett<\/td>\n<td>Prensa Shawnee<\/td>\n<td>PD<\/td>\n<\/tr>\n<tr>\n<td>Yo lo har\u00e9 en todo momento (Un\u00edsono, Teclado)<\/td>\n<td>Holden-Holloway, D\u00e9borah<\/td>\n<td>Selah (422-901)<\/td>\n<td>PD<\/td>\n<\/tr>\n<tr>\n<td>Alabar\u00e9 al Se\u00f1or en todo tiempo de \u201cSa\u00fal\u201d (Un\u00edsono, Teclado)<\/td>\n<td>Handel, George F.\/Hopson, Hal H. arreglo.<\/td>\n<td>Gremio de Coristas (CGA 243)<\/td>\n<td>PD<\/td>\n<\/tr>\n<tr>\n<td>El Se\u00f1or sanar\u00e1 a los quebrantados de coraz\u00f3n, (SATB, flauta, teclado)<\/td>\n<td>Arr. McCann, Juan<\/td>\n<td>GIA (5296)<\/td>\n<td>PD<\/td>\n<\/tr>\n<tr>\n<td>Oh, magnificad al Se\u00f1or conmigo (SA, piano\/\u00f3rgano)<\/td>\n<td>Mueller, Carl F.<\/td>\n<td>Carl Fischer<\/td>\n<td>PD<\/td>\n<\/tr>\n<tr>\n<td>El fariseo y el publicano (SATB, \u00d3rgano)<\/td>\n<td>Mart\u00edn, Warren<\/td>\n<td>M\u00fasica dorada<\/td>\n<td>GRAMO<\/td>\n<\/tr>\n<tr>\n<td>Fariseo y publicano, El (SATB, Tenor, Bajo soli, \u00d3rgano)<\/td>\n<td>Sch\u00fctz, Heinrich<\/td>\n<td>G. Schirmer (OC7473)<\/td>\n<td>GRAMO<\/td>\n<\/tr>\n<tr>\n<td>Oraci\u00f3n por la humildad, A (SATB, piano)<\/td>\n<td>Paterson, Mark<\/td>\n<td>Gremio de Coristas (CGA 990)<\/td>\n<td>GRAMO<\/td>\n<\/tr>\n<tr>\n<td>Oraci\u00f3n por la humildad, A (Un\u00edsono, Piano)<\/td>\n<td>Paterson, Mark<\/td>\n<td>Gremio de Coristas (CGA 989)<\/td>\n<td>GRAMO<\/td>\n<\/tr>\n<tr>\n<td>Proclama conmigo (SATB, opt. Trompeta, \u00d3rgano)<\/td>\n<td>Busarow, Donald<\/td>\n<td>Concordia (98-3127)<\/td>\n<td>PD<\/td>\n<\/tr>\n<tr>\n<td>Buscad su rostro en todos los lugares (SATB, 2 violines, continuo)<\/td>\n<td>Herbst, Johannes\/Kroeger, Karl arr.<\/td>\n<td>carl fischer (c543)<\/td>\n<td>mi<\/td>\n<\/tr>\n<tr>\n<td>Canta una canci\u00f3n festiva (SATB, teclado)<\/td>\n<td>Schultz, Larry E.<\/td>\n<td>Gremio de coristas (CGA 1013)<\/td>\n<td>C<\/td>\n<\/tr>\n<tr>\n<td>Fuerte, cari\u00f1oso y sabio (SATB, \u00f3rgano, cuarteto de metales opcional, timbales)<\/td>\n<td>Proulx, Richard<\/td>\n<td>M\u00fasica MorningStar (50-8706)<\/td>\n<td>2<\/td>\n<\/tr>\n<tr>\n<td>Tu amor perfecto (SATB o SAB, teclado)<\/td>\n<td>Scott, K. Lee<\/td>\n<td>Gremio de coristas (CGA 704)<\/td>\n<td>C<\/td>\n<\/tr>\n<tr>\n<td>Dos hombres se dispusieron a orar en el templo (SATB, soprano, alto, continuo)<\/td>\n<td>Sch\u00fctz, Heinrich<\/td>\n<td>Concordia<\/td>\n<td>GRAMO<\/td>\n<\/tr>\n<tr>\n<td>Cantaremos de alegr\u00eda (Al un\u00edsono, Teclado)<\/td>\n<td>Scarlatti, Alessandro\/Lowe, Helenclair arr.<\/td>\n<td>Gremio de coristas (CGA 202)<\/td>\n<td>mi<\/td>\n<\/tr>\n<tr>\n<td>Tu bondad, oh Dios (SATB, teclado)<\/td>\n<td>Guimont, Michel<\/td>\n<td>GIA (3683)<\/td>\n<td>PD<\/td>\n<\/tr>\n<\/tbody>\n<\/table>","protected":false},"excerpt":{"rendered":"<p>Choral Anthems Title (Voicing) Composer\/Arranger Publisher (Item #) Usage Alone Thou Goest Forth, O Lord (SATB, Organ) McCabe, Michael Paraclete (PPM00511) C Come and Pray with Me (Unison, Piano) Christopherson, Dorothy Abingdon G Come, Ye Sinners (2-Part, Oboe) arr. White, David Ashley Augsburg (9780800653248) G Fight the Good Fight (TTBB, Piano) Gardner, John Oxford (9780193859456) [&hellip;]<\/p>\n","protected":false},"author":6628,"featured_media":0,"parent":0,"menu_order":0,"comment_status":"closed","ping_status":"closed","template":"","meta":{"_acf_changed":false,"footnotes":""},"class_list":["post-4989","page","type-page","status-publish","hentry"],"acf":[],"_links":{"self":[{"href":"https:\/\/npm.org\/es\/wp-json\/wp\/v2\/pages\/4989"}],"collection":[{"href":"https:\/\/npm.org\/es\/wp-json\/wp\/v2\/pages"}],"about":[{"href":"https:\/\/npm.org\/es\/wp-json\/wp\/v2\/types\/page"}],"author":[{"embeddable":true,"href":"https:\/\/npm.org\/es\/wp-json\/wp\/v2\/users\/6628"}],"replies":[{"embeddable":true,"href":"https:\/\/npm.org\/es\/wp-json\/wp\/v2\/comments?post=4989"}],"version-history":[{"count":0,"href":"https:\/\/npm.org\/es\/wp-json\/wp\/v2\/pages\/4989\/revisions"}],"wp:attachment":[{"href":"https:\/\/npm.org\/es\/wp-json\/wp\/v2\/media?parent=4989"}],"curies":[{"name":"gracias","href":"https:\/\/api.w.org\/{rel}","templated":true}]}}