{"id":4986,"date":"2017-11-08T21:32:17","date_gmt":"2017-11-08T21:32:17","guid":{"rendered":"https:\/\/npm.org\/?page_id=4986"},"modified":"2020-11-12T03:31:00","modified_gmt":"2020-11-12T03:31:00","slug":"choral-anthem-twenty-ninth-sunday-in-ordinary-time-lectionary-147","status":"publish","type":"page","link":"https:\/\/npm.org\/es\/choral-anthem-twenty-ninth-sunday-in-ordinary-time-lectionary-147\/","title":{"rendered":"Himno Coral - Vig\u00e9simo noveno domingo del tiempo ordinario (C)"},"content":{"rendered":"<p><strong>Himnos corales<\/strong><\/p>\n<table style=\"width: 100%;\" border=\"1\" width=\"100%\">\n<tbody>\n<tr>\n<td width=\"456\"><strong>T\u00edtulo (Voicing)<\/strong><\/td>\n<td width=\"187\"><strong>Compositor \/ Arreglista<\/strong><\/td>\n<td width=\"187\"><strong>Editor (art\u00edculo #)<\/strong><\/td>\n<td width=\"103\"><strong>Uso<\/strong><\/td>\n<\/tr>\n<tr>\n<td>Por Gracious Powers (SATB, \u00f3rgano, flauta)<\/td>\n<td>Arr. Ferguson, Juan<\/td>\n<td>Augsburgo (9780800675493)<\/td>\n<td>GRAMO<\/td>\n<\/tr>\n<tr>\n<td>Ojo del Se\u00f1or, El (SATB, Piano)<\/td>\n<td>colina, marcos<\/td>\n<td>WLP (008605)<\/td>\n<td>C<\/td>\n<\/tr>\n<tr>\n<td>\u00c9l, velando por Israel desde \u201cEl\u00edas\u201d (SATB, teclado)<\/td>\n<td>Mendelssohn, F\u00e9lix<\/td>\n<td>Boosey y Hawkes (5177)<\/td>\n<td>PD<\/td>\n<\/tr>\n<tr>\n<td>\u00c9l, velando por Israel desde \u201cEl\u00edas\u201d (SATB, teclado)<\/td>\n<td>Mendelssohn, F\u00e9lix<\/td>\n<td>Prensa Cambiata (M97557)<\/td>\n<td>PD<\/td>\n<\/tr>\n<tr>\n<td>\u00c9l, velando por Israel desde \u201cEl\u00edas\u201d (SATB, \u00d3rgano\/Piano)<\/td>\n<td>Mendelssohn, F\u00e9lix<\/td>\n<td>Plymouth (TR-118)<\/td>\n<td>PD<\/td>\n<\/tr>\n<tr>\n<td>\u00c9l, velando por Israel desde \u201cEl\u00edas\u201d (SSA, \u00d3rgano\/Orquesta)<\/td>\n<td>Mendelssohn, F\u00e9lix<\/td>\n<td>E. C. Schirmer (1073)<\/td>\n<td>PD<\/td>\n<\/tr>\n<tr>\n<td>Escuche la Voz y la Oraci\u00f3n (SATB, \u00d3rgano)<\/td>\n<td>Hopkins, John Larkin<\/td>\n<td>Novello (NOV400213)<\/td>\n<td>mi<\/td>\n<\/tr>\n<tr>\n<td>Te he invocado (SATB, \u00d3rgano)<\/td>\n<td>Roff, Jos\u00e9<\/td>\n<td>kjos<\/td>\n<td>mi<\/td>\n<\/tr>\n<tr>\n<td>Alzo mis ojos (SATB, teclado)<\/td>\n<td>Sch\u00fctz, Heinrich<\/td>\n<td>G. Schirmer<\/td>\n<td>PD<\/td>\n<\/tr>\n<tr>\n<td>Alzo mis ojos (SATB, teclado)<\/td>\n<td>Sch\u00fctz, Heinrich<\/td>\n<td>Mercurio<\/td>\n<td>PD<\/td>\n<\/tr>\n<tr>\n<td>Alzo mis ojos (SATB, teclado)<\/td>\n<td>Sch\u00fctz, Heinrich<\/td>\n<td>M\u00fasica 70<\/td>\n<td>PD<\/td>\n<\/tr>\n<tr>\n<td>Levanto mis ojos (SATB)<\/td>\n<td>Berger, Jean<\/td>\n<td>CF Peters (EP6261)<\/td>\n<td>PD<\/td>\n<\/tr>\n<tr>\n<td>Levanto mis ojos (SATB)<\/td>\n<td>Kreutz, Robert E.<\/td>\n<td>GIA (21654)<\/td>\n<td>PD<\/td>\n<\/tr>\n<tr>\n<td>Levanto mis ojos a los montes (2 partes, \u00f3rgano)<\/td>\n<td>Bouman, Paul<\/td>\n<td>Boosey y Hawkes (M051465507)<\/td>\n<td>PD<\/td>\n<\/tr>\n<tr>\n<td>Yo a los montes alzo mis ojos (SATB)<\/td>\n<td>Berger, Jean<\/td>\n<td>Augsburgo (9780800645441)<\/td>\n<td>PD<\/td>\n<\/tr>\n<tr>\n<td>Yo a los cerros alzar\u00e9 mis ojos (2 partes mixtas, \u00f3rgano)<\/td>\n<td>Mendelssohn, Felix\/Hopson, Hal H. arr.<\/td>\n<td>Esperanza (HH3910)<\/td>\n<td>PD<\/td>\n<\/tr>\n<tr>\n<td>Alzar\u00e9 mis ojos a los cerros (SAB, piano)<\/td>\n<td>Ni\u00f1os, David N.<\/td>\n<td>Editorial musical de Santa B\u00e1rbara (SBMP 667)<\/td>\n<td>PD<\/td>\n<\/tr>\n<tr>\n<td>Alzar\u00e9 mis ojos (SATB, \u00d3rgano)<\/td>\n<td>Sowerby, Leo<\/td>\n<td>M\u00fasica de Boston (HL.14015837)<\/td>\n<td>PD<\/td>\n<\/tr>\n<tr>\n<td>Alzar\u00e9 mis ojos (SATB, \u00d3rgano)<\/td>\n<td>HaanRaymond H.<\/td>\n<td>Lorenzo (AM259)<\/td>\n<td>PD<\/td>\n<\/tr>\n<tr>\n<td>Alzar\u00e9 mis ojos (SATB, \u00d3rgano)<\/td>\n<td>Rutter, Juan<\/td>\n<td>Oxford (9780193503533)<\/td>\n<td>PD<\/td>\n<\/tr>\n<tr>\n<td>Alzar\u00e9 mis ojos (SATB, \u00d3rgano\/Teclado)<\/td>\n<td>Mateos, Tom\u00e1s<\/td>\n<td>Hal Leonard<\/td>\n<td>PD<\/td>\n<\/tr>\n<tr>\n<td>Alzar\u00e9 mis ojos (SATB, \u00d3rgano\/Teclado)<\/td>\n<td>Pfautsch, Lloyd<\/td>\n<td>Esperanza<\/td>\n<td>PD<\/td>\n<\/tr>\n<tr>\n<td>Alzar\u00e9 mis ojos (SATB, piano\/\u00f3rgano)<\/td>\n<td>Dvorak, Anton\/Davis, Katherine K. arr.<\/td>\n<td>Carl Fisher (CM7729)<\/td>\n<td>PD<\/td>\n<\/tr>\n<tr>\n<td>Alzar\u00e9 mis ojos (SSAATTBB, teclado)<\/td>\n<td>Glarum, L.Stanley<\/td>\n<td>Compa\u00f1\u00eda de m\u00fasica Bourne.<\/td>\n<td>PD<\/td>\n<\/tr>\n<tr>\n<td>Alzar\u00e9 mis ojos (SSAATTBB, \u00d3rgano\/Teclado)<\/td>\n<td>Mueller, Carl F.<\/td>\n<td>G. Schirmer<\/td>\n<td>PD<\/td>\n<\/tr>\n<tr>\n<td>Alzar\u00e9 mis ojos a los montes (SSAA, piano)<\/td>\n<td>Hovhaness, Alan<\/td>\n<td>Novello<\/td>\n<td>PD<\/td>\n<\/tr>\n<tr>\n<td>Ich hebe meine Augen auf zu den Bergen (SATB, Continuo)<\/td>\n<td>Sch\u00fctz, Heinrich<\/td>\n<td>Barrenreiter (1713)<\/td>\n<td>PD<\/td>\n<\/tr>\n<tr>\n<td>Justorum animae (Coro de agudos o Soprano Solo, \u00d3rgano)<\/td>\n<td>Ferguson, Michael<\/td>\n<td>Par\u00e1clito (PPM09229)<\/td>\n<td>C<\/td>\n<\/tr>\n<tr>\n<td>Mantenme como la ni\u00f1a de tus ojos (Un\u00edsono\/2 partes, teclado)<\/td>\n<td>Kosche, Kenneth T.<\/td>\n<td>Gremio de Coristas (CGA 800)<\/td>\n<td>mi<\/td>\n<\/tr>\n<tr>\n<td>Mantenme a salvo, oh Dios (SATB, Solo, Teclado, Flauta, Oboe)<\/td>\n<td>Foley, SJ, Juan<\/td>\n<td>GIA (3936)<\/td>\n<td>mi<\/td>\n<\/tr>\n<tr>\n<td>Que haya justicia y juicio (SAATB, teclado)<\/td>\n<td>Handel, George F.<\/td>\n<td>Oxford<\/td>\n<td>GRAMO<\/td>\n<\/tr>\n<tr>\n<td>Que tu misericordia sea con nosotros (SATB, teclado, guitarra)<\/td>\n<td>Haugen, Marty<\/td>\n<td>GIA (3331)<\/td>\n<td>C<\/td>\n<\/tr>\n<tr>\n<td>Levavi oculos meos (SATB\/SATB, \u00d3rgano\/Teclado)<\/td>\n<td>di Lasso, Orlando<\/td>\n<td>G. Schirmer<\/td>\n<td>PD<\/td>\n<\/tr>\n<tr>\n<td>Levanta tus ojos de \u201cElijah\u201d (SATB, \u00d3rgano\/Teclado)<\/td>\n<td>Mendelssohn, Felix\/Kirby, Chas arr.<\/td>\n<td>Prensa Cambiata<\/td>\n<td>PD<\/td>\n<\/tr>\n<tr>\n<td>Alza tus ojos de \u201cEl\u00edas\u201d (SSA)<\/td>\n<td>Mendelssohn, F\u00e9lix<\/td>\n<td>Carl Fischer (OC26)<\/td>\n<td>PD<\/td>\n<\/tr>\n<tr>\n<td>El Se\u00f1or te preservar\u00e1 de todo mal (SATB, \u00f3rgano)<\/td>\n<td>Hovhaness, Alan<\/td>\n<td>Edici\u00f3n de Peters (66232B)<\/td>\n<td>PD<\/td>\n<\/tr>\n<tr>\n<td>Salmo de la monta\u00f1a, A (2 partes, teclado)<\/td>\n<td>Kemp, Helena<\/td>\n<td>Gremio de Coristas (CGA 1061)<\/td>\n<td>PD<\/td>\n<\/tr>\n<tr>\n<td>Canci\u00f3n del peregrino, A (SATB, \u00f3rgano)<\/td>\n<td>HaanRaymond H.<\/td>\n<td>GIA (2041) *<\/td>\n<td>PD<\/td>\n<\/tr>\n<tr>\n<td>Salmo 121 (SATB)<\/td>\n<td>Kodaly, Zolt\u00e1n<\/td>\n<td>Boosey y Hawkes (M060035562)<\/td>\n<td>PD<\/td>\n<\/tr>\n<tr>\n<td>Salmo 121 (SATB)<\/td>\n<td>Zimmermann, Heinz Werner<\/td>\n<td>Carl Fischer<\/td>\n<td>PD<\/td>\n<\/tr>\n<tr>\n<td>Salmo 121 (SATB, \u00d3rgano, Quinteto de metales)<\/td>\n<td>Proulx, Richard<\/td>\n<td>GIA (5051)<\/td>\n<td>PD<\/td>\n<\/tr>\n<tr>\n<td>Salmo 121 (SATB, \u00d3rgano, Violonchelo o Viola)<\/td>\n<td>PelzWalter L.<\/td>\n<td>Concordia (98-3699)<\/td>\n<td>PD<\/td>\n<\/tr>\n<tr>\n<td>Salmo 121 (SATB, \u00d3rgano\/Teclado)<\/td>\n<td>Marais, Paul des<\/td>\n<td>Elkan Vogel<\/td>\n<td>PD<\/td>\n<\/tr>\n<tr>\n<td>Salmo 121 (Voces agudas, instrumento en do o si bemol, \u00f3rgano)<\/td>\n<td>Hildebrand, Kevin<\/td>\n<td>Concordia (98-3437)<\/td>\n<td>PD<\/td>\n<\/tr>\n<tr>\n<td>Salmo 121 (TTBB)<\/td>\n<td>Milhaud, Dar\u00edo<\/td>\n<td>Edici\u00f3n universal (UE9632)<\/td>\n<td>PD<\/td>\n<\/tr>\n<tr>\n<td>Salmo 121 (TTBB, \u00d3rgano)<\/td>\n<td>Adler, Samuel<\/td>\n<td>Mercurio<\/td>\n<td>PD<\/td>\n<\/tr>\n<tr>\n<td>Salmo 121 (Un\u00edsono, Teclado)<\/td>\n<td>McAfee, Don<\/td>\n<td>Ca\u00f1\u00f3n<\/td>\n<td>PD<\/td>\n<\/tr>\n<tr>\n<td>Salmo 121 (Un\u00edsono, Teclado, Flauta)<\/td>\n<td>Lovelace, Austin C.<\/td>\n<td>Gremio de Coristas (CGA 361)<\/td>\n<td>PD<\/td>\n<\/tr>\n<tr>\n<td>Salmo 121: Alzo mis ojos a los montes (Un\u00edsono, teclado, instrumento en C opcional)<\/td>\n<td>Hopson, Hal H.<\/td>\n<td>GIA (2359)<\/td>\n<td>PD<\/td>\n<\/tr>\n<tr>\n<td>Salmo 17 (Un\u00edsono, Teclado)<\/td>\n<td>marshall, jane m.<\/td>\n<td>Gremio de Coristas (CGA 891)<\/td>\n<td>mi<\/td>\n<\/tr>\n<tr>\n<td>Salmo CXXI (SATB, \u00d3rgano)<\/td>\n<td>Mueller, Carl F.<\/td>\n<td>G. Schirmer<\/td>\n<td>PD<\/td>\n<\/tr>\n<tr>\n<td>Salmo CXXI de la \u201cCantata No. 71\u201d (SATB, \u00d3rgano)<\/td>\n<td>Bach, Juan Sebasti\u00e1n<\/td>\n<td>De Paterson<\/td>\n<td>PD<\/td>\n<\/tr>\n<tr>\n<td>Rain Down (SATB, Solo, Teclado, Guitarra)<\/td>\n<td>Cort\u00e9s, Jaime.<\/td>\n<td>OCP (9771)<\/td>\n<td>C<\/td>\n<\/tr>\n<tr>\n<td>Fuerte, cari\u00f1oso y sabio (SATB, \u00f3rgano, cuarteto de metales opcional, timbales)<\/td>\n<td>Proulx, Richard<\/td>\n<td>M\u00fasica MorningStar (50-8706)<\/td>\n<td>2<\/td>\n<\/tr>\n<tr>\n<td>Ens\u00e9\u00f1ame, oh Se\u00f1or (SATB, \u00d3rgano)<\/td>\n<td>Atwood, Thomas<\/td>\n<td>Schirmer CE (0372)<\/td>\n<td>2<\/td>\n<\/tr>\n<tr>\n<td>Tres Salmos (Salmo 121) (Al un\u00edsono\/2 partes, piano)<\/td>\n<td>Pethel, Stan<\/td>\n<td>Gremio de Coristas (CGA 931)<\/td>\n<td>PD<\/td>\n<\/tr>\n<tr>\n<td>Hacia las monta\u00f1as alzo mis ojos (SATB, \u00f3rgano\/teclado)<\/td>\n<td>Burgu\u00e9s, Luis<\/td>\n<td>Theodore Presser<\/td>\n<td>PD<\/td>\n<\/tr>\n<tr>\n<td>Dos versiones de Haydn de melod\u00edas populares galesas: Levantamos la vista hacia las colinas (un\u00edsono, instrumento en do, teclado)<\/td>\n<td>arr. Hommerding, Alan J.<\/td>\n<td>WLP (008586)<\/td>\n<td>PD<\/td>\n<\/tr>\n<tr>\n<td>Hacia las colinas (SATB, piano\/\u00f3rgano)<\/td>\n<td>marshall, jane m.<\/td>\n<td>Carl Fischer<\/td>\n<td>PD<\/td>\n<\/tr>\n<tr>\n<td>Eres todo lo que tenemos (SATB, teclado, guitarra, dos instrumentos C)<\/td>\n<td>O&#039;Brien, Francisco Patricio<\/td>\n<td>GIA (3663)<\/td>\n<td>mi<\/td>\n<\/tr>\n<tr>\n<td>Eres todo lo que tenemos (SATB, teclado, guitarra, dos instrumentos C)<\/td>\n<td>O&#039;Brien, Francisco Patricio<\/td>\n<td>GIA (3663)<\/td>\n<td>GRAMO<\/td>\n<\/tr>\n<\/tbody>\n<\/table>","protected":false},"excerpt":{"rendered":"<p>Choral Anthems Title (Voicing) Composer\/Arranger Publisher (Item #) Usage By Gracious Powers (SATB, Organ, Flute) arr. Ferguson, John Augsburg (9780800675493) G Eye of the Lord, The (SATB, Piano) Hill, Mark WLP (008605) C He, Watching over Israel from \u201cElijah\u201d (SATB, Keyboard) Mendelssohn, Felix Boosey &amp; Hawkes (5177) PS He, Watching over Israel from \u201cElijah\u201d (SATB, [&hellip;]<\/p>\n","protected":false},"author":6628,"featured_media":0,"parent":0,"menu_order":0,"comment_status":"closed","ping_status":"closed","template":"","meta":{"_acf_changed":false,"footnotes":""},"class_list":["post-4986","page","type-page","status-publish","hentry"],"acf":[],"_links":{"self":[{"href":"https:\/\/npm.org\/es\/wp-json\/wp\/v2\/pages\/4986"}],"collection":[{"href":"https:\/\/npm.org\/es\/wp-json\/wp\/v2\/pages"}],"about":[{"href":"https:\/\/npm.org\/es\/wp-json\/wp\/v2\/types\/page"}],"author":[{"embeddable":true,"href":"https:\/\/npm.org\/es\/wp-json\/wp\/v2\/users\/6628"}],"replies":[{"embeddable":true,"href":"https:\/\/npm.org\/es\/wp-json\/wp\/v2\/comments?post=4986"}],"version-history":[{"count":0,"href":"https:\/\/npm.org\/es\/wp-json\/wp\/v2\/pages\/4986\/revisions"}],"wp:attachment":[{"href":"https:\/\/npm.org\/es\/wp-json\/wp\/v2\/media?parent=4986"}],"curies":[{"name":"gracias","href":"https:\/\/api.w.org\/{rel}","templated":true}]}}