{"id":4983,"date":"2017-11-08T21:30:48","date_gmt":"2017-11-08T21:30:48","guid":{"rendered":"https:\/\/npm.org\/?page_id=4983"},"modified":"2020-06-21T18:09:53","modified_gmt":"2020-06-21T18:09:53","slug":"choral-anthems-twenty-eighth-sunday-in-ordinary-time-c-lectionary-144","status":"publish","type":"page","link":"https:\/\/npm.org\/es\/choral-anthems-twenty-eighth-sunday-in-ordinary-time-c-lectionary-144\/","title":{"rendered":"Himnos corales - Domingo 28 del tiempo ordinario (C)"},"content":{"rendered":"<p><strong>Himnos corales<\/strong><\/p>\n<table style=\"width: 100%;\" border=\"1\" width=\"100%\">\n<tbody>\n<tr>\n<td width=\"456\"><strong>T\u00edtulo (Voicing)<\/strong><\/td>\n<td width=\"187\"><strong>Compositor \/ Arreglista<\/strong><\/td>\n<td width=\"187\"><strong>Editor (art\u00edculo #)<\/strong><\/td>\n<td width=\"103\"><strong>Uso<\/strong><\/td>\n<\/tr>\n<tr>\n<td>\u00a1Aleluya! Cristo ha destruido la muerte (SATB)<\/td>\n<td>Hildebrand, Kevin<\/td>\n<td>M\u00fasica MorningStar (50-4037)<\/td>\n<td>2<\/td>\n<\/tr>\n<tr>\n<td>Prohibido y desterrado (2 partes, \u00f3rgano)<\/td>\n<td>Folkemer, Stephen<\/td>\n<td>GIA (4907)<\/td>\n<td>GRAMO<\/td>\n<\/tr>\n<tr>\n<td>Pero el Se\u00f1or est\u00e1 atento a lo suyo (SATB, piano)<\/td>\n<td>Mendelssohn, F\u00e9lix<\/td>\n<td>Novela corta (NOV400137)<\/td>\n<td>2<\/td>\n<\/tr>\n<tr>\n<td>Limpieza, La (SATB, Solo, \u00d3rgano)<\/td>\n<td>HaanRaymond H.<\/td>\n<td>GIA (5700)<\/td>\n<td>GRAMO<\/td>\n<\/tr>\n<tr>\n<td>Domin\u00f3 Confitemini (SATB)<\/td>\n<td>Palestrina, Giovanni Pierluigi da<\/td>\n<td>CPDL<\/td>\n<td>GRAMO<\/td>\n<\/tr>\n<tr>\n<td>De profundidad (SATB)<\/td>\n<td>Gluck, Christoph, Willibald<\/td>\n<td>CE Schirmer (1223)<\/td>\n<td>mi<\/td>\n<\/tr>\n<tr>\n<td>Beba de la Riqueza de Dios (SATB, \u00d3rgano, Campanillas)<\/td>\n<td>Joncas, J. Michael<\/td>\n<td>GIA (4915)<\/td>\n<td>C<\/td>\n<\/tr>\n<tr>\n<td>Todo lo que haces (SATB, \u00f3rgano)<\/td>\n<td>Buxtehude, Dietrich<\/td>\n<td>Augsburgo (9780800657772) en \u201cChantry Choirbook\u201d<\/td>\n<td>GRAMO<\/td>\n<\/tr>\n<tr>\n<td>Cinco Salmos de Alabanza y el Responsorio del \u201cSalterio de Becker\u201d: Cantad al Se\u00f1or (SATB)<\/td>\n<td>Sch\u00fctz, Heinrich<\/td>\n<td>GIA (1790)<\/td>\n<td>PD<\/td>\n<\/tr>\n<tr>\n<td>De angustia profunda y pensamientos turbulentos (SATB)<\/td>\n<td>arr. Parker, Alice<\/td>\n<td>GIA (5082)<\/td>\n<td>mi<\/td>\n<\/tr>\n<tr>\n<td>Qu\u00e9 grande es tu nombre (SATB\/Uni\u00f3n, \u00f3rgano, sexteto de metales, timbales)<\/td>\n<td>Hillert, Richard<\/td>\n<td>GIA (3187)<\/td>\n<td>mi<\/td>\n<\/tr>\n<tr>\n<td>Es bueno dar gracias (SATB, \u00d3rgano)<\/td>\n<td>PelzWalter L.<\/td>\n<td>GIA (4696)<\/td>\n<td>GRAMO<\/td>\n<\/tr>\n<tr>\n<td>Jes\u00fas dulcis memoria (SATB)<\/td>\n<td>Giles, Randall<\/td>\n<td>Par\u00e1clito (PPM00213)<\/td>\n<td>C<\/td>\n<\/tr>\n<tr>\n<td>Jes\u00fas dulcis memoria (SATB)<\/td>\n<td>Lee, R. Antonio<\/td>\n<td>Par\u00e1clito (PPM09611)<\/td>\n<td>C<\/td>\n<\/tr>\n<tr>\n<td>El Se\u00f1or sanar\u00e1 a los quebrantados de coraz\u00f3n, (SATB, flauta, teclado)<\/td>\n<td>Arr. McCann, Juan<\/td>\n<td>GIA (5296)<\/td>\n<td>C<\/td>\n<\/tr>\n<tr>\n<td>Hacer un ruido alegre (SATB, platillos de dedo, pandereta)<\/td>\n<td>Kirk, Theron<\/td>\n<td>Esperanza<\/td>\n<td>PD<\/td>\n<\/tr>\n<tr>\n<td>Ahora damos gracias a todos por nuestro Dios (SATB)<\/td>\n<td>Bach, Juan Sebasti\u00e1n<\/td>\n<td>Augsburgo (080065854X)<\/td>\n<td>GRAMO<\/td>\n<\/tr>\n<tr>\n<td>O For a Thousand Tongues (SATB, \u00f3rgano, metales opcionales)<\/td>\n<td>arreglo Beck, John Ness<\/td>\n<td>Fred Bock (BG0308)<\/td>\n<td>PD<\/td>\n<\/tr>\n<tr>\n<td>Oh, cantad al Se\u00f1or (SATB, Sop Solo, flauta, trompa, \u00f3rgano)<\/td>\n<td>HendersonRuth Watson<\/td>\n<td>Oxford<\/td>\n<td>PD<\/td>\n<\/tr>\n<tr>\n<td>Cantad al Se\u00f1or (TTB, \u00d3rgano)<\/td>\n<td>Dello Joio, Norman<\/td>\n<td>Carlos Fischer (CM 7138) *<\/td>\n<td>PD<\/td>\n<\/tr>\n<tr>\n<td>O Cantad al Se\u00f1or un c\u00e1ntico nuevo (Solo de barra, SATB, \u00d3rgano, Metales)<\/td>\n<td>Willan, Healley<\/td>\n<td>CF Peters (EP6016)<\/td>\n<td>PD<\/td>\n<\/tr>\n<tr>\n<td>Oh, cantad al Se\u00f1or un c\u00e1ntico nuevo (SA, \u00f3rgano)<\/td>\n<td>Willan, Healley<\/td>\n<td>Concordia (97-7610) en \u201cTe alabamos, Parte II\u201d<\/td>\n<td>PD<\/td>\n<\/tr>\n<tr>\n<td>Fuera de las profundidades (SSATB, teclado\/\u00f3rgano)<\/td>\n<td>Lupo, Tom\u00e1s<\/td>\n<td>Ventas de m\u00fasica en Am\u00e9rica (NOV281365)<\/td>\n<td>mi<\/td>\n<\/tr>\n<tr>\n<td>Fuera de las profundidades (SATB, teclado)<\/td>\n<td>Englert, Eugene<\/td>\n<td>WLP (001897)<\/td>\n<td>mi<\/td>\n<\/tr>\n<tr>\n<td>Fuera de las profundidades (SATB, teclado)<\/td>\n<td>Nelson, Daniel<\/td>\n<td>M\u00fasica MorningStar (50-3051)<\/td>\n<td>mi<\/td>\n<\/tr>\n<tr>\n<td>Fuera de las profundidades (SATB, \u00f3rgano o piano)<\/td>\n<td>Latrobe, cristiano<\/td>\n<td>Boosey y Hawkes<\/td>\n<td>mi<\/td>\n<\/tr>\n<tr>\n<td>Fuera de las profundidades (SATB, percusi\u00f3n)<\/td>\n<td>joven, jeremy<\/td>\n<td>GIA (4357)<\/td>\n<td>mi<\/td>\n<\/tr>\n<tr>\n<td>Salmo 130 (Un\u00edsono, \u00d3rgano)<\/td>\n<td>PelzWalter L.<\/td>\n<td>Gremio de Coristas (CGA 980)<\/td>\n<td>mi<\/td>\n<\/tr>\n<tr>\n<td>Salmo 130: Si t\u00fa, oh Dios (2 partes, piano, flauta, opt. cuerdas)<\/td>\n<td>Foley, SJ, Juan<\/td>\n<td>GIA (4120)<\/td>\n<td>mi<\/td>\n<\/tr>\n<tr>\n<td>Salmo 130: Desde las profundidades (SATB)<\/td>\n<td>Johnson, Stephen P.<\/td>\n<td>Concordia (98-3487)<\/td>\n<td>mi<\/td>\n<\/tr>\n<tr>\n<td>Salmo 98 (SA, \u00d3rgano)<\/td>\n<td>Burgu\u00e9s, Luis<\/td>\n<td>Augsburgo<\/td>\n<td>PD<\/td>\n<\/tr>\n<tr>\n<td>Salmo 98 (SATB)<\/td>\n<td>Distler, Hugo<\/td>\n<td>Arista (AE 110)<\/td>\n<td>PD<\/td>\n<\/tr>\n<tr>\n<td>Salmo 98 (SATB, \u00d3rgano\/Teclado)<\/td>\n<td>Halsema, Dick<\/td>\n<td>Carl Fischer<\/td>\n<td>PD<\/td>\n<\/tr>\n<tr>\n<td>Salmo 98 (SATB, \u00d3rgano\/Teclado, Trompeta)<\/td>\n<td>Martinson, Joel<\/td>\n<td>Concordia<\/td>\n<td>PD<\/td>\n<\/tr>\n<tr>\n<td>Salmo 98 (TTB, Quinteto para piano o metales)<\/td>\n<td>Crawford, Juan<\/td>\n<td>Oxford<\/td>\n<td>PD<\/td>\n<\/tr>\n<tr>\n<td>Salmo 98 (Un\u00edsono, Teclado)<\/td>\n<td>marshall, jane m.<\/td>\n<td>Gremio de coristas (CGA 427)<\/td>\n<td>PD<\/td>\n<\/tr>\n<tr>\n<td>Salmo XCVIII (SSATB)<\/td>\n<td>Gallus, Jacobus<\/td>\n<td>Galaxia<\/td>\n<td>PD<\/td>\n<\/tr>\n<tr>\n<td>Alegraos en el Se\u00f1or (SATB, \u00d3rgano)<\/td>\n<td>HaanRaymond H.<\/td>\n<td>Augsburgo<\/td>\n<td>PD<\/td>\n<\/tr>\n<tr>\n<td>Grito de alegr\u00eda (SAB, \u00f3rgano\/teclado)<\/td>\n<td>Nolan, Douglas<\/td>\n<td>lanzallamas<\/td>\n<td>PD<\/td>\n<\/tr>\n<tr>\n<td>Grita alegremente (al un\u00edsono o en 2 partes, teclado)<\/td>\n<td>Rentz, Earlene<\/td>\n<td>Gremio de coristas (CGA 1004)<\/td>\n<td>PD<\/td>\n<\/tr>\n<tr>\n<td>Si iniquitates observaveris (TTB)<\/td>\n<td>Wesley, Samuel Sebasti\u00e1n<\/td>\n<td>Oxford<\/td>\n<td>mi<\/td>\n<\/tr>\n<tr>\n<td>Canta una canci\u00f3n alegre de alabanza (SSATBB, solo de bajo, \u00f3rgano)<\/td>\n<td>Madera, Dale<\/td>\n<td>Hall y McCreary<\/td>\n<td>PD<\/td>\n<\/tr>\n<tr>\n<td>Canta una nueva canci\u00f3n (SATB\/SATB)<\/td>\n<td>Pachelbel, Johann\/Sateren, Leland arr.<\/td>\n<td>AARMI (AM329)<\/td>\n<td>PD<\/td>\n<\/tr>\n<tr>\n<td>Canta una nueva canci\u00f3n (SATB\/SATB)<\/td>\n<td>Pachelbel, Johann<\/td>\n<td>Hinshaw (HMC 297)<\/td>\n<td>PD<\/td>\n<\/tr>\n<tr>\n<td>Cantad al Se\u00f1or (2 partes, \u00f3rgano)<\/td>\n<td>Hughes, Howard<\/td>\n<td>GIA (2011) *<\/td>\n<td>PD<\/td>\n<\/tr>\n<tr>\n<td>Cantad al Se\u00f1or un c\u00e1ntico nuevo (2 partes, teclado)<\/td>\n<td>Pachelbel, Johann<\/td>\n<td>Concordia (98-3151)<\/td>\n<td>PD<\/td>\n<\/tr>\n<tr>\n<td>Cantad al Se\u00f1or una canci\u00f3n nueva (2 partes, teclado, op. campanillas)<\/td>\n<td>Behnke, John A.<\/td>\n<td>Concordia (98-3503)<\/td>\n<td>PD<\/td>\n<\/tr>\n<tr>\n<td>Sing Ye (SAB, teclado\/\u00f3rgano)<\/td>\n<td>Weinhorst, Ricardo<\/td>\n<td>Concordia<\/td>\n<td>PD<\/td>\n<\/tr>\n<tr>\n<td>Singet dem Herrn ein neus Leid SWV35 (SATB\/SATB)<\/td>\n<td>Sch\u00fctz, Heinrich<\/td>\n<td>Barenreiter (2398)<\/td>\n<td>PD<\/td>\n<\/tr>\n<tr>\n<td>Canci\u00f3n de Acci\u00f3n de Gracias, A\/Salmo 90 (SATB, \u00d3rgano)<\/td>\n<td>Ferguson, Juan<\/td>\n<td>Augsburgo (9780800656782) tambi\u00e9n en \u201cEl libro coral de Augsburgo: M\u00fasica sacra coralina del siglo XX\u201d<\/td>\n<td>GRAMO<\/td>\n<\/tr>\n<tr>\n<td>Fuerte, cari\u00f1oso y sabio (SATB, \u00f3rgano, cuarteto de metales opcional, timbales)<\/td>\n<td>Proulx, Richard<\/td>\n<td>M\u00fasica MorningStar (50-8706)<\/td>\n<td>2<\/td>\n<\/tr>\n<tr>\n<td>Saborear y ver (SATB, \u00d3rgano)<\/td>\n<td>Proulx, Richard<\/td>\n<td>GIA (4471)<\/td>\n<td>C<\/td>\n<\/tr>\n<tr>\n<td>Diez leprosos (SATB, piano)<\/td>\n<td>Teresa, Hna. Miriam<\/td>\n<td>Vanguardia (V 516)<\/td>\n<td>GRAMO<\/td>\n<\/tr>\n<tr>\n<td>A menos que sea un grano de trigo (SATB, \u00d3rgano)<\/td>\n<td>Farrell, Bernadette<\/td>\n<td>OCP (7115)<\/td>\n<td>2<\/td>\n<\/tr>\n<tr>\n<td>Con corazones agradecidos (SATB, solo, teclado, guitarra)<\/td>\n<td>Browning, Carol<\/td>\n<td>GIA (5264)<\/td>\n<td>GRAMO<\/td>\n<\/tr>\n<\/tbody>\n<\/table>","protected":false},"excerpt":{"rendered":"<p>Choral Anthems Title (Voicing) Composer\/Arranger Publisher (Item #) Usage Alleluia! Christ Has Destroyed Death (SATB) Hildebrand, Kevin MorningStar Music (50-4037) 2 Banned and Banished (2-Part, Organ) Folkemer, Stephen GIA (4907) G But the Lord Is Mindful of His Own (SATB, Piano) Mendelssohn, Felix Novello (NOV400137) 2 Cleansing, The (SATB, Solo, Organ) Haan, Raymond H. GIA [&hellip;]<\/p>\n","protected":false},"author":6628,"featured_media":0,"parent":0,"menu_order":0,"comment_status":"closed","ping_status":"closed","template":"","meta":{"_acf_changed":false,"footnotes":""},"class_list":["post-4983","page","type-page","status-publish","hentry"],"acf":[],"_links":{"self":[{"href":"https:\/\/npm.org\/es\/wp-json\/wp\/v2\/pages\/4983"}],"collection":[{"href":"https:\/\/npm.org\/es\/wp-json\/wp\/v2\/pages"}],"about":[{"href":"https:\/\/npm.org\/es\/wp-json\/wp\/v2\/types\/page"}],"author":[{"embeddable":true,"href":"https:\/\/npm.org\/es\/wp-json\/wp\/v2\/users\/6628"}],"replies":[{"embeddable":true,"href":"https:\/\/npm.org\/es\/wp-json\/wp\/v2\/comments?post=4983"}],"version-history":[{"count":0,"href":"https:\/\/npm.org\/es\/wp-json\/wp\/v2\/pages\/4983\/revisions"}],"wp:attachment":[{"href":"https:\/\/npm.org\/es\/wp-json\/wp\/v2\/media?parent=4983"}],"curies":[{"name":"gracias","href":"https:\/\/api.w.org\/{rel}","templated":true}]}}