{"id":4980,"date":"2017-11-08T21:29:52","date_gmt":"2017-11-08T21:29:52","guid":{"rendered":"https:\/\/npm.org\/?page_id=4980"},"modified":"2020-06-21T18:08:53","modified_gmt":"2020-06-21T18:08:53","slug":"choral-anthems-twenty-seventh-sunday-in-ordinary-time-lectionary-141","status":"publish","type":"page","link":"https:\/\/npm.org\/es\/choral-anthems-twenty-seventh-sunday-in-ordinary-time-lectionary-141\/","title":{"rendered":"Himnos corales - XXVII domingo del tiempo ordinario (C)"},"content":{"rendered":"<p><strong>Himnos corales<\/strong><\/p>\n<table style=\"width: 100%;\" border=\"1\" width=\"100%\">\n<tbody>\n<tr>\n<td width=\"456\"><strong>T\u00edtulo (Voicing)<\/strong><\/td>\n<td width=\"187\"><strong>Compositor \/ Arreglista<\/strong><\/td>\n<td width=\"187\"><strong>Editor (art\u00edculo #)<\/strong><\/td>\n<td width=\"103\"><strong>Uso<\/strong><\/td>\n<\/tr>\n<tr>\n<td>\u00a1Aleluya! Cristo ha destruido la muerte (SATB)<\/td>\n<td>Hildebrand, Kevin<\/td>\n<td>M\u00fasica MorningStar (50-4037)<\/td>\n<td>2<\/td>\n<\/tr>\n<tr>\n<td>Himno de la fe, An (SATB, piano\/\u00f3rgano)<\/td>\n<td>Mueller, Carl F.<\/td>\n<td>G. Schirmer (12029)<\/td>\n<td>GRAMO<\/td>\n<\/tr>\n<tr>\n<td>El banquete nos espera (SATB, teclado, oboe opcional)<\/td>\n<td>Paterson, Mark<\/td>\n<td>Augsburgo<\/td>\n<td>GRAMO<\/td>\n<\/tr>\n<tr>\n<td>Cantate Domin\u00f3 (SATB)<\/td>\n<td>Croce, Juan<\/td>\n<td>G. Schirmer (GS31337)<\/td>\n<td>PD<\/td>\n<\/tr>\n<tr>\n<td>Cantate Domino\/OO Cantad al Se\u00f1or (SSATB)<\/td>\n<td>Sweelinck, Jan Pieterszoon<\/td>\n<td>Concordia (98-1937)<\/td>\n<td>PD<\/td>\n<\/tr>\n<tr>\n<td>Cantate Domino\/O Canta a Dios Se\u00f1or (SATB)<\/td>\n<td>Hassler, Hans Leo<\/td>\n<td>Concordia (98-3147)<\/td>\n<td>PD<\/td>\n<\/tr>\n<tr>\n<td>Cantate Domino\/O Cantad al Se\u00f1or (SSATB)<\/td>\n<td>Sweelinck, Jan Pieterszoon<\/td>\n<td>Concordia (98-1937)<\/td>\n<td>PD<\/td>\n<\/tr>\n<tr>\n<td>Subir a la cima de la monta\u00f1a m\u00e1s alta (SAB, \u00d3rgano)<\/td>\n<td>GiesekeRichard W.<\/td>\n<td>Concordia<\/td>\n<td>1<\/td>\n<\/tr>\n<tr>\n<td>Subir a la cima de la monta\u00f1a m\u00e1s alta (SATB, \u00f3rgano\/teclado)<\/td>\n<td>Jennings, Carolyn<\/td>\n<td>Kjos (C8118)<\/td>\n<td>1<\/td>\n<\/tr>\n<tr>\n<td>Ven, d\u00e9janos cantar (Un\u00edsono, Teclado, opt. Glockenspiel, Flauta)<\/td>\n<td>Lindh, Jody W.<\/td>\n<td>Gremio de Coristas (CGA 478)<\/td>\n<td>PD<\/td>\n<\/tr>\n<tr>\n<td>Himno de comuni\u00f3n (SATB, \u00f3rgano)<\/td>\n<td>D.<\/td>\n<td>Par\u00e1clito<\/td>\n<td>C<\/td>\n<\/tr>\n<tr>\n<td>Copa de Bendici\u00f3n (SATB, Teclado)<\/td>\n<td>Pooler, Frank\/Sandberg, Rhonda arr.<\/td>\n<td>Concordia (98-3700)<\/td>\n<td>C<\/td>\n<\/tr>\n<tr>\n<td>Copa de Bendici\u00f3n que Bendecimos, El (SATB, \u00d3rgano)<\/td>\n<td>Gehring, Felipe<\/td>\n<td>Concordia (98-3585) en \u201cOfertorios Corales: Propios 19-24\u201d<\/td>\n<td>C<\/td>\n<\/tr>\n<tr>\n<td>Copa de Bendici\u00f3n que Bendecimos, El (SATB, \u00d3rgano)<\/td>\n<td>Gehring, Felipe<\/td>\n<td>Concordia (98-3585) en \u201cOfertorios Corales: Propios 19-24\u201d<\/td>\n<td>C<\/td>\n<\/tr>\n<tr>\n<td>La copa de la bendici\u00f3n (2 partes, teclado)<\/td>\n<td>Capaldini, R. Gregorio<\/td>\n<td>WLP-005245<\/td>\n<td>C<\/td>\n<\/tr>\n<tr>\n<td>Los ojos de todos esperan en ti, el (SATB)<\/td>\n<td>Berger, Jean<\/td>\n<td>Augsburgo (9780800645595)<\/td>\n<td>1<\/td>\n<\/tr>\n<tr>\n<td>Salmo festivo (SATB, \u00f3rgano, 2 trompetas, trompa, 2 trombones)<\/td>\n<td>Hopson, Hal H.<\/td>\n<td>Esperanza<\/td>\n<td>PD<\/td>\n<\/tr>\n<tr>\n<td>Por la belleza de la Tierra (SA, teclado)<\/td>\n<td>Rutter, Juan<\/td>\n<td>Hinshaw (HMC469)<\/td>\n<td>mi<\/td>\n<\/tr>\n<tr>\n<td>Por la belleza de la Tierra (SATB, teclado)<\/td>\n<td>Rutter, Juan<\/td>\n<td>Hinshaw (HMC550)<\/td>\n<td>mi<\/td>\n<\/tr>\n<tr>\n<td>Por la belleza de la tierra (Un\u00edsono, teclado)<\/td>\n<td>Hampton, Calvino<\/td>\n<td>GIA (2765)<\/td>\n<td>mi<\/td>\n<\/tr>\n<tr>\n<td>Dios es fiel (SATB, \u00d3rgano)<\/td>\n<td>PelzWalter L.<\/td>\n<td>GIA (3762)<\/td>\n<td>C<\/td>\n<\/tr>\n<tr>\n<td>\u00bfHasta cu\u00e1ndo, Se\u00f1or, clamar\u00e9 por ayuda? (SAB, \u00d3rgano)<\/td>\n<td>Folkemer, Stephen<\/td>\n<td>GIA (4908)<\/td>\n<td>1<\/td>\n<\/tr>\n<tr>\n<td>Alabar\u00e9 por siempre (Un\u00edsono\/2 partes, teclado, flauta)<\/td>\n<td>Handel, George F.\/Andrews, Stephen arr.<\/td>\n<td>Lorenzo (10\/1443K)<\/td>\n<td>C<\/td>\n<\/tr>\n<tr>\n<td>Encender el don de Dios (SATB, \u00d3rgano)<\/td>\n<td>Hancock, Gerre<\/td>\n<td>HW gris<\/td>\n<td>2<\/td>\n<\/tr>\n<tr>\n<td>Levanta tu voz (SATB)<\/td>\n<td>Sweelinck, Jan Pieterszoon<\/td>\n<td>GIA (5707)<\/td>\n<td>PD<\/td>\n<\/tr>\n<tr>\n<td>Living Faith, A (Un\u00edsono, 2 partes, teclado)<\/td>\n<td>Sheppard, Juan<\/td>\n<td>Gremio de Coristas (CGA 580)<\/td>\n<td>GRAMO<\/td>\n<\/tr>\n<tr>\n<td>Se\u00f1or de la vida y rey de la gloria (2 partes, \u00f3rgano, cuerdas opcionales)<\/td>\n<td>Grancini, Miguel \u00c1ngel<\/td>\n<td>GIA (2357)<\/td>\n<td>mi<\/td>\n<\/tr>\n<tr>\n<td>Semilla de mostaza, La (Un\u00edsono, teclado, flauta opcional)<\/td>\n<td>P\u00e1gina, A. Laura<\/td>\n<td>Gremio de Coristas (CGA 1011)<\/td>\n<td>GRAMO<\/td>\n<\/tr>\n<tr>\n<td>Venid y cantad al Se\u00f1or (SATB, trompeta opcional)<\/td>\n<td>Englert, Eugene<\/td>\n<td>GIA (2342) *<\/td>\n<td>PD<\/td>\n<\/tr>\n<tr>\n<td>O Come Loud Himnos D\u00e9janos cantar (SATB)<\/td>\n<td>Kirk, Theron<\/td>\n<td>Prensa Shawnee (HL35015531)<\/td>\n<td>PD<\/td>\n<\/tr>\n<tr>\n<td>Oh, ven, cantemos (2 partes)<\/td>\n<td>Mawby, Colin<\/td>\n<td>GIA (1098)<\/td>\n<td>PD<\/td>\n<\/tr>\n<tr>\n<td>Venid, cantemos (SATB, \u00f3rgano)<\/td>\n<td>Hurd, Michael<\/td>\n<td>Novello<\/td>\n<td>PD<\/td>\n<\/tr>\n<tr>\n<td>Venid, cantemos (SATB, piano)<\/td>\n<td>Carter, Juan<\/td>\n<td>Prensa Broadman (4545-94)<\/td>\n<td>PD<\/td>\n<\/tr>\n<tr>\n<td>Venid, cantemos al Se\u00f1or (SATB, teclado)<\/td>\n<td>Pista, Gerhard<\/td>\n<td>GIA (1715)<\/td>\n<td>PD<\/td>\n<\/tr>\n<tr>\n<td>Oh, venid, cantemos al Se\u00f1or (SATB)<\/td>\n<td>Berger, Jean<\/td>\n<td>Hermanos Broude<\/td>\n<td>PD<\/td>\n<\/tr>\n<tr>\n<td>Oh, venid, cantemos al Se\u00f1or (SATB)<\/td>\n<td>Gibbons, Orlando<\/td>\n<td>Concordia<\/td>\n<td>PD<\/td>\n<\/tr>\n<tr>\n<td>Oh, venid, cantemos al Se\u00f1or (SATB)<\/td>\n<td>joven, gordon<\/td>\n<td>HW gris<\/td>\n<td>PD<\/td>\n<\/tr>\n<tr>\n<td>Venid, cantemos al Se\u00f1or (SATB, \u00d3rgano)<\/td>\n<td>Piccolo, Antonio<\/td>\n<td>Oxford (9780193851078)<\/td>\n<td>PD<\/td>\n<\/tr>\n<tr>\n<td>Venid, cantemos al Se\u00f1or (SATB, \u00d3rgano)<\/td>\n<td>Harris, David<\/td>\n<td>Oxford<\/td>\n<td>PD<\/td>\n<\/tr>\n<tr>\n<td>Venid, cantemos al Se\u00f1or (TTBB, piano)<\/td>\n<td>Diemer, Emma Lou<\/td>\n<td>Carl Fischer (CM8014)<\/td>\n<td>PD<\/td>\n<\/tr>\n<tr>\n<td>Oh, venid, adoremos (SATB)<\/td>\n<td>Palestrina, Giovanni Pierluigi da<\/td>\n<td>CE Schirmer (1136)<\/td>\n<td>PD<\/td>\n<\/tr>\n<tr>\n<td>Oh Se\u00f1or, aumenta mi fe (SATB)<\/td>\n<td>Gibbons, Orlando<\/td>\n<td>GIA (4043)<\/td>\n<td>GRAMO<\/td>\n<\/tr>\n<tr>\n<td>Oh Se\u00f1or, aumenta mi fe (SATB)<\/td>\n<td>Gibbons, Orlando<\/td>\n<td>Concordia (97-4845) en \u201cUn primer libro de motetes\u201d<\/td>\n<td>GRAMO<\/td>\n<\/tr>\n<tr>\n<td>Oh Se\u00f1or, aumenta mi fe (SATB)<\/td>\n<td>M\u00e1s suelto, Henry<\/td>\n<td>Belwin Mills (CR11) \u201cUn primer libro de motetes\u201d<\/td>\n<td>GRAMO<\/td>\n<\/tr>\n<tr>\n<td>O Cantad al Se\u00f1or (SATB, \u00d3rgano)<\/td>\n<td>Ast\u00f3n, Pedro<\/td>\n<td>GIA (4185)<\/td>\n<td>PD<\/td>\n<\/tr>\n<tr>\n<td>O Cantad al Se\u00f1or (Un\u00edsono, Teclado)<\/td>\n<td>Bedford, Michael<\/td>\n<td>Gremio de Coristas (CGA 295)<\/td>\n<td>PD<\/td>\n<\/tr>\n<tr>\n<td>Oh Sing to the Lord\/Cantad al Se\u00f1or (Un\u00edsono\/2 Partes, Teclado, opt. Maracas)<\/td>\n<td>Arr. Ziegenhals, Harriett<\/td>\n<td>Gremio de Coristas (CGA 640)<\/td>\n<td>PD<\/td>\n<\/tr>\n<tr>\n<td>Un pan, un cuerpo (SAB, teclado)<\/td>\n<td>Foley, John\/Hayes, Mark arr.<\/td>\n<td>Alfredo (19881)<\/td>\n<td>C<\/td>\n<\/tr>\n<tr>\n<td>Un pan, un cuerpo (SATB, teclado)<\/td>\n<td>Foley, John\/Hayes, Mark arr.<\/td>\n<td>Alfredo (19880)<\/td>\n<td>C<\/td>\n<\/tr>\n<tr>\n<td>Un pan, un cuerpo (Un\u00edsono\/2 voces, teclado)<\/td>\n<td>Foley, John\/Hayes, Mark arr.<\/td>\n<td>Alfredo (19882)<\/td>\n<td>C<\/td>\n<\/tr>\n<tr>\n<td>Nuestra Alma Espera al Se\u00f1or (SATB)<\/td>\n<td>Schalk, Carl<\/td>\n<td>Concordia (98-3252)<\/td>\n<td>1<\/td>\n<\/tr>\n<tr>\n<td>Salmo 95 (SA, campanillas)<\/td>\n<td>Hunnicutt, Judy<\/td>\n<td>Augsburgo<\/td>\n<td>PD<\/td>\n<\/tr>\n<tr>\n<td>Salmo 95 (SATB, Teclado, opt. Guitarra, Percusi\u00f3n)<\/td>\n<td>Pote, Allen C.<\/td>\n<td>Gremio de coristas<\/td>\n<td>PD<\/td>\n<\/tr>\n<tr>\n<td>Canta una nueva canci\u00f3n (SAT(B), piano)<\/td>\n<td>Rentz, Earlene<\/td>\n<td>Gremio de Coristas (CGA 1055)<\/td>\n<td>PD<\/td>\n<\/tr>\n<tr>\n<td>Cantar una nueva canci\u00f3n (SATB, flauta, bajo)<\/td>\n<td>Sch\u00fctz, Heinrich\/Jennings, Carolyn arr.<\/td>\n<td>Jubilar (SCHCH07601)<\/td>\n<td>PD<\/td>\n<\/tr>\n<tr>\n<td>Cantad al Se\u00f1or un c\u00e1ntico nuevo (2 partes, teclado)<\/td>\n<td>Bouman, Paul<\/td>\n<td>Selah (401-897)<\/td>\n<td>PD<\/td>\n<\/tr>\n<tr>\n<td>Cantad al Se\u00f1or un c\u00e1ntico nuevo (SATB, Coro de Ni\u00f1os, Campanillas, \u00d3rgano)<\/td>\n<td>Scott, K. Lee<\/td>\n<td>Concordia (98-3124)<\/td>\n<td>PD<\/td>\n<\/tr>\n<tr>\n<td>Cantad al Se\u00f1or Dios (Un\u00edsono, Teclado, Instrumento C)<\/td>\n<td>Pergolesi, Giovanni Battista\/Burkhardt, Michael arr.<\/td>\n<td>M\u00fasica de MonringStar (50-9451)<\/td>\n<td>PD<\/td>\n<\/tr>\n<tr>\n<td>Cantad al Se\u00f1or (SATB, opt. Coro juvenil, campanillas)<\/td>\n<td>Fetler, David C.<\/td>\n<td>Carl Fischer<\/td>\n<td>PD<\/td>\n<\/tr>\n<tr>\n<td>Fuerte, cari\u00f1oso y sabio (SATB, \u00f3rgano, cuarteto de metales opcional, timbales)<\/td>\n<td>Proulx, Richard<\/td>\n<td>M\u00fasica MorningStar (50-8706)<\/td>\n<td>2<\/td>\n<\/tr>\n<tr>\n<td>Los que esperan en el Se\u00f1or (SATB, \u00d3rgano)<\/td>\n<td>Cerca, Gerald<\/td>\n<td>Aureola (AE17)<\/td>\n<td>1<\/td>\n<\/tr>\n<tr>\n<td>Venite, exultemus Domino\/Ven, alabadle (SSATB)<\/td>\n<td>Sweelink, Jan Pieterszoon<\/td>\n<td>Concordia (98-1938)<\/td>\n<td>PD<\/td>\n<\/tr>\n<tr>\n<td>Confiamos en el poder de Dios (SATB, \u00f3rgano, cuarteto de metales opcional, timbales, campanas)<\/td>\n<td>Hillert, Richard<\/td>\n<td>GIA (2722)<\/td>\n<td>2<\/td>\n<\/tr>\n<tr>\n<td>Confiamos en el poder de Dios (SATB, \u00f3rgano, cuarteto de metales opcional, timbales, campanas)<\/td>\n<td>Hillert, Richard<\/td>\n<td>GIA (2722)<\/td>\n<td>GRAMO<\/td>\n<\/tr>\n<tr>\n<td>Caminamos por fe (SATB, teclado)<\/td>\n<td>Arr. Johnson, Dennis R.<\/td>\n<td>GIA (6012)<\/td>\n<td>2<\/td>\n<\/tr>\n<tr>\n<td>Caminamos por fe (SATB, teclado)<\/td>\n<td>arreglo de Johnson, Dennis<\/td>\n<td>GIA (6012)<\/td>\n<td>GRAMO<\/td>\n<\/tr>\n<tr>\n<td>Caminamos por fe (SATB, \u00f3rgano, guitarra, violonchelo, 2 instrumentos en C)<\/td>\n<td>Arr. Haugen, Marty<\/td>\n<td>GIA (2841)<\/td>\n<td>2<\/td>\n<\/tr>\n<tr>\n<td>Caminamos por fe (SATB, \u00f3rgano, guitarra, violonchelo, 2 instrumentos en C)<\/td>\n<td>Arr. Haugen, Marty<\/td>\n<td>GIA (2841)<\/td>\n<td>GRAMO<\/td>\n<\/tr>\n<\/tbody>\n<\/table>","protected":false},"excerpt":{"rendered":"<p>Choral Anthems Title (Voicing) Composer\/Arranger Publisher (Item #) Usage Alleluia! Christ Has Destroyed Death (SATB) Hildebrand, Kevin MorningStar Music (50-4037) 2 Anthem of Faith, An (SATB, Piano\/Organ) Mueller, Carl F. G. Schirmer (12029) G Banquet Awaits, The (SATB, Keyboard, opt. Oboe) Patterson, Mark Augsburg G Cantate Domino (SATB) Croce, Giovanni G. Schirmer (GS31337) PS Cantate [&hellip;]<\/p>\n","protected":false},"author":6628,"featured_media":0,"parent":0,"menu_order":0,"comment_status":"closed","ping_status":"closed","template":"","meta":{"_acf_changed":false,"footnotes":""},"class_list":["post-4980","page","type-page","status-publish","hentry"],"acf":[],"_links":{"self":[{"href":"https:\/\/npm.org\/es\/wp-json\/wp\/v2\/pages\/4980"}],"collection":[{"href":"https:\/\/npm.org\/es\/wp-json\/wp\/v2\/pages"}],"about":[{"href":"https:\/\/npm.org\/es\/wp-json\/wp\/v2\/types\/page"}],"author":[{"embeddable":true,"href":"https:\/\/npm.org\/es\/wp-json\/wp\/v2\/users\/6628"}],"replies":[{"embeddable":true,"href":"https:\/\/npm.org\/es\/wp-json\/wp\/v2\/comments?post=4980"}],"version-history":[{"count":0,"href":"https:\/\/npm.org\/es\/wp-json\/wp\/v2\/pages\/4980\/revisions"}],"wp:attachment":[{"href":"https:\/\/npm.org\/es\/wp-json\/wp\/v2\/media?parent=4980"}],"curies":[{"name":"gracias","href":"https:\/\/api.w.org\/{rel}","templated":true}]}}