{"id":4977,"date":"2017-11-08T21:29:01","date_gmt":"2017-11-08T21:29:01","guid":{"rendered":"https:\/\/npm.org\/?page_id=4977"},"modified":"2020-06-21T18:07:46","modified_gmt":"2020-06-21T18:07:46","slug":"choral-anthems-twenty-sixth-sunday-in-ordinary-time-c-lectionary-138","status":"publish","type":"page","link":"https:\/\/npm.org\/es\/choral-anthems-twenty-sixth-sunday-in-ordinary-time-c-lectionary-138\/","title":{"rendered":"Himnos corales - Domingo XXVI del tiempo ordinario (C)"},"content":{"rendered":"<p><strong>Himnos corales<\/strong><\/p>\n<table style=\"width: 100%;\" border=\"1\" width=\"100%\">\n<tbody>\n<tr>\n<td width=\"456\"><strong>T\u00edtulo (Voicing)<\/strong><\/td>\n<td width=\"187\"><strong>Compositor \/ Arreglista<\/strong><\/td>\n<td width=\"187\"><strong>Editor (art\u00edculo #)<\/strong><\/td>\n<td width=\"103\"><strong>Uso<\/strong><\/td>\n<\/tr>\n<tr>\n<td>A la hora del banquete (Un\u00edsono, \u00d3rgano)<\/td>\n<td>Krapf, Gerhard<\/td>\n<td>Concordia<\/td>\n<td>GRAMO<\/td>\n<\/tr>\n<tr>\n<td>Padre Abraham, ten misericordia de m\u00ed (2 partes iguales, teclado)<\/td>\n<td>doblador, enero<\/td>\n<td>Concordia<\/td>\n<td>GRAMO<\/td>\n<\/tr>\n<tr>\n<td>Padre Abraham, ten piedad de m\u00ed (SSAT, solo T o B, 2 violines, continuo)<\/td>\n<td>Sch\u00fctz, Heinrich<\/td>\n<td>Concordia<\/td>\n<td>GRAMO<\/td>\n<\/tr>\n<tr>\n<td>Padre Abraham, ten piedad de m\u00ed (Un\u00edsono, \u00d3rgano)<\/td>\n<td>Krapf, Gerhard<\/td>\n<td>Concordia<\/td>\n<td>GRAMO<\/td>\n<\/tr>\n<tr>\n<td>Fight the Good Fight (SATB, \u00f3rgano\/teclado)<\/td>\n<td>Sowerby, Leo<\/td>\n<td>HW gris<\/td>\n<td>2<\/td>\n<\/tr>\n<tr>\n<td>Coro Aleluya (SATB, \u00d3rgano)<\/td>\n<td>Handel, George F.<\/td>\n<td>Theodore Presser (432-40089) en \u201cCoros maestros\u201d<\/td>\n<td>2<\/td>\n<\/tr>\n<tr>\n<td>In Paradisum de \u201cRequiem\u201d (SATB, \u00d3rgano)<\/td>\n<td>Faur\u00e9, Gabriel<\/td>\n<td>Oxford (9780193418042)<\/td>\n<td>GRAMO<\/td>\n<\/tr>\n<tr>\n<td>Salmo alegre, A (SATB, \u00d3rgano)<\/td>\n<td>marshall, jane m.<\/td>\n<td>GIA (3082)<\/td>\n<td>PD<\/td>\n<\/tr>\n<tr>\n<td>Judica Me, Deus (SATB)<\/td>\n<td>Gorczycki, Gregorio<\/td>\n<td>GIA (1973)<\/td>\n<td>mi<\/td>\n<\/tr>\n<tr>\n<td>Se\u00f1or del banquete y del hambre (SATB, \u00f3rgano)<\/td>\n<td>Schalk, Carl<\/td>\n<td>Concordia (98-2863)<\/td>\n<td>GRAMO<\/td>\n<\/tr>\n<tr>\n<td>Se\u00f1or, hazme un instrumento de tu paz (SATB, teclado)<\/td>\n<td>Lindy, Jody<\/td>\n<td>Gremio de Coristas (CGA 612)<\/td>\n<td>C<\/td>\n<\/tr>\n<tr>\n<td>Se\u00f1or, te amo con todo mi coraz\u00f3n (SATB)<\/td>\n<td>Bach, Juan Sebasti\u00e1n<\/td>\n<td>Augsburgo (9780800658540) en \u201cBach para todas las estaciones\u201d<\/td>\n<td>GRAMO<\/td>\n<\/tr>\n<tr>\n<td>\u00a1Oh, cu\u00e1nto amo tu ley, oh Se\u00f1or! (SATB)<\/td>\n<td>Greene, J. Guillermo<\/td>\n<td>Par\u00e1clito (PPM00207)<\/td>\n<td>C<\/td>\n<\/tr>\n<tr>\n<td>Pobre L\u00e1zaro (SAB, Shaker, Maracas)<\/td>\n<td>Hommerding, Alan J.<\/td>\n<td>WLP-009497)<\/td>\n<td>GRAMO<\/td>\n<\/tr>\n<tr>\n<td>Pobre hombre L\u00e1zaro (SATTB)<\/td>\n<td>Hairston, buf\u00f3n<\/td>\n<td>Compa\u00f1\u00eda musical Bourne (103936)<\/td>\n<td>GRAMO<\/td>\n<\/tr>\n<tr>\n<td>Alaba al Se\u00f1or, alma m\u00eda\/Salmo 146 (SATB div, \u00d3rgano)<\/td>\n<td>Rorem, Ned<\/td>\n<td>Boosey y Hawkes<\/td>\n<td>PD<\/td>\n<\/tr>\n<tr>\n<td>Alaba, alma m\u00eda, al Se\u00f1or (SATB)<\/td>\n<td>Mayordomo, Eugene<\/td>\n<td>Carl Fischer (392-41255)<\/td>\n<td>PD<\/td>\n<\/tr>\n<tr>\n<td>Alaba, alma m\u00eda, al Se\u00f1or (SSATB, \u00f3rgano, 2 trompetas, 2 trombones, timbales)<\/td>\n<td>Rutter, Juan<\/td>\n<td>Oxford (9780193503717)<\/td>\n<td>PD<\/td>\n<\/tr>\n<tr>\n<td>Alabad al Se\u00f1or (SATB, 2 pianos)<\/td>\n<td>Diemer, Emma Lou<\/td>\n<td>Prensa Shawnee<\/td>\n<td>PD<\/td>\n<\/tr>\n<tr>\n<td>Oraci\u00f3n de San Francisco (SATB, Soprano o Tenor Solo, Teclado)<\/td>\n<td>Pote, Allen C.<\/td>\n<td>Hinshaw (HMC 888)<\/td>\n<td>C<\/td>\n<\/tr>\n<tr>\n<td>Salmo 146 (2 partes)<\/td>\n<td>PowellRobert J.<\/td>\n<td>GIA (2089) *<\/td>\n<td>PD<\/td>\n<\/tr>\n<tr>\n<td>Salmo 146 (SATB, teclado, guitarra, instrumento en C, campanas de mano)<\/td>\n<td>ChepponisJames J.<\/td>\n<td>GIA (4227)<\/td>\n<td>PD<\/td>\n<\/tr>\n<tr>\n<td>Salmo 146 (SATB, Cuerdas)<\/td>\n<td>Berger, Jean<\/td>\n<td>Augsburgo<\/td>\n<td>PD<\/td>\n<\/tr>\n<tr>\n<td>Para los pobres, un tesoro duradero (SATB, teclado, guitarra, instrumento en do, cuarteto de cuerda)<\/td>\n<td>O&#039;Brien, Francisco Patricio<\/td>\n<td>GIA (4523)<\/td>\n<td>GRAMO<\/td>\n<\/tr>\n<tr>\n<td>Venimos a la fiesta del hambre (SAB, piano, instrumentos en C)<\/td>\n<td>Gunderson, Jerry<\/td>\n<td>Augsburgo<\/td>\n<td>GRAMO<\/td>\n<\/tr>\n<tr>\n<td>Nos levantaremos de nuevo (SATB, teclado, instrumentos)<\/td>\n<td>joven, jeremy<\/td>\n<td>GIA (2983)<\/td>\n<td>GRAMO<\/td>\n<\/tr>\n<tr>\n<td>Tus Decretos Son Mi Canci\u00f3n (Un\u00edsono, Teclado)<\/td>\n<td>Ott, David<\/td>\n<td>Concordia<\/td>\n<td>C<\/td>\n<\/tr>\n<tr>\n<td>Tus estatutos son mi herencia (un\u00edsono\/2 partes, teclado)<\/td>\n<td>Gieschen<\/td>\n<td>Concordia<\/td>\n<td>C<\/td>\n<\/tr>\n<\/tbody>\n<\/table>","protected":false},"excerpt":{"rendered":"<p>Choral Anthems Title (Voicing) Composer\/Arranger Publisher (Item #) Usage At the Time of the Banquet (Unison, Organ) Krapf, Gerhard Concordia G Father Abraham, Have Mercy on Me (2-part equal, Keyboard) Bender, Jan Concordia G Father Abraham, Have Mercy on Me (SSAT, T or B solo, 2 Violins, Continuo) Sch\u00fctz, Heinrich Concordia G Father Abraham, Have [&hellip;]<\/p>\n","protected":false},"author":6628,"featured_media":0,"parent":0,"menu_order":0,"comment_status":"closed","ping_status":"closed","template":"","meta":{"_acf_changed":false,"footnotes":""},"class_list":["post-4977","page","type-page","status-publish","hentry"],"acf":[],"_links":{"self":[{"href":"https:\/\/npm.org\/es\/wp-json\/wp\/v2\/pages\/4977"}],"collection":[{"href":"https:\/\/npm.org\/es\/wp-json\/wp\/v2\/pages"}],"about":[{"href":"https:\/\/npm.org\/es\/wp-json\/wp\/v2\/types\/page"}],"author":[{"embeddable":true,"href":"https:\/\/npm.org\/es\/wp-json\/wp\/v2\/users\/6628"}],"replies":[{"embeddable":true,"href":"https:\/\/npm.org\/es\/wp-json\/wp\/v2\/comments?post=4977"}],"version-history":[{"count":0,"href":"https:\/\/npm.org\/es\/wp-json\/wp\/v2\/pages\/4977\/revisions"}],"wp:attachment":[{"href":"https:\/\/npm.org\/es\/wp-json\/wp\/v2\/media?parent=4977"}],"curies":[{"name":"gracias","href":"https:\/\/api.w.org\/{rel}","templated":true}]}}