{"id":4971,"date":"2017-11-08T21:26:51","date_gmt":"2017-11-08T21:26:51","guid":{"rendered":"https:\/\/npm.org\/?page_id=4971"},"modified":"2020-06-21T18:05:21","modified_gmt":"2020-06-21T18:05:21","slug":"choral-anthems-twenty-fourth-sunday-in-ordinary-time-c-lectionary-132","status":"publish","type":"page","link":"https:\/\/npm.org\/es\/choral-anthems-twenty-fourth-sunday-in-ordinary-time-c-lectionary-132\/","title":{"rendered":"Himnos corales - Vig\u00e9simo cuarto domingo del tiempo ordinario (C)"},"content":{"rendered":"<p><strong>Himnos corales<\/strong><\/p>\n<table style=\"width: 100%;\" border=\"1\" width=\"100%\">\n<tbody>\n<tr>\n<td width=\"456\"><strong>T\u00edtulo (Voicing)<\/strong><\/td>\n<td width=\"187\"><strong>Compositor \/ Arreglista<\/strong><\/td>\n<td width=\"187\"><strong>Editor (art\u00edculo #)<\/strong><\/td>\n<td width=\"103\"><strong>Uso<\/strong><\/td>\n<\/tr>\n<tr>\n<td>Amazing Grace (2 partes, teclado)<\/td>\n<td>Arr. joven, jeremy<\/td>\n<td>GIA (3199)<\/td>\n<td>GRAMO<\/td>\n<\/tr>\n<tr>\n<td>Amazing Grace (SATB, flauta)<\/td>\n<td>arreglo Proulx, Ricardo<\/td>\n<td>GIA (6389)<\/td>\n<td>GRAMO<\/td>\n<\/tr>\n<tr>\n<td>Amazing Grace (SATB, solo opcional, piano)<\/td>\n<td>arreglo de Kallman, Daniel<\/td>\n<td>M\u00fasica MorningStar (50-9073)<\/td>\n<td>GRAMO<\/td>\n<\/tr>\n<tr>\n<td>Amazing Grace (SATB, \u00d3rgano)<\/td>\n<td>Arr. Bertalot, Juan<\/td>\n<td>Augsburgo (9780800649142)<\/td>\n<td>GRAMO<\/td>\n<\/tr>\n<tr>\n<td>Ten Misericordia, oh Dios (SAB, \u00d3rgano)<\/td>\n<td>Ferris, William<\/td>\n<td>Par\u00e1clito (PPM09814)<\/td>\n<td>PD<\/td>\n<\/tr>\n<tr>\n<td>Reflexiones corales sobre Amazing Grace, NEW BRITAIN (SSATBB, Solos)<\/td>\n<td>Arr. Ames, Roger<\/td>\n<td>GIA (5926)<\/td>\n<td>GRAMO<\/td>\n<\/tr>\n<tr>\n<td>Himno de comuni\u00f3n (SATB, \u00f3rgano)<\/td>\n<td>D.<\/td>\n<td>Par\u00e1clito<\/td>\n<td>C<\/td>\n<\/tr>\n<tr>\n<td>Crea en m\u00ed (SAB, \u00d3rgano)<\/td>\n<td>Gerike, Enrique V.<\/td>\n<td>Augsburgo<\/td>\n<td>PD<\/td>\n<\/tr>\n<tr>\n<td>Crea en m\u00ed un coraz\u00f3n limpio (SATB, \u00d3rgano\/Teclado)<\/td>\n<td>Nelson, Ronald A.<\/td>\n<td>Kjos (8808)<\/td>\n<td>PD<\/td>\n<\/tr>\n<tr>\n<td>Crea en m\u00ed un coraz\u00f3n limpio (SATB, \u00d3rgano\/Teclado)<\/td>\n<td>Christiansen, Paul J.<\/td>\n<td>Augsburgo (0800645847)<\/td>\n<td>PD<\/td>\n<\/tr>\n<tr>\n<td>Crea en m\u00ed, oh Dios, un coraz\u00f3n limpio (2 partes mixtas, \u00f3rgano\/teclado)<\/td>\n<td>Schalk, Carl<\/td>\n<td>Concordia<\/td>\n<td>PD<\/td>\n<\/tr>\n<tr>\n<td>Crea en m\u00ed, oh Dios, un coraz\u00f3n limpio (SA, \u00d3rgano\/Teclado)<\/td>\n<td>Bouman, Paul<\/td>\n<td>Concordia (98-1143)<\/td>\n<td>PD<\/td>\n<\/tr>\n<tr>\n<td>Crea en m\u00ed, oh Dios, un coraz\u00f3n limpio (SATB)<\/td>\n<td>Bedford, Michael<\/td>\n<td>St. James Press<\/td>\n<td>PD<\/td>\n<\/tr>\n<tr>\n<td>Crea en m\u00ed, oh Dios, un coraz\u00f3n limpio (SATB)<\/td>\n<td>Willan, Healy<\/td>\n<td>Concordia (98-2238)<\/td>\n<td>PD<\/td>\n<\/tr>\n<tr>\n<td>Crea en m\u00ed, oh Dios, un coraz\u00f3n limpio (SATB)<\/td>\n<td>Willan, Healy<\/td>\n<td>Concordia (98-2238)<\/td>\n<td>PD<\/td>\n<\/tr>\n<tr>\n<td>Crea en m\u00ed, oh Dios, un coraz\u00f3n limpio (SATB)<\/td>\n<td>Willan, Healy<\/td>\n<td>Concordia (98-2238)<\/td>\n<td>PD<\/td>\n<\/tr>\n<tr>\n<td>Crea en m\u00ed, oh Dios (SATB, \u00f3rgano\/teclado)<\/td>\n<td>Brahms, Johannes<\/td>\n<td>G. Schirmer (50297770)<\/td>\n<td>PD<\/td>\n<\/tr>\n<tr>\n<td>Crea en m\u00ed, oh Dios (SATBB)<\/td>\n<td>Brahms, Johannes<\/td>\n<td>G. Schirmer (50297770)<\/td>\n<td>PD<\/td>\n<\/tr>\n<tr>\n<td>Crea en m\u00ed, oh Dios (Un\u00edsono, Teclado)<\/td>\n<td>marshall, jane m.<\/td>\n<td>Gremio de Coristas (CGA 750)<\/td>\n<td>PD<\/td>\n<\/tr>\n<tr>\n<td>Crea en m\u00ed, oh Dios (Un\u00edsono, Teclado)<\/td>\n<td>marshall, jane m.<\/td>\n<td>Gremio de Coristas (CGA 750)<\/td>\n<td>PD<\/td>\n<\/tr>\n<tr>\n<td>Copa de Bendici\u00f3n que Bendecimos, El (SATB, \u00d3rgano)<\/td>\n<td>Gehring, Felipe<\/td>\n<td>Concordia (98-3585) en \u201cOfertorios Corales: Propios 19-24\u201d<\/td>\n<td>C<\/td>\n<\/tr>\n<tr>\n<td>La copa de la bendici\u00f3n (2 partes, teclado)<\/td>\n<td>Capaldini, R. Gregorio<\/td>\n<td>WLP-005245<\/td>\n<td>C<\/td>\n<\/tr>\n<tr>\n<td>Pastor gentil, amable y fiel (Un\u00edsono, piano, campanas de mano opcionales)<\/td>\n<td>Hopson, Hal H.<\/td>\n<td>Gremio de Coristas (CGA 687)<\/td>\n<td>GRAMO<\/td>\n<\/tr>\n<tr>\n<td>Ten Misericordia de M\u00ed (SAB)<\/td>\n<td>Tomkins, Thomas<\/td>\n<td>GIA (1899)<\/td>\n<td>PD<\/td>\n<\/tr>\n<tr>\n<td>Ten misericordia de m\u00ed, oh Dios (SATB)<\/td>\n<td>Schalk, Carl<\/td>\n<td>Augsburgo (9780800657840)<\/td>\n<td>PD<\/td>\n<\/tr>\n<tr>\n<td>Ten misericordia de m\u00ed, oh Dios (SAB, \u00f3rgano opcional)<\/td>\n<td>Tomkins, Thomas<\/td>\n<td>Oxford (A-179)<\/td>\n<td>PD<\/td>\n<\/tr>\n<tr>\n<td>Ten misericordia de m\u00ed, oh Dios (TBB)<\/td>\n<td>Tomkins, Thomas<\/td>\n<td>Oxford<\/td>\n<td>PD<\/td>\n<\/tr>\n<tr>\n<td>Escucha la Palabra Fiel de Dios (SSATTB, Continuo)<\/td>\n<td>Sch\u00fctz, Heinrich<\/td>\n<td>Hanssler (20.388)<\/td>\n<td>2<\/td>\n<\/tr>\n<tr>\n<td>Escuche la Voz y la Oraci\u00f3n (SATB, \u00d3rgano)<\/td>\n<td>Hopkins, John Larkin<\/td>\n<td>Novello (NOV400213)<\/td>\n<td>mi<\/td>\n<\/tr>\n<tr>\n<td>Dones Sagrados (SATB)<\/td>\n<td>Owens, Sam Batt<\/td>\n<td>GIA (2511)<\/td>\n<td>C<\/td>\n<\/tr>\n<tr>\n<td>Me levantar\u00e9 (SATB, \u00f3rgano)<\/td>\n<td>Creighton, Roberto<\/td>\n<td>GIA (4370)<\/td>\n<td>GRAMO<\/td>\n<\/tr>\n<tr>\n<td>Inmortal, Invisible, ST. DENIO (SATB, \u00d3rgano)<\/td>\n<td>arreglo de Wolff, S. Drummond<\/td>\n<td>Concordia<\/td>\n<td>2<\/td>\n<\/tr>\n<tr>\n<td>Se\u00f1or, crea en m\u00ed un coraz\u00f3n limpio (SA, Continuo)<\/td>\n<td>Sch\u00fctz, Heinrich<\/td>\n<td>Compa\u00f1\u00eda de m\u00fasica Bourne.<\/td>\n<td>PD<\/td>\n<\/tr>\n<tr>\n<td>Se\u00f1or, por tu tierna misericordia (SATB)<\/td>\n<td>Farrant, Richard<\/td>\n<td>Novela corta (NOV290312)<\/td>\n<td>C<\/td>\n<\/tr>\n<tr>\n<td>Se\u00f1or, oh Se\u00f1or, ten piedad (SATB, teclado)<\/td>\n<td>di Lasso, Orlando<\/td>\n<td>Augsburgo<\/td>\n<td>PD<\/td>\n<\/tr>\n<tr>\n<td>La oveja perdida (al un\u00edsono, teclado)<\/td>\n<td>Horman, John D.<\/td>\n<td>Gremio de Coristas (CGA 308)<\/td>\n<td>GRAMO<\/td>\n<\/tr>\n<tr>\n<td>Miserere (SSATB)<\/td>\n<td>Allegri, Gregorio<\/td>\n<td>Editorial Carus (1.539)<\/td>\n<td>PD<\/td>\n<\/tr>\n<tr>\n<td>Miserere mei (SATB)<\/td>\n<td>di Lasso, Orlando<\/td>\n<td>GIA (3007)<\/td>\n<td>PD<\/td>\n<\/tr>\n<tr>\n<td>Miserere mei (SATB)<\/td>\n<td>di Lasso, Orlando<\/td>\n<td>GIA (3007)<\/td>\n<td>PD<\/td>\n<\/tr>\n<tr>\n<td>Miserere mei (SATB)<\/td>\n<td>Lotti, Antonio<\/td>\n<td>CPDL<\/td>\n<td>PD<\/td>\n<\/tr>\n<tr>\n<td>Miserere mei Deus (SATTB)<\/td>\n<td>di Lasso, Orlando<\/td>\n<td>CPDL<\/td>\n<td>PD<\/td>\n<\/tr>\n<tr>\n<td>Miserere mei, Dios (SATBB)<\/td>\n<td>Byrd, Guillermo<\/td>\n<td>Oxford (9780193520530)<\/td>\n<td>PD<\/td>\n<\/tr>\n<tr>\n<td>Miserere mei, Dios (SATTB)<\/td>\n<td>Dea Prez, Josquin<\/td>\n<td>Merseburger (EM 550)<\/td>\n<td>PD<\/td>\n<\/tr>\n<tr>\n<td>Padre Nuestro, Hemos Vagado (SATB, Alto Solo, \u00d3rgano, Flauta)<\/td>\n<td>arreglo de Harris, Larry<\/td>\n<td>GIA (5424)<\/td>\n<td>GRAMO<\/td>\n<\/tr>\n<tr>\n<td>Salmo 51: 1-13 (Al un\u00edsono o a dos voces, \u00f3rgano\/teclado)<\/td>\n<td>Rotermund, Donald<\/td>\n<td>Concordia<\/td>\n<td>PD<\/td>\n<\/tr>\n<tr>\n<td>Salmo para Cuaresma (SATB, \u00d3rgano, Instrumento en Si bemol)<\/td>\n<td>Verdi, Ralph C.<\/td>\n<td>GIA (2629)<\/td>\n<td>PD<\/td>\n<\/tr>\n<tr>\n<td>Salmo de Confesi\u00f3n, A (SATB, Teclado, Opci\u00f3n Solo)<\/td>\n<td>Hopson, Hal H.<\/td>\n<td>Augsburgo<\/td>\n<td>PD<\/td>\n<\/tr>\n<tr>\n<td>Al\u00e9grate conmigo (Un\u00edsono, teclado, campanas de mano opcionales)<\/td>\n<td>Wright, Vicki Hancock<\/td>\n<td>Gremio de Coristas (CGA 1076)<\/td>\n<td>GRAMO<\/td>\n<\/tr>\n<tr>\n<td>Al\u00e9grate, he encontrado lo perdido (Un\u00edsono o a dos voces, teclado)<\/td>\n<td>WoldWayne L.<\/td>\n<td>Augsburgo (9780800653545)<\/td>\n<td>GRAMO<\/td>\n<\/tr>\n<tr>\n<td>Salvator mundi salva nos (SSATB, \u00d3rgano)<\/td>\n<td>Golpe, Juan<\/td>\n<td>Novela corta (NOV290163)<\/td>\n<td>2<\/td>\n<\/tr>\n<tr>\n<td>Schaffe in mir Gott ein reines Herz (SSATBB, \u00f3rgano\/teclado, alem\u00e1n)<\/td>\n<td>Hammerschmidt, Andreas<\/td>\n<td>Hanssler (1.004)<\/td>\n<td>PD<\/td>\n<\/tr>\n<tr>\n<td>Suavemente y con ternura (2 partes, piano)<\/td>\n<td>arreglo Porter, Tom<\/td>\n<td>GIA (6326)<\/td>\n<td>GRAMO<\/td>\n<\/tr>\n<tr>\n<td>Hay una amplitud en la misericordia de Dios (Un\u00edsono, \u00d3rgano, instrumento solista opcional)<\/td>\n<td>Hampton, Calvino<\/td>\n<td>GIA (5638)<\/td>\n<td>GRAMO<\/td>\n<\/tr>\n<tr>\n<td>Esta es una palabra fiel (SSATBB, \u00f3rgano\/teclado)<\/td>\n<td>Hammerschmidt, Andrea<\/td>\n<td>Sam zorro<\/td>\n<td>2<\/td>\n<\/tr>\n<tr>\n<td>Tu misericordia, oh Se\u00f1or (SATB, teclado)<\/td>\n<td>Ashdown, Franklin D.<\/td>\n<td>Concordia (98-3836)<\/td>\n<td>C<\/td>\n<\/tr>\n<tr>\n<td>Aparta tu rostro de mis pecados (SATB)<\/td>\n<td>Atwood, Thomas<\/td>\n<td>Oxford (9780193531093) en \u201cThe New Church Anthem Book\u201d<\/td>\n<td>PD<\/td>\n<\/tr>\n<tr>\n<td>L\u00e1vame de cabo a rabo (SATB, opcional con campanas de mano)<\/td>\n<td>Hallock, Pedro<\/td>\n<td>Artes j\u00f3nicas (CH-1014)<\/td>\n<td>PD<\/td>\n<\/tr>\n<tr>\n<td>Cuando un pastor bondadoso de su reba\u00f1o (SATB)<\/td>\n<td>arr. Parker, Alice<\/td>\n<td>GIA (5079)<\/td>\n<td>GRAMO<\/td>\n<\/tr>\n<\/tbody>\n<\/table>","protected":false},"excerpt":{"rendered":"<p>Choral Anthems Title (Voicing) Composer\/Arranger Publisher (Item #) Usage Amazing Grace (2-Part, Keyboard) arr. Young, Jeremy GIA (3199) G Amazing Grace (SATB, Flute) arr. Proulx, Richard GIA (6389) G Amazing Grace (SATB, opt. Solo, Piano) arr. Kallman, Daniel MorningStar Music (50-9073) G Amazing Grace (SATB, Organ) arr. Bertalot, John Augsburg (9780800649142) G Be Merciful, O [&hellip;]<\/p>\n","protected":false},"author":6628,"featured_media":0,"parent":0,"menu_order":0,"comment_status":"closed","ping_status":"closed","template":"","meta":{"_acf_changed":false,"footnotes":""},"class_list":["post-4971","page","type-page","status-publish","hentry"],"acf":[],"_links":{"self":[{"href":"https:\/\/npm.org\/es\/wp-json\/wp\/v2\/pages\/4971"}],"collection":[{"href":"https:\/\/npm.org\/es\/wp-json\/wp\/v2\/pages"}],"about":[{"href":"https:\/\/npm.org\/es\/wp-json\/wp\/v2\/types\/page"}],"author":[{"embeddable":true,"href":"https:\/\/npm.org\/es\/wp-json\/wp\/v2\/users\/6628"}],"replies":[{"embeddable":true,"href":"https:\/\/npm.org\/es\/wp-json\/wp\/v2\/comments?post=4971"}],"version-history":[{"count":0,"href":"https:\/\/npm.org\/es\/wp-json\/wp\/v2\/pages\/4971\/revisions"}],"wp:attachment":[{"href":"https:\/\/npm.org\/es\/wp-json\/wp\/v2\/media?parent=4971"}],"curies":[{"name":"gracias","href":"https:\/\/api.w.org\/{rel}","templated":true}]}}