{"id":496,"date":"2017-06-24T17:23:23","date_gmt":"2017-06-24T17:23:23","guid":{"rendered":"https:\/\/npm.org\/?page_id=496"},"modified":"2024-05-13T19:12:24","modified_gmt":"2024-05-13T23:12:24","slug":"choral-anthem-project-2","status":"publish","type":"page","link":"https:\/\/npm.org\/es\/choral-anthem-project-2\/","title":{"rendered":"Himnos corales"},"content":{"rendered":"<p>&nbsp;<\/p>\n<p align=\"left\">Proyecto de Himno Coral<\/p>\n<table border=\"1\" width=\"219\" align=\"center\">\n<tbody>\n<tr>\n<td width=\"55\"><center><a href=\"https:\/\/npm.org\/es\/choral-anthem-project\/\">A\u00f1o - A<\/a><\/center><\/td>\n<td width=\"60\"><center><a href=\"https:\/\/npm.org\/es\/choral-anthem-project-year-b\/\">A\u00f1o - B <\/a><\/center><\/td>\n<td width=\"59\"><center><a href=\"https:\/\/npm.org\/es\/choral-anthems-year-c\/\">A\u00f1o - C <\/a><\/center><\/td>\n<\/tr>\n<\/tbody>\n<\/table>\n<p align=\"justify\"><strong>Introducci\u00f3n:<\/strong> Alrededor de 1993-94, los miembros del Comit\u00e9 de Educaci\u00f3n del Director de la Divisi\u00f3n de Ministerios de M\u00fasica (DMMD) de NPM, bajo la presidencia de Hna. Sheila Browne, RSM, iniciaron lo que se conocer\u00eda como el &quot;Proyecto Leccionario&quot;. La visi\u00f3n del Comit\u00e9 de Educaci\u00f3n era simplemente compilar una lista de himnos corales que estar\u00edan relacionados con cualquiera de las cuatro escrituras principales de una liturgia dominical determinada. Lo que al principio parec\u00eda una tarea simple, pronto se convirti\u00f3 en una tarea insoportable. El tama\u00f1o del proyecto, as\u00ed como el hecho de que la m\u00fasica se descarta de forma regular, plante\u00f3 muchos problemas. Por ejemplo, la intenci\u00f3n original del comit\u00e9 era publicar un libro con todo el material. Sin embargo, dado que la m\u00fasica se elimina de forma regular, se consider\u00f3 que la colecci\u00f3n estar\u00eda desactualizada antes de ser publicada. Entonces, se busc\u00f3 otro veh\u00edculo para publicar esta informaci\u00f3n. En 1999, el comit\u00e9 decidi\u00f3 publicar el material en el <a href=\"https:\/\/npm.org\/es\/\">Sitio web de NPM<\/a>.<\/p>\n<p align=\"justify\"><b>Prop\u00f3sito: <\/b>enumerar sugerencias de repertorio para directores de coros parroquiales, independientemente de los intereses de la industria editorial, para que los responsables de seleccionar y preparar himnos corales puedan tener una rica selecci\u00f3n de m\u00fasica coral de alta calidad relacionada con las escrituras dominicales entre las que elegir.<\/p>\n<p><b>Criterios de listado<\/b>:<\/p>\n<ul>\n<li>Los himnos est\u00e9n directamente relacionados con la <b>Viejo Testamento<\/b>, <b>Salmo<\/b>, <b>Nuevo Testamento<\/b> o <b>Evangelio<\/b> del d\u00eda del Leccionario o del <strong>Ant\u00edfona de entrada<\/strong> o <strong>Canci\u00f3n de comuni\u00f3n<\/strong> del sacramentario, ya sea citando directamente la escritura, parafraseando la escritura o apoyando el contenido tem\u00e1tico de la escritura<\/li>\n<li>Se debe incluir m\u00fasica para coros de todos los tama\u00f1os, voces y niveles de habilidad (al un\u00edsono a trav\u00e9s de SSAATTBB, conjuntos de ni\u00f1os a trav\u00e9s de adultos)<\/li>\n<li>Los himnos se recomiendan debido a la calidad del arte compositivo y la relaci\u00f3n de su texto con las escrituras y han recibido m\u00e9rito (o demuestran el potencial del m\u00e9rito) a trav\u00e9s del uso a lo largo del tiempo.<\/li>\n<\/ul>\n<p>La m\u00fasica ha sido sugerida porque, a juicio del comit\u00e9, ha establecido su validez a trav\u00e9s del uso para ser buena m\u00fasica y apropiada ritual y \/ o lit\u00fargicamente para la adoraci\u00f3n.<\/p>\n<p align=\"left\"><strong>Clave de la m\u00fasica<\/strong><\/p>\n<p style=\"padding-left: 30px;\" align=\"left\"><strong>S\u00edmbolo<\/strong><\/p>\n<table style=\"margin-left: 30px;\" border=\"0\" width=\"80%\" cellpadding=\"3\">\n<tbody style=\"padding-left: 30px;\">\n<tr style=\"padding-left: 30px;\">\n<td style=\"padding-left: 30px;\" width=\"4%\"><strong>*<\/strong><\/td>\n<td style=\"padding-left: 30px;\" width=\"96%\">Agotado<\/td>\n<\/tr>\n<tr style=\"padding-left: 30px;\">\n<td style=\"padding-left: 30px;\"><strong>1<\/strong><\/td>\n<td style=\"padding-left: 30px;\">Relacionado con la primera lectura<\/td>\n<\/tr>\n<tr style=\"padding-left: 30px;\">\n<td style=\"padding-left: 30px;\"><strong>PD<\/strong><\/td>\n<td style=\"padding-left: 30px;\">Relacionado con el salmo responsorial<\/td>\n<\/tr>\n<tr style=\"padding-left: 30px;\">\n<td style=\"padding-left: 30px;\"><strong>2<\/strong><\/td>\n<td style=\"padding-left: 30px;\">Relacionado con la segunda lectura<\/td>\n<\/tr>\n<tr style=\"padding-left: 30px;\">\n<td style=\"padding-left: 30px;\"><strong>GRAMO<\/strong><\/td>\n<td style=\"padding-left: 30px;\">Relacionado con el evangelio<\/td>\n<\/tr>\n<tr style=\"padding-left: 30px;\">\n<td style=\"padding-left: 30px;\"><strong>C<\/strong><\/td>\n<td style=\"padding-left: 30px;\">Relacionado con ant\u00edfona de comuni\u00f3n<\/td>\n<\/tr>\n<tr style=\"padding-left: 30px;\">\n<td style=\"padding-left: 30px;\"><strong>mi<\/strong><\/td>\n<td style=\"padding-left: 30px;\">Relacionado con la ant\u00edfona de entrada<\/td>\n<\/tr>\n<\/tbody>\n<\/table>\n<hr style=\"padding-left: 30px;\" \/>\n<p><center style=\"padding-left: 30px;\">Para enviar un himno a la lista, env\u00ede una copia de la m\u00fasica a:<\/center><\/p>\n<p style=\"padding-left: 60px;\">Henry Bauer<br \/>\n<a href=\"mailto:hbauermus@aol.com\" target=\"_blank\" rel=\"noopener\">hbauermus@aol.com<\/a><\/p>\n<p style=\"padding-left: 60px;\">Si encuentra un himno agotado, env\u00ede un correo electr\u00f3nico a: <a href=\"mailto:hbauermus@aol.com\" target=\"_blank\" rel=\"noopener\">hbauermus@aol.com<\/a><\/p>","protected":false},"excerpt":{"rendered":"<p>&nbsp; Choral Anthem Project Year &#8211; A Year &#8211; B Year &#8211; C Introduction: Around 1993-94 the members of the Education Committee of the Director of Music Ministries Division (DMMD) of NPM, under the chairmanship of Sr. Sheila Browne, RSM, initiated what was to become known as the &#8220;Lectionary Project.&#8221; The vision of the Education [&hellip;]<\/p>\n","protected":false},"author":6628,"featured_media":0,"parent":0,"menu_order":0,"comment_status":"closed","ping_status":"closed","template":"","meta":{"_acf_changed":false,"footnotes":""},"class_list":["post-496","page","type-page","status-publish","hentry"],"acf":[],"_links":{"self":[{"href":"https:\/\/npm.org\/es\/wp-json\/wp\/v2\/pages\/496"}],"collection":[{"href":"https:\/\/npm.org\/es\/wp-json\/wp\/v2\/pages"}],"about":[{"href":"https:\/\/npm.org\/es\/wp-json\/wp\/v2\/types\/page"}],"author":[{"embeddable":true,"href":"https:\/\/npm.org\/es\/wp-json\/wp\/v2\/users\/6628"}],"replies":[{"embeddable":true,"href":"https:\/\/npm.org\/es\/wp-json\/wp\/v2\/comments?post=496"}],"version-history":[{"count":1,"href":"https:\/\/npm.org\/es\/wp-json\/wp\/v2\/pages\/496\/revisions"}],"predecessor-version":[{"id":23268,"href":"https:\/\/npm.org\/es\/wp-json\/wp\/v2\/pages\/496\/revisions\/23268"}],"wp:attachment":[{"href":"https:\/\/npm.org\/es\/wp-json\/wp\/v2\/media?parent=496"}],"curies":[{"name":"gracias","href":"https:\/\/api.w.org\/{rel}","templated":true}]}}