{"id":4959,"date":"2017-11-08T19:45:02","date_gmt":"2017-11-08T19:45:02","guid":{"rendered":"https:\/\/npm.org\/?page_id=4959"},"modified":"2020-06-21T18:02:15","modified_gmt":"2020-06-21T18:02:15","slug":"choral-anthems-twenty-first-sunday-in-ordinary-time-c-lectionary-123","status":"publish","type":"page","link":"https:\/\/npm.org\/es\/choral-anthems-twenty-first-sunday-in-ordinary-time-c-lectionary-123\/","title":{"rendered":"Himnos corales - XXI domingo del tiempo ordinario (C)"},"content":{"rendered":"<p><strong>Himnos corales<\/strong><\/p>\n<table style=\"width: 100%;\" border=\"1\" width=\"100%\">\n<tbody>\n<tr>\n<td width=\"456\"><strong>T\u00edtulo (Voicing)<\/strong><\/td>\n<td width=\"187\"><strong>Compositor \/ Arreglista<\/strong><\/td>\n<td width=\"187\"><strong>Editor (art\u00edculo #)<\/strong><\/td>\n<td width=\"103\"><strong>Uso<\/strong><\/td>\n<\/tr>\n<tr>\n<td>Todas las naciones alaban al Se\u00f1or (SATB, teclado, percusi\u00f3n opcional)<\/td>\n<td>Berger, Jean<\/td>\n<td>Prensa Shawnee<\/td>\n<td>PD<\/td>\n<\/tr>\n<tr>\n<td>Inclina tu o\u00eddo (SATB, \u00f3rgano)<\/td>\n<td>Mueller, Carl F.<\/td>\n<td>Carl Fischer<\/td>\n<td>mi<\/td>\n<\/tr>\n<tr>\n<td>Inclina tu o\u00eddo, oh Se\u00f1or (SATB)<\/td>\n<td>Hayes, Guillermo<\/td>\n<td>Oxford (A-294)<\/td>\n<td>mi<\/td>\n<\/tr>\n<tr>\n<td>Inclina tu o\u00eddo, oh Se\u00f1or (SATBB)<\/td>\n<td>Golpe, Juan<\/td>\n<td>Oxford (A-201)<\/td>\n<td>mi<\/td>\n<\/tr>\n<tr>\n<td>Escuche la Voz y la Oraci\u00f3n (SATB, \u00d3rgano)<\/td>\n<td>Hopkins, John Larkin<\/td>\n<td>Novello (NOV400213)<\/td>\n<td>mi<\/td>\n<\/tr>\n<tr>\n<td>\u00bfCu\u00e1ntas son tus obras, oh Se\u00f1or (SAB, flauta, \u00f3rgano)<\/td>\n<td>Callahan, Carlos<\/td>\n<td>Concordia (98-3258)<\/td>\n<td>C<\/td>\n<\/tr>\n<tr>\n<td>Yo Soy el Pan de Vida (SATB, Soprano y Tenor Solo, \u00d3rgano, Cuarteto de Cuerda)<\/td>\n<td>Toolan, Suzanne\/Proulx, Richard arreglo.<\/td>\n<td>GIA (7374)<\/td>\n<td>C<\/td>\n<\/tr>\n<tr>\n<td>Inclina tu o\u00eddo, oh Se\u00f1or (SATB, teclado)<\/td>\n<td>Drozdof, Isadore<\/td>\n<td>Plymouth en \u201cHimnos para el a\u00f1o eclesi\u00e1stico\u201d<\/td>\n<td>mi<\/td>\n<\/tr>\n<tr>\n<td>Reino de Dios, El, Sinceridad (2 partes, teclado)<\/td>\n<td>Lovelace, Austin C.<\/td>\n<td>GIA (3250)<\/td>\n<td>GRAMO<\/td>\n<\/tr>\n<tr>\n<td>Laudate Dominum (Solistas SSTTB, SATB, 2 violines, Continuo)<\/td>\n<td>Monteverdi, Claudio<\/td>\n<td>Eulenberg (ETP1069)<\/td>\n<td>PD<\/td>\n<\/tr>\n<tr>\n<td>Laudate Dominum (TTB, 2 violines, \u00f3rgano)<\/td>\n<td>Charpentier, Marc-Antoine<\/td>\n<td>M\u00fasica de Marks (MC 4603)<\/td>\n<td>PD<\/td>\n<\/tr>\n<tr>\n<td>Laudate Dominum (SATB, Soprano, \u00d3rgano, Viol\u00edn Obligato)<\/td>\n<td>Mozart, Wolfgang A.<\/td>\n<td>Kjos (5979)<\/td>\n<td>PD<\/td>\n<\/tr>\n<tr>\n<td>Laudate Dominum (SATB\/SATB, Continuo)<\/td>\n<td>Victoria, Tom\u00e1s Luis de<\/td>\n<td>Concordia<\/td>\n<td>PD<\/td>\n<\/tr>\n<tr>\n<td>Laudate Dominum (SSATB, \u00d3rgano\/Teclado)<\/td>\n<td>Sweelinck, Jan Pieterszoon<\/td>\n<td>Concordia<\/td>\n<td>PD<\/td>\n<\/tr>\n<tr>\n<td>Laudate Dominum de \u201cV\u00edsperas\u201d, K. 339 (SATB, Sop solo, Piano)<\/td>\n<td>Mozart, Wolfgang A.<\/td>\n<td>Teodoro Presser (312.40059)<\/td>\n<td>PD<\/td>\n<\/tr>\n<tr>\n<td>Laudate Dominum de \u201cV\u00edsperas\u201d, K. 339 (SATB, Sop Solo, Piano)<\/td>\n<td>Mozart, Wolfgang A.<\/td>\n<td>G. Schirmer (n\u00famero de serie 08596776)<\/td>\n<td>PD<\/td>\n<\/tr>\n<tr>\n<td>Laudate Dominum de \u201cV\u00edsperas\u201d, K. 339 (SSA, Piano)<\/td>\n<td>Mozart, Wolfgang A.<\/td>\n<td>Oxford (9780193425903)<\/td>\n<td>PD<\/td>\n<\/tr>\n<tr>\n<td>Laudate Dominum de \u201cVespers\u201d, K. 339 (SSAA, Sop Solo, \u00d3rgano)<\/td>\n<td>Mozart, Wolfgang A.<\/td>\n<td>E. C. Schirmer (1958)<\/td>\n<td>PD<\/td>\n<\/tr>\n<tr>\n<td>Laudate Dominum, Omnes Gentes (SATB)<\/td>\n<td>Vivaldi, Antonio<\/td>\n<td>Concordia (97-5205) en \u201cUn segundo libro de motetes\u201d<\/td>\n<td>PD<\/td>\n<\/tr>\n<tr>\n<td>Laudate Dominum, Omnes Gentes (SSAB\/ATTB, \u00d3rgano\/Teclado, Lat\u00edn\/Ingl\u00e9s)<\/td>\n<td>Hassler, Hans Leo<\/td>\n<td>Concordia<\/td>\n<td>PD<\/td>\n<\/tr>\n<tr>\n<td>Lobt Gott mit Schall (SATB, teclado)<\/td>\n<td>Sch\u00fctz, Heinrich<\/td>\n<td>Hermanos Broude<\/td>\n<td>PD<\/td>\n<\/tr>\n<tr>\n<td>Lobt Gott mit Schall (SATB, teclado)<\/td>\n<td>Sch\u00fctz, Heinrich<\/td>\n<td>Concordia<\/td>\n<td>PD<\/td>\n<\/tr>\n<tr>\n<td>Lobt Gott mit Schall (SATB, teclado)<\/td>\n<td>Sch\u00fctz, Heinrich<\/td>\n<td>Theodore Presser<\/td>\n<td>PD<\/td>\n<\/tr>\n<tr>\n<td>Oh Se\u00f1or, cu\u00e1n m\u00faltiples son tus obras (SATB, teclado)<\/td>\n<td>Fedak, Alfred V.<\/td>\n<td>M\u00fasica MorningStar (50-9216)<\/td>\n<td>C<\/td>\n<\/tr>\n<tr>\n<td>Oh Alabado sea el Se\u00f1or (SATB, Teclado)<\/td>\n<td>Batten, Adrian<\/td>\n<td>Concordia (98-2273)<\/td>\n<td>PD<\/td>\n<\/tr>\n<tr>\n<td>Oh Alabado sea el Se\u00f1or (SATB, \u00d3rgano\/Teclado)<\/td>\n<td>Batten, Adrian<\/td>\n<td>Chappelle<\/td>\n<td>PD<\/td>\n<\/tr>\n<tr>\n<td>O Alabado sea el Se\u00f1or (SATB, \u00d3rgano)<\/td>\n<td>Batten, Adrian<\/td>\n<td>Oxford (9780193533257) en \u201cEl libro de Oxford de los himnos Tudor\u201d<\/td>\n<td>PD<\/td>\n<\/tr>\n<tr>\n<td>Alabado sea el Se\u00f1or, todas las naciones (SAB, \u00d3rgano)<\/td>\n<td>Krapf, Gerhard<\/td>\n<td>Abingdon<\/td>\n<td>PD<\/td>\n<\/tr>\n<tr>\n<td>Alabado sea el Se\u00f1or, todas las naciones (SATB, \u00f3rgano)<\/td>\n<td>Sowerby, Leo<\/td>\n<td>HW gris<\/td>\n<td>PD<\/td>\n<\/tr>\n<tr>\n<td>Alabado sea el Se\u00f1or, todas las naciones (SATTB, cuerdas, continuo)<\/td>\n<td>Scarlatti, Alessandro<\/td>\n<td>Concordia<\/td>\n<td>PD<\/td>\n<\/tr>\n<tr>\n<td>Oh, alabad al Se\u00f1or, todas las naciones\/Laudate Jehovam omnes gentes (SATB, 2 violines, Continuo, lat\u00edn\/ingl\u00e9s)<\/td>\n<td>Telemann, Georg Philipp<\/td>\n<td>Concordia (97-4842)<\/td>\n<td>PD<\/td>\n<\/tr>\n<tr>\n<td>Alabado sea el Se\u00f1or, todas las naciones (Motete VI) (SATB, teclado)<\/td>\n<td>Bach, Juan Sebasti\u00e1n<\/td>\n<td>Edici\u00f3n Peters (EP6106)<\/td>\n<td>PD<\/td>\n<\/tr>\n<tr>\n<td>Alabado sea el Se\u00f1or, todas las naciones (SAB, \u00d3rgano)<\/td>\n<td>PowellRobert J.<\/td>\n<td>Madera BF (819)<\/td>\n<td>PD<\/td>\n<\/tr>\n<tr>\n<td>Alabado sea el Se\u00f1or, todas las naciones (SATB, \u00f3rgano, instrumentos opcionales)<\/td>\n<td>Rom\u00e1n, Johan Helmich<\/td>\n<td>Concordia<\/td>\n<td>PD<\/td>\n<\/tr>\n<tr>\n<td>Alabado sea el Se\u00f1or, todas las naciones (SSCB, teclado, metales opcionales: 3 trompetas, 2 trombones y tuba)<\/td>\n<td>Kirk, Theron<\/td>\n<td>Prensa Cambiata<\/td>\n<td>PD<\/td>\n<\/tr>\n<tr>\n<td>Salmo 117 (SATB, Soprano, Guitarra, \u00d3rgano, Bajo)<\/td>\n<td>Zimmermann, Heinz Werner<\/td>\n<td>Carl Fischer<\/td>\n<td>PD<\/td>\n<\/tr>\n<tr>\n<td>Salmo 117 (SATB\/SATB, \u00d3rgano\/Teclado)<\/td>\n<td>Bosquejo, Fred<\/td>\n<td>lanzallamas<\/td>\n<td>PD<\/td>\n<\/tr>\n<tr>\n<td>Salmo 86\/Incl\u00ednate, Se\u00f1or, ante tu o\u00eddo (SATB, piano)<\/td>\n<td>Berger, Jean<\/td>\n<td>Concordia<\/td>\n<td>mi<\/td>\n<\/tr>\n<tr>\n<td>Canto de alabanza, A (2 partes, piano\/\u00f3rgano)<\/td>\n<td>Ford, Virgil T.<\/td>\n<td>Abingdon<\/td>\n<td>PD<\/td>\n<\/tr>\n<\/tbody>\n<\/table>","protected":false},"excerpt":{"rendered":"<p>Choral Anthems Title (Voicing) Composer\/Arranger Publisher (Item #) Usage All Nations Praise the Lord (SATB, Keyboard, opt. percussion) Berger, Jean Shawnee Press PS Bow Down Thine Ear (SATB, Organ) Mueller, Carl F. Carl Fischer E Bow Down Thine Ear, O Lord (SATB) Hayes, William Oxford (A-294) E Bow Down Thine Ear, O Lord (SATBB) Blow, [&hellip;]<\/p>\n","protected":false},"author":6628,"featured_media":0,"parent":0,"menu_order":0,"comment_status":"closed","ping_status":"closed","template":"","meta":{"_acf_changed":false,"footnotes":""},"class_list":["post-4959","page","type-page","status-publish","hentry"],"acf":[],"_links":{"self":[{"href":"https:\/\/npm.org\/es\/wp-json\/wp\/v2\/pages\/4959"}],"collection":[{"href":"https:\/\/npm.org\/es\/wp-json\/wp\/v2\/pages"}],"about":[{"href":"https:\/\/npm.org\/es\/wp-json\/wp\/v2\/types\/page"}],"author":[{"embeddable":true,"href":"https:\/\/npm.org\/es\/wp-json\/wp\/v2\/users\/6628"}],"replies":[{"embeddable":true,"href":"https:\/\/npm.org\/es\/wp-json\/wp\/v2\/comments?post=4959"}],"version-history":[{"count":0,"href":"https:\/\/npm.org\/es\/wp-json\/wp\/v2\/pages\/4959\/revisions"}],"wp:attachment":[{"href":"https:\/\/npm.org\/es\/wp-json\/wp\/v2\/media?parent=4959"}],"curies":[{"name":"gracias","href":"https:\/\/api.w.org\/{rel}","templated":true}]}}