{"id":4953,"date":"2017-11-08T19:43:10","date_gmt":"2017-11-08T19:43:10","guid":{"rendered":"https:\/\/npm.org\/?page_id=4953"},"modified":"2020-06-20T17:04:17","modified_gmt":"2020-06-20T17:04:17","slug":"choral-anthems-august-14-15-assumption-lectionary-621-622-2","status":"publish","type":"page","link":"https:\/\/npm.org\/es\/choral-anthems-august-14-15-assumption-lectionary-621-622-2\/","title":{"rendered":"Himnos corales - Solemnidad de la Asunci\u00f3n (C)"},"content":{"rendered":"<p><strong>Himnos corales<\/strong><\/p>\n<table style=\"width: 100%; height: 498px;\" border=\"1\" width=\"100%\">\n<tbody>\n<tr style=\"height: 25px;\">\n<td style=\"height: 25px;\" width=\"456\"><strong>T\u00edtulo (Voicing)<\/strong><\/td>\n<td style=\"height: 25px;\" width=\"187\"><strong>Compositor \/ Arreglista<\/strong><\/td>\n<td style=\"height: 25px;\" width=\"187\"><strong>Editor (art\u00edculo #)<\/strong><\/td>\n<td style=\"height: 25px;\" width=\"103\"><strong>Uso<\/strong><\/td>\n<\/tr>\n<tr style=\"height: 25px;\">\n<td style=\"height: 25px;\">Ave Mar\u00eda (SATB)<\/td>\n<td style=\"height: 25px;\">Victoria, Tom\u00e1s Luis de<\/td>\n<td style=\"height: 25px;\">Mercurio (35200079)<\/td>\n<td style=\"height: 25px;\">GRAMO<\/td>\n<\/tr>\n<tr style=\"height: 25px;\">\n<td style=\"height: 25px;\">Yo establecer\u00e9 su dominio (SATB, \u00d3rgano)<\/td>\n<td style=\"height: 25px;\">Neswick, Bruce<\/td>\n<td style=\"height: 25px;\">Par\u00e1clito (PPM09519)<\/td>\n<td style=\"height: 25px;\">PD<\/td>\n<\/tr>\n<tr style=\"height: 25px;\">\n<td style=\"height: 25px;\">Magnificat (2 partes, teclado, flauta opcional)<\/td>\n<td style=\"height: 25px;\">Schram, Ruth Elaine<\/td>\n<td style=\"height: 25px;\">Augsburgo (9780800676681)<\/td>\n<td style=\"height: 25px;\">GRAMO<\/td>\n<\/tr>\n<tr style=\"height: 25px;\">\n<td style=\"height: 25px;\">Magnificat (SATB, \u00d3rgano)<\/td>\n<td style=\"height: 25px;\">Howells, Herbert<\/td>\n<td style=\"height: 25px;\">Novello (NOV290289)<\/td>\n<td style=\"height: 25px;\">GRAMO<\/td>\n<\/tr>\n<tr style=\"height: 25px;\">\n<td style=\"height: 25px;\">Magnificat (SATB, \u00d3rgano)<\/td>\n<td style=\"height: 25px;\">Sabio, Miguel<\/td>\n<td style=\"height: 25px;\">Oxford (9780193950214)<\/td>\n<td style=\"height: 25px;\">GRAMO<\/td>\n<\/tr>\n<tr style=\"height: 25px;\">\n<td style=\"height: 25px;\">Magnificat (SATB, \u00f3rgano, fliscorno)<\/td>\n<td style=\"height: 25px;\">Ferguson, Juan<\/td>\n<td style=\"height: 25px;\">GIA (6667)<\/td>\n<td style=\"height: 25px;\">GRAMO<\/td>\n<\/tr>\n<tr style=\"height: 25px;\">\n<td style=\"height: 25px;\">Magnificat (SATB, \u00f3rgano\/teclado, opcional Cuarteto de metales)<\/td>\n<td style=\"height: 25px;\">Landas, Rob<\/td>\n<td style=\"height: 25px;\">M\u00fasica MorningStar (50-0030A)<\/td>\n<td style=\"height: 25px;\">GRAMO<\/td>\n<\/tr>\n<tr style=\"height: 25px;\">\n<td style=\"height: 25px;\">Magnificat (SATB\/SATB, \u00d3rgano)<\/td>\n<td style=\"height: 25px;\">Pachelbel, Charles Theodore<\/td>\n<td style=\"height: 25px;\">Edici\u00f3n Peters (EP6087)<\/td>\n<td style=\"height: 25px;\">GRAMO<\/td>\n<\/tr>\n<tr style=\"height: 49px;\">\n<td style=\"height: 49px;\">Magnificat (Sop Solo, SSA, Teclado)<\/td>\n<td style=\"height: 49px;\">Thompson, Randall\/Seitz, David A. arr.<\/td>\n<td style=\"height: 49px;\">Schirmer CE (7741)<\/td>\n<td style=\"height: 49px;\">GRAMO<\/td>\n<\/tr>\n<tr style=\"height: 25px;\">\n<td style=\"height: 25px;\">Magnificat (Un\u00edsono, Instrumento C, Campanillas, Campanillas)<\/td>\n<td style=\"height: 25px;\">Kemp, Helena<\/td>\n<td style=\"height: 25px;\">Gremio de Coristas (CGA 954)<\/td>\n<td style=\"height: 25px;\">GRAMO<\/td>\n<\/tr>\n<tr style=\"height: 25px;\">\n<td style=\"height: 25px;\">Magnificat, El (Un\u00edsono, Teclado)<\/td>\n<td style=\"height: 25px;\">Leitz, David<\/td>\n<td style=\"height: 25px;\">M\u00fasica de la Capilla<\/td>\n<td style=\"height: 25px;\">GRAMO<\/td>\n<\/tr>\n<tr style=\"height: 25px;\">\n<td style=\"height: 25px;\">Mary subi\u00f3 a Hill Country (SATB, \u00f3rgano)<\/td>\n<td style=\"height: 25px;\">Schalk, Carl<\/td>\n<td style=\"height: 25px;\">Concordia (98-3172)<\/td>\n<td style=\"height: 25px;\">GRAMO<\/td>\n<\/tr>\n<tr style=\"height: 49px;\">\n<td style=\"height: 49px;\">O Sanctissima (SATB, piano\/\u00f3rgano, cuarteto de cuerdas optativo)<\/td>\n<td style=\"height: 49px;\">Beethoven, Ludwig van\/Thatcher, Charles arr.<\/td>\n<td style=\"height: 49px;\">M\u00fasica MorningStar (50-1130)<\/td>\n<td style=\"height: 49px;\">GRAMO<\/td>\n<\/tr>\n<tr style=\"height: 25px;\">\n<td style=\"height: 25px;\">Since by Man Came Death from \u201cMessiah\u201d (SATB, Keyboard)<\/td>\n<td style=\"height: 25px;\">Handel, George F.<\/td>\n<td style=\"height: 25px;\">Varios<\/td>\n<td style=\"height: 25px;\">2<\/td>\n<\/tr>\n<tr style=\"height: 25px;\">\n<td style=\"height: 25px;\">Canci\u00f3n de Mar\u00eda (SATB)<\/td>\n<td style=\"height: 25px;\">Entrepierna, William<\/td>\n<td style=\"height: 25px;\">Lorenzo (AM126)<\/td>\n<td style=\"height: 25px;\">GRAMO<\/td>\n<\/tr>\n<tr style=\"height: 25px;\">\n<td style=\"height: 25px;\">Canci\u00f3n de Mar\u00eda (SATB, \u00d3rgano, opt. Quinteto de metales)<\/td>\n<td style=\"height: 25px;\">Shepard, Ricardo<\/td>\n<td style=\"height: 25px;\">Oxford (9780193432482)<\/td>\n<td style=\"height: 25px;\">GRAMO<\/td>\n<\/tr>\n<tr style=\"height: 25px;\">\n<td style=\"height: 25px;\">Dos himnos en modo d\u00f3rico: Oh Mar\u00eda de todas las mujeres (SATB)<\/td>\n<td style=\"height: 25px;\">arreglo Jenkins, Joseph Wilcox<\/td>\n<td style=\"height: 25px;\">WLP (D-e01681)<\/td>\n<td style=\"height: 25px;\">GRAMO<\/td>\n<\/tr>\n<\/tbody>\n<\/table>","protected":false},"excerpt":{"rendered":"<p>Choral Anthems Title (Voicing) Composer\/Arranger Publisher (Item #) Usage Ave Maria (SATB) Victoria, Tom\u00e1s Luis de Mercury (35200079) G I Will Set His Dominion (SATB, Organ) Neswick, Bruce Paraclete (PPM09519) PS Magnificat (2-Part, Keyboard, opt. Flute) Schram, Ruth Elaine Augsburg (9780800676681) G Magnificat (SATB, Organ) Howells, Herbert Novello (NOV290289) G Magnificat (SATB, Organ) Wise, Michael [&hellip;]<\/p>\n","protected":false},"author":6628,"featured_media":0,"parent":0,"menu_order":0,"comment_status":"closed","ping_status":"closed","template":"","meta":{"_acf_changed":false,"footnotes":""},"class_list":["post-4953","page","type-page","status-publish","hentry"],"acf":[],"_links":{"self":[{"href":"https:\/\/npm.org\/es\/wp-json\/wp\/v2\/pages\/4953"}],"collection":[{"href":"https:\/\/npm.org\/es\/wp-json\/wp\/v2\/pages"}],"about":[{"href":"https:\/\/npm.org\/es\/wp-json\/wp\/v2\/types\/page"}],"author":[{"embeddable":true,"href":"https:\/\/npm.org\/es\/wp-json\/wp\/v2\/users\/6628"}],"replies":[{"embeddable":true,"href":"https:\/\/npm.org\/es\/wp-json\/wp\/v2\/comments?post=4953"}],"version-history":[{"count":0,"href":"https:\/\/npm.org\/es\/wp-json\/wp\/v2\/pages\/4953\/revisions"}],"wp:attachment":[{"href":"https:\/\/npm.org\/es\/wp-json\/wp\/v2\/media?parent=4953"}],"curies":[{"name":"gracias","href":"https:\/\/api.w.org\/{rel}","templated":true}]}}