{"id":4940,"date":"2017-11-08T19:34:57","date_gmt":"2017-11-08T19:34:57","guid":{"rendered":"https:\/\/npm.org\/?page_id=4940"},"modified":"2020-06-21T17:58:07","modified_gmt":"2020-06-21T17:58:07","slug":"choral-anthems-seventeenth-sunday-in-ordinary-time-c-lectionary-111","status":"publish","type":"page","link":"https:\/\/npm.org\/es\/choral-anthems-seventeenth-sunday-in-ordinary-time-c-lectionary-111\/","title":{"rendered":"Himnos corales - Domingo XVII del tiempo ordinario (C)"},"content":{"rendered":"<p><strong>Himnos corales<\/strong><\/p>\n<table style=\"width: 100%;\" border=\"1\" width=\"100%\">\n<tbody>\n<tr>\n<td width=\"456\"><strong>T\u00edtulo (Voicing)<\/strong><\/td>\n<td width=\"187\"><strong>Compositor \/ Arreglista<\/strong><\/td>\n<td width=\"187\"><strong>Editor (art\u00edculo #)<\/strong><\/td>\n<td width=\"103\"><strong>Uso<\/strong><\/td>\n<\/tr>\n<tr>\n<td>Todas las cosas (SATB)<\/td>\n<td>Kirk, Theron<\/td>\n<td>Elkan Vogel<\/td>\n<td>2<\/td>\n<\/tr>\n<tr>\n<td>Todas las cosas funcionan juntas (Un\u00edsono, opci\u00f3n 2)<\/td>\n<td>Burton, Daniel<\/td>\n<td>Prensa Shawnee<\/td>\n<td>2<\/td>\n<\/tr>\n<tr>\n<td>Anima Christi (SATB, \u00f3rgano)<\/td>\n<td>Thatcher, Carlos<\/td>\n<td>Trinitas (30103363)<\/td>\n<td>GRAMO<\/td>\n<\/tr>\n<tr>\n<td>Ant\u00edfona (SATB, \u00d3rgano)<\/td>\n<td>Cocinero, Edward Thomas<\/td>\n<td>Novela corta (NOV290340)<\/td>\n<td>PD<\/td>\n<\/tr>\n<tr>\n<td>Bienaventuranzas, El (SATB, \u00d3rgano)<\/td>\n<td>Callahan, Carlos<\/td>\n<td>Concordia (98-3760)<\/td>\n<td>C<\/td>\n<\/tr>\n<tr>\n<td>Bendice el Santo Nombre de Dios (2 partes, teclado, campanas de mano)<\/td>\n<td>Kosche, Kenneth T.<\/td>\n<td>Gremio de Coristas (CGA 766)<\/td>\n<td>C<\/td>\n<\/tr>\n<tr>\n<td>Bendice al Se\u00f1or (SATB)<\/td>\n<td>Brandon, Jorge<\/td>\n<td>GIA (1931)<\/td>\n<td>C<\/td>\n<\/tr>\n<tr>\n<td>Bendecid al Se\u00f1or, bendecid su santo nombre (SAB, \u00d3rgano)<\/td>\n<td>Corelli, Arc\u00e1ngel<\/td>\n<td>M\u00fasica de Boston<\/td>\n<td>C<\/td>\n<\/tr>\n<tr>\n<td>Bendice al Se\u00f1or, alma m\u00eda (SAB)<\/td>\n<td>Lotti, Antonio<\/td>\n<td>Luis M\u00fasica (10804538)<\/td>\n<td>C<\/td>\n<\/tr>\n<tr>\n<td>Bendice, alma m\u00eda, al Se\u00f1or (SAB, \u00d3rgano)<\/td>\n<td>Handel, George F.\/Mataranglo, Mark arr.<\/td>\n<td>GIA (3796)<\/td>\n<td>C<\/td>\n<\/tr>\n<tr>\n<td>Bendice al Se\u00f1or, alma m\u00eda (SATB)<\/td>\n<td>Hip\u00f3lito-Ivanoff, Mikhail\/Becker, Arthur C. arr.<\/td>\n<td>GIA (6125)<\/td>\n<td>C<\/td>\n<\/tr>\n<tr>\n<td>Bendice, alma m\u00eda, al Se\u00f1or (SATB, teclado)<\/td>\n<td>Bach, Johann Sebastian\/Hopson, Hal H. arr.<\/td>\n<td>Esperanza (HP.AA1697)<\/td>\n<td>C<\/td>\n<\/tr>\n<tr>\n<td>Bendice, alma m\u00eda, al Se\u00f1or (SATB, teclado)<\/td>\n<td>Mezclilla, Norman L.<\/td>\n<td>Concordia<\/td>\n<td>C<\/td>\n<\/tr>\n<tr>\n<td>Bendice al Se\u00f1or, alma m\u00eda (SATB, \u00f3rgano)<\/td>\n<td>Lovelace, Austin C.<\/td>\n<td>Lorenz<\/td>\n<td>C<\/td>\n<\/tr>\n<tr>\n<td>Bendice al Se\u00f1or, alma m\u00eda (SATB, \u00f3rgano)<\/td>\n<td>Ippolitoff-Ivanoff, Mijail<\/td>\n<td>G. Schirmer (ED2529) en \u201cCinco siglos de m\u00fasica coral\u201d<\/td>\n<td>C<\/td>\n<\/tr>\n<tr>\n<td>Bendice, alma m\u00eda, al Se\u00f1or (Un\u00edsono, \u00d3rgano)<\/td>\n<td>marshall, jane m.<\/td>\n<td>Prensa de Broadman<\/td>\n<td>C<\/td>\n<\/tr>\n<tr>\n<td>Bienaventurados ellos (SATB, teclado)<\/td>\n<td>Blanco, Jack Noble<\/td>\n<td>Brookfield (08743584)<\/td>\n<td>C<\/td>\n<\/tr>\n<tr>\n<td>Bienaventurados ellos (Un\u00edsono, opt. 2 partes, teclado)<\/td>\n<td>Leavitt, John<\/td>\n<td>Concordia<\/td>\n<td>C<\/td>\n<\/tr>\n<tr>\n<td>Llamada, El (SATB, \u00d3rgano)<\/td>\n<td>Smith, Alexander Brent<\/td>\n<td>Hinshaw (HMC1329)<\/td>\n<td>1, G<\/td>\n<\/tr>\n<tr>\n<td>C\u00e1ntico de alabanza (SATB, piano\/\u00f3rgano)<\/td>\n<td>Beck, John Ness<\/td>\n<td>Theodore Presser (312-40588)<\/td>\n<td>C<\/td>\n<\/tr>\n<tr>\n<td>Dale a tu siervo un coraz\u00f3n comprensivo (SATB)<\/td>\n<td>Ford, Virgil T.<\/td>\n<td>Carl Fischer<\/td>\n<td>1<\/td>\n<\/tr>\n<tr>\n<td>El Se\u00f1or es Misericordioso y Benevolente (SATB, Teclado, Guitarra, Instrumento en C, Cuarteto de Cuerdas)<\/td>\n<td>Cotter, Jean<\/td>\n<td>GIA (4081)<\/td>\n<td>C<\/td>\n<\/tr>\n<tr>\n<td>Bendice, alma m\u00eda, al Se\u00f1or (2 o 3 partes, \u00f3rgano)<\/td>\n<td>Bizet, Georges\/Hopson, Hal H. arr.<\/td>\n<td>Hinshaw (HMC1339)<\/td>\n<td>C<\/td>\n<\/tr>\n<tr>\n<td>Oh alma m\u00eda, bendice a Dios Padre (SB)<\/td>\n<td>Handel, George F.<\/td>\n<td>Prensa Shawnee<\/td>\n<td>C<\/td>\n<\/tr>\n<tr>\n<td>O sacrum convivium (SAATB)<\/td>\n<td>Tallis, Thomas<\/td>\n<td>Oxford (9780193521612)<\/td>\n<td>GRAMO<\/td>\n<\/tr>\n<tr>\n<td>O sacro convivium (SATB)<\/td>\n<td>Croce, Juan<\/td>\n<td>CPDL<\/td>\n<td>GRAMO<\/td>\n<\/tr>\n<tr>\n<td>O sacro convivium (SATB)<\/td>\n<td>Marenzio, Lucas<\/td>\n<td>CPDL<\/td>\n<td>GRAMO<\/td>\n<\/tr>\n<tr>\n<td>O sacro convivium (SATB)<\/td>\n<td>Viadana, Ludovico da<\/td>\n<td>CPDL<\/td>\n<td>GRAMO<\/td>\n<\/tr>\n<tr>\n<td>O sacro convivium (SATB)<\/td>\n<td>Biery, James<\/td>\n<td>M\u00fasica MorningStar (50-8311)<\/td>\n<td>GRAMO<\/td>\n<\/tr>\n<tr>\n<td>O sacro convivium (SATB)<\/td>\n<td>Messiaen, Oliver<\/td>\n<td>Durand (50565707)<\/td>\n<td>GRAMO<\/td>\n<\/tr>\n<tr>\n<td>O sacro convivium (SATB)<\/td>\n<td>PetrichRoger T.<\/td>\n<td>Selah (410-462)<\/td>\n<td>GRAMO<\/td>\n<\/tr>\n<tr>\n<td>O sacro convivium (SATB)<\/td>\n<td>Tovey, Donald F.<\/td>\n<td>Stainer &amp; Bell (9790220210082) en \u201cLaudate Pueri\u201d<\/td>\n<td>GRAMO<\/td>\n<\/tr>\n<tr>\n<td>Alabado sea el Se\u00f1or, alma m\u00eda (SATB\/SATB, \u00d3rgano, opt. Lat\u00f3n)<\/td>\n<td>Schutz, Heinrich<\/td>\n<td>Theodore Presser (312-41056)<\/td>\n<td>C<\/td>\n<\/tr>\n<tr>\n<td>Salmo 103 (SATB, \u00d3rgano\/Piano)<\/td>\n<td>Ca\u00edn, noble<\/td>\n<td>lanzallamas<\/td>\n<td>C<\/td>\n<\/tr>\n<tr>\n<td>Salmo 119 (SATB)<\/td>\n<td>Wilkinson, Scott<\/td>\n<td>Mentor (M710)<\/td>\n<td>PD<\/td>\n<\/tr>\n<tr>\n<td>Ens\u00e9\u00f1ame, oh Se\u00f1or (SATB)<\/td>\n<td>joven, gordon<\/td>\n<td>Alfredo<\/td>\n<td>1<\/td>\n<\/tr>\n<\/tbody>\n<\/table>","protected":false},"excerpt":{"rendered":"<p>Choral Anthems Title (Voicing) Composer\/Arranger Publisher (Item #) Usage All Things (SATB) Kirk, Theron Elkan Vogel 2 All Things Work Together (Unison, opt. 2-part) Burton, Daniel Shawnee Press 2 Anima Christi (SATB, Organ) Thatcher, Charles Trinitas (30103363) G Antiphon (SATB, Organ) Cook, Edward Thomas Novello (NOV290340) PS Beatitudes, The (SATB, Organ) Callahan, Charles Concordia (98-3760) [&hellip;]<\/p>\n","protected":false},"author":6628,"featured_media":0,"parent":0,"menu_order":0,"comment_status":"closed","ping_status":"closed","template":"","meta":{"_acf_changed":false,"footnotes":""},"class_list":["post-4940","page","type-page","status-publish","hentry"],"acf":[],"_links":{"self":[{"href":"https:\/\/npm.org\/es\/wp-json\/wp\/v2\/pages\/4940"}],"collection":[{"href":"https:\/\/npm.org\/es\/wp-json\/wp\/v2\/pages"}],"about":[{"href":"https:\/\/npm.org\/es\/wp-json\/wp\/v2\/types\/page"}],"author":[{"embeddable":true,"href":"https:\/\/npm.org\/es\/wp-json\/wp\/v2\/users\/6628"}],"replies":[{"embeddable":true,"href":"https:\/\/npm.org\/es\/wp-json\/wp\/v2\/comments?post=4940"}],"version-history":[{"count":0,"href":"https:\/\/npm.org\/es\/wp-json\/wp\/v2\/pages\/4940\/revisions"}],"wp:attachment":[{"href":"https:\/\/npm.org\/es\/wp-json\/wp\/v2\/media?parent=4940"}],"curies":[{"name":"gracias","href":"https:\/\/api.w.org\/{rel}","templated":true}]}}