{"id":4934,"date":"2017-11-08T19:32:58","date_gmt":"2017-11-08T19:32:58","guid":{"rendered":"https:\/\/npm.org\/?page_id=4934"},"modified":"2020-06-21T17:56:17","modified_gmt":"2020-06-21T17:56:17","slug":"choral-anthems-fifteenth-sunday-in-ordinary-time-lectionary-105","status":"publish","type":"page","link":"https:\/\/npm.org\/es\/choral-anthems-fifteenth-sunday-in-ordinary-time-lectionary-105\/","title":{"rendered":"Himnos corales - XV domingo del tiempo ordinario (C)"},"content":{"rendered":"<p><strong>Himnos corales<\/strong><\/p>\n<table style=\"width: 100%;\" border=\"1\" width=\"100%\">\n<tbody>\n<tr>\n<td width=\"456\"><strong>T\u00edtulo (Voicing)<\/strong><\/td>\n<td width=\"187\"><strong>Compositor \/ Arreglista<\/strong><\/td>\n<td width=\"187\"><strong>Editor (art\u00edculo #)<\/strong><\/td>\n<td width=\"103\"><strong>Uso<\/strong><\/td>\n<\/tr>\n<tr>\n<td>Pan de Vida del Cielo (SATB, Teclado, Guitarra)<\/td>\n<td>adaptar. Haugen, Marty<\/td>\n<td>GIA (5652)<\/td>\n<td>C<\/td>\n<\/tr>\n<tr>\n<td>Christ&#039;s Own Body (Uni\u00f3n\/2 partes, Teclado, opt. Campanillas)<\/td>\n<td>Tucker, Margarita<\/td>\n<td>Gremio de Coristas (CGA 801)<\/td>\n<td>PD<\/td>\n<\/tr>\n<tr>\n<td>Ll\u00e9nanos de tu amor, canci\u00f3n popular de Ghana (un\u00edsono, SA o mixta a dos voces, teclado)<\/td>\n<td>Colvin, Tom\/Hopson, Hal H. arr.<\/td>\n<td>Esperanza (HH 3923)<\/td>\n<td>PD<\/td>\n<\/tr>\n<tr>\n<td>El buen samaritano (2 partes, teclado)<\/td>\n<td>Horman, John D.<\/td>\n<td>Gremio de Coristas (CGA 281)<\/td>\n<td>PD<\/td>\n<\/tr>\n<tr>\n<td>El Buen Samaritano, de \u201cDos Par\u00e1bolas\u201d (SATB, \u00d3rgano\/Teclado)<\/td>\n<td>McAfee, Don<\/td>\n<td>M\u00fasica general<\/td>\n<td>PD<\/td>\n<\/tr>\n<tr>\n<td>Cu\u00e1n hermosa es tu morada (SATB)<\/td>\n<td>Sch\u00fctz, Heinrich<\/td>\n<td>Concordia (97-6303) en &quot;Diez Salmos del Salterio de Becker&quot;<\/td>\n<td>C<\/td>\n<\/tr>\n<tr>\n<td>Cu\u00e1n hermosa es tu morada (SATB, \u00f3rgano opt.)<\/td>\n<td>Somary, Johannes<\/td>\n<td>GIA (1615)<\/td>\n<td>C<\/td>\n<\/tr>\n<tr>\n<td>Qu\u00e9 hermosa es tu morada (SATB, \u00f3rgano)<\/td>\n<td>Stearns, Peter P\u00edndaro<\/td>\n<td>Par\u00e1clito (PPM00409)<\/td>\n<td>C<\/td>\n<\/tr>\n<tr>\n<td>Cu\u00e1n hermosa es tu morada (SATB, \u00d3rgano, opt. Cuerno)<\/td>\n<td>Scott, K. Lee<\/td>\n<td>Concordia (98-3492)<\/td>\n<td>C<\/td>\n<\/tr>\n<tr>\n<td>Qu\u00e9 hermoso es tu lugar de residencia (2 partes, teclado)<\/td>\n<td>Kosche, Kenneth T.<\/td>\n<td>M\u00fasica MorningStar 50-6303<\/td>\n<td>C<\/td>\n<\/tr>\n<tr>\n<td>\u00a1Qu\u00e9 hermosa es tu morada! (SATB)<\/td>\n<td>Reagan, Donald J.<\/td>\n<td>WLP (008508)<\/td>\n<td>C<\/td>\n<\/tr>\n<tr>\n<td>Qu\u00e9 encantador es tu lugar de residencia (SATB, teclado)<\/td>\n<td>Brahms, Johannes<\/td>\n<td>Varios<\/td>\n<td>C<\/td>\n<\/tr>\n<tr>\n<td>Qu\u00e9 encantador es tu lugar de residencia (SATB, teclado)<\/td>\n<td>Joncas, J. Michael<\/td>\n<td>Prensa Corona (PR.392413040)<\/td>\n<td>C<\/td>\n<\/tr>\n<tr>\n<td>Alabar\u00e9 a Dios con una canci\u00f3n (SATB, \u00f3rgano\/teclado)<\/td>\n<td>Nueva York, NY.<\/td>\n<td>Esperanza<\/td>\n<td>PD<\/td>\n<\/tr>\n<tr>\n<td>Alabar\u00e9 el nombre de Dios (SATB)<\/td>\n<td>Ca\u00edn, noble<\/td>\n<td>lanzallamas<\/td>\n<td>PD<\/td>\n<\/tr>\n<tr>\n<td>Alabar\u00e9 el nombre de Dios (SATB, \u00d3rgano)<\/td>\n<td>Golpe, Juan<\/td>\n<td>Oxford<\/td>\n<td>PD<\/td>\n<\/tr>\n<tr>\n<td>Jes\u00fas, Jes\u00fas, ll\u00e9name de tu amor (2 partes, teclado, flauta)<\/td>\n<td>arreglo de Johnston-Favreau, Cindy<\/td>\n<td>GIA (3000)<\/td>\n<td>PD<\/td>\n<\/tr>\n<tr>\n<td>Se\u00f1or, haznos instrumentos de tu paz (SATB)<\/td>\n<td>Shaw, Mart\u00edn<\/td>\n<td>Novela corta (NOV290485)<\/td>\n<td>PD<\/td>\n<\/tr>\n<tr>\n<td>O How Beautiful (SATB, teclado, opci\u00f3n flauta o instrumento en do, campanillas)<\/td>\n<td>Horman, John D.<\/td>\n<td>Gremio de Coristas (CGA 773)<\/td>\n<td>C<\/td>\n<\/tr>\n<tr>\n<td>Ofertorio del Tercer Domingo de Pascua (SATB, \u00d3rgano)<\/td>\n<td>PelzWalter L.<\/td>\n<td>Augsburgo<\/td>\n<td>PD<\/td>\n<\/tr>\n<tr>\n<td>Oraci\u00f3n de San Francisco (SATB, Soprano o Tenor Solo, Teclado)<\/td>\n<td>Pote, Allen C.<\/td>\n<td>Hinshaw (HMC 888)<\/td>\n<td>PD<\/td>\n<\/tr>\n<tr>\n<td>Salmo 69: Acude a Dios en tu necesidad (SATB, teclado, guitarra, flauta)<\/td>\n<td>Cooney, Rory<\/td>\n<td>OCP (10467)<\/td>\n<td>PD<\/td>\n<\/tr>\n<tr>\n<td>Salmo 84: Cu\u00e1n hermosa es tu morada (SATB)<\/td>\n<td>Proulx, Richard<\/td>\n<td>GIA (5721)<\/td>\n<td>C<\/td>\n<\/tr>\n<tr>\n<td>Esto har\u00e1s y vivir\u00e1s (SATB, \u00f3rgano)<\/td>\n<td>Ford, Virgil T.<\/td>\n<td>Lorenz<\/td>\n<td>PD<\/td>\n<\/tr>\n<tr>\n<td>Amar\u00e1s al Se\u00f1or tu Dios (SATB, \u00d3rgano\/Teclado)<\/td>\n<td>Glarum, L.Stanley<\/td>\n<td>Compa\u00f1\u00eda de m\u00fasica Bourne.<\/td>\n<td>PD<\/td>\n<\/tr>\n<tr>\n<td>Ser Tu Presencia (SATB, \u00d3rgano, opci\u00f3n 1 o 2 Trompetas)<\/td>\n<td>Stanford, Charles Villers<\/td>\n<td>GIA (5413)<\/td>\n<td>PD<\/td>\n<\/tr>\n<\/tbody>\n<\/table>","protected":false},"excerpt":{"rendered":"<p>Choral Anthems Title (Voicing) Composer\/Arranger Publisher (Item #) Usage Bread of Life from Heaven (SATB, Keyboard, Guitar) adapt. Haugen, Marty GIA (5652) C Christ\u2019s Own Body (Unsion\/2-part, Keyboard, opt. Handbells) Tucker, Margaret Choristers Guild (CGA 801) PS Fill Us with Your Love, Ghana Folk Song (Unison, SA or 2-Part mixed, Keyboard) Colvin, Tom\/Hopson, Hal H. [&hellip;]<\/p>\n","protected":false},"author":6628,"featured_media":0,"parent":0,"menu_order":0,"comment_status":"closed","ping_status":"closed","template":"","meta":{"_acf_changed":false,"footnotes":""},"class_list":["post-4934","page","type-page","status-publish","hentry"],"acf":[],"_links":{"self":[{"href":"https:\/\/npm.org\/es\/wp-json\/wp\/v2\/pages\/4934"}],"collection":[{"href":"https:\/\/npm.org\/es\/wp-json\/wp\/v2\/pages"}],"about":[{"href":"https:\/\/npm.org\/es\/wp-json\/wp\/v2\/types\/page"}],"author":[{"embeddable":true,"href":"https:\/\/npm.org\/es\/wp-json\/wp\/v2\/users\/6628"}],"replies":[{"embeddable":true,"href":"https:\/\/npm.org\/es\/wp-json\/wp\/v2\/comments?post=4934"}],"version-history":[{"count":0,"href":"https:\/\/npm.org\/es\/wp-json\/wp\/v2\/pages\/4934\/revisions"}],"wp:attachment":[{"href":"https:\/\/npm.org\/es\/wp-json\/wp\/v2\/media?parent=4934"}],"curies":[{"name":"gracias","href":"https:\/\/api.w.org\/{rel}","templated":true}]}}