{"id":4930,"date":"2017-11-08T19:32:03","date_gmt":"2017-11-08T19:32:03","guid":{"rendered":"https:\/\/npm.org\/?page_id=4930"},"modified":"2020-06-20T22:04:01","modified_gmt":"2020-06-20T22:04:01","slug":"choral-anthems-fourteenth-sunday-in-ordinary-time-c-lectionary-102","status":"publish","type":"page","link":"https:\/\/npm.org\/es\/choral-anthems-fourteenth-sunday-in-ordinary-time-c-lectionary-102\/","title":{"rendered":"Himnos corales - XIV Domingo del tiempo ordinario (C)"},"content":{"rendered":"<p><strong>Himnos corales<\/strong><\/p>\n<table style=\"width: 100%;\" border=\"1\" width=\"100%\">\n<tbody>\n<tr>\n<td width=\"456\"><strong>T\u00edtulo (Voicing)<\/strong><\/td>\n<td width=\"187\"><strong>Compositor \/ Arreglista<\/strong><\/td>\n<td width=\"187\"><strong>Editor (art\u00edculo #)<\/strong><\/td>\n<td width=\"103\"><strong>Uso<\/strong><\/td>\n<\/tr>\n<tr>\n<td>Venid a m\u00ed (SATB, \u00d3rgano)<\/td>\n<td>Burroughs, Bob<\/td>\n<td>Concordia<\/td>\n<td>C<\/td>\n<\/tr>\n<tr>\n<td>Glorificad al Se\u00f1or (SSATB, \u00d3rgano\/Teclado)<\/td>\n<td>Sweelinck, Jan Pieterszoon<\/td>\n<td>Huerto de abedul Summy (1348)<\/td>\n<td>PD<\/td>\n<\/tr>\n<tr>\n<td>Salid hacia Dios (SATB, \u00d3rgano)<\/td>\n<td>Owens, Sam Batt<\/td>\n<td>GIA (2740)<\/td>\n<td>PD<\/td>\n<\/tr>\n<tr>\n<td>Ir al mundo (SAB, teclado)<\/td>\n<td>Johengen, Carl<\/td>\n<td>GIA (4395)<\/td>\n<td>PD<\/td>\n<\/tr>\n<tr>\n<td>Go to the World (SATB, \u00d3rgano, Cuarteto de metales, Percusi\u00f3n)<\/td>\n<td>ChepponisJames J.<\/td>\n<td>GIA (5133)<\/td>\n<td>PD<\/td>\n<\/tr>\n<tr>\n<td>Grande es el Se\u00f1or (SATB, \u00d3rgano)<\/td>\n<td>Sowerby, Leo<\/td>\n<td>HW gris<\/td>\n<td>mi<\/td>\n<\/tr>\n<tr>\n<td>Grande es el Se\u00f1or (SATB, \u00d3rgano\/Teclado)<\/td>\n<td>Whitcomb, Roberto<\/td>\n<td>Asociado<\/td>\n<td>mi<\/td>\n<\/tr>\n<tr>\n<td>Gustate y Videto (SATB)<\/td>\n<td>Isaac, Enrique<\/td>\n<td>Hal Leonard (HX.366727)<\/td>\n<td>C<\/td>\n<\/tr>\n<tr>\n<td>Siempre Dar\u00e9 Gracias (SAB)<\/td>\n<td>Rey<\/td>\n<td>Concordia<\/td>\n<td>C<\/td>\n<\/tr>\n<tr>\n<td>Siempre dar\u00e9 gracias (SATB, \u00d3rgano)<\/td>\n<td>Titcomb, Everett<\/td>\n<td>Prensa Shawnee<\/td>\n<td>C<\/td>\n<\/tr>\n<tr>\n<td>Bendecir\u00e9 al Se\u00f1or (SATB, \u00d3rgano)<\/td>\n<td>Roff, Jos\u00e9<\/td>\n<td>GIA (2367)<\/td>\n<td>C<\/td>\n<\/tr>\n<tr>\n<td>Alabar\u00e9 al Se\u00f1or en todo momento (Un\u00edsono, teclado)<\/td>\n<td>Handel, George F.\/Hopson, Hal H. arreglo.<\/td>\n<td>Gremio de Coristas (CGA 243)<\/td>\n<td>C<\/td>\n<\/tr>\n<tr>\n<td>Jesu dulcis: El sabor del bien (SATB, \u00d3rgano)<\/td>\n<td>Kreutz, Robert E.<\/td>\n<td>GIA (2304) *<\/td>\n<td>C<\/td>\n<\/tr>\n<tr>\n<td>Que toda la tierra te adore (SATB, \u00d3rgano)<\/td>\n<td>Kreutz, Robert E.<\/td>\n<td>GIA (2165)<\/td>\n<td>PD<\/td>\n<\/tr>\n<tr>\n<td>Se\u00f1or Jes\u00fas, piensa en m\u00ed (SATB, \u00d3rgano)<\/td>\n<td>Owens, Sam Batt<\/td>\n<td>Par\u00e1clito (PPM09812)<\/td>\n<td>C<\/td>\n<\/tr>\n<tr>\n<td>Se\u00f1or, t\u00fa das la gran comisi\u00f3n (SATB, teclado, cuarteto de metales, timbales, campanillas)<\/td>\n<td>Arr. Haugen, Marty<\/td>\n<td>GIA (3200)<\/td>\n<td>PD<\/td>\n<\/tr>\n<tr>\n<td>Grita fuerte su alabanza (TTB, teclado)<\/td>\n<td>Greene, Mauricio<\/td>\n<td>Concordia<\/td>\n<td>PD<\/td>\n<\/tr>\n<tr>\n<td>Haz un ruido alegre (SATB, \u00f3rgano\/teclado)<\/td>\n<td>Fetler, Pablo<\/td>\n<td>Augsburgo<\/td>\n<td>PD<\/td>\n<\/tr>\n<tr>\n<td>Haz un ruido alegre (SSATB)<\/td>\n<td>Zimmermann, Heinz Werner<\/td>\n<td>M\u00fasica de la Capilla<\/td>\n<td>PD<\/td>\n<\/tr>\n<tr>\n<td>Haz un ruido alegre para Dios (SATB, tenor solo, teclado)<\/td>\n<td>Beethoven, Ludwig van<\/td>\n<td>Carl Fischer (CM 146) *<\/td>\n<td>PD<\/td>\n<\/tr>\n<tr>\n<td>Que nunca nos jactemos (SATB, teclado, guitarra, 2 flautas)<\/td>\n<td>Connolly, Michael<\/td>\n<td>GIA (4032)<\/td>\n<td>PD<\/td>\n<\/tr>\n<tr>\n<td>Naciones, escuchen el llamado de Dios (Un\u00edsono\/2 partes, Teclado)<\/td>\n<td>Bach, Juan Sebasti\u00e1n<\/td>\n<td>Concordia (97-6055) en \u201cBach Arias para el A\u00f1o Eclesi\u00e1stico\u201d<\/td>\n<td>mi<\/td>\n<\/tr>\n<tr>\n<td>Nos autem gloriari (SATB)<\/td>\n<td>Anerio, Felice<\/td>\n<td>Arista (AE 256)<\/td>\n<td>PD<\/td>\n<\/tr>\n<tr>\n<td>Nos autem gloriari oportet (SATB)<\/td>\n<td>Palestrina, Giovanni Pierluigi da<\/td>\n<td>Oxford (9780193533967)<\/td>\n<td>PD<\/td>\n<\/tr>\n<tr>\n<td>Oh, estad gozosos en Dios (Sop solo, SATB, \u00d3rgano)<\/td>\n<td>Willan, Healley<\/td>\n<td>Edici\u00f3n Peters (EP6073)<\/td>\n<td>PD<\/td>\n<\/tr>\n<tr>\n<td>Oh, magnificad al Se\u00f1or conmigo (SA, piano\/\u00f3rgano)<\/td>\n<td>Mueller, Carl F.<\/td>\n<td>Carl Fischer<\/td>\n<td>C<\/td>\n<\/tr>\n<tr>\n<td>O Pruebe y vea (SATB)<\/td>\n<td>Vaughan Williams, Ralph<\/td>\n<td>Oxford (9780193535114)<\/td>\n<td>C<\/td>\n<\/tr>\n<tr>\n<td>O Pruebe y vea (SATB)<\/td>\n<td>Doherty, Antonio<\/td>\n<td>Trinitas (4592)<\/td>\n<td>C<\/td>\n<\/tr>\n<tr>\n<td>O Pruebe y vea (SATB)<\/td>\n<td>Forster, Stuart<\/td>\n<td>Par\u00e1clito (PPM00514)<\/td>\n<td>C<\/td>\n<\/tr>\n<tr>\n<td>O probar y ver (SATB, teclado)<\/td>\n<td>Larkin, Michael<\/td>\n<td>Theodore Presser (92-41993)<\/td>\n<td>C<\/td>\n<\/tr>\n<tr>\n<td>O Gustar y Ver (SATB, Sop Solo, \u00d3rgano)<\/td>\n<td>Wolff, S. Drummond<\/td>\n<td>Concordia<\/td>\n<td>C<\/td>\n<\/tr>\n<tr>\n<td>Alabado sea Dios, oh Tierras (SATB)<\/td>\n<td>Sch\u00fctz, Heinrich<\/td>\n<td>Concordia (97-6303) en &quot;Diez Salmos del Salterio de Becker&quot;<\/td>\n<td>PD<\/td>\n<\/tr>\n<tr>\n<td>Alabado sea Dios, oh Tierras (TTBB)<\/td>\n<td>Sch\u00fctz, Heinrich<\/td>\n<td>Concordia<\/td>\n<td>PD<\/td>\n<\/tr>\n<tr>\n<td>Proclama conmigo (SATB, opt. Trompeta, \u00d3rgano)<\/td>\n<td>Busarow, Donald<\/td>\n<td>Concordia (98-3127)<\/td>\n<td>C<\/td>\n<\/tr>\n<tr>\n<td>Salmo 66 (Un\u00edsono, Teclado)<\/td>\n<td>marshall, jane m.<\/td>\n<td>Gremio de Coristas (CGC 18) en \u201cSalmo Juntos Volumen I\u201d<\/td>\n<td>PD<\/td>\n<\/tr>\n<tr>\n<td>Salmo II para el A\u00f1o Eclesi\u00e1stico: Gustad y ved (SATB)<\/td>\n<td>Peloquin, C. Alejandro<\/td>\n<td>GIA (1664) *<\/td>\n<td>C<\/td>\n<\/tr>\n<tr>\n<td>Regocijaos grandemente en el Mes\u00edas (Soprano, Teclado)<\/td>\n<td>Handel, George F.<\/td>\n<td>Varios<\/td>\n<td>PD<\/td>\n<\/tr>\n<tr>\n<td>Sing for Joy (SATB, \u00f3rgano\/teclado)<\/td>\n<td>Schubert, Francisco<\/td>\n<td>Concordia<\/td>\n<td>PD<\/td>\n<\/tr>\n<tr>\n<td>Cantad (SATB, \u00f3rgano\/teclado)<\/td>\n<td>Mueller, Carl F.<\/td>\n<td>Carl Fischer<\/td>\n<td>PD<\/td>\n<\/tr>\n<tr>\n<td>Cantad la gloria de Dios (SAB, teclado)<\/td>\n<td>Hopson, Hal H.<\/td>\n<td>Augsburgo<\/td>\n<td>PD<\/td>\n<\/tr>\n<tr>\n<td>Cantad alabanzas al Se\u00f1or (SAB)<\/td>\n<td>GiesekeRichard W.<\/td>\n<td>Concordia<\/td>\n<td>PD<\/td>\n<\/tr>\n<tr>\n<td>Cantad alabanzas (SATB)<\/td>\n<td>Copland, Aar\u00f3n<\/td>\n<td>Boosey y Hawkes (M051460212)<\/td>\n<td>PD<\/td>\n<\/tr>\n<tr>\n<td>Canci\u00f3n de consuelo, A (SATB, \u00f3rgano\/teclado)<\/td>\n<td>Mechem, Iglesia<\/td>\n<td>CE Schirmer<\/td>\n<td>PD<\/td>\n<\/tr>\n<tr>\n<td>Toma tu cruz (SATB, piano)<\/td>\n<td>Keesecker, Thomas<\/td>\n<td>M\u00fasica MorningStar (50-3062)<\/td>\n<td>GRAMO<\/td>\n<\/tr>\n<tr>\n<td>Saborear y ver (SATB)<\/td>\n<td>Hurd, David<\/td>\n<td>Trinitas (4535)<\/td>\n<td>C<\/td>\n<\/tr>\n<tr>\n<td>Prueba y ve (SATB, teclado)<\/td>\n<td>Connolly, Michael<\/td>\n<td>GIA (3459)<\/td>\n<td>C<\/td>\n<\/tr>\n<tr>\n<td>Sabor y Ver\/Suten y Vean (SATB, Piano)<\/td>\n<td>Moore, James<\/td>\n<td>GIA (2784)<\/td>\n<td>C<\/td>\n<\/tr>\n<tr>\n<td>Hay un b\u00e1lsamo en Galaad (SATB)<\/td>\n<td>Dawson, Guillermo<\/td>\n<td>Kjos (T105)<\/td>\n<td>PD<\/td>\n<\/tr>\n<tr>\n<td>Ser Tu Presencia (SATB, \u00d3rgano, opci\u00f3n 1 o 2 Trompetas)<\/td>\n<td>Stanford, Charles Villers<\/td>\n<td>GIA (5413)<\/td>\n<td>PD<\/td>\n<\/tr>\n<tr>\n<td>Cuando contemplo la maravillosa cruz (SAB)<\/td>\n<td>Vulpio, Melchor\/arr. Strube, A.<\/td>\n<td>Concordia<\/td>\n<td>PD<\/td>\n<\/tr>\n<tr>\n<td>Cuando contemplo la maravillosa cruz (SATB)<\/td>\n<td>Mason, Lowell\/Martin, Gilbert arr.<\/td>\n<td>Concordia<\/td>\n<td>PD<\/td>\n<\/tr>\n<tr>\n<td>Cuando contemplo la maravillosa cruz (SATB, \u00f3rgano)<\/td>\n<td>Harman, Alec<\/td>\n<td>Teodoro Presser (312-40785)<\/td>\n<td>PD<\/td>\n<\/tr>\n<\/tbody>\n<\/table>","protected":false},"excerpt":{"rendered":"<p>Choral Anthems Title (Voicing) Composer\/Arranger Publisher (Item #) Usage Come Unto Me (SATB, Organ) Burroughs, Bob Concordia C Glorify the Lord (SSATB, Organ\/Keyboard) Sweelinck, Jan Pieterszoon Summy-Birchard (1348) PS Go Forth for God (SATB, Organ) Owens, Sam Batt GIA (2740) PS Go to the World (SAB, Keyboard) Johengen, Carl GIA (4395) PS Go to the [&hellip;]<\/p>\n","protected":false},"author":6628,"featured_media":0,"parent":0,"menu_order":0,"comment_status":"closed","ping_status":"closed","template":"","meta":{"_acf_changed":false,"footnotes":""},"class_list":["post-4930","page","type-page","status-publish","hentry"],"acf":[],"_links":{"self":[{"href":"https:\/\/npm.org\/es\/wp-json\/wp\/v2\/pages\/4930"}],"collection":[{"href":"https:\/\/npm.org\/es\/wp-json\/wp\/v2\/pages"}],"about":[{"href":"https:\/\/npm.org\/es\/wp-json\/wp\/v2\/types\/page"}],"author":[{"embeddable":true,"href":"https:\/\/npm.org\/es\/wp-json\/wp\/v2\/users\/6628"}],"replies":[{"embeddable":true,"href":"https:\/\/npm.org\/es\/wp-json\/wp\/v2\/comments?post=4930"}],"version-history":[{"count":0,"href":"https:\/\/npm.org\/es\/wp-json\/wp\/v2\/pages\/4930\/revisions"}],"wp:attachment":[{"href":"https:\/\/npm.org\/es\/wp-json\/wp\/v2\/media?parent=4930"}],"curies":[{"name":"gracias","href":"https:\/\/api.w.org\/{rel}","templated":true}]}}