{"id":4921,"date":"2017-11-08T19:24:02","date_gmt":"2017-11-08T19:24:02","guid":{"rendered":"https:\/\/npm.org\/?page_id=4921"},"modified":"2020-06-20T22:01:48","modified_gmt":"2020-06-20T22:01:48","slug":"choral-anthems-twelfth-sunday-in-ordinary-time-lectionary-96","status":"publish","type":"page","link":"https:\/\/npm.org\/es\/choral-anthems-twelfth-sunday-in-ordinary-time-lectionary-96\/","title":{"rendered":"Himnos corales - XII domingo del tiempo ordinario (C)"},"content":{"rendered":"<p><strong>Himnos corales<\/strong><\/p>\n<table style=\"width: 100%;\" border=\"1\" width=\"100%\">\n<tbody>\n<tr>\n<td width=\"456\"><strong>T\u00edtulo (Voicing)<\/strong><\/td>\n<td width=\"187\"><strong>Compositor \/ Arreglista<\/strong><\/td>\n<td width=\"187\"><strong>Editor (art\u00edculo #)<\/strong><\/td>\n<td width=\"103\"><strong>Uso<\/strong><\/td>\n<\/tr>\n<tr>\n<td>No tengas miedo (SATB, teclado)<\/td>\n<td>Courtney, Craig<\/td>\n<td>Beckenhorst (a\u00f1o de fundaci\u00f3n 1388)<\/td>\n<td>mi<\/td>\n<\/tr>\n<tr>\n<td>Tarde y ma\u00f1ana (SATB, \u00f3rgano, flauta, instrumentos de viento metal)<\/td>\n<td>Schalk, Carl<\/td>\n<td>Concordia<\/td>\n<td>C<\/td>\n<\/tr>\n<tr>\n<td>\u00c9l viene a nosotros como un desconocido (SATB, \u00f3rgano)<\/td>\n<td>Arr. Ferguson, Juan<\/td>\n<td>Augsburgo (9780800656003)<\/td>\n<td>GRAMO<\/td>\n<\/tr>\n<tr>\n<td>Jes\u00fas dulcis memoria (SATB)<\/td>\n<td>Giles, Randall<\/td>\n<td>Par\u00e1clito (PPM00213)<\/td>\n<td>GRAMO<\/td>\n<\/tr>\n<tr>\n<td>Jes\u00fas dulcis memoria (SATB)<\/td>\n<td>N\u00e9stor, Le\u00f3n<\/td>\n<td>CE Schirmer (5161)<\/td>\n<td>GRAMO<\/td>\n<\/tr>\n<tr>\n<td>Jes\u00fas dulcis memoria (SATB)<\/td>\n<td>Victoria, Tom\u00e1s Luis de<\/td>\n<td>CPDL<\/td>\n<td>GRAMO<\/td>\n<\/tr>\n<tr>\n<td>Jes\u00fas dulcis memoria (SATB)<\/td>\n<td>Victoria, Tom\u00e1s Luis de<\/td>\n<td>GIA (2295)<\/td>\n<td>GRAMO<\/td>\n<\/tr>\n<tr>\n<td>Jes\u00fas, dulcis memoria (SATB)<\/td>\n<td>Sotavento. Antonio<\/td>\n<td>Par\u00e1clito (PPM09611)<\/td>\n<td>GRAMO<\/td>\n<\/tr>\n<tr>\n<td>Jes\u00fas, el mismo pensamiento de ti (SATB)<\/td>\n<td>Proulx, Richard<\/td>\n<td>GIA (2056)<\/td>\n<td>GRAMO<\/td>\n<\/tr>\n<tr>\n<td>Jes\u00fas, el mismo pensamiento de ti (SATB, teclado)<\/td>\n<td>Wetzler, Robert<\/td>\n<td>Prensa de M\u00fasica Sacra (AM438)<\/td>\n<td>GRAMO<\/td>\n<\/tr>\n<tr>\n<td>Jes\u00fas, el mismo pensamiento de ti (SATB, \u00d3rgano)<\/td>\n<td>Cerca, Gerald<\/td>\n<td>Aureola (AE047)<\/td>\n<td>GRAMO<\/td>\n<\/tr>\n<tr>\n<td>Jes\u00fas gu\u00eda el camino<\/td>\n<td>Pfautsch, Lloyd<\/td>\n<td>Augsburgo *<\/td>\n<td>GRAMO<\/td>\n<\/tr>\n<tr>\n<td>Jes\u00fas gu\u00eda el camino (SATB, \u00f3rgano)<\/td>\n<td>Proulx Richard<\/td>\n<td>GIA (5370)<\/td>\n<td>GRAMO<\/td>\n<\/tr>\n<tr>\n<td>Mi fuerza y mi escudo (Un\u00edsono\/2 partes, teclado)<\/td>\n<td>PowellRobert J.<\/td>\n<td>Gremio de Coristas (CGA 1059)<\/td>\n<td>mi<\/td>\n<\/tr>\n<tr>\n<td>Oraci\u00f3n de San Ricardo de Chichester (SSATB)<\/td>\n<td>Blanco, LJ<\/td>\n<td>Oxford<\/td>\n<td>GRAMO<\/td>\n<\/tr>\n<tr>\n<td>Oraci\u00f3n de San Ricardo de Chichester<\/td>\n<td>Arquero, Malcolm<\/td>\n<td>RSCM\/GIA<\/td>\n<td>GRAMO<\/td>\n<\/tr>\n<tr>\n<td>Buscar servir (2 partes, \u00f3rgano)<\/td>\n<td>Pfautsch, Lloyd<\/td>\n<td>Esperanza (APM 003)<\/td>\n<td>GRAMO<\/td>\n<\/tr>\n<tr>\n<td>Toma tu cruz (2 partes, teclado)<\/td>\n<td>Hopson, Hal H.<\/td>\n<td>Augsburgo (9780800654504)<\/td>\n<td>GRAMO<\/td>\n<\/tr>\n<tr>\n<td>Toma tu cruz (SATB, teclado)<\/td>\n<td>Corporaci\u00f3n, Ronald A.<\/td>\n<td>GIA (6549)<\/td>\n<td>GRAMO<\/td>\n<\/tr>\n<tr>\n<td>Quien sea grande entre ustedes (SAB, guitarra o teclado)<\/td>\n<td>Nelson, Ronald A.<\/td>\n<td>Augsburgo (9780800645809)<\/td>\n<td>GRAMO<\/td>\n<\/tr>\n<\/tbody>\n<\/table>\n<p align=\"left\"><em>*agotado<\/em><\/p>","protected":false},"excerpt":{"rendered":"<p>Choral Anthems Title (Voicing) Composer\/Arranger Publisher (Item #) Usage Be Not Afraid (SATB, Keyboard) Courtney, Craig Beckenhorst (BP 1388) E Evening and Morning (SATB, Organ, Flute, Brass) Schalk, Carl Concordia C He Comes to Us as One Unknown (SATB, Organ) arr. Ferguson, John Augsburg (9780800656003) G Jesu dulcis memoria (SATB) Giles, Randall Paraclete (PPM00213) G [&hellip;]<\/p>\n","protected":false},"author":6628,"featured_media":0,"parent":0,"menu_order":0,"comment_status":"closed","ping_status":"closed","template":"","meta":{"_acf_changed":false,"footnotes":""},"class_list":["post-4921","page","type-page","status-publish","hentry"],"acf":[],"_links":{"self":[{"href":"https:\/\/npm.org\/es\/wp-json\/wp\/v2\/pages\/4921"}],"collection":[{"href":"https:\/\/npm.org\/es\/wp-json\/wp\/v2\/pages"}],"about":[{"href":"https:\/\/npm.org\/es\/wp-json\/wp\/v2\/types\/page"}],"author":[{"embeddable":true,"href":"https:\/\/npm.org\/es\/wp-json\/wp\/v2\/users\/6628"}],"replies":[{"embeddable":true,"href":"https:\/\/npm.org\/es\/wp-json\/wp\/v2\/comments?post=4921"}],"version-history":[{"count":0,"href":"https:\/\/npm.org\/es\/wp-json\/wp\/v2\/pages\/4921\/revisions"}],"wp:attachment":[{"href":"https:\/\/npm.org\/es\/wp-json\/wp\/v2\/media?parent=4921"}],"curies":[{"name":"gracias","href":"https:\/\/api.w.org\/{rel}","templated":true}]}}