{"id":4912,"date":"2017-11-08T19:21:10","date_gmt":"2017-11-08T19:21:10","guid":{"rendered":"https:\/\/npm.org\/?page_id=4912"},"modified":"2020-06-21T18:36:17","modified_gmt":"2020-06-21T18:36:17","slug":"choral-anthems-sunday-after-pentecost-the-most-holy-trinity-c-lectionary-166","status":"publish","type":"page","link":"https:\/\/npm.org\/es\/choral-anthems-sunday-after-pentecost-the-most-holy-trinity-c-lectionary-166\/","title":{"rendered":"Himnos corales - Domingo despu\u00e9s de Pentecost\u00e9s: La Sant\u00edsima Trinidad (C)"},"content":{"rendered":"<p><strong>Himnos corales<\/strong><\/p>\n<table style=\"width: 100%;\" border=\"1\" width=\"100%\">\n<tbody>\n<tr>\n<td width=\"456\"><strong>T\u00edtulo (Voicing)<\/strong><\/td>\n<td width=\"187\"><strong>Compositor \/ Arreglista<\/strong><\/td>\n<td width=\"187\"><strong>Editor (art\u00edculo #)<\/strong><\/td>\n<td width=\"103\"><strong>Uso<\/strong><\/td>\n<\/tr>\n<tr>\n<td>Lograda es la obra gloriosa de la \u201cCreaci\u00f3n\u201d (SATB, \u00d3rgano)<\/td>\n<td>Haydn, Francisco Jos\u00e9<\/td>\n<td>G. Schirmer (S-033-02358-00)<\/td>\n<td>PD<\/td>\n<\/tr>\n<tr>\n<td>Toda la gloria sea para Dios en las alturas (SATB, \u00f3rgano opcional)<\/td>\n<td>Bach, Juan Sebasti\u00e1n<\/td>\n<td>GIA (2036)<\/td>\n<td>GRAMO<\/td>\n<\/tr>\n<tr>\n<td>Toda Gloria a Nuestro Se\u00f1or y Dios (SATB, Campanillas)<\/td>\n<td>Hopson, Hal H.<\/td>\n<td>M\u00fasica MorningStar (50-2540)<\/td>\n<td>GRAMO<\/td>\n<\/tr>\n<tr>\n<td>Salve, Trinidad Adorada (SATB, \u00d3rgano)<\/td>\n<td>Sowerby, Leo<\/td>\n<td>Fred Bock (HL 08738844)<\/td>\n<td>mi<\/td>\n<\/tr>\n<tr>\n<td>Salmo de Apolo, El (SAB, piano u \u00f3rgano)<\/td>\n<td>Beck, John Ness<\/td>\n<td>Gremio de Coristas (CGA 083)<\/td>\n<td>PD<\/td>\n<\/tr>\n<tr>\n<td>Benedictus sit Deus (SATB, \u00d3rgano o Cuerdas)<\/td>\n<td>Mozart, Wolfgang A.<\/td>\n<td>CPDL<\/td>\n<td>mi<\/td>\n<\/tr>\n<tr>\n<td>De todo lo que habita bajo los cielos (Un\u00edsono, teclado)<\/td>\n<td>Burkhardt, Michael<\/td>\n<td>M\u00fasica MorningStar (50-9415)<\/td>\n<td>mi<\/td>\n<\/tr>\n<tr>\n<td>Sant\u00edsima Trinidad, La (2 partes, piano)<\/td>\n<td>Ellingboe, Bradley<\/td>\n<td>Kjos (6298)<\/td>\n<td>mi<\/td>\n<\/tr>\n<tr>\n<td>Santo, Santo, Santo es el Se\u00f1or de los ej\u00e9rcitos (SSA, \u00d3rgano)<\/td>\n<td>Willan, Healley<\/td>\n<td>Concordia (98-1119)<\/td>\n<td>GRAMO<\/td>\n<\/tr>\n<tr>\n<td>\u00a1Qu\u00e9 excelente es tu nombre! (SATB, teclado)<\/td>\n<td>Mayordomo, Eugene<\/td>\n<td>Compa\u00f1\u00eda de m\u00fasica Bourne.<\/td>\n<td>PD<\/td>\n<\/tr>\n<tr>\n<td>Cu\u00e1n excelente es tu nombre (SATB, \u00d3rgano)<\/td>\n<td>Hanson, Howard<\/td>\n<td>Carl Fischer<\/td>\n<td>PD<\/td>\n<\/tr>\n<tr>\n<td>Que Excelente Tu Nombre (SSAA, Piano)<\/td>\n<td>Hanson, Howard<\/td>\n<td>Carl Fischer (CM 6706)<\/td>\n<td>PD<\/td>\n<\/tr>\n<tr>\n<td>Qu\u00e9 glorioso es tu nombre (SATB, solo de soprano)<\/td>\n<td>Englert, Eugene<\/td>\n<td>GIA (2109) *<\/td>\n<td>PD<\/td>\n<\/tr>\n<tr>\n<td>\u00a1Cu\u00e1n glorioso es tu nombre, oh Se\u00f1or! (SATB, \u00d3rgano\/Teclado)<\/td>\n<td>Kreutz, Robert E.<\/td>\n<td>LP (7602-8)<\/td>\n<td>PD<\/td>\n<\/tr>\n<tr>\n<td>Qu\u00e9 majestuoso es tu nombre (Un\u00edsono, \u00d3rgano)<\/td>\n<td>Diemer, Emma Lou<\/td>\n<td>HW gris<\/td>\n<td>PD<\/td>\n<\/tr>\n<tr>\n<td>Himno a la Trinidad (SATB, \u00d3rgano)<\/td>\n<td>Burkhardt, Michael<\/td>\n<td>M\u00fasica MorningStar (50-7004)<\/td>\n<td>mi<\/td>\n<\/tr>\n<tr>\n<td>Si me voy, no me voy (SATB)<\/td>\n<td>McCormick, Clifford<\/td>\n<td>Prensa Shawnee<\/td>\n<td>GRAMO<\/td>\n<\/tr>\n<tr>\n<td>Se\u00f1or, qu\u00e9 majestuoso es tu nombre (SATB, teclado)<\/td>\n<td>Lovelace, Austin C.<\/td>\n<td>GIA (5989)<\/td>\n<td>PD<\/td>\n<\/tr>\n<tr>\n<td>Se\u00f1or, oh Se\u00f1or, tu nombre es maravilloso (Un\u00edsono, teclado, campanas de mano)<\/td>\n<td>Hopson, Hal H.<\/td>\n<td>Gremio de Coristas (CGA 762)<\/td>\n<td>PD<\/td>\n<\/tr>\n<tr>\n<td>Oh Sant\u00edsima y Gloriosa Trinidad (SSATB)<\/td>\n<td>Palestrina, Giovanni Pierluigi da<\/td>\n<td>Oxford (9780193952928)<\/td>\n<td>mi<\/td>\n<\/tr>\n<tr>\n<td>Oh Se\u00f1or, Cu\u00e1n excelente es tu nombre (SSA, Teclado)<\/td>\n<td>Marcello, Benedicto<\/td>\n<td>Prensa Shawnee (HL35015639)<\/td>\n<td>PD<\/td>\n<\/tr>\n<tr>\n<td>Oh Se\u00f1or, Cu\u00e1n Excelente Tu Nombre (SATB)<\/td>\n<td>Marcello, Benedicto<\/td>\n<td>Prensa Shawnee (HL35015638)<\/td>\n<td>PD<\/td>\n<\/tr>\n<tr>\n<td>Oh Se\u00f1or, Cu\u00e1n Glorioso Es Tu Nombre (SATB, Piano)<\/td>\n<td>Kalmanoff, Mart\u00edn<\/td>\n<td>Arte Coral (R-155)<\/td>\n<td>PD<\/td>\n<\/tr>\n<tr>\n<td>Oh Se\u00f1or, Nuestro Gobernador (SSSBB, \u00d3rgano continuo)<\/td>\n<td>Purcell, Enrique<\/td>\n<td>Novela (NOV460014)<\/td>\n<td>PD<\/td>\n<\/tr>\n<tr>\n<td>Oh Se\u00f1or, Nuestro Se\u00f1or (SATB, \u00d3rgano)<\/td>\n<td>Joubert, Juan<\/td>\n<td>Novela corta (29 de noviembre de 2004)<\/td>\n<td>PD<\/td>\n<\/tr>\n<tr>\n<td>Alabado sea el Dios de todos los comienzos (SATB, \u00f3rgano, cuarteto de metales)<\/td>\n<td>Hopp, Roy<\/td>\n<td>GIA (5334)<\/td>\n<td>mi<\/td>\n<\/tr>\n<tr>\n<td>Alabanza a la Trinidad (Un\u00edsono, Teclado, opt. Guitarra)<\/td>\n<td>Glover, Rob<\/td>\n<td>Gremio de Coristas (CGA 668)<\/td>\n<td>mi<\/td>\n<\/tr>\n<tr>\n<td>Salmo 8 (SSA, TTB o voces mixtas de 3 partes, \u00f3rgano)<\/td>\n<td>Hoekstra<\/td>\n<td>Concordia<\/td>\n<td>PD<\/td>\n<\/tr>\n<tr>\n<td>Salmo 8 (Un\u00edsono, Teclado)<\/td>\n<td>Hillert, Richard<\/td>\n<td>Augsburgo<\/td>\n<td>PD<\/td>\n<\/tr>\n<tr>\n<td>Canto de Alabanza a la Sant\u00edsima Trinidad, A (SATB)<\/td>\n<td>Sch\u00fctz, Heinrich<\/td>\n<td>Concordia<\/td>\n<td>mi<\/td>\n<\/tr>\n<tr>\n<td>Dios Trino, Ser Misterioso (SATB, \u00d3rgano)<\/td>\n<td>Fedak, Alfred V.<\/td>\n<td>Sela (425-601)<\/td>\n<td>mi<\/td>\n<\/tr>\n<tr>\n<td>Bendecimos al Padre, al Hijo y al Esp\u00edritu Santo (SATB, \u00d3rgano)<\/td>\n<td>Reguer, Max<\/td>\n<td>Concordia<\/td>\n<td>mi<\/td>\n<\/tr>\n<\/tbody>\n<\/table>","protected":false},"excerpt":{"rendered":"<p>Choral Anthems Title (Voicing) Composer\/Arranger Publisher (Item #) Usage Achieved Is the Glorious Work from \u201cCreation\u201d (SATB, Organ) Haydn, Franz Josef G. Schirmer (S-033-02358-00) PS All Glory Be to God on High (SATB, opt. Organ) Bach, Johann Sebastian GIA (2036) G All Glory to Our Lord and God (SATB, Handbells) Hopson, Hal H. MorningStar Music [&hellip;]<\/p>\n","protected":false},"author":6628,"featured_media":0,"parent":0,"menu_order":0,"comment_status":"closed","ping_status":"closed","template":"","meta":{"_acf_changed":false,"footnotes":""},"class_list":["post-4912","page","type-page","status-publish","hentry"],"acf":[],"_links":{"self":[{"href":"https:\/\/npm.org\/es\/wp-json\/wp\/v2\/pages\/4912"}],"collection":[{"href":"https:\/\/npm.org\/es\/wp-json\/wp\/v2\/pages"}],"about":[{"href":"https:\/\/npm.org\/es\/wp-json\/wp\/v2\/types\/page"}],"author":[{"embeddable":true,"href":"https:\/\/npm.org\/es\/wp-json\/wp\/v2\/users\/6628"}],"replies":[{"embeddable":true,"href":"https:\/\/npm.org\/es\/wp-json\/wp\/v2\/comments?post=4912"}],"version-history":[{"count":0,"href":"https:\/\/npm.org\/es\/wp-json\/wp\/v2\/pages\/4912\/revisions"}],"wp:attachment":[{"href":"https:\/\/npm.org\/es\/wp-json\/wp\/v2\/media?parent=4912"}],"curies":[{"name":"gracias","href":"https:\/\/api.w.org\/{rel}","templated":true}]}}