{"id":4890,"date":"2017-11-08T18:05:47","date_gmt":"2017-11-08T18:05:47","guid":{"rendered":"https:\/\/npm.org\/?page_id=4890"},"modified":"2020-06-20T17:23:43","modified_gmt":"2020-06-20T17:23:43","slug":"choral-anthems-fourth-sunday-of-easter-c-lectionary-51","status":"publish","type":"page","link":"https:\/\/npm.org\/es\/choral-anthems-fourth-sunday-of-easter-c-lectionary-51\/","title":{"rendered":"Himnos corales - 4to domingo de Pascua (C)"},"content":{"rendered":"<p><strong>Himnos corales<\/strong><\/p>\n<table style=\"width: 100%;\" border=\"1\" width=\"100%\">\n<tbody>\n<tr>\n<td width=\"456\"><strong>T\u00edtulo (Voicing)<\/strong><\/td>\n<td width=\"187\"><strong>Compositor \/ Arreglista<\/strong><\/td>\n<td width=\"187\"><strong>Editor (art\u00edculo #)<\/strong><\/td>\n<td width=\"103\"><strong>Uso<\/strong><\/td>\n<\/tr>\n<tr>\n<td>Estad alegres en el Se\u00f1or (Un\u00edsono, teclado, flauta opcional)<\/td>\n<td>PowellRobert J.<\/td>\n<td>Gremio de Coristas (CGA 765)<\/td>\n<td>PD<\/td>\n<\/tr>\n<tr>\n<td>Paradoja de Christus (SATB, \u00d3rgano)<\/td>\n<td>Fedak, Alfred V.<\/td>\n<td>GIA (5463)<\/td>\n<td>GRAMO<\/td>\n<\/tr>\n<tr>\n<td>Esp\u00edritu Creador, Paloma Celestial (SATB, \u00d3rgano, Campanas de Mano)<\/td>\n<td>PowellRobert J.<\/td>\n<td>Par\u00e1clito (PPM08607)<\/td>\n<td>1<\/td>\n<\/tr>\n<tr>\n<td>\u00bfConoces la voz de tu pastor? (2 partes, teclado)<\/td>\n<td>Se\u00f1or, Susana<\/td>\n<td>Gremio de Coristas (CGA 673)<\/td>\n<td>GRAMO<\/td>\n<\/tr>\n<tr>\n<td>Pascua 4 de \u201cVersos para el tiempo de Pascua\u201d (SATB, \u00d3rgano)<\/td>\n<td>Willan, Healey.<\/td>\n<td>Concordia<\/td>\n<td>GRAMO<\/td>\n<\/tr>\n<tr>\n<td>Bono pastor ego suma (SATB)<\/td>\n<td>Porta, Giovanni<\/td>\n<td>Chester (CH55418) en \u201cEl libro de motetes de Chester-Vol. 14\u201d<\/td>\n<td>GRAMO<\/td>\n<\/tr>\n<tr>\n<td>Festival Jubilate (SATB, \u00f3rgano o metales)<\/td>\n<td>Scott, K. Lee<\/td>\n<td>Concordia (97-6482)<\/td>\n<td>PD<\/td>\n<\/tr>\n<tr>\n<td>Reba\u00f1os en pastos verdes que permanecen (SATB, \u00d3rgano)<\/td>\n<td>Bach, Juan Sebasti\u00e1n<\/td>\n<td>Oxford (9780193501683)<\/td>\n<td>GRAMO<\/td>\n<\/tr>\n<tr>\n<td>De la visi\u00f3n de Juan (SATB, Narrador, \u00d3rgano, Trompeta)<\/td>\n<td>PelzWalter L.<\/td>\n<td>Concordia<\/td>\n<td>2<\/td>\n<\/tr>\n<tr>\n<td>Dios de Amor Mi Pastor es, El (SATB, 2 Violines, \u00d3rgano)<\/td>\n<td>Schalk, Carl<\/td>\n<td>M\u00fasica MorningStar (50-8812)<\/td>\n<td>GRAMO<\/td>\n<\/tr>\n<tr>\n<td>Salmo 100, El (SATB, \u00d3rgano)<\/td>\n<td>Mendelssohn, F\u00e9lix<\/td>\n<td>Concordia (98-2215)<\/td>\n<td>PD<\/td>\n<\/tr>\n<tr>\n<td>Yo soy el buen pastor (2 partes, teclado)<\/td>\n<td>doblador, enero<\/td>\n<td>Concordia<\/td>\n<td>GRAMO<\/td>\n<\/tr>\n<tr>\n<td>Yo Soy el Buen Pastor (SATB, \u00d3rgano)<\/td>\n<td>Joven, Felipe<\/td>\n<td>Carl Fischer (CM 7759)<\/td>\n<td>GRAMO<\/td>\n<\/tr>\n<tr>\n<td>Yo Soy el Buen Pastor (SATB, Sop Solo, \u00d3rgano, Flauta)<\/td>\n<td>Englert, Eugene<\/td>\n<td>GIA (2117)<\/td>\n<td>GRAMO<\/td>\n<\/tr>\n<tr>\n<td>Mir\u00e9, y he aqu\u00ed una gran multitud (SATB, \u00d3rgano)<\/td>\n<td>Golpe, Juan<\/td>\n<td>Oxford (9780193953147)<\/td>\n<td>2<\/td>\n<\/tr>\n<tr>\n<td>Mir\u00e9, y he aqu\u00ed una gran multitud (SATB, \u00d3rgano)<\/td>\n<td>Golpe, Juan<\/td>\n<td>Oxford (9780193953147)<\/td>\n<td>2<\/td>\n<\/tr>\n<tr>\n<td>Mir\u00e9 y vi! (SATB, \u00d3rgano)<\/td>\n<td>Milner, Anthony<\/td>\n<td>Ventas de m\u00fasica en Estados Unidos (NOV860026)<\/td>\n<td>2<\/td>\n<\/tr>\n<tr>\n<td>Yo soy el buen pastor (2 partes, teclado, flauta opcional)<\/td>\n<td>Barta, Daniel<\/td>\n<td>Gremio de Coristas (CGA 861)<\/td>\n<td>GRAMO<\/td>\n<\/tr>\n<tr>\n<td>Jes\u00fas, Buen Pastor (SATB, Piano o Arpa)<\/td>\n<td>Ellingboe, Bradley<\/td>\n<td>Augsburgo (9780800658274)<\/td>\n<td>GRAMO<\/td>\n<\/tr>\n<tr>\n<td>Jes\u00fas, como un pastor, gu\u00edanos (un\u00edsono, teclado)<\/td>\n<td>Lau, Roberto C.<\/td>\n<td>Jenson (423-10022)<\/td>\n<td>GRAMO<\/td>\n<\/tr>\n<tr>\n<td>Gozoso sea con Dios\/Jubilate Deo (SATB)<\/td>\n<td>Rom\u00e1n, Johan Helmich<\/td>\n<td>Concordia (98-2291)<\/td>\n<td>PD<\/td>\n<\/tr>\n<tr>\n<td>Jubilate (Jazz Motet) (SATB, teclado opcional)<\/td>\n<td>Michel, Johannes, Mat\u00edas<\/td>\n<td>Concordia (98-3848)<\/td>\n<td>PD<\/td>\n<\/tr>\n<tr>\n<td>Jubilate Deo (2 partes, teclado, campanillas opcionales)<\/td>\n<td>Rey, Gordon<\/td>\n<td>GIA (5679)<\/td>\n<td>PD<\/td>\n<\/tr>\n<tr>\n<td>Jubilate Deo (SATB)<\/td>\n<td>di Lasso, Orlando<\/td>\n<td>Boosey y Hawkes (M051454907)<\/td>\n<td>PD<\/td>\n<\/tr>\n<tr>\n<td>Jubilate Deo (SATB)<\/td>\n<td>di Lasso, Orlando<\/td>\n<td>G. Schirmer (OC11410)<\/td>\n<td>PD<\/td>\n<\/tr>\n<tr>\n<td>Jubilate Deo (SATB)<\/td>\n<td>di Lasso, Orlando<\/td>\n<td>Juez de paz Chester (JWC 55103)<\/td>\n<td>PD<\/td>\n<\/tr>\n<tr>\n<td>Jubilate Deo (SATB, \u00d3rgano)<\/td>\n<td>Britten, Benjam\u00edn<\/td>\n<td>Chester (CH76560)<\/td>\n<td>PD<\/td>\n<\/tr>\n<tr>\n<td>Jubilate Deo (SATB, \u00d3rgano)<\/td>\n<td>Martinson, Joel<\/td>\n<td>GIA (3712)<\/td>\n<td>PD<\/td>\n<\/tr>\n<tr>\n<td>Jubilate Deo (SATB, \u00d3rgano)<\/td>\n<td>Mozart, Wolfgang A.\/Proulx, Richard arr.<\/td>\n<td>GIA (5418)<\/td>\n<td>PD<\/td>\n<\/tr>\n<tr>\n<td>Jubilate Deo (SATB\/SATB, \u00d3rgano\/Teclado)<\/td>\n<td>Hassler, Hans Leo<\/td>\n<td>Concordia<\/td>\n<td>PD<\/td>\n<\/tr>\n<tr>\n<td>Jubilate Deo (Uni\u00f3n, Teclado)<\/td>\n<td>Bedford, Michael<\/td>\n<td>Gremio de Coristas (CGA 647)<\/td>\n<td>PD<\/td>\n<\/tr>\n<tr>\n<td>Jubilate Deo (Un\u00edsono, \u00d3rgano)<\/td>\n<td>Purvis, Richard<\/td>\n<td>MCA<\/td>\n<td>PD<\/td>\n<\/tr>\n<tr>\n<td>Jubilate Deo Omnis Terra (SATB, \u00d3rgano)<\/td>\n<td>Peters, Flor<\/td>\n<td>Huerto de abedul Summy (M 2096)<\/td>\n<td>PD<\/td>\n<\/tr>\n<tr>\n<td>Jubilate Deo\/O Be Joyful (SATB, teclado, ingl\u00e9s\/lat\u00edn)<\/td>\n<td>Mozart, Wolfgang A.<\/td>\n<td>Concordia (98-3191)<\/td>\n<td>PD<\/td>\n<\/tr>\n<tr>\n<td>Jubilate Deo: Salmo 100 (2 partes, \u00f3rgano\/teclado)<\/td>\n<td>Madera, Dale<\/td>\n<td>Augsburgo (9780800645816)<\/td>\n<td>PD<\/td>\n<\/tr>\n<tr>\n<td>Rey del amor, mi pastor es el (SATB, teclado, flauta)<\/td>\n<td>PelzWalter L.<\/td>\n<td>Augsburgo (9780800646011)<\/td>\n<td>GRAMO<\/td>\n<\/tr>\n<tr>\n<td>Rey del Amor Mi Pastor Es, El (SATB, \u00d3rgano)<\/td>\n<td>Krapf, Gerhard<\/td>\n<td>Concordia<\/td>\n<td>GRAMO<\/td>\n<\/tr>\n<tr>\n<td>Rey del Amor Mi Pastor Es, El (SSATB, \u00d3rgano)<\/td>\n<td>Bairstow, Eduardo<\/td>\n<td>CPDL<\/td>\n<td>GRAMO<\/td>\n<\/tr>\n<tr>\n<td>Sabed que el Se\u00f1or es Dios (2 partes, \u00f3rgano)<\/td>\n<td>Handel, George F.<\/td>\n<td>Concordia (98-3817)<\/td>\n<td>PD<\/td>\n<\/tr>\n<tr>\n<td>Sabed que el Se\u00f1or es Dios (2 partes, \u00f3rgano)<\/td>\n<td>Handel, George F.\/Pfautsch, Lloyd arr.<\/td>\n<td>Lawson Gould (00-LG00872) *<\/td>\n<td>PD<\/td>\n<\/tr>\n<tr>\n<td>Lamb Will Be A Shepherd Now, The (SATB, Teclado, opt. Oboe o Flauta)<\/td>\n<td>Sebesta, Donald<\/td>\n<td>Augsburgo (9780800677060)<\/td>\n<td>2<\/td>\n<\/tr>\n<tr>\n<td>El Se\u00f1or es mi pastor, El (SAT, SAB o SATB, Piano)<\/td>\n<td>Pote, Allen C.<\/td>\n<td>Gremio de Coristas (CGA 551)<\/td>\n<td>GRAMO<\/td>\n<\/tr>\n<tr>\n<td>Se\u00f1or es mi pastor, El (SATB, \u00d3rgano)<\/td>\n<td>Rutter, Juan<\/td>\n<td>Oxford (9780193856295)<\/td>\n<td>GRAMO<\/td>\n<\/tr>\n<tr>\n<td>Se\u00f1or es mi pastor, El (SATB, \u00d3rgano)<\/td>\n<td>Schubert, Francisco<\/td>\n<td>Novello (290120NOV)<\/td>\n<td>GRAMO<\/td>\n<\/tr>\n<tr>\n<td>Se\u00f1or es mi pastor, El (SATB, \u00d3rgano)<\/td>\n<td>Goodall, Howard<\/td>\n<td>Novello<\/td>\n<td>GRAMO<\/td>\n<\/tr>\n<tr>\n<td>El Se\u00f1or es mi pastor, The (SATB, piano\/\u00f3rgano\/arpa)<\/td>\n<td>Thompson, Randall<\/td>\n<td>CE Schirmer (2688)<\/td>\n<td>GRAMO<\/td>\n<\/tr>\n<tr>\n<td>Se\u00f1or es mi pastor, El (SSAA, \u00d3rgano)<\/td>\n<td>Schubert, Francisco<\/td>\n<td>Novello (290103NOV)<\/td>\n<td>GRAMO<\/td>\n<\/tr>\n<tr>\n<td>El Se\u00f1or es mi pastor (Un\u00edsono, teclado)<\/td>\n<td>Bouman, Paul<\/td>\n<td>Concordia (98-2911)<\/td>\n<td>GRAMO<\/td>\n<\/tr>\n<tr>\n<td>Lord&#039;s My Shepherd, The (SATB, \u00d3rgano, cuerdas opcionales)<\/td>\n<td>Kosche, Kenneth T.<\/td>\n<td>M\u00fasica MorningStar (60-9018A)<\/td>\n<td>GRAMO<\/td>\n<\/tr>\n<tr>\n<td>Mi pastor suplir\u00e1 mis necesidades (SATB)<\/td>\n<td>Thomson, Virgilio<\/td>\n<td>Gris HW (GCMR02046)<\/td>\n<td>GRAMO<\/td>\n<\/tr>\n<tr>\n<td>Oh, s\u00e9 alegre (SATB, \u00f3rgano)<\/td>\n<td>Alberto, pr\u00edncipe consorte<\/td>\n<td>M\u00fasica MorningStar (50-7002)<\/td>\n<td>PD<\/td>\n<\/tr>\n<tr>\n<td>Oh, estad gozosos en el Se\u00f1or (SATB, \u00d3rgano)<\/td>\n<td>Titcomb, Everett<\/td>\n<td>Carl Fisher<\/td>\n<td>PD<\/td>\n<\/tr>\n<tr>\n<td>Oh Ciudad Santa, vista de Juan (SATB, \u00d3rgano)<\/td>\n<td>arreglo PowellRobert J.<\/td>\n<td>GIA (4482)<\/td>\n<td>2<\/td>\n<\/tr>\n<tr>\n<td>Oh Se\u00f1or, conf\u00edo en el cuidado de tu pastor (SATB, \u00f3rgano)<\/td>\n<td>Sch\u00fctz, Heinrich<\/td>\n<td>Augsburg (9780800657772) en \u201cChantry Choirbook\u201d<\/td>\n<td>GRAMO<\/td>\n<\/tr>\n<tr>\n<td>El glorioso (SATB)<\/td>\n<td>Vaet, Jacobus<\/td>\n<td>Chester (CH55127) en \u201cEl libro de motetes de Chester, vol. 5\u201d<\/td>\n<td>2<\/td>\n<\/tr>\n<tr>\n<td>O quam gloriosum (SATB, \u00d3rgano\/Teclado)<\/td>\n<td>PowellRobert J.<\/td>\n<td>Schmitt, Hall y McCreary<\/td>\n<td>2<\/td>\n<\/tr>\n<tr>\n<td>De la Bondad del Se\u00f1or (2 Partes, \u00d3rgano)<\/td>\n<td>Proulx, Richard<\/td>\n<td>Augsburgo (11-1539)<\/td>\n<td>mi<\/td>\n<\/tr>\n<tr>\n<td>Un reba\u00f1o, un pastor (2 partes, \u00f3rgano)<\/td>\n<td>Lana, Russell<\/td>\n<td>WLP (000660)<\/td>\n<td>GRAMO<\/td>\n<\/tr>\n<tr>\n<td>Plaudite (SSAT\/SATB\/TTBB, \u00f3rgano, metales opcionales)<\/td>\n<td>Gabrielli, Giovanni<\/td>\n<td>G. Schirmer (GS31768)<\/td>\n<td>PD<\/td>\n<\/tr>\n<tr>\n<td>Salmo 100: El Se\u00f1or es bueno (Un\u00edsono, Teclado)<\/td>\n<td>Meyer, Daniel C.<\/td>\n<td>GIA (4436)<\/td>\n<td>PD<\/td>\n<\/tr>\n<tr>\n<td>Motete del Apocalipsis (SATB, teclado\/\u00f3rgano)<\/td>\n<td>Franck, Melchor<\/td>\n<td>Hermanos Broude<\/td>\n<td>2<\/td>\n<\/tr>\n<tr>\n<td>Salvador, como un pastor, gu\u00edanos (un\u00edsono, \u00f3rgano)<\/td>\n<td>Bach, Johann Sebastian\/Hopson, Hal H. arr.<\/td>\n<td>GIA (2266)<\/td>\n<td>GRAMO<\/td>\n<\/tr>\n<tr>\n<td>Salvador, como un pastor, gu\u00edanos (Al un\u00edsono, teclado, flauta, viol\u00edn u otro instrumento en C)<\/td>\n<td>Roberts, William Bradley<\/td>\n<td>Augsburgo (9780800646981)<\/td>\n<td>GRAMO<\/td>\n<\/tr>\n<tr>\n<td>Servid al Se\u00f1or con alegr\u00eda (SATB, piano\/\u00f3rgano)<\/td>\n<td>Handel, George F.<\/td>\n<td>Lawson Gould<\/td>\n<td>PD<\/td>\n<\/tr>\n<tr>\n<td>Las ovejas pueden pastar con seguridad (SATB, teclado, 2 flautas)<\/td>\n<td>Bach, Johann Sebastian\/Morgan, Julia arr.<\/td>\n<td>Beckenhorst (BP 1369)<\/td>\n<td>GRAMO<\/td>\n<\/tr>\n<tr>\n<td>Pastor\u00e9ame, oh Dios (SATB, teclado, guitarra, instrumentos en C, cuarteto de cuerdas)<\/td>\n<td>Haugen, Marty<\/td>\n<td>GIA (2950)<\/td>\n<td>GRAMO<\/td>\n<\/tr>\n<tr>\n<td>Motetes del pastor, El: 2. Yo soy el buen pastor (SATB, \u00d3rgano)<\/td>\n<td>N\u00e9stor, Le\u00f3n<\/td>\n<td>CE Schirmer (7924)<\/td>\n<td>GRAMO<\/td>\n<\/tr>\n<tr>\n<td>Bono de pastor Surrexit (SSATB)<\/td>\n<td>di Lasso, Orlando<\/td>\n<td>CPDL<\/td>\n<td>GRAMO<\/td>\n<\/tr>\n<tr>\n<td>Est\u00e1n ante el Trono de Dios (SATB, \u00d3rgano)<\/td>\n<td>Schalk, Carl<\/td>\n<td>Augsburgo (9780800677398)<\/td>\n<td>2<\/td>\n<\/tr>\n<tr>\n<td>Salmo 23 (SATB, Solo, Teclado)<\/td>\n<td>Vaughan Williams, Ralph<\/td>\n<td>Oxford<\/td>\n<td>GRAMO<\/td>\n<\/tr>\n<tr>\n<td>De cierto, de cierto os digo (SATB)<\/td>\n<td>Tallis, Thomas<\/td>\n<td>CPDL<\/td>\n<td>GRAMO<\/td>\n<\/tr>\n<tr>\n<td>Nosotros somos su pueblo (SATB, teclado)<\/td>\n<td>Bosques, Wendell Craig<\/td>\n<td>GIA (6321)<\/td>\n<td>PD<\/td>\n<\/tr>\n<tr>\n<td>Con el cuidado de un pastor (SATB, teclado, flauta opcional, oboe)<\/td>\n<td>ChepponisJames J.<\/td>\n<td>GIA (3617)<\/td>\n<td>GRAMO<\/td>\n<\/tr>\n<\/tbody>\n<\/table>","protected":false},"excerpt":{"rendered":"<p>Choral Anthems Title (Voicing) Composer\/Arranger Publisher (Item #) Usage Be Joyful in the Lord (Unison, Keyboard, opt. Flute) Powell, Robert J. Choristers Guild (CGA 765) PS Christus Paradox (SATB, Organ) Fedak, Alfred V. GIA (5463) G Creator Spirit, Heavenly Dove (SATB, Organ, Handbells) Powell, Robert J. Paraclete (PPM08607) 1 Do You Know Your Shepherd\u2019s Voice [&hellip;]<\/p>\n","protected":false},"author":6628,"featured_media":0,"parent":0,"menu_order":0,"comment_status":"closed","ping_status":"closed","template":"","meta":{"_acf_changed":false,"footnotes":""},"class_list":["post-4890","page","type-page","status-publish","hentry"],"acf":[],"_links":{"self":[{"href":"https:\/\/npm.org\/es\/wp-json\/wp\/v2\/pages\/4890"}],"collection":[{"href":"https:\/\/npm.org\/es\/wp-json\/wp\/v2\/pages"}],"about":[{"href":"https:\/\/npm.org\/es\/wp-json\/wp\/v2\/types\/page"}],"author":[{"embeddable":true,"href":"https:\/\/npm.org\/es\/wp-json\/wp\/v2\/users\/6628"}],"replies":[{"embeddable":true,"href":"https:\/\/npm.org\/es\/wp-json\/wp\/v2\/comments?post=4890"}],"version-history":[{"count":0,"href":"https:\/\/npm.org\/es\/wp-json\/wp\/v2\/pages\/4890\/revisions"}],"wp:attachment":[{"href":"https:\/\/npm.org\/es\/wp-json\/wp\/v2\/media?parent=4890"}],"curies":[{"name":"gracias","href":"https:\/\/api.w.org\/{rel}","templated":true}]}}