{"id":4884,"date":"2017-11-08T18:03:54","date_gmt":"2017-11-08T18:03:54","guid":{"rendered":"https:\/\/npm.org\/?page_id=4884"},"modified":"2020-06-20T17:21:23","modified_gmt":"2020-06-20T17:21:23","slug":"choral-anthems-second-sunday-of-easterdivine-mercy-sunday-c-lectionary-45","status":"publish","type":"page","link":"https:\/\/npm.org\/es\/choral-anthems-second-sunday-of-easterdivine-mercy-sunday-c-lectionary-45\/","title":{"rendered":"Himnos corales - 2do domingo de Pascua (C)"},"content":{"rendered":"<p><strong>Himnos corales<\/strong><\/p>\n<table style=\"width: 100%; height: 1715px;\" border=\"1\" width=\"100%\">\n<tbody>\n<tr style=\"height: 25px;\">\n<td style=\"height: 25px;\" width=\"456\"><strong>T\u00edtulo (Voicing)<\/strong><\/td>\n<td style=\"height: 25px;\" width=\"187\"><strong>Compositor \/ Arreglista<\/strong><\/td>\n<td style=\"height: 25px;\" width=\"187\"><strong>Editor (art\u00edculo #)<\/strong><\/td>\n<td style=\"height: 25px;\" width=\"103\"><strong>Uso<\/strong><\/td>\n<\/tr>\n<tr style=\"height: 25px;\">\n<td style=\"height: 25px;\">Despierta, lev\u00e1ntate, ve y regocijate (Un\u00edsono)<\/td>\n<td style=\"height: 25px;\">Hoja, Roberto<\/td>\n<td style=\"height: 25px;\">Augsburgo<\/td>\n<td style=\"height: 25px;\">PD<\/td>\n<\/tr>\n<tr style=\"height: 25px;\">\n<td style=\"height: 25px;\">Estad alegres y regocijaos (SATB)<\/td>\n<td style=\"height: 25px;\">Goemanne, Noel<\/td>\n<td style=\"height: 25px;\">lanzallamas<\/td>\n<td style=\"height: 25px;\">PD<\/td>\n<\/tr>\n<tr style=\"height: 25px;\">\n<td style=\"height: 25px;\">Benditos sean ellos (SATB)<\/td>\n<td style=\"height: 25px;\">Pasquet, Jean<\/td>\n<td style=\"height: 25px;\">Molinos Belwin (6025)<\/td>\n<td style=\"height: 25px;\">GRAMO<\/td>\n<\/tr>\n<tr style=\"height: 25px;\">\n<td style=\"height: 25px;\">Benditos los ojos que no te han visto (Solo, SATB)<\/td>\n<td style=\"height: 25px;\">Gramann, Fred<\/td>\n<td style=\"height: 25px;\">E. C. Schirmer (7329)<\/td>\n<td style=\"height: 25px;\">GRAMO<\/td>\n<\/tr>\n<tr style=\"height: 25px;\">\n<td style=\"height: 25px;\">Dies ist der Tag, der Herr macht (SAB)<\/td>\n<td style=\"height: 25px;\">Telemann, Georg Philipp<\/td>\n<td style=\"height: 25px;\">Editorial Carus (39.010\/00)<\/td>\n<td style=\"height: 25px;\">PD<\/td>\n<\/tr>\n<tr style=\"height: 25px;\">\n<td style=\"height: 25px;\">Himno de Pascua (SATB)<\/td>\n<td style=\"height: 25px;\">Billings, Guillermo<\/td>\n<td style=\"height: 25px;\">CPDL<\/td>\n<td style=\"height: 25px;\">GRAMO<\/td>\n<\/tr>\n<tr style=\"height: 25px;\">\n<td style=\"height: 25px;\">Villancico de Pascua (al un\u00edsono, contrapunto, \u00f3rgano, flauta)<\/td>\n<td style=\"height: 25px;\">Proulx Richard<\/td>\n<td style=\"height: 25px;\">GIA (4465)<\/td>\n<td style=\"height: 25px;\">GRAMO<\/td>\n<\/tr>\n<tr style=\"height: 25px;\">\n<td style=\"height: 25px;\">Cuatro motetes de \u201cResurrexi\u201d (SATB)<\/td>\n<td style=\"height: 25px;\">Cerca, Gerald<\/td>\n<td style=\"height: 25px;\">Par\u00e1clito (PPM09108)<\/td>\n<td style=\"height: 25px;\">C<\/td>\n<\/tr>\n<tr style=\"height: 25px;\">\n<td style=\"height: 25px;\">Gloria de Cristo, El (SATB, \u00d3rgano, Campanillas, opt. Lat\u00f3n)<\/td>\n<td style=\"height: 25px;\">Scott, K. Lee<\/td>\n<td style=\"height: 25px;\">Concordia (98-2982)<\/td>\n<td style=\"height: 25px;\">2<\/td>\n<\/tr>\n<tr style=\"height: 25px;\">\n<td style=\"height: 25px;\">Muere Haec (SATB)<\/td>\n<td style=\"height: 25px;\">Arcadelt, Jacob<\/td>\n<td style=\"height: 25px;\">Chester (CH64834)<\/td>\n<td style=\"height: 25px;\">PD<\/td>\n<\/tr>\n<tr style=\"height: 25px;\">\n<td style=\"height: 25px;\">Muere Haec (SATB)<\/td>\n<td style=\"height: 25px;\">Ingenieros, Marc Antonio<\/td>\n<td style=\"height: 25px;\">Editorial Carus (CV0304720)<\/td>\n<td style=\"height: 25px;\">PD<\/td>\n<\/tr>\n<tr style=\"height: 25px;\">\n<td style=\"height: 25px;\">Muere Haec (SATB)<\/td>\n<td style=\"height: 25px;\">Palestrina, Giovanni Pierluigi da<\/td>\n<td style=\"height: 25px;\">HW gris<\/td>\n<td style=\"height: 25px;\">PD<\/td>\n<\/tr>\n<tr style=\"height: 25px;\">\n<td style=\"height: 25px;\">Haec muere (SATB\/SATB)<\/td>\n<td style=\"height: 25px;\">Handel, Jacob<\/td>\n<td style=\"height: 25px;\">CPDL<\/td>\n<td style=\"height: 25px;\">PD<\/td>\n<\/tr>\n<tr style=\"height: 25px;\">\n<td style=\"height: 25px;\">Haec muere (SSATTB)<\/td>\n<td style=\"height: 25px;\">Palestrina, Giovanni Pierluigi da<\/td>\n<td style=\"height: 25px;\">CF Peters (NDC012)<\/td>\n<td style=\"height: 25px;\">PD<\/td>\n<\/tr>\n<tr style=\"height: 25px;\">\n<td style=\"height: 25px;\">Muere Haec (SSATTB)<\/td>\n<td style=\"height: 25px;\">Byrd, Guillermo<\/td>\n<td style=\"height: 25px;\">Varios<\/td>\n<td style=\"height: 25px;\">PD<\/td>\n<\/tr>\n<tr style=\"height: 25px;\">\n<td style=\"height: 25px;\">Haec muere\/Canten alabanzas a Dios en este d\u00eda santo (SSATTB)<\/td>\n<td style=\"height: 25px;\">Byrd, Guillermo<\/td>\n<td style=\"height: 25px;\">Concordia (98-2091)<\/td>\n<td style=\"height: 25px;\">PD<\/td>\n<\/tr>\n<tr style=\"height: 25px;\">\n<td style=\"height: 25px;\">Himno de la promesa (SATB, piano)<\/td>\n<td style=\"height: 25px;\">Sleeth, Nathalie<\/td>\n<td style=\"height: 25px;\">Esperanza (A686)<\/td>\n<td style=\"height: 25px;\">GRAMO<\/td>\n<\/tr>\n<tr style=\"height: 49px;\">\n<td style=\"height: 49px;\">Jes\u00fas, Hijo de Dios Alt\u00edsimo (Un\u00edsono, Piano, Flauta opt., Guitarra opt., Bajo opt.)<\/td>\n<td style=\"height: 49px;\">Cox, Joe y Lindh, Jody<\/td>\n<td style=\"height: 49px;\">Gremio de Coristas (CGA 377)<\/td>\n<td style=\"height: 49px;\">GRAMO<\/td>\n<\/tr>\n<tr style=\"height: 25px;\">\n<td style=\"height: 25px;\">Gozosa Pascua, esta (SATB, \u00f3rgano)<\/td>\n<td style=\"height: 25px;\">Harris, Guillermo Enrique<\/td>\n<td style=\"height: 25px;\">Novello (290151 NOV)<\/td>\n<td style=\"height: 25px;\">GRAMO<\/td>\n<\/tr>\n<tr style=\"height: 25px;\">\n<td style=\"height: 25px;\">Seamos felices (SAB)<\/td>\n<td style=\"height: 25px;\">Hoja, Roberto<\/td>\n<td style=\"height: 25px;\">Augsburgo<\/td>\n<td style=\"height: 25px;\">PD<\/td>\n<\/tr>\n<tr style=\"height: 25px;\">\n<td style=\"height: 25px;\">El Se\u00f1or ha resucitado (SAB)<\/td>\n<td style=\"height: 25px;\">Gumpeltzhaimer, Adam<\/td>\n<td style=\"height: 25px;\">GIA (3009)<\/td>\n<td style=\"height: 25px;\">PD<\/td>\n<\/tr>\n<tr style=\"height: 25px;\">\n<td style=\"height: 25px;\">Ahora (SATB)<\/td>\n<td style=\"height: 25px;\">Schalk, Carl<\/td>\n<td style=\"height: 25px;\">Esperanza (AG 7278)<\/td>\n<td style=\"height: 25px;\">GRAMO<\/td>\n<\/tr>\n<tr style=\"height: 25px;\">\n<td style=\"height: 25px;\">Oh Hijos e Hijas (SAB, \u00d3rgano, Trompeta)<\/td>\n<td style=\"height: 25px;\">Hillert, Richard<\/td>\n<td style=\"height: 25px;\">Concordia<\/td>\n<td style=\"height: 25px;\">GRAMO<\/td>\n<\/tr>\n<tr style=\"height: 25px;\">\n<td style=\"height: 25px;\">Oh hijos e hijas (SATB)<\/td>\n<td style=\"height: 25px;\">arreglo de Tortolano, William<\/td>\n<td style=\"height: 25px;\">GIA (5269)<\/td>\n<td style=\"height: 25px;\">GRAMO<\/td>\n<\/tr>\n<tr style=\"height: 25px;\">\n<td style=\"height: 25px;\">Oh, hijos e hijas (SATB, \u00f3rgano, cuarteto de metales)<\/td>\n<td style=\"height: 25px;\">Gehring, Felipe<\/td>\n<td style=\"height: 25px;\">Concordia<\/td>\n<td style=\"height: 25px;\">GRAMO<\/td>\n<\/tr>\n<tr style=\"height: 25px;\">\n<td style=\"height: 25px;\">Oh hijos e hijas (SATB, pandereta, campanas de mano)<\/td>\n<td style=\"height: 25px;\">Arr. Ferguson, Juan<\/td>\n<td style=\"height: 25px;\">GIA (4547)<\/td>\n<td style=\"height: 25px;\">GRAMO<\/td>\n<\/tr>\n<tr style=\"height: 25px;\">\n<td style=\"height: 25px;\">\u00c1breme las puertas de la justicia (SATB, \u00f3rgano, cuarteto de metales)<\/td>\n<td style=\"height: 25px;\">Scott, K. Lee<\/td>\n<td style=\"height: 25px;\">Concordia (98-3501)<\/td>\n<td style=\"height: 25px;\">PD<\/td>\n<\/tr>\n<tr style=\"height: 25px;\">\n<td style=\"height: 25px;\">La paz sea contigo (SATB)<\/td>\n<td style=\"height: 25px;\">Nystedt, Knut<\/td>\n<td style=\"height: 25px;\">Augsburgo<\/td>\n<td style=\"height: 25px;\">GRAMO<\/td>\n<\/tr>\n<tr style=\"height: 25px;\">\n<td style=\"height: 25px;\">La paz sea con vosotros (SATB, \u00f3rgano)<\/td>\n<td style=\"height: 25px;\">Walter, Samuel<\/td>\n<td style=\"height: 25px;\">Abingdon<\/td>\n<td style=\"height: 25px;\">GRAMO<\/td>\n<\/tr>\n<tr style=\"height: 25px;\">\n<td style=\"height: 25px;\">La paz sea contigo (SATB, \u00d3rgano)<\/td>\n<td style=\"height: 25px;\">Wetzler, Robert<\/td>\n<td style=\"height: 25px;\">AARMI (178)<\/td>\n<td style=\"height: 25px;\">GRAMO<\/td>\n<\/tr>\n<tr style=\"height: 25px;\">\n<td style=\"height: 25px;\">La paz sea contigo, op. 32, #22 (2 partes, \u00f3rgano)<\/td>\n<td style=\"height: 25px;\">doblador, enero<\/td>\n<td style=\"height: 25px;\">Concordia<\/td>\n<td style=\"height: 25px;\">GRAMO<\/td>\n<\/tr>\n<tr style=\"height: 25px;\">\n<td style=\"height: 25px;\">La paz os dejo (SATB)<\/td>\n<td style=\"height: 25px;\">PelzWalter L.<\/td>\n<td style=\"height: 25px;\">Augsburgo (9780800645656)<\/td>\n<td style=\"height: 25px;\">GRAMO<\/td>\n<\/tr>\n<tr style=\"height: 49px;\">\n<td style=\"height: 49px;\">La paz os dejo con vosotros (SATB, \u00d3rgano)<\/td>\n<td style=\"height: 49px;\">Perti, Giacomo Antonio\/Hopson, Hal H. arr.<\/td>\n<td style=\"height: 49px;\">GIA (4388)<\/td>\n<td style=\"height: 49px;\">GRAMO<\/td>\n<\/tr>\n<tr style=\"height: 49px;\">\n<td style=\"height: 49px;\">Paz a ti (2 partes, \u00f3rgano)<\/td>\n<td style=\"height: 49px;\">Pearsall, Robert\/Shephard, Richard arr.<\/td>\n<td style=\"height: 49px;\">St. James Press<\/td>\n<td style=\"height: 49px;\">GRAMO<\/td>\n<\/tr>\n<tr style=\"height: 25px;\">\n<td style=\"height: 25px;\">\u00bfQui\u00e9n me vio, Thoma (SATB)?<\/td>\n<td style=\"height: 25px;\">Hassler, Hans Leo<\/td>\n<td style=\"height: 25px;\">CPDL<\/td>\n<td style=\"height: 25px;\">GRAMO<\/td>\n<\/tr>\n<tr style=\"height: 25px;\">\n<td style=\"height: 25px;\">\u00bfQui\u00e9n me vio, Thoma (SATB)?<\/td>\n<td style=\"height: 25px;\">Marenzio, Lucas<\/td>\n<td style=\"height: 25px;\">CPDL<\/td>\n<td style=\"height: 25px;\">GRAMO<\/td>\n<\/tr>\n<tr style=\"height: 25px;\">\n<td style=\"height: 25px;\">Stetit Iesus\/All\u00ed Vino Jes\u00fas (SATB)<\/td>\n<td style=\"height: 25px;\">Handel, Jacob<\/td>\n<td style=\"height: 25px;\">GIA (2460)<\/td>\n<td style=\"height: 25px;\">GRAMO<\/td>\n<\/tr>\n<tr style=\"height: 49px;\">\n<td style=\"height: 49px;\">Stetit Jes\u00fas (SSATB)<\/td>\n<td style=\"height: 49px;\">Regnart, Jacob<\/td>\n<td style=\"height: 49px;\">Chester (CH55261) en \u201cEl libro de motetes de Chester-Vol. 11\u201d<\/td>\n<td style=\"height: 49px;\">GRAMO<\/td>\n<\/tr>\n<tr style=\"height: 73px;\">\n<td style=\"height: 73px;\">Surgens Jesu (SATB, \u00d3rgano)<\/td>\n<td style=\"height: 73px;\">Philips, Pedro<\/td>\n<td style=\"height: 73px;\">Oxford (9780193531093) en \u201cThe New Church Anthem Book\u201d<\/td>\n<td style=\"height: 73px;\">GRAMO<\/td>\n<\/tr>\n<tr style=\"height: 49px;\">\n<td style=\"height: 49px;\">Surgens Jes\u00fas (SATB)<\/td>\n<td style=\"height: 49px;\">Monteverdi, Claudio<\/td>\n<td style=\"height: 49px;\">Oxford (9780193532427) en \u201cHimnos para coro 3\u201d<\/td>\n<td style=\"height: 49px;\">GRAMO<\/td>\n<\/tr>\n<tr style=\"height: 25px;\">\n<td style=\"height: 25px;\">Ese d\u00eda de Pascua (SATB, \u00d3rgano)<\/td>\n<td style=\"height: 25px;\">arreglo de Bumgarner, Burton<\/td>\n<td style=\"height: 25px;\">GIA (4433)<\/td>\n<td style=\"height: 25px;\">GRAMO<\/td>\n<\/tr>\n<tr style=\"height: 49px;\">\n<td style=\"height: 49px;\">Ese d\u00eda de Pascua con alegr\u00eda fue brillante (Un\u00edsono\/2 partes, \u00f3rgano, platillos de dedo opcionales)<\/td>\n<td style=\"height: 49px;\">Arr. Ferguson, Juan<\/td>\n<td style=\"height: 49px;\">Gremio de Coristas (CGA 1016)<\/td>\n<td style=\"height: 49px;\">GRAMO<\/td>\n<\/tr>\n<tr style=\"height: 25px;\">\n<td style=\"height: 25px;\">Este es el d\u00eda (ronda de 3 partes)<\/td>\n<td style=\"height: 25px;\">Parker, Alice<\/td>\n<td style=\"height: 25px;\">Hinshaw<\/td>\n<td style=\"height: 25px;\">PD<\/td>\n<\/tr>\n<tr style=\"height: 25px;\">\n<td style=\"height: 25px;\">Este es el d\u00eda (Cantata de Pascua) (SATB)<\/td>\n<td style=\"height: 25px;\">Pinkham, Daniel<\/td>\n<td style=\"height: 25px;\">Edici\u00f3n Peters (EP6393)<\/td>\n<td style=\"height: 25px;\">PD<\/td>\n<\/tr>\n<tr style=\"height: 25px;\">\n<td style=\"height: 25px;\">Este es el d\u00eda (SATB)<\/td>\n<td style=\"height: 25px;\">Christiansen, Paul J.<\/td>\n<td style=\"height: 25px;\">AARMI<\/td>\n<td style=\"height: 25px;\">PD<\/td>\n<\/tr>\n<tr style=\"height: 25px;\">\n<td style=\"height: 25px;\">Este es el d\u00eda (SATB)<\/td>\n<td style=\"height: 25px;\">Copley, R. Evan<\/td>\n<td style=\"height: 25px;\">Abingdon<\/td>\n<td style=\"height: 25px;\">PD<\/td>\n<\/tr>\n<tr style=\"height: 25px;\">\n<td style=\"height: 25px;\">Este es el d\u00eda (SATB)<\/td>\n<td style=\"height: 25px;\">Titcomb, Everett<\/td>\n<td style=\"height: 25px;\">IMSLP<\/td>\n<td style=\"height: 25px;\">PD<\/td>\n<\/tr>\n<tr style=\"height: 25px;\">\n<td style=\"height: 25px;\">Este es el d\u00eda (Al un\u00edsono)<\/td>\n<td style=\"height: 25px;\">Copley, R. Evan<\/td>\n<td style=\"height: 25px;\">Abingdon<\/td>\n<td style=\"height: 25px;\">PD<\/td>\n<\/tr>\n<tr style=\"height: 49px;\">\n<td style=\"height: 49px;\">Este es el d\u00eda que el Se\u00f1or cre\u00f3 (SSAB)<\/td>\n<td style=\"height: 49px;\">Geisler, Juan<\/td>\n<td style=\"height: 49px;\">Boosey y Hawkes (073999129663) *<\/td>\n<td style=\"height: 49px;\">PD<\/td>\n<\/tr>\n<tr style=\"height: 49px;\">\n<td style=\"height: 49px;\">Este es el d\u00eda que hizo el Se\u00f1or (SATB, \u00d3rgano, Metales, Timbales, Platillos)<\/td>\n<td style=\"height: 49px;\">Ferris, William<\/td>\n<td style=\"height: 49px;\">Par\u00e1clito (PPM00202)<\/td>\n<td style=\"height: 49px;\">PD<\/td>\n<\/tr>\n<tr style=\"height: 25px;\">\n<td style=\"height: 25px;\">Este es el d\u00eda que hizo el Se\u00f1or (SAB)<\/td>\n<td style=\"height: 25px;\">Cerca, Gerald<\/td>\n<td style=\"height: 25px;\">Augsburgo<\/td>\n<td style=\"height: 25px;\">PD<\/td>\n<\/tr>\n<tr style=\"height: 25px;\">\n<td style=\"height: 25px;\">Este es el d\u00eda que hizo el Se\u00f1or (SATB)<\/td>\n<td style=\"height: 25px;\">Lekberg, Sven G.<\/td>\n<td style=\"height: 25px;\">G. Schirmer (50319250)<\/td>\n<td style=\"height: 25px;\">PD<\/td>\n<\/tr>\n<tr style=\"height: 25px;\">\n<td style=\"height: 25px;\">Este es el d\u00eda que hizo el Se\u00f1or (SATB)<\/td>\n<td style=\"height: 25px;\">Ford, Virgil T.<\/td>\n<td style=\"height: 25px;\">G. Schirmer<\/td>\n<td style=\"height: 25px;\">PD<\/td>\n<\/tr>\n<tr style=\"height: 25px;\">\n<td style=\"height: 25px;\">Troqueles This Is the Day\/Haec est (SATB\/SATB, lat\u00f3n opcional)<\/td>\n<td style=\"height: 25px;\">Gallus, Jacobus<\/td>\n<td style=\"height: 25px;\">Concordia (98-1702)<\/td>\n<td style=\"height: 25px;\">PD<\/td>\n<\/tr>\n<tr style=\"height: 25px;\">\n<td style=\"height: 25px;\">Dos cantos sublimes: Oh hijos e hijas (SATB)<\/td>\n<td style=\"height: 25px;\">arreglo Proulx, Ricardo<\/td>\n<td style=\"height: 25px;\">GIA (4552)<\/td>\n<td style=\"height: 25px;\">GRAMO<\/td>\n<\/tr>\n<tr style=\"height: 25px;\">\n<td style=\"height: 25px;\">Hemos visto al Se\u00f1or (SATB)<\/td>\n<td style=\"height: 25px;\">Wetzler, Robert<\/td>\n<td style=\"height: 25px;\">Augsburgo<\/td>\n<td style=\"height: 25px;\">GRAMO<\/td>\n<\/tr>\n<tr style=\"height: 25px;\">\n<td style=\"height: 25px;\">Caminamos por fe (SATB)<\/td>\n<td style=\"height: 25px;\">Kosche, Kenneth T.<\/td>\n<td style=\"height: 25px;\">M\u00fasica MorningStar (50-6031)<\/td>\n<td style=\"height: 25px;\">GRAMO<\/td>\n<\/tr>\n<tr style=\"height: 25px;\">\n<td style=\"height: 25px;\">Caminamos por fe (SATB, piano)<\/td>\n<td style=\"height: 25px;\">Helman, Michael<\/td>\n<td style=\"height: 25px;\">Augsburgo (9780800659752 ) *<\/td>\n<td style=\"height: 25px;\">GRAMO<\/td>\n<\/tr>\n<\/tbody>\n<\/table>","protected":false},"excerpt":{"rendered":"<p>Choral Anthems Title (Voicing) Composer\/Arranger Publisher (Item #) Usage Awake, Arise, Go Forth and Rejoice (Unison) Leaf, Robert Augsburg PS Be Glad and Rejoice (SATB) Goemanne, Noel Flammer PS Blessed Are They (SATB) Pasquet, Jean Belwin Mills (6025) G Blest Are the Eyes That Have Not Seen You (Solo, SATB) Gramann, Fred E. C. Schirmer [&hellip;]<\/p>\n","protected":false},"author":6628,"featured_media":0,"parent":0,"menu_order":0,"comment_status":"closed","ping_status":"closed","template":"","meta":{"_acf_changed":false,"footnotes":""},"class_list":["post-4884","page","type-page","status-publish","hentry"],"acf":[],"_links":{"self":[{"href":"https:\/\/npm.org\/es\/wp-json\/wp\/v2\/pages\/4884"}],"collection":[{"href":"https:\/\/npm.org\/es\/wp-json\/wp\/v2\/pages"}],"about":[{"href":"https:\/\/npm.org\/es\/wp-json\/wp\/v2\/types\/page"}],"author":[{"embeddable":true,"href":"https:\/\/npm.org\/es\/wp-json\/wp\/v2\/users\/6628"}],"replies":[{"embeddable":true,"href":"https:\/\/npm.org\/es\/wp-json\/wp\/v2\/comments?post=4884"}],"version-history":[{"count":0,"href":"https:\/\/npm.org\/es\/wp-json\/wp\/v2\/pages\/4884\/revisions"}],"wp:attachment":[{"href":"https:\/\/npm.org\/es\/wp-json\/wp\/v2\/media?parent=4884"}],"curies":[{"name":"gracias","href":"https:\/\/api.w.org\/{rel}","templated":true}]}}