{"id":4865,"date":"2017-11-08T17:55:49","date_gmt":"2017-11-08T17:55:49","guid":{"rendered":"https:\/\/npm.org\/?page_id=4865"},"modified":"2020-06-20T21:56:35","modified_gmt":"2020-06-20T21:56:35","slug":"choral-anthems-fourth-sunday-of-lent-c-lectionary-33","status":"publish","type":"page","link":"https:\/\/npm.org\/es\/choral-anthems-fourth-sunday-of-lent-c-lectionary-33\/","title":{"rendered":"Himnos corales - IV Domingo de Cuaresma (C)"},"content":{"rendered":"<p><strong>Himnos corales<\/strong><\/p>\n<table style=\"width: 100%; height: 598px;\" border=\"1\" width=\"100%\">\n<tbody>\n<tr style=\"height: 25px;\">\n<td style=\"height: 25px;\" width=\"456\"><strong>T\u00edtulo (Voicing)<\/strong><\/td>\n<td style=\"height: 25px;\" width=\"187\"><strong>Compositor \/ Arreglista<\/strong><\/td>\n<td style=\"height: 25px;\" width=\"187\"><strong>Editor (art\u00edculo #)<\/strong><\/td>\n<td style=\"height: 25px;\" width=\"103\"><strong>Uso<\/strong><\/td>\n<\/tr>\n<tr style=\"height: 25px;\">\n<td style=\"height: 25px;\">Amazing Grace (SATB, instrumento en do, \u00f3rgano)<\/td>\n<td style=\"height: 25px;\">Blanco, David Ashley<\/td>\n<td style=\"height: 25px;\">Sela (420-733)<\/td>\n<td style=\"height: 25px;\">G,C<\/td>\n<\/tr>\n<tr style=\"height: 25px;\">\n<td style=\"height: 25px;\">Crea en m\u00ed un coraz\u00f3n limpio (SATB)<\/td>\n<td style=\"height: 25px;\">Nelson, Ronald A.<\/td>\n<td style=\"height: 25px;\">Kjos (8808)<\/td>\n<td style=\"height: 25px;\">1<\/td>\n<\/tr>\n<tr style=\"height: 49px;\">\n<td style=\"height: 49px;\">Dios estaba en Jes\u00fas (SATB, piano)<\/td>\n<td style=\"height: 49px;\">Herbst, Johannes\/Kroeger, Karl arr.<\/td>\n<td style=\"height: 49px;\">Boosey y Hawkes (M051458516)<\/td>\n<td style=\"height: 49px;\">C<\/td>\n<\/tr>\n<tr style=\"height: 25px;\">\n<td style=\"height: 25px;\">Gustate y Videto (SATB)<\/td>\n<td style=\"height: 25px;\">Isaac, Enrique<\/td>\n<td style=\"height: 25px;\">Hal Leonard (HX.366727)<\/td>\n<td style=\"height: 25px;\">PD<\/td>\n<\/tr>\n<tr style=\"height: 25px;\">\n<td style=\"height: 25px;\">Siempre Dar\u00e9 Gracias (SAB)<\/td>\n<td style=\"height: 25px;\">Rey<\/td>\n<td style=\"height: 25px;\">Concordia<\/td>\n<td style=\"height: 25px;\">PD<\/td>\n<\/tr>\n<tr style=\"height: 25px;\">\n<td style=\"height: 25px;\">Siempre dar\u00e9 gracias (SATB, \u00d3rgano)<\/td>\n<td style=\"height: 25px;\">Titcomb, Everett<\/td>\n<td style=\"height: 25px;\">Prensa Shawnee<\/td>\n<td style=\"height: 25px;\">PD<\/td>\n<\/tr>\n<tr style=\"height: 25px;\">\n<td style=\"height: 25px;\">Me levantar\u00e9 (SATB)<\/td>\n<td style=\"height: 25px;\">Creighton, Roberto<\/td>\n<td style=\"height: 25px;\">CPDL<\/td>\n<td style=\"height: 25px;\">GRAMO<\/td>\n<\/tr>\n<tr style=\"height: 25px;\">\n<td style=\"height: 25px;\">Me levantar\u00e9 y me ir\u00e9 (SATB, \u00d3rgano)<\/td>\n<td style=\"height: 25px;\">Wesley, Samuel Sebasti\u00e1n<\/td>\n<td style=\"height: 25px;\">CPDL<\/td>\n<td style=\"height: 25px;\">GRAMO<\/td>\n<\/tr>\n<tr style=\"height: 25px;\">\n<td style=\"height: 25px;\">Bendecir\u00e9 al Se\u00f1or (SATB, \u00d3rgano)<\/td>\n<td style=\"height: 25px;\">Roff, Jos\u00e9<\/td>\n<td style=\"height: 25px;\">GIA (2367)<\/td>\n<td style=\"height: 25px;\">PD<\/td>\n<\/tr>\n<tr style=\"height: 49px;\">\n<td style=\"height: 49px;\">Alabar\u00e9 al Se\u00f1or en todo momento (Un\u00edsono, teclado)<\/td>\n<td style=\"height: 49px;\">Handel, George F.\/Hopson, Hal H. arreglo.<\/td>\n<td style=\"height: 49px;\">Gremio de Coristas (CGA 243)<\/td>\n<td style=\"height: 49px;\">PD<\/td>\n<\/tr>\n<tr style=\"height: 25px;\">\n<td style=\"height: 25px;\">Jesu dulcis: El sabor del bien (SATB, \u00d3rgano)<\/td>\n<td style=\"height: 25px;\">Kreutz, Robert E.<\/td>\n<td style=\"height: 25px;\">GIA (2304) *<\/td>\n<td style=\"height: 25px;\">PD<\/td>\n<\/tr>\n<tr style=\"height: 25px;\">\n<td style=\"height: 25px;\">Oh Se\u00f1or, creemos (SATB)<\/td>\n<td style=\"height: 25px;\">Kreutz, Robert E.<\/td>\n<td style=\"height: 25px;\">WLP (001378)<\/td>\n<td style=\"height: 25px;\">GRAMO<\/td>\n<\/tr>\n<tr style=\"height: 25px;\">\n<td style=\"height: 25px;\">Oh, magnificad al Se\u00f1or conmigo (SA, piano\/\u00f3rgano)<\/td>\n<td style=\"height: 25px;\">Mueller, Carl F.<\/td>\n<td style=\"height: 25px;\">Carl Fischer<\/td>\n<td style=\"height: 25px;\">PD<\/td>\n<\/tr>\n<tr style=\"height: 25px;\">\n<td style=\"height: 25px;\">O Pruebe y vea (SATB)<\/td>\n<td style=\"height: 25px;\">Vaughan Williams, Ralph<\/td>\n<td style=\"height: 25px;\">Oxford (9780193535114)<\/td>\n<td style=\"height: 25px;\">PD<\/td>\n<\/tr>\n<tr style=\"height: 25px;\">\n<td style=\"height: 25px;\">O Pruebe y vea (SATB)<\/td>\n<td style=\"height: 25px;\">Doherty, Antonio<\/td>\n<td style=\"height: 25px;\">Trinitas (4592)<\/td>\n<td style=\"height: 25px;\">PD<\/td>\n<\/tr>\n<tr style=\"height: 25px;\">\n<td style=\"height: 25px;\">O probar y ver (SATB, teclado)<\/td>\n<td style=\"height: 25px;\">Larkin, Michael<\/td>\n<td style=\"height: 25px;\">Theodore Presser (92-41993)<\/td>\n<td style=\"height: 25px;\">PD<\/td>\n<\/tr>\n<tr style=\"height: 25px;\">\n<td style=\"height: 25px;\">O Gustar y Ver (SATB, Sop Solo, \u00d3rgano)<\/td>\n<td style=\"height: 25px;\">Wolff, S. Drummond<\/td>\n<td style=\"height: 25px;\">Concordia<\/td>\n<td style=\"height: 25px;\">PD<\/td>\n<\/tr>\n<tr style=\"height: 25px;\">\n<td style=\"height: 25px;\">Proclama conmigo (SATB, opt. Trompeta, \u00d3rgano)<\/td>\n<td style=\"height: 25px;\">Busarow, Donald<\/td>\n<td style=\"height: 25px;\">Concordia (98-3127)<\/td>\n<td style=\"height: 25px;\">PD<\/td>\n<\/tr>\n<tr style=\"height: 25px;\">\n<td style=\"height: 25px;\">Reconciliaci\u00f3n (SATB, piano)<\/td>\n<td style=\"height: 25px;\">Pfautsch, Lloyd<\/td>\n<td style=\"height: 25px;\">Esperanza (APM345)<\/td>\n<td style=\"height: 25px;\">C<\/td>\n<\/tr>\n<tr style=\"height: 25px;\">\n<td style=\"height: 25px;\">As\u00ed que somos embajadores de \u201cSan Pablo\u201d (TB, \u00d3rgano)<\/td>\n<td style=\"height: 25px;\">Mendelssohn, F\u00e9lix<\/td>\n<td style=\"height: 25px;\">Varios<\/td>\n<td style=\"height: 25px;\">C<\/td>\n<\/tr>\n<tr style=\"height: 25px;\">\n<td style=\"height: 25px;\">Tu bondad, oh Dios (SATB, teclado)<\/td>\n<td style=\"height: 25px;\">Guimont, Michel<\/td>\n<td style=\"height: 25px;\">GIA (3683)<\/td>\n<td style=\"height: 25px;\">PD<\/td>\n<\/tr>\n<\/tbody>\n<\/table>","protected":false},"excerpt":{"rendered":"<p>Choral Anthems Title (Voicing) Composer\/Arranger Publisher (Item #) Usage Amazing Grace (SATB, C Instrument, Organ) White, David Ashley Selah (420-733) G,C Create in Me a Clean Heart (SATB) Nelson, Ronald A. Kjos (8808) 1 God Was in Jesus (SATB, Piano) Herbst, Johannes\/Kroeger, Karl arr. Boosey &amp; Hawkes (M051458516) C Gustate et Videto (SATB) Isaac, Heinrich [&hellip;]<\/p>\n","protected":false},"author":6628,"featured_media":0,"parent":0,"menu_order":0,"comment_status":"closed","ping_status":"closed","template":"","meta":{"_acf_changed":false,"footnotes":""},"class_list":["post-4865","page","type-page","status-publish","hentry"],"acf":[],"_links":{"self":[{"href":"https:\/\/npm.org\/es\/wp-json\/wp\/v2\/pages\/4865"}],"collection":[{"href":"https:\/\/npm.org\/es\/wp-json\/wp\/v2\/pages"}],"about":[{"href":"https:\/\/npm.org\/es\/wp-json\/wp\/v2\/types\/page"}],"author":[{"embeddable":true,"href":"https:\/\/npm.org\/es\/wp-json\/wp\/v2\/users\/6628"}],"replies":[{"embeddable":true,"href":"https:\/\/npm.org\/es\/wp-json\/wp\/v2\/comments?post=4865"}],"version-history":[{"count":0,"href":"https:\/\/npm.org\/es\/wp-json\/wp\/v2\/pages\/4865\/revisions"}],"wp:attachment":[{"href":"https:\/\/npm.org\/es\/wp-json\/wp\/v2\/media?parent=4865"}],"curies":[{"name":"gracias","href":"https:\/\/api.w.org\/{rel}","templated":true}]}}