{"id":4859,"date":"2017-11-08T17:53:55","date_gmt":"2017-11-08T17:53:55","guid":{"rendered":"https:\/\/npm.org\/?page_id=4859"},"modified":"2020-06-20T21:00:28","modified_gmt":"2020-06-20T21:00:28","slug":"choral-anthems-second-sunday-of-lent-c-lectionary-27","status":"publish","type":"page","link":"https:\/\/npm.org\/es\/choral-anthems-second-sunday-of-lent-c-lectionary-27\/","title":{"rendered":"Himnos corales - 2do domingo de Cuaresma (C)"},"content":{"rendered":"<p><strong>Himnos corales<\/strong><\/p>\n<table style=\"width: 100%;\" border=\"1\" width=\"100%\">\n<tbody>\n<tr>\n<td width=\"456\"><strong>T\u00edtulo (Voicing)<\/strong><\/td>\n<td width=\"187\"><strong>Compositor \/ Arreglista<\/strong><\/td>\n<td width=\"187\"><strong>Editor (art\u00edculo #)<\/strong><\/td>\n<td width=\"103\"><strong>Uso<\/strong><\/td>\n<\/tr>\n<tr>\n<td>Abraham e Isaac (SATB)<\/td>\n<td>Capello, Giovanni<\/td>\n<td>Abingdon (APM 143)<\/td>\n<td>1<\/td>\n<\/tr>\n<tr>\n<td>Llamado al Recuerdo (SATB)<\/td>\n<td>Farrant, Richard<\/td>\n<td>Bourne Music Co. (18226)<\/td>\n<td>PD<\/td>\n<\/tr>\n<tr>\n<td>Llamado al Recuerdo (SATB)<\/td>\n<td>Farrant, Richard<\/td>\n<td>GIA (3051)<\/td>\n<td>PD<\/td>\n<\/tr>\n<tr>\n<td>Llamado al Recuerdo (SATB)<\/td>\n<td>Farrant, Richard<\/td>\n<td>Gris claro (GCMR01751)<\/td>\n<td>PD<\/td>\n<\/tr>\n<tr>\n<td>Llamado al Recuerdo (SATB)<\/td>\n<td>Farrant, Richard<\/td>\n<td>Hinshaw (HMC 492)<\/td>\n<td>PD<\/td>\n<\/tr>\n<tr>\n<td>Llamado a la Memoria (SATB, \u00f3rgano opt.)<\/td>\n<td>Battishill, Johana<\/td>\n<td>Alfredo (MCA)<\/td>\n<td>PD<\/td>\n<\/tr>\n<tr>\n<td>Llamado a la Memoria (SATB, \u00d3rgano)<\/td>\n<td>Farrant, Richard<\/td>\n<td>Oxford (9780193521216)<\/td>\n<td>PD<\/td>\n<\/tr>\n<tr>\n<td>Llamado al Recuerdo (SSAATTBB)<\/td>\n<td>Hilton, Juan<\/td>\n<td>Oxford (MTC 97)<\/td>\n<td>PD<\/td>\n<\/tr>\n<tr>\n<td>Llamado al Recuerdo (TTBB)<\/td>\n<td>Farrant, Richard<\/td>\n<td>Concordia<\/td>\n<td>PD<\/td>\n<\/tr>\n<tr>\n<td>Cristo en la cima de la monta\u00f1a (2 partes, teclado)<\/td>\n<td>Bertalot, Juan<\/td>\n<td>Augsburgo<\/td>\n<td>GRAMO<\/td>\n<\/tr>\n<tr>\n<td>Cristo en la cima de la monta\u00f1a (SATB)<\/td>\n<td>Bouman, Paul<\/td>\n<td>Concordia (98-2856)<\/td>\n<td>GRAMO<\/td>\n<\/tr>\n<tr>\n<td>Christus Paradox (SATB, Cuarteto de metales)<\/td>\n<td>Sensmeier, Randall<\/td>\n<td>GIA (4543)<\/td>\n<td>GRAMO<\/td>\n<\/tr>\n<tr>\n<td>Cr\u00e9dito (SSAA)<\/td>\n<td>Porpora, Niccolo<\/td>\n<td>Novela corta (NOV199230)<\/td>\n<td>PD<\/td>\n<\/tr>\n<tr>\n<td>Hermoso Se\u00f1or Jes\u00fas<\/td>\n<td>Blanco, David Ashley<\/td>\n<td>Selah (420-235)<\/td>\n<td>GRAMO<\/td>\n<\/tr>\n<tr>\n<td>Hermoso Se\u00f1or Jes\u00fas (Un\u00edsono, Teclado)<\/td>\n<td>DeLong, Richard<\/td>\n<td>CE Schirmer (4526)<\/td>\n<td>GRAMO<\/td>\n<\/tr>\n<tr>\n<td>Sube a la monta\u00f1a de Dios (SATB, piano, flauta opcional)<\/td>\n<td>Helman, Michael<\/td>\n<td>Augsburgo (9780800658359)<\/td>\n<td>GRAMO<\/td>\n<\/tr>\n<tr>\n<td>No escondas tu rostro (SATB)<\/td>\n<td>Farrant, Richard<\/td>\n<td>CE Schirmer (0373)<\/td>\n<td>mi<\/td>\n<\/tr>\n<tr>\n<td>Yo amo al Se\u00f1or (SATB)<\/td>\n<td>Muerde la cola, albert<\/td>\n<td>Abingdon<\/td>\n<td>PD<\/td>\n<\/tr>\n<tr>\n<td>Si Dios est\u00e1 con nosotros (SATB)<\/td>\n<td>Franck, Melchor<\/td>\n<td>Marcas M\u00fasica<\/td>\n<td>2<\/td>\n<\/tr>\n<tr>\n<td>Si Dios est\u00e1 con nosotros (SATB)<\/td>\n<td>Sch\u00fctz, Heinrich<\/td>\n<td>G. Schirmer<\/td>\n<td>2<\/td>\n<\/tr>\n<tr>\n<td>Si Dios est\u00e1 con nosotros (SATB, \u00d3rgano)<\/td>\n<td>Mayordomo, Eugene<\/td>\n<td>Carl Fischer<\/td>\n<td>2<\/td>\n<\/tr>\n<tr>\n<td>Si Dios est\u00e1 con nosotros (SATB, guitarra, teclado, instrumento en C opcional, campanas de mano, cuarteto de metales, timbales)<\/td>\n<td>ChepponisJames J.<\/td>\n<td>GIA (5948)<\/td>\n<td>2<\/td>\n<\/tr>\n<tr>\n<td>Jes\u00fas, el mismo pensamiento de ti (SATB, \u00d3rgano)<\/td>\n<td>Cerca, Gerald<\/td>\n<td>Aureola (AE047)<\/td>\n<td>GRAMO<\/td>\n<\/tr>\n<tr>\n<td>Jes\u00fas, ll\u00e9vanos a la monta\u00f1a (SATB, \u00d3rgano\/Teclado)<\/td>\n<td>Schalk, Carl<\/td>\n<td>M\u00fasica MorningStar (50-2601)<\/td>\n<td>GRAMO<\/td>\n<\/tr>\n<tr>\n<td>Amor eterno (SATB, piano)<\/td>\n<td>Pote, Allen C.<\/td>\n<td>Gremio de Coristas (CGA 1006)<\/td>\n<td>2<\/td>\n<\/tr>\n<tr>\n<td>Espejo de la Eternidad (SATB)<\/td>\n<td>ChepponisJames J.<\/td>\n<td>GIA (4225)<\/td>\n<td>GRAMO<\/td>\n<\/tr>\n<tr>\n<td>Mi fe es segura (TTBB)<\/td>\n<td>Gerike, Enrique V.<\/td>\n<td>Concordia<\/td>\n<td>PD<\/td>\n<\/tr>\n<tr>\n<td>La nata de lujo (SSATB)<\/td>\n<td>Tallis, Thomas<\/td>\n<td>CPDL<\/td>\n<td>GRAMO<\/td>\n<\/tr>\n<tr>\n<td>La nata de lujo (SSATB)<\/td>\n<td>Tallis, Thomas<\/td>\n<td>Oxford (9780193521643)<\/td>\n<td>GRAMO<\/td>\n<\/tr>\n<tr>\n<td>Oh Salvador del Mundo (SATB)<\/td>\n<td>Goss, Juan<\/td>\n<td>CPDL<\/td>\n<td>GRAMO<\/td>\n<\/tr>\n<tr>\n<td>\u00a1Oh, maravilloso tipo! \u00a1Oh, bella visi\u00f3n! (SATB, \u00f3rgano, trompeta)<\/td>\n<td>Lobo, S. Drummond<\/td>\n<td>Concordia<\/td>\n<td>GRAMO<\/td>\n<\/tr>\n<tr>\n<td>Este es mi hijo amado (SAB, \u00d3rgano)<\/td>\n<td>Nystedt, Carl<\/td>\n<td>Concordia (98-1805)<\/td>\n<td>C,G<\/td>\n<\/tr>\n<tr>\n<td>Este es mi hijo, mi amado (SATB, teclado, guitarra)<\/td>\n<td>Powell, Kathy<\/td>\n<td>GIA (3527)<\/td>\n<td>C,G<\/td>\n<\/tr>\n<tr>\n<td>Tres Himnos Cortos: Jesu dulcis memoria (SATB, \u00d3rgano)<\/td>\n<td>Shepard, Ricardo<\/td>\n<td>GIA (6001)<\/td>\n<td>GRAMO<\/td>\n<\/tr>\n<tr>\n<td>T\u00fa dijiste que yo era tuya (SATB)<\/td>\n<td>Hugill, Roberto<\/td>\n<td>CPDL<\/td>\n<td>mi<\/td>\n<\/tr>\n<tr>\n<td>Transfiguraci\u00f3n (Un\u00edsono, \u00d3rgano)<\/td>\n<td>Martinson, Joel<\/td>\n<td>Par\u00e1clito (PPM09511)<\/td>\n<td>GRAMO<\/td>\n<\/tr>\n<tr>\n<td>Transformarnos (SAB, Organo)<\/td>\n<td>arreglo de Vyhanek, James<\/td>\n<td>GIA (4104)<\/td>\n<td>GRAMO<\/td>\n<\/tr>\n<tr>\n<td>Llamado ascendente, El (SATB, \u00d3rgano)<\/td>\n<td>Blanco, David Ashley<\/td>\n<td>Selah (410-523)<\/td>\n<td>2<\/td>\n<\/tr>\n<tr>\n<td>Cantaremos nuestra canci\u00f3n a Dios (SATB, guitarra, teclado)<\/td>\n<td>O&#039;Brien, Francis Patrick<\/td>\n<td>GIA (3777)<\/td>\n<td>2<\/td>\n<\/tr>\n<\/tbody>\n<\/table>","protected":false},"excerpt":{"rendered":"<p>Choral Anthems Title (Voicing) Composer\/Arranger Publisher (Item #) Usage Abraham and Isaac (SATB) Capello, Giovanni Abingdon (APM 143) 1 Call to Remembrance (SATB) Farrant, Richard Bourne Music Co. (18226 ) PS Call to Remembrance (SATB) Farrant, Richard GIA (3051) PS Call to Remembrance (SATB) Farrant, Richard H. W. Gray (GCMR01751) PS Call to Remembrance (SATB) [&hellip;]<\/p>\n","protected":false},"author":6628,"featured_media":0,"parent":0,"menu_order":0,"comment_status":"closed","ping_status":"closed","template":"","meta":{"_acf_changed":false,"footnotes":""},"class_list":["post-4859","page","type-page","status-publish","hentry"],"acf":[],"_links":{"self":[{"href":"https:\/\/npm.org\/es\/wp-json\/wp\/v2\/pages\/4859"}],"collection":[{"href":"https:\/\/npm.org\/es\/wp-json\/wp\/v2\/pages"}],"about":[{"href":"https:\/\/npm.org\/es\/wp-json\/wp\/v2\/types\/page"}],"author":[{"embeddable":true,"href":"https:\/\/npm.org\/es\/wp-json\/wp\/v2\/users\/6628"}],"replies":[{"embeddable":true,"href":"https:\/\/npm.org\/es\/wp-json\/wp\/v2\/comments?post=4859"}],"version-history":[{"count":0,"href":"https:\/\/npm.org\/es\/wp-json\/wp\/v2\/pages\/4859\/revisions"}],"wp:attachment":[{"href":"https:\/\/npm.org\/es\/wp-json\/wp\/v2\/media?parent=4859"}],"curies":[{"name":"gracias","href":"https:\/\/api.w.org\/{rel}","templated":true}]}}