{"id":4853,"date":"2017-11-08T17:52:14","date_gmt":"2017-11-08T17:52:14","guid":{"rendered":"https:\/\/npm.org\/?page_id=4853"},"modified":"2020-06-20T17:00:58","modified_gmt":"2020-06-20T17:00:58","slug":"choral-anthems-c-ash-wednesday-a-b-c-lectionary-219","status":"publish","type":"page","link":"https:\/\/npm.org\/es\/choral-anthems-c-ash-wednesday-a-b-c-lectionary-219\/","title":{"rendered":"Himnos corales - Mi\u00e9rcoles de ceniza (C)"},"content":{"rendered":"<p><strong>Himnos corales<\/strong><\/p>\n<table style=\"width: 100%; height: 1496px;\" border=\"1\" width=\"100%\">\n<tbody>\n<tr style=\"height: 25px;\">\n<td style=\"height: 25px;\" width=\"456\"><strong>T\u00edtulo (Voicing)<\/strong><\/td>\n<td style=\"height: 25px;\" width=\"187\"><strong>Compositor \/ Arreglista<\/strong><\/td>\n<td style=\"height: 25px;\" width=\"187\"><strong>Editor (art\u00edculo #)<\/strong><\/td>\n<td style=\"height: 25px;\" width=\"103\"><strong>Uso<\/strong><\/td>\n<\/tr>\n<tr style=\"height: 25px;\">\n<td style=\"height: 25px;\">Presencia Domine (SAB)<\/td>\n<td style=\"height: 25px;\">Proulx Richard<\/td>\n<td style=\"height: 25px;\">Aureola (AE61)<\/td>\n<td style=\"height: 25px;\">PD<\/td>\n<\/tr>\n<tr style=\"height: 25px;\">\n<td style=\"height: 25px;\">Asistencia Domine (SATB)<\/td>\n<td style=\"height: 25px;\">Osterhagen, Juan<\/td>\n<td style=\"height: 25px;\">Canci\u00f3n nueva (5004)<\/td>\n<td style=\"height: 25px;\">PD<\/td>\n<\/tr>\n<tr style=\"height: 25px;\">\n<td style=\"height: 25px;\">Ten Misericordia, oh Dios (SAB, \u00d3rgano)<\/td>\n<td style=\"height: 25px;\">Ferris, William<\/td>\n<td style=\"height: 25px;\">Par\u00e1clito (PPM09814)<\/td>\n<td style=\"height: 25px;\">PD<\/td>\n<\/tr>\n<tr style=\"height: 25px;\">\n<td style=\"height: 25px;\">Benditos sean (SATB, \u00d3rgano, flauta opcional)<\/td>\n<td style=\"height: 25px;\">Jennings, Carolyn<\/td>\n<td style=\"height: 25px;\">Gremio de Coristas (CGA 896)<\/td>\n<td style=\"height: 25px;\">C<\/td>\n<\/tr>\n<tr style=\"height: 25px;\">\n<td style=\"height: 25px;\">No me eches lejos (SATB, \u00d3rgano)<\/td>\n<td style=\"height: 25px;\">PowellRobert J.<\/td>\n<td style=\"height: 25px;\">Par\u00e1clito (PPM00708)<\/td>\n<td style=\"height: 25px;\">PD<\/td>\n<\/tr>\n<tr style=\"height: 25px;\">\n<td style=\"height: 25px;\">Coraz\u00f3n limpio, A (SAB, teclado)<\/td>\n<td style=\"height: 25px;\">Harlan, Benjam\u00edn<\/td>\n<td style=\"height: 25px;\">Prensa Shawnee (D5562) *<\/td>\n<td style=\"height: 25px;\">PD<\/td>\n<\/tr>\n<tr style=\"height: 25px;\">\n<td style=\"height: 25px;\">Coraz\u00f3n limpio, A (SATB, teclado)<\/td>\n<td style=\"height: 25px;\">Harlan, Benjam\u00edn<\/td>\n<td style=\"height: 25px;\">Prensa Shawnee (A-6731)<\/td>\n<td style=\"height: 25px;\">PD<\/td>\n<\/tr>\n<tr style=\"height: 25px;\">\n<td style=\"height: 25px;\">Crea en m\u00ed un coraz\u00f3n limpio (SAB)<\/td>\n<td style=\"height: 25px;\">Pasquet, Jean<\/td>\n<td style=\"height: 25px;\">Augsburgo (11-0627)<\/td>\n<td style=\"height: 25px;\">PD<\/td>\n<\/tr>\n<tr style=\"height: 25px;\">\n<td style=\"height: 25px;\">Crea en m\u00ed un coraz\u00f3n limpio (SATB)<\/td>\n<td style=\"height: 25px;\">Berger, Jean<\/td>\n<td style=\"height: 25px;\">Alfredo (FEC 09446)<\/td>\n<td style=\"height: 25px;\">PD<\/td>\n<\/tr>\n<tr style=\"height: 25px;\">\n<td style=\"height: 25px;\">Crea en m\u00ed un coraz\u00f3n limpio (SATB)<\/td>\n<td style=\"height: 25px;\">Mochnick, Juan<\/td>\n<td style=\"height: 25px;\">Lorenzo (10\/2207R)<\/td>\n<td style=\"height: 25px;\">PD<\/td>\n<\/tr>\n<tr style=\"height: 25px;\">\n<td style=\"height: 25px;\">Crea en m\u00ed un coraz\u00f3n limpio (SATB, \u00d3rgano)<\/td>\n<td style=\"height: 25px;\">Locklair, Dan<\/td>\n<td style=\"height: 25px;\">Par\u00e1clito (PPM0006)<\/td>\n<td style=\"height: 25px;\">PD<\/td>\n<\/tr>\n<tr style=\"height: 25px;\">\n<td style=\"height: 25px;\">Crea en m\u00ed un coraz\u00f3n limpio (SATB, \u00d3rgano\/Teclado)<\/td>\n<td style=\"height: 25px;\">Nelson, Ronald A.<\/td>\n<td style=\"height: 25px;\">Kjos (8808)<\/td>\n<td style=\"height: 25px;\">PD<\/td>\n<\/tr>\n<tr style=\"height: 25px;\">\n<td style=\"height: 25px;\">Crea en m\u00ed un coraz\u00f3n limpio (SATB, \u00d3rgano\/Teclado)<\/td>\n<td style=\"height: 25px;\">Christiansen, Paul J.<\/td>\n<td style=\"height: 25px;\">Augsburgo (11-1793)<\/td>\n<td style=\"height: 25px;\">PD<\/td>\n<\/tr>\n<tr style=\"height: 25px;\">\n<td style=\"height: 25px;\">Crea en m\u00ed, oh Dios, un coraz\u00f3n limpio (2 partes mixtas)<\/td>\n<td style=\"height: 25px;\">Schalk, Carl<\/td>\n<td style=\"height: 25px;\">Concordia<\/td>\n<td style=\"height: 25px;\">PD<\/td>\n<\/tr>\n<tr style=\"height: 25px;\">\n<td style=\"height: 25px;\">Crea en m\u00ed, oh Dios, un coraz\u00f3n limpio (SA, \u00d3rgano\/Teclado)<\/td>\n<td style=\"height: 25px;\">Bouman, Paul<\/td>\n<td style=\"height: 25px;\">Concordia (98-1143)<\/td>\n<td style=\"height: 25px;\">PD<\/td>\n<\/tr>\n<tr style=\"height: 25px;\">\n<td style=\"height: 25px;\">Crea en m\u00ed, oh Dios, un coraz\u00f3n limpio (SATB, TTBB)<\/td>\n<td style=\"height: 25px;\">Willan, Healy<\/td>\n<td style=\"height: 25px;\">Concordia (98-2238)<\/td>\n<td style=\"height: 25px;\">PD<\/td>\n<\/tr>\n<tr style=\"height: 25px;\">\n<td style=\"height: 25px;\">Crea en m\u00ed, oh Dios, un coraz\u00f3n limpio (TTBB)<\/td>\n<td style=\"height: 25px;\">Gerike, Enrique V.<\/td>\n<td style=\"height: 25px;\">Augsburgo (98-3607)<\/td>\n<td style=\"height: 25px;\">PD<\/td>\n<\/tr>\n<tr style=\"height: 25px;\">\n<td style=\"height: 25px;\">Crea en m\u00ed, oh Se\u00f1or, un coraz\u00f3n limpio (SATB)<\/td>\n<td style=\"height: 25px;\">Bedford, Michael<\/td>\n<td style=\"height: 25px;\">St. James Press<\/td>\n<td style=\"height: 25px;\">PD<\/td>\n<\/tr>\n<tr style=\"height: 25px;\">\n<td style=\"height: 25px;\">Crea en m\u00ed, oh Dios (SATB, \u00f3rgano\/teclado)<\/td>\n<td style=\"height: 25px;\">Brahms, Johannes<\/td>\n<td style=\"height: 25px;\">Alfredo (LG53042)<\/td>\n<td style=\"height: 25px;\">PD<\/td>\n<\/tr>\n<tr style=\"height: 25px;\">\n<td style=\"height: 25px;\">Crea en m\u00ed, oh Dios (Un\u00edsono, Teclado)<\/td>\n<td style=\"height: 25px;\">marshall, jane m.<\/td>\n<td style=\"height: 25px;\">Gremio de Coristas (CGA 750)<\/td>\n<td style=\"height: 25px;\">PD<\/td>\n<\/tr>\n<tr style=\"height: 25px;\">\n<td style=\"height: 25px;\">Felices los que se deleitan (Un\u00edsono, \u00d3rgano, Flauta, Cuarteto de cuerdas opcional)<\/td>\n<td style=\"height: 25px;\">Hillert, Richard<\/td>\n<td style=\"height: 25px;\">GIA (4259)<\/td>\n<td style=\"height: 25px;\">C<\/td>\n<\/tr>\n<tr style=\"height: 25px;\">\n<td style=\"height: 25px;\">Felices los que se deleitan (Un\u00edsono, \u00d3rgano, Flauta, Cuarteto de cuerdas opcional)<\/td>\n<td style=\"height: 25px;\">Hillert, Richard<\/td>\n<td style=\"height: 25px;\">GIA (4259)<\/td>\n<td style=\"height: 25px;\">C<\/td>\n<\/tr>\n<tr style=\"height: 25px;\">\n<td style=\"height: 25px;\">Ten Misericordia de M\u00ed (SAB)<\/td>\n<td style=\"height: 25px;\">Tomkins, Thomas<\/td>\n<td style=\"height: 25px;\">GIA (1899)<\/td>\n<td style=\"height: 25px;\">A, PD<\/td>\n<\/tr>\n<tr style=\"height: 25px;\">\n<td style=\"height: 25px;\">Ten misericordia de m\u00ed, oh Dios (SATB)<\/td>\n<td style=\"height: 25px;\">Schalk, Carl<\/td>\n<td style=\"height: 25px;\">Augsburgo (9780800657840)<\/td>\n<td style=\"height: 25px;\">A, PD<\/td>\n<\/tr>\n<tr style=\"height: 25px;\">\n<td style=\"height: 25px;\">Himno de Cuaresma, A (Un\u00edsono, \u00d3rgano, Cuarteto de metales opcional)<\/td>\n<td style=\"height: 25px;\">Wyton, Alec<\/td>\n<td style=\"height: 25px;\">Par\u00e1clito (PPM08809)<\/td>\n<td style=\"height: 25px;\">1<\/td>\n<\/tr>\n<tr style=\"height: 25px;\">\n<td style=\"height: 25px;\">En yejunio y fletu (SAATB)<\/td>\n<td style=\"height: 25px;\">Tallis, Thomas<\/td>\n<td style=\"height: 25px;\">CPDL<\/td>\n<td style=\"height: 25px;\">1<\/td>\n<\/tr>\n<tr style=\"height: 49px;\">\n<td style=\"height: 49px;\">Jes\u00fas, meditar\u00e9 ahora - Salmo 51 (Un\u00edsono o en 2 partes)<\/td>\n<td style=\"height: 49px;\">Rotermund, Donald<\/td>\n<td style=\"height: 49px;\">Concordia (97-7622) en \u201cCompa\u00f1eros del Salmo\u201d<\/td>\n<td style=\"height: 49px;\">PD<\/td>\n<\/tr>\n<tr style=\"height: 25px;\">\n<td style=\"height: 25px;\">Preg\u00f3n de Cuaresma, A (3 voces, 11 campanas)<\/td>\n<td style=\"height: 25px;\">ChepponisJames J.<\/td>\n<td style=\"height: 25px;\">GIA (2761)<\/td>\n<td style=\"height: 25px;\">1,2<\/td>\n<\/tr>\n<tr style=\"height: 25px;\">\n<td style=\"height: 25px;\">Se\u00f1or, por Tus entra\u00f1ables misericordias (SAB)<\/td>\n<td style=\"height: 25px;\">Blanco, David Ashley<\/td>\n<td style=\"height: 25px;\">Selah (420-239)<\/td>\n<td style=\"height: 25px;\">mi<\/td>\n<\/tr>\n<tr style=\"height: 25px;\">\n<td style=\"height: 25px;\">Se\u00f1or, por Tus entra\u00f1ables misericordias (SATB)<\/td>\n<td style=\"height: 25px;\">Farrant, Richard o Hilton, John<\/td>\n<td style=\"height: 25px;\">GIA (3049)<\/td>\n<td style=\"height: 25px;\">mi<\/td>\n<\/tr>\n<tr style=\"height: 25px;\">\n<td style=\"height: 25px;\">Se\u00f1or, por Tus entra\u00f1ables misericordias (SATB)<\/td>\n<td style=\"height: 25px;\">Farrant, Richard o Hilton, John<\/td>\n<td style=\"height: 25px;\">GIA (3049)<\/td>\n<td style=\"height: 25px;\">mi<\/td>\n<\/tr>\n<tr style=\"height: 49px;\">\n<td style=\"height: 49px;\">Se\u00f1or, ten piedad (SAB, teclado)<\/td>\n<td style=\"height: 49px;\">Bach, Johann Sebastian\/Hopson, Hal H. arr.<\/td>\n<td style=\"height: 49px;\">Esperanza (MW 1246)<\/td>\n<td style=\"height: 49px;\">UN<\/td>\n<\/tr>\n<tr style=\"height: 25px;\">\n<td style=\"height: 25px;\">Miserere mei (SATB)<\/td>\n<td style=\"height: 25px;\">di Lasso, Orlando<\/td>\n<td style=\"height: 25px;\">GIA (3007)<\/td>\n<td style=\"height: 25px;\">PD<\/td>\n<\/tr>\n<tr style=\"height: 25px;\">\n<td style=\"height: 25px;\">Miserere mei (SATB)<\/td>\n<td style=\"height: 25px;\">Lotti, Antonio<\/td>\n<td style=\"height: 25px;\">CPDL<\/td>\n<td style=\"height: 25px;\">PD<\/td>\n<\/tr>\n<tr style=\"height: 25px;\">\n<td style=\"height: 25px;\">Miserere Mei (SATTB)<\/td>\n<td style=\"height: 25px;\">Byrd, Guillermo<\/td>\n<td style=\"height: 25px;\">CPDL<\/td>\n<td style=\"height: 25px;\">PD<\/td>\n<\/tr>\n<tr style=\"height: 25px;\">\n<td style=\"height: 25px;\">Miserere mei Deus (SATTB)<\/td>\n<td style=\"height: 25px;\">di Lasso, Orlando<\/td>\n<td style=\"height: 25px;\">CPDL<\/td>\n<td style=\"height: 25px;\">PD<\/td>\n<\/tr>\n<tr style=\"height: 25px;\">\n<td style=\"height: 25px;\">Miserere mei, Dios (SATBB)<\/td>\n<td style=\"height: 25px;\">Byrd, Guillermo<\/td>\n<td style=\"height: 25px;\">CPDL<\/td>\n<td style=\"height: 25px;\">PD<\/td>\n<\/tr>\n<tr style=\"height: 25px;\">\n<td style=\"height: 25px;\">Miserere mei, Dios (SATBB)<\/td>\n<td style=\"height: 25px;\">Byrd, Guillermo<\/td>\n<td style=\"height: 25px;\">Oxford (9780193520530)<\/td>\n<td style=\"height: 25px;\">PD<\/td>\n<\/tr>\n<tr style=\"height: 25px;\">\n<td style=\"height: 25px;\">Miserere mei, Dios (SATBB)<\/td>\n<td style=\"height: 25px;\">Byrd, Guillermo<\/td>\n<td style=\"height: 25px;\">Oxford (9780193520530)<\/td>\n<td style=\"height: 25px;\">PD<\/td>\n<\/tr>\n<tr style=\"height: 25px;\">\n<td style=\"height: 25px;\">Miserere mei, Dios (SSATB)<\/td>\n<td style=\"height: 25px;\">Allegri, Gregorio<\/td>\n<td style=\"height: 25px;\">CPDL<\/td>\n<td style=\"height: 25px;\">PD<\/td>\n<\/tr>\n<tr style=\"height: 25px;\">\n<td style=\"height: 25px;\">Miserere Mei, Domine (SATB)<\/td>\n<td style=\"height: 25px;\">di Lasso, Orlando<\/td>\n<td style=\"height: 25px;\">Augsburgo (11-10267)<\/td>\n<td style=\"height: 25px;\">PD<\/td>\n<\/tr>\n<tr style=\"height: 25px;\">\n<td style=\"height: 25px;\">Oh Dios, ten piedad (SATB)<\/td>\n<td style=\"height: 25px;\">Pfautsch, Lloyd<\/td>\n<td style=\"height: 25px;\">Hinshaw (HMC 1875)<\/td>\n<td style=\"height: 25px;\">PD<\/td>\n<\/tr>\n<tr style=\"height: 25px;\">\n<td style=\"height: 25px;\">Parce Domine (SATB)<\/td>\n<td style=\"height: 25px;\">Nowowiejski, F\u00e9lix<\/td>\n<td style=\"height: 25px;\">Colla Voz (39-20105)<\/td>\n<td style=\"height: 25px;\">1<\/td>\n<\/tr>\n<tr style=\"height: 25px;\">\n<td style=\"height: 25px;\">Salmo 1 (SSATB, piano\/\u00f3rgano)<\/td>\n<td style=\"height: 25px;\">Carter, Nathan<\/td>\n<td style=\"height: 25px;\">GIA (6024)<\/td>\n<td style=\"height: 25px;\">C<\/td>\n<\/tr>\n<tr style=\"height: 25px;\">\n<td style=\"height: 25px;\">Salmo 1 (SSATB, piano\/\u00f3rgano)<\/td>\n<td style=\"height: 25px;\">Carter, Nathan<\/td>\n<td style=\"height: 25px;\">GIA (6024)<\/td>\n<td style=\"height: 25px;\">C<\/td>\n<\/tr>\n<tr style=\"height: 25px;\">\n<td style=\"height: 25px;\">Salmo de Confesi\u00f3n, A (SATB, Teclado, Opci\u00f3n Solo)<\/td>\n<td style=\"height: 25px;\">Hopson, Hal H.<\/td>\n<td style=\"height: 25px;\">Augsburgo<\/td>\n<td style=\"height: 25px;\">A, PD<\/td>\n<\/tr>\n<tr style=\"height: 25px;\">\n<td style=\"height: 25px;\">Purif\u00edcame, oh Se\u00f1or (SATB)<\/td>\n<td style=\"height: 25px;\">Tallis, Thomas<\/td>\n<td style=\"height: 25px;\">Oxford (9780193521339)<\/td>\n<td style=\"height: 25px;\">UN<\/td>\n<\/tr>\n<tr style=\"height: 25px;\">\n<td style=\"height: 25px;\">Restaura mi alma (SATB, teclado)<\/td>\n<td style=\"height: 25px;\">PowellRobert J.<\/td>\n<td style=\"height: 25px;\">St. James Press<\/td>\n<td style=\"height: 25px;\">PD<\/td>\n<\/tr>\n<tr style=\"height: 25px;\">\n<td style=\"height: 25px;\">Regreso al Se\u00f1or (TTBB, Teclado)<\/td>\n<td style=\"height: 25px;\">Gerike, Enrique V.<\/td>\n<td style=\"height: 25px;\">Concordia<\/td>\n<td style=\"height: 25px;\">1,A<\/td>\n<\/tr>\n<tr style=\"height: 25px;\">\n<td style=\"height: 25px;\">Vuelve al Se\u00f1or, tu Dios (SATB, Teclado)<\/td>\n<td style=\"height: 25px;\">Gerike, Enrique V.<\/td>\n<td style=\"height: 25px;\">Concordia<\/td>\n<td style=\"height: 25px;\">PD<\/td>\n<\/tr>\n<tr style=\"height: 25px;\">\n<td style=\"height: 25px;\">Sacrificio, El (SAB, \u00d3rgano)<\/td>\n<td style=\"height: 25px;\">Shepard, Ricardo<\/td>\n<td style=\"height: 25px;\">St. James Press<\/td>\n<td style=\"height: 25px;\">PD<\/td>\n<\/tr>\n<tr style=\"height: 25px;\">\n<td style=\"height: 25px;\">Aparta tu rostro de mis pecados (SATB)<\/td>\n<td style=\"height: 25px;\">Atwood, Thomas<\/td>\n<td style=\"height: 25px;\">GIA (RCL26)<\/td>\n<td style=\"height: 25px;\">PD<\/td>\n<\/tr>\n<tr style=\"height: 49px;\">\n<td style=\"height: 49px;\">Aparta tu rostro de mis pecados (SATB)<\/td>\n<td style=\"height: 49px;\">Atwood, Thomas<\/td>\n<td style=\"height: 49px;\">Oxford (9780193531093) en \u201cThe New Church Anthem Book\u201d<\/td>\n<td style=\"height: 49px;\">PD<\/td>\n<\/tr>\n<tr style=\"height: 49px;\">\n<td style=\"height: 49px;\">L\u00e1vame a fondo (SATB, \u00d3rgano)<\/td>\n<td style=\"height: 49px;\">Wesley, Samuel Sebasti\u00e1n<\/td>\n<td style=\"height: 49px;\">Oxford (9780193368415)en \u201cM\u00fasica de iglesia inglesa\u201d<\/td>\n<td style=\"height: 49px;\">UN<\/td>\n<\/tr>\n<tr style=\"height: 25px;\">\n<td style=\"height: 25px;\">L\u00e1vame de cabo a rabo (SATB, opcional con campanas de mano)<\/td>\n<td style=\"height: 25px;\">Pedro Hallock<\/td>\n<td style=\"height: 25px;\">Artes j\u00f3nicas (CH-1014)<\/td>\n<td style=\"height: 25px;\">PD,A<\/td>\n<\/tr>\n<\/tbody>\n<\/table>","protected":false},"excerpt":{"rendered":"<p>Choral Anthems Title (Voicing) Composer\/Arranger Publisher (Item #) Usage Attende Domine (SAB) Proulx Richard Aureole (AE61) PS Attende Domine (SATB) Osterhagen, John Cantica Nova (5004) PS Be Merciful, O God (SAB, Organ) Ferris, William Paraclete (PPM09814) PS Blessed Are They (SATB, Organ, opt. Flute) Jennings, Carolyn Choristers Guild (CGA 896) C Cast Me Not Away [&hellip;]<\/p>\n","protected":false},"author":6628,"featured_media":0,"parent":0,"menu_order":0,"comment_status":"closed","ping_status":"closed","template":"","meta":{"_acf_changed":false,"footnotes":""},"class_list":["post-4853","page","type-page","status-publish","hentry"],"acf":[],"_links":{"self":[{"href":"https:\/\/npm.org\/es\/wp-json\/wp\/v2\/pages\/4853"}],"collection":[{"href":"https:\/\/npm.org\/es\/wp-json\/wp\/v2\/pages"}],"about":[{"href":"https:\/\/npm.org\/es\/wp-json\/wp\/v2\/types\/page"}],"author":[{"embeddable":true,"href":"https:\/\/npm.org\/es\/wp-json\/wp\/v2\/users\/6628"}],"replies":[{"embeddable":true,"href":"https:\/\/npm.org\/es\/wp-json\/wp\/v2\/comments?post=4853"}],"version-history":[{"count":0,"href":"https:\/\/npm.org\/es\/wp-json\/wp\/v2\/pages\/4853\/revisions"}],"wp:attachment":[{"href":"https:\/\/npm.org\/es\/wp-json\/wp\/v2\/media?parent=4853"}],"curies":[{"name":"gracias","href":"https:\/\/api.w.org\/{rel}","templated":true}]}}