{"id":4846,"date":"2017-11-08T17:48:49","date_gmt":"2017-11-08T17:48:49","guid":{"rendered":"https:\/\/npm.org\/?page_id=4846"},"modified":"2022-02-09T15:44:26","modified_gmt":"2022-02-09T15:44:26","slug":"choral-anthems-sixth-sunday-in-ordinary-time-c-lectionary-78","status":"publish","type":"page","link":"https:\/\/npm.org\/es\/choral-anthems-sixth-sunday-in-ordinary-time-c-lectionary-78\/","title":{"rendered":"Himnos corales - VI domingo del tiempo ordinario (C)"},"content":{"rendered":"<p><strong>Himnos corales<\/strong><\/p>\n<table style=\"width: 100%;\" border=\"1\" width=\"100%\">\n<tbody>\n<tr>\n<td width=\"456\"><strong>T\u00edtulo (Voicing)<\/strong><\/td>\n<td width=\"187\"><strong>Compositor \/ Arreglista<\/strong><\/td>\n<td width=\"187\"><strong>Editor (art\u00edculo #)<\/strong><\/td>\n<td width=\"103\"><strong>Uso<\/strong><\/td>\n<\/tr>\n<tr>\n<td>Como \u00e1rboles junto a las aguas (SAB, teclado, 4 campanas de mano)<\/td>\n<td>Genial, Jayne Southwick<\/td>\n<td>Augsburgo<\/td>\n<td>PD<\/td>\n<\/tr>\n<tr>\n<td>Bienaventuranzas, El (SATB, \u00d3rgano)<\/td>\n<td>Callahan, Carlos<\/td>\n<td>Concordia (98-3760)<\/td>\n<td>GRAMO<\/td>\n<\/tr>\n<tr>\n<td>Beatus vir qui non abiit (SATB, opt. Teclado\/\u00d3rgano)<\/td>\n<td>Hassler, Hans Leo<\/td>\n<td>Alejandro Broude<\/td>\n<td>PD<\/td>\n<\/tr>\n<tr>\n<td>Beato Vir, Op. 96A (SSATB)<\/td>\n<td>Holmboe, Vagn<\/td>\n<td>Walton<\/td>\n<td>PD<\/td>\n<\/tr>\n<tr>\n<td>Benditos sean (Alto Solo, SATB, \u00d3rgano)<\/td>\n<td>Wilkinson, Scott<\/td>\n<td>Mentor (M605)<\/td>\n<td>GRAMO<\/td>\n<\/tr>\n<tr>\n<td>Bienaventurados ellos (SATB, teclado)<\/td>\n<td>Blanco, Jack Noble<\/td>\n<td>Brookfield (08743584)<\/td>\n<td>GRAMO<\/td>\n<\/tr>\n<tr>\n<td>Benditos sean (SATB, \u00d3rgano, flauta opcional)<\/td>\n<td>Jennings, Carolyn<\/td>\n<td>Gremio de Coristas (CGA 896)<\/td>\n<td>PD<\/td>\n<\/tr>\n<tr>\n<td>Bienaventurados ellos (Un\u00edsono, opt. 2 partes, teclado)<\/td>\n<td>Leavitt, John<\/td>\n<td>Concordia<\/td>\n<td>GRAMO<\/td>\n<\/tr>\n<tr>\n<td>Bienaventurados los que caminan por senderos de paz (SAB, piano)<\/td>\n<td>Carter, Juan<\/td>\n<td>Augsburgo (9780800675103)<\/td>\n<td>GRAMO<\/td>\n<\/tr>\n<tr>\n<td>Bienaventurado aquel que no anda por el camino de los malvados (SA, \u00d3rgano)<\/td>\n<td>Sch\u00fctz, Heinrich<\/td>\n<td>M\u00fasica de Brodt<\/td>\n<td>PD<\/td>\n<\/tr>\n<tr>\n<td>Bienaventurado aquel que no anda por el camino de los malvados (SA, \u00d3rgano)<\/td>\n<td>Sch\u00fctz, Heinrich<\/td>\n<td>Concordia<\/td>\n<td>PD<\/td>\n<\/tr>\n<tr>\n<td>Bendito sea el hombre (SAB, teclado\/\u00f3rgano)<\/td>\n<td>Glarum, L.Stanley<\/td>\n<td>G. Schirmer<\/td>\n<td>1<\/td>\n<\/tr>\n<tr>\n<td>Bendito sea el hombre (SATB, teclado)<\/td>\n<td>marshall, jane m.<\/td>\n<td>Hinshaw (HMC627)<\/td>\n<td>PD<\/td>\n<\/tr>\n<tr>\n<td>Bendito sea el hombre (SATB, teclado\/\u00f3rgano)<\/td>\n<td>Glarum, L.Stanley<\/td>\n<td>G. Schirmer<\/td>\n<td>1<\/td>\n<\/tr>\n<tr>\n<td>Bendito sea el hombre (SATB, \u00f3rgano)<\/td>\n<td>En guerra, Peter<\/td>\n<td>CE Schirmer<\/td>\n<td>PD<\/td>\n<\/tr>\n<tr>\n<td>Bendito sea el hombre (SSA, teclado\/\u00f3rgano)<\/td>\n<td>Glarum, L.Stanley<\/td>\n<td>G. Schirmer<\/td>\n<td>1<\/td>\n<\/tr>\n<tr>\n<td>Bendito sea el hombre (SSAB, teclado\/\u00f3rgano)<\/td>\n<td>Mayordomo, Eugene<\/td>\n<td>Prensa Cambiata (C-97203)<\/td>\n<td>PD<\/td>\n<\/tr>\n<tr>\n<td>Bendito sea el hombre (TTBB, teclado\/\u00f3rgano)<\/td>\n<td>Mayordomo, Eugene<\/td>\n<td>Prensa Cambiata (C-97564)<\/td>\n<td>PD<\/td>\n<\/tr>\n<tr>\n<td>Bendito sea el hombre (Un\u00edsono, \u00d3rgano)<\/td>\n<td>joven, gordon<\/td>\n<td>Theodore Presser<\/td>\n<td>PD<\/td>\n<\/tr>\n<tr>\n<td>Bendito el hombre de la \u201cVigilia nocturna\u201d en \u201cCanciones de la Iglesia\u201d (SATB, divisi)<\/td>\n<td>Rachmaninoff, Sergei<\/td>\n<td>Gris HW (GB640)<\/td>\n<td>GRAMO<\/td>\n<\/tr>\n<tr>\n<td>Bendito el hombre de la \u201cVigilia nocturna\u201d en \u201cCanciones de la Iglesia\u201d (SATB, divisi)<\/td>\n<td>Rachmaninoff, Sergei<\/td>\n<td>Gris HW (GB640)<\/td>\n<td>PD<\/td>\n<\/tr>\n<tr>\n<td>Bienaventurado el hombre que conf\u00eda en Jehov\u00e1 (SATB)<\/td>\n<td>Hovhaness, Alan<\/td>\n<td>Asociado<\/td>\n<td>1<\/td>\n<\/tr>\n<tr>\n<td>Bienaventurados los que conf\u00edan en el Se\u00f1or (SA o TB, Teclado)<\/td>\n<td>Keeseeker, Thomas<\/td>\n<td>Concordia<\/td>\n<td>1<\/td>\n<\/tr>\n<tr>\n<td>Bendito sea el hombre (SSA, teclado\/\u00f3rgano opcional)<\/td>\n<td>di Lasso, Orlando<\/td>\n<td>Augsburgo<\/td>\n<td>PD<\/td>\n<\/tr>\n<tr>\n<td>Cristo resucitado (ATTB, teclado)<\/td>\n<td>Sheppard, Juan<\/td>\n<td>CPDL<\/td>\n<td>2<\/td>\n<\/tr>\n<tr>\n<td>Himno de Pascua (SATB)<\/td>\n<td>Billings, Guillermo<\/td>\n<td>G. Schirmer (OC9949)<\/td>\n<td>2<\/td>\n<\/tr>\n<tr>\n<td>Porque tanto am\u00f3 Dios al mundo (SAB)<\/td>\n<td>Distler, Hugo<\/td>\n<td>Concordia (98-2239)<\/td>\n<td>C<\/td>\n<\/tr>\n<tr>\n<td>Porque tanto am\u00f3 Dios al mundo (SATB)<\/td>\n<td>Martinson, Joel<\/td>\n<td>Sela (410-546)<\/td>\n<td>C<\/td>\n<\/tr>\n<tr>\n<td>Porque tanto am\u00f3 Dios al mundo (SATT(Bar.)B)<\/td>\n<td>Sch\u00fctz, Heinrich<\/td>\n<td>Concordia<\/td>\n<td>C<\/td>\n<\/tr>\n<tr>\n<td>Danos un coraz\u00f3n puro (SATB, \u00d3rgano)<\/td>\n<td>Willcock, Crist\u00f3bal<\/td>\n<td>Trinitas (4529)<\/td>\n<td>GRAMO<\/td>\n<\/tr>\n<tr>\n<td>Dios am\u00f3 tanto al mundo (SA, teclado)<\/td>\n<td>Martinson, Joel<\/td>\n<td>Concordia<\/td>\n<td>C<\/td>\n<\/tr>\n<tr>\n<td>Tanto am\u00f3 Dios al mundo (SAB)<\/td>\n<td>Goemanne, Noel<\/td>\n<td>GIA (7824)<\/td>\n<td>C<\/td>\n<\/tr>\n<tr>\n<td>Tanto am\u00f3 Dios al mundo (SAB)<\/td>\n<td>Stainer, Juan<\/td>\n<td>G. Schirmer (OC10085)<\/td>\n<td>C<\/td>\n<\/tr>\n<tr>\n<td>Tanto am\u00f3 Dios al mundo (SAB, teclado)<\/td>\n<td>Carter, Juan<\/td>\n<td>Beckenhorst (BP 1665)<\/td>\n<td>C<\/td>\n<\/tr>\n<tr>\n<td>Tanto am\u00f3 Dios al mundo (SATB)<\/td>\n<td>Stainer, Juan<\/td>\n<td>G. Schirmer (OC3798)<\/td>\n<td>C<\/td>\n<\/tr>\n<tr>\n<td>Tanto am\u00f3 Dios al mundo (SATB)<\/td>\n<td>SadowskiKevin J.<\/td>\n<td>Concordia<\/td>\n<td>C<\/td>\n<\/tr>\n<tr>\n<td>Tanto am\u00f3 Dios al mundo (SATB, Sop Solo)<\/td>\n<td>Chilcott, Bob<\/td>\n<td>Oxford (9780193432765)<\/td>\n<td>C<\/td>\n<\/tr>\n<tr>\n<td>Tanto am\u00f3 Dios al mundo (Un\u00edsono, Teclado, Guitarra)<\/td>\n<td>Englert, Eugene<\/td>\n<td>GIA (5713)<\/td>\n<td>C<\/td>\n<\/tr>\n<tr>\n<td>Dios am\u00f3 tanto al mundo (Un\u00edsono\/2 partes, teclado, opcional flauta o viol\u00edn)<\/td>\n<td>Horman, John D.<\/td>\n<td>Gremio de Coristas (CGA 447)<\/td>\n<td>C<\/td>\n<\/tr>\n<tr>\n<td>Felices los pobres (2 partes, teclado)<\/td>\n<td>Jones, Hilton Kean<\/td>\n<td>Concordia<\/td>\n<td>GRAMO<\/td>\n<\/tr>\n<tr>\n<td>Felices los que se deleitan (Un\u00edsono, \u00d3rgano, Flauta, Cuarteto de cuerdas opcional)<\/td>\n<td>Hillert, Richard<\/td>\n<td>GIA (4259)<\/td>\n<td>PD<\/td>\n<\/tr>\n<tr>\n<td>Bienaventurado el hombre que teme al Se\u00f1or (Al un\u00edsono, \u00f3rgano, oboe, flauta)<\/td>\n<td>Proulx, Richard<\/td>\n<td>Augsburgo<\/td>\n<td>PD<\/td>\n<\/tr>\n<tr>\n<td>En ti, Se\u00f1or (SATB, teclado\/\u00f3rgano)<\/td>\n<td>Glarum, L.Stanley<\/td>\n<td>Compa\u00f1\u00eda de m\u00fasica Bourne.<\/td>\n<td>mi<\/td>\n<\/tr>\n<tr>\n<td>En ti, oh Se\u00f1or, pongo mi confianza (SATB, teclado)<\/td>\n<td>Roff, Jos\u00e9<\/td>\n<td>palmama<\/td>\n<td>mi<\/td>\n<\/tr>\n<tr>\n<td>En ti, oh Se\u00f1or, pongo mi confianza (Un\u00edsono, teclado)<\/td>\n<td>doblador, enero<\/td>\n<td>Augsburgo<\/td>\n<td>mi<\/td>\n<\/tr>\n<tr>\n<td>Jes\u00fas dulcis memoria (SATB)<\/td>\n<td>Giles, Randall<\/td>\n<td>Par\u00e1clito (PPM00213)<\/td>\n<td>GRAMO<\/td>\n<\/tr>\n<tr>\n<td>Jes\u00fas dulcis memoria (SATB)<\/td>\n<td>N\u00e9stor, Le\u00f3n<\/td>\n<td>CE Schirmer (5161)<\/td>\n<td>GRAMO<\/td>\n<\/tr>\n<tr>\n<td>Jes\u00fas dulcis memoria (SATB)<\/td>\n<td>Victoria, Tom\u00e1s Luis de<\/td>\n<td>CPDL<\/td>\n<td>GRAMO<\/td>\n<\/tr>\n<tr>\n<td>Jes\u00fas, dulcis memoria (SATB)<\/td>\n<td>Sotavento. Antonio<\/td>\n<td>Par\u00e1clito (PPM09611)<\/td>\n<td>GRAMO<\/td>\n<\/tr>\n<tr>\n<td>Jes\u00fas, el mismo pensamiento de ti (SATB)<\/td>\n<td>Proulx, Richard<\/td>\n<td>GIA (2056)<\/td>\n<td>GRAMO<\/td>\n<\/tr>\n<tr>\n<td>Jes\u00fas, el mismo pensamiento de ti (SATB)<\/td>\n<td>Victoria, Tom\u00e1s Luis de<\/td>\n<td>Oxford (0193533189) en \u201cLibro de himnos de Oxford Easy\u201d<\/td>\n<td>2<\/td>\n<\/tr>\n<tr>\n<td>Jes\u00fas, el mismo pensamiento de ti (SATB, teclado)<\/td>\n<td>Wetzler, Robert<\/td>\n<td>Prensa de M\u00fasica Sacra (AM438)<\/td>\n<td>GRAMO<\/td>\n<\/tr>\n<tr>\n<td>Jes\u00fas, el mismo pensamiento de ti (SATB, \u00d3rgano)<\/td>\n<td>Cerca, Gerald<\/td>\n<td>Aureola (AE047)<\/td>\n<td>GRAMO<\/td>\n<\/tr>\n<tr>\n<td>Jes\u00fas, el solo pensar en ti (SATB, \u00d3rgano, instrumento en C opcional)<\/td>\n<td>Ashdown, Franklin D.<\/td>\n<td>Augsburgo (9780800657505)<\/td>\n<td>2<\/td>\n<\/tr>\n<tr>\n<td>Oh Se\u00f1or, en ti pongo mi confianza (SATB, \u00f3rgano)<\/td>\n<td>Milner, Arturo<\/td>\n<td>Novello (084056X) en \u201cEn sus atrios con alabanza\u201d<\/td>\n<td>mi<\/td>\n<\/tr>\n<tr>\n<td>La Pasi\u00f3n de Judas: Bienaventurado el hombre (SATB, \u00d3rgano)<\/td>\n<td>Pinkham, Daniel<\/td>\n<td>CE Schirmer (3033)<\/td>\n<td>PD<\/td>\n<\/tr>\n<tr>\n<td>Salmo 1 (SATB)<\/td>\n<td>El Estocart, Pascal de<\/td>\n<td>Leeds<\/td>\n<td>PD<\/td>\n<\/tr>\n<tr>\n<td>Salmo 1 (SATB, teclado\/\u00f3rgano)<\/td>\n<td>Burgu\u00e9s, Luis<\/td>\n<td>Theodore Presser<\/td>\n<td>PD<\/td>\n<\/tr>\n<tr>\n<td>Salmo 1 (SSAATB, piano\/\u00f3rgano)<\/td>\n<td>Carter, Nathan<\/td>\n<td>GIA (6024)<\/td>\n<td>PD<\/td>\n<\/tr>\n<tr>\n<td>Cristo Resucitado, El (SATB, \u00d3rgano\/Teclado)<\/td>\n<td>Noble, Tercio T.<\/td>\n<td>HW gris<\/td>\n<td>2<\/td>\n<\/tr>\n<\/tbody>\n<\/table>","protected":false},"excerpt":{"rendered":"<p>Choral Anthems Title (Voicing) Composer\/Arranger Publisher (Item #) Usage As Trees by the Waters (SAB, Keyboard, 4 Handbells) Cool, Jayne Southwick Augsburg PS Beatitudes, The (SATB, Organ) Callahan, Charles Concordia (98-3760) G Beatus vir qui non abiit (SATB, opt. Keyboard\/Organ) Hassler, Hans Leo Alexander Broude PS Beatus vir, Op. 96A (SSATB) Holmboe, Vagn Walton PS [&hellip;]<\/p>\n","protected":false},"author":6628,"featured_media":0,"parent":0,"menu_order":0,"comment_status":"closed","ping_status":"closed","template":"","meta":{"_acf_changed":false,"footnotes":""},"class_list":["post-4846","page","type-page","status-publish","hentry"],"acf":[],"_links":{"self":[{"href":"https:\/\/npm.org\/es\/wp-json\/wp\/v2\/pages\/4846"}],"collection":[{"href":"https:\/\/npm.org\/es\/wp-json\/wp\/v2\/pages"}],"about":[{"href":"https:\/\/npm.org\/es\/wp-json\/wp\/v2\/types\/page"}],"author":[{"embeddable":true,"href":"https:\/\/npm.org\/es\/wp-json\/wp\/v2\/users\/6628"}],"replies":[{"embeddable":true,"href":"https:\/\/npm.org\/es\/wp-json\/wp\/v2\/comments?post=4846"}],"version-history":[{"count":1,"href":"https:\/\/npm.org\/es\/wp-json\/wp\/v2\/pages\/4846\/revisions"}],"predecessor-version":[{"id":18985,"href":"https:\/\/npm.org\/es\/wp-json\/wp\/v2\/pages\/4846\/revisions\/18985"}],"wp:attachment":[{"href":"https:\/\/npm.org\/es\/wp-json\/wp\/v2\/media?parent=4846"}],"curies":[{"name":"gracias","href":"https:\/\/api.w.org\/{rel}","templated":true}]}}