{"id":4837,"date":"2017-11-08T17:45:35","date_gmt":"2017-11-08T17:45:35","guid":{"rendered":"https:\/\/npm.org\/?page_id=4837"},"modified":"2020-06-21T18:20:11","modified_gmt":"2020-06-21T18:20:11","slug":"choral-anthems-third-sunday-in-ordinary-time-c-lectionary-69","status":"publish","type":"page","link":"https:\/\/npm.org\/es\/choral-anthems-third-sunday-in-ordinary-time-c-lectionary-69\/","title":{"rendered":"Himnos corales - 3er domingo del tiempo ordinario (C)"},"content":{"rendered":"<p><strong>Himnos corales<\/strong><\/p>\n<table style=\"width: 100%;\" border=\"1\" width=\"100%\">\n<tbody>\n<tr>\n<td width=\"456\"><strong>T\u00edtulo (Voicing)<\/strong><\/td>\n<td width=\"187\"><strong>Compositor \/ Arreglista<\/strong><\/td>\n<td width=\"187\"><strong>Editor (art\u00edculo #)<\/strong><\/td>\n<td width=\"103\"><strong>Uso<\/strong><\/td>\n<\/tr>\n<tr>\n<td>Todos los que creen y son bautizados (SATB, teclado)<\/td>\n<td>Bach, Juan Sebasti\u00e1n<\/td>\n<td>Augsburgo (080065854X) en \u201cBach para todas las estaciones\u201d<\/td>\n<td>GRAMO<\/td>\n<\/tr>\n<tr>\n<td>\u00a1Aleluya! Cantad al Se\u00f1or un c\u00e1ntico nuevo (SATB, 2 violines, viola, continuuo)<\/td>\n<td>Telemann, Georg Philipp<\/td>\n<td>Augsburgo<\/td>\n<td>mi<\/td>\n<\/tr>\n<tr>\n<td>Cantate Domin\u00f3 (SAB)<\/td>\n<td>Cruger, Johann<\/td>\n<td>CPDL<\/td>\n<td>mi<\/td>\n<\/tr>\n<tr>\n<td>Cantate Domin\u00f3 (SATB)<\/td>\n<td>Pitoni, Giuseppe Octavio<\/td>\n<td>CPDL<\/td>\n<td>mi<\/td>\n<\/tr>\n<tr>\n<td>Cantate Domin\u00f3 (SATB)<\/td>\n<td>Vecchi, Orazio<\/td>\n<td>Carus-Verlag (CV01.628\/00)<\/td>\n<td>mi<\/td>\n<\/tr>\n<tr>\n<td>Cantate Domin\u00f3 (SATB)<\/td>\n<td>Croce, Juan<\/td>\n<td>puntuaciones-libres.com<\/td>\n<td>mi<\/td>\n<\/tr>\n<tr>\n<td>Cantate Domin\u00f3 (SATB)<\/td>\n<td>ChepponisJames J.<\/td>\n<td>GIA (5947)<\/td>\n<td>mi<\/td>\n<\/tr>\n<tr>\n<td>Cantate Domin\u00f3 (SATB)<\/td>\n<td>Croce, Juan<\/td>\n<td>G. Schirmer (GS31337)<\/td>\n<td>mi<\/td>\n<\/tr>\n<tr>\n<td>Cantate Domin\u00f3 (SATB)<\/td>\n<td>Croce, Juan<\/td>\n<td>Arista (AE 199)<\/td>\n<td>mi<\/td>\n<\/tr>\n<tr>\n<td>Cantate Domin\u00f3 (SATB)<\/td>\n<td>Hassler, Hans Leo<\/td>\n<td>Chester (JWC 55107) en \u201cEl libro de motetes de Chester-Vol. 4\u201d<\/td>\n<td>mi<\/td>\n<\/tr>\n<tr>\n<td>Cantate Domin\u00f3 (SATB)<\/td>\n<td>Hassler, Hans Leo<\/td>\n<td>CE Schirmer (2979)<\/td>\n<td>mi<\/td>\n<\/tr>\n<tr>\n<td>Cantate Domin\u00f3 (SATB)<\/td>\n<td>Hassler, Hans Leo<\/td>\n<td>GIA (2878)<\/td>\n<td>mi<\/td>\n<\/tr>\n<tr>\n<td>Cantate Domin\u00f3 (SATB)<\/td>\n<td>Viadana, Ludovico da<\/td>\n<td>Banco Annie (ABB0034-1)<\/td>\n<td>mi<\/td>\n<\/tr>\n<tr>\n<td>Cantate Domino (SATB, \u00d3rgano o Teclado)<\/td>\n<td>Berger, Jean<\/td>\n<td>Concordia<\/td>\n<td>mi<\/td>\n<\/tr>\n<tr>\n<td>Cantate Domin\u00f3 (SSAA)<\/td>\n<td>Hassler, Hans Leo\/Bement, Gwynn S. arreglo.<\/td>\n<td>CE Schirmer (1887)<\/td>\n<td>mi<\/td>\n<\/tr>\n<tr>\n<td>Cantate Domin\u00f3 (SSAT\/ATBB)<\/td>\n<td>Hassler, Hans Leo<\/td>\n<td>CPDL<\/td>\n<td>mi<\/td>\n<\/tr>\n<tr>\n<td>Cantate Domin\u00f3 (SSATB)<\/td>\n<td>Sweelinck, Jan Pieterszoon<\/td>\n<td>G. Schirmer (12102)<\/td>\n<td>mi<\/td>\n<\/tr>\n<tr>\n<td>Cantate Domin\u00f3 (SSATB)<\/td>\n<td>Sweelinck, Jan Pieterszoon<\/td>\n<td>Walton (6029)<\/td>\n<td>mi<\/td>\n<\/tr>\n<tr>\n<td>Cantate Domin\u00f3 (SSATTB)<\/td>\n<td>Gabrielli, Giovanni<\/td>\n<td>Walton (6048)<\/td>\n<td>mi<\/td>\n<\/tr>\n<tr>\n<td>Cantate Domin\u00f3 (SSATTBB)<\/td>\n<td>Kreutz, Robert E.<\/td>\n<td>WLP (004011)<\/td>\n<td>mi<\/td>\n<\/tr>\n<tr>\n<td>Cantate Domino omnis terra (SATB)<\/td>\n<td>Croce, Juan<\/td>\n<td>Arista (AE 199)<\/td>\n<td>mi<\/td>\n<\/tr>\n<tr>\n<td>Cantate Domino\/OO Cantad al Se\u00f1or (SSATB)<\/td>\n<td>Sweelinck, Jan Pieterszoon<\/td>\n<td>Concordia (98-1937)<\/td>\n<td>mi<\/td>\n<\/tr>\n<tr>\n<td>Cantate Domino\/O Canta a Dios Se\u00f1or (SATB)<\/td>\n<td>Hassler, Hans Leo<\/td>\n<td>Concordia (98-3147)<\/td>\n<td>mi<\/td>\n<\/tr>\n<tr>\n<td>Cantate Domino\/O Cantad al Se\u00f1or (SSATB)<\/td>\n<td>Sweelinck, Jan Pieterszoon<\/td>\n<td>Concordia (98-1937)<\/td>\n<td>mi<\/td>\n<\/tr>\n<tr>\n<td>Cantate Domino\/O, Canta al Se\u00f1or (SSATTB)<\/td>\n<td>Gabrielli, Giovanni<\/td>\n<td>Walton (6048)<\/td>\n<td>mi<\/td>\n<\/tr>\n<tr>\n<td>\u00a1Canta! Cantad al Se\u00f1or (SATB)<\/td>\n<td>Goemanne, Noel<\/td>\n<td>Prensa Shawnee (35002693) *<\/td>\n<td>mi<\/td>\n<\/tr>\n<tr>\n<td>Cantique de Jean Racine (SATB, teclado)<\/td>\n<td>Faure, Gabriel<\/td>\n<td>Oxford (97801934369540 en \u201cM\u00fasica Sacra Europea\u201d<\/td>\n<td>1<\/td>\n<\/tr>\n<tr>\n<td>Cantique de Jean Racine (SATB, teclado)<\/td>\n<td>Faure, Gabriel<\/td>\n<td>Oxford (97801934369540 en \u201cM\u00fasica Sacra Europea\u201d<\/td>\n<td>GRAMO<\/td>\n<\/tr>\n<tr>\n<td>Christ&#039;s Own Body (Uni\u00f3n\/2 partes, Teclado, opt. Campanillas)<\/td>\n<td>Tucker, Margarita<\/td>\n<td>Gremio de Coristas (CGA 801)<\/td>\n<td>2<\/td>\n<\/tr>\n<tr>\n<td>Christ&#039;s Own Body (Uni\u00f3n\/2 partes, Teclado, opt. Campanillas)<\/td>\n<td>Tucker, Margarita<\/td>\n<td>Gremio de Coristas (CGA 801)<\/td>\n<td>GRAMO<\/td>\n<\/tr>\n<tr>\n<td>Declarar Su Honor (SAB)<\/td>\n<td>Handel, George F.<\/td>\n<td>Concordia<\/td>\n<td>mi<\/td>\n<\/tr>\n<tr>\n<td>Buenas noticias (SATB, bar\u00edtono, \u00f3rgano)<\/td>\n<td>marshall, jane m.<\/td>\n<td>Carl Fischer (CM7758)<\/td>\n<td>GRAMO<\/td>\n<\/tr>\n<tr>\n<td>Salve al Ungido del Se\u00f1or (SAB, Teclado, Trompeta)<\/td>\n<td>doblador, marca<\/td>\n<td>Concordia (98-2888)<\/td>\n<td>GRAMO<\/td>\n<\/tr>\n<tr>\n<td>Dar\u00e9 gracias (SA, teclado)<\/td>\n<td>Hruby, Dolores<\/td>\n<td>Concordia<\/td>\n<td>PD<\/td>\n<\/tr>\n<tr>\n<td>Laetentur Caeli (SATB)<\/td>\n<td>Hassler, Hans Leo<\/td>\n<td>Chester (CH55107) en \u201cEl libro de motetes de Chester-Vol. 4\u201d<\/td>\n<td>mi<\/td>\n<\/tr>\n<tr>\n<td>Laetentur Caeli (TTBB)<\/td>\n<td>Hassler, Hans Leo<\/td>\n<td>Novello (380136NOV)<\/td>\n<td>mi<\/td>\n<\/tr>\n<tr>\n<td>Ley del Se\u00f1or, El (SATB, \u00d3rgano)<\/td>\n<td>Mathias, Guillermo H.<\/td>\n<td>Oxford (9780193392625) en \u201cHimnos de William Mathias\u201d<\/td>\n<td>PD<\/td>\n<\/tr>\n<tr>\n<td>Que se alegren los cielos (al un\u00edsono o en 2 partes, Kebyoard)<\/td>\n<td><\/td>\n<td><\/td>\n<td>mi<\/td>\n<\/tr>\n<tr>\n<td>Dejemos que el mundo entero quede asombrado (SAB)<\/td>\n<td>Handel, George F.<\/td>\n<td>Concordia (98-2473)<\/td>\n<td>mi<\/td>\n<\/tr>\n<tr>\n<td>Deja que las palabras de mi boca (SATB)<\/td>\n<td>Scott, K. Lee<\/td>\n<td>Concordia (98-2963)<\/td>\n<td>PD<\/td>\n<\/tr>\n<tr>\n<td>Deja que las palabras de mi boca (TTB, teclado)<\/td>\n<td>Purcell, Enrique<\/td>\n<td>Oxford<\/td>\n<td>PD<\/td>\n<\/tr>\n<tr>\n<td>Levanta tu voz (SATB)<\/td>\n<td>Sweelinck, Jan Pieterszoon<\/td>\n<td>GIA (5707)<\/td>\n<td>mi<\/td>\n<\/tr>\n<tr>\n<td>Que las palabras de mi boca (SATB, \u00d3rgano)<\/td>\n<td>Titcomb, Everett<\/td>\n<td>HW gris<\/td>\n<td>PD<\/td>\n<\/tr>\n<tr>\n<td>Espejo de la Eternidad (SATB)<\/td>\n<td>ChepponisJames J.<\/td>\n<td>GIA (4225)<\/td>\n<td>GRAMO<\/td>\n<\/tr>\n<tr>\n<td>Oh Dios de la Luz (SATB, Teclado)<\/td>\n<td>Rothermund, Melvin<\/td>\n<td>Concordia<\/td>\n<td>C<\/td>\n<\/tr>\n<tr>\n<td>Oh Dios, oh Se\u00f1or del Cielo y de la Tierra (SATB, \u00d3rgano, opt. Trompeta)<\/td>\n<td>doblador, enero<\/td>\n<td>Augsburgo<\/td>\n<td>GRAMO<\/td>\n<\/tr>\n<tr>\n<td>Oh Luz de Luz, Amor dado a luz en \u201cTres motetes\u201d, op. 252 (SATB, divisi\u00f3n)<\/td>\n<td>Stearns, Peter P\u00edndaro<\/td>\n<td>Par\u00e1clito (PPM09908)<\/td>\n<td>C<\/td>\n<\/tr>\n<tr>\n<td>O Cantad al Se\u00f1or un c\u00e1ntico nuevo (SSAA, \u00d3rgano)<\/td>\n<td>Martinson, Joel<\/td>\n<td>Par\u00e1clito (PPM09710)<\/td>\n<td>mi<\/td>\n<\/tr>\n<tr>\n<td>O Cantad al Se\u00f1or (SAB)<\/td>\n<td>Handel, George F.<\/td>\n<td>Gremio de coristas<\/td>\n<td>mi<\/td>\n<\/tr>\n<tr>\n<td>O Cantad al Se\u00f1or (SATB, \u00d3rgano)<\/td>\n<td>Ast\u00f3n, Pedro<\/td>\n<td>GIA (4185)<\/td>\n<td>mi<\/td>\n<\/tr>\n<tr>\n<td>O Cantad al Se\u00f1or (Un\u00edsono, Teclado)<\/td>\n<td>Bedford, Michael<\/td>\n<td>Gremio de Coristas (CGA 295)<\/td>\n<td>mi<\/td>\n<\/tr>\n<tr>\n<td>Oh, cantad al Se\u00f1or un c\u00e1ntico nuevo (SAB, \u00f3rgano opcional)<\/td>\n<td>Morley, Tom\u00e1s<\/td>\n<td>GIA (RAB8) en \u201cSeis sencillos himnos en tres partes\u201d<\/td>\n<td>mi<\/td>\n<\/tr>\n<tr>\n<td>Oh, cantad al Se\u00f1or una canci\u00f3n nueva (SATB, teclado de \u00f3rgano)<\/td>\n<td>doblador, enero<\/td>\n<td>Concordia<\/td>\n<td>mi<\/td>\n<\/tr>\n<tr>\n<td>Oh, cantad al Se\u00f1or una canci\u00f3n nueva (SATB, \u00f3rgano, cuerdas)<\/td>\n<td>Purcell, Enrique<\/td>\n<td>Oxford (9780193545502)<\/td>\n<td>mi<\/td>\n<\/tr>\n<tr>\n<td>Oh, cantad al Se\u00f1or, op. 29 (SATB, \u00d3rgano)<\/td>\n<td>Mathias, Guillermo H.<\/td>\n<td>Oxford (9780193655980)<\/td>\n<td>mi<\/td>\n<\/tr>\n<tr>\n<td>Alabad al Se\u00f1or (SATB, Piano)<\/td>\n<td>Saint Saens, Camille<\/td>\n<td>Boosey y Hawkes (M051419517)<\/td>\n<td>mi<\/td>\n<\/tr>\n<tr>\n<td>Proclama conmigo (SATB, opt. Trompeta, \u00d3rgano)<\/td>\n<td>Busarow, Donald<\/td>\n<td>Concordia (98-3127)<\/td>\n<td>C<\/td>\n<\/tr>\n<tr>\n<td>Salmo 96 (SATB, \u00d3rgano)<\/td>\n<td>Adler, Samuel<\/td>\n<td>G. Schirmer<\/td>\n<td>mi<\/td>\n<\/tr>\n<tr>\n<td>Schiru L&#039;adonai (SATB, \u00d3rgano, Percusi\u00f3n)<\/td>\n<td>Gottlieb, Jack<\/td>\n<td>Theodore Presser (312-40774)<\/td>\n<td>mi<\/td>\n<\/tr>\n<tr>\n<td>Devoci\u00f3n y respuesta silenciosas (SATB, piano)<\/td>\n<td>Bloch, Ernesto<\/td>\n<td>Hermanos Broude (BB179)<\/td>\n<td>PD<\/td>\n<\/tr>\n<tr>\n<td>Meditaci\u00f3n Silenciosa (SATB, \u00d3rgano)<\/td>\n<td>Gottlieb, Jack<\/td>\n<td>Theodore Presser (983009)<\/td>\n<td>PD<\/td>\n<\/tr>\n<tr>\n<td>Cantar una nueva canci\u00f3n (SATB)<\/td>\n<td>Kreutz, Robert E.<\/td>\n<td>Summy-abedul<\/td>\n<td>mi<\/td>\n<\/tr>\n<tr>\n<td>Cantar una nueva canci\u00f3n (SATB, flauta, bajo)<\/td>\n<td>Sch\u00fctz, Heinrich\/Jennings, Carolyn arr.<\/td>\n<td>Jubilar (SCHCH07601)<\/td>\n<td>mi<\/td>\n<\/tr>\n<tr>\n<td>Cantad al Se\u00f1or un c\u00e1ntico nuevo (2 partes, teclado)<\/td>\n<td>Bouman, Paul<\/td>\n<td>Sela (410-897)<\/td>\n<td>mi<\/td>\n<\/tr>\n<tr>\n<td>Cantad al Se\u00f1or un c\u00e1ntico nuevo (SATB, Coro de Ni\u00f1os, Campanillas, \u00d3rgano)<\/td>\n<td>Scott, K. Lee<\/td>\n<td>Concordia (98-3124)<\/td>\n<td>mi<\/td>\n<\/tr>\n<tr>\n<td>Cantad al Se\u00f1or Dios (Un\u00edsono, Teclado, Instrumento C)<\/td>\n<td>Pergolesi, Giovanni Battista\/Burkhardt, Michael arr.<\/td>\n<td>M\u00fasica de MonringStar (50-9451)<\/td>\n<td>mi<\/td>\n<\/tr>\n<tr>\n<td>Singet dem Herr nein neues Lied (SATB\/SATB, Continuo)<\/td>\n<td>Pachelbel, Johann<\/td>\n<td>Carus-Verlag (CV100805)<\/td>\n<td>mi<\/td>\n<\/tr>\n<tr>\n<td>Spirit of the Lord Come Down (SA(T)B, \u00d3rgano o Piano)<\/td>\n<td>Elgar, Eduardo<\/td>\n<td>Novello (NOV290216R)<\/td>\n<td>GRAMO<\/td>\n<\/tr>\n<tr>\n<td>Esp\u00edritu del Se\u00f1or, El (SATB, \u00d3rgano, opt. Flauta, Viol\u00edn, Quinteto de metales, Timbales)<\/td>\n<td>Stopford, Philip W.J.<\/td>\n<td>M\u00fasica MorningStar (50-2525)<\/td>\n<td>GRAMO<\/td>\n<\/tr>\n<tr>\n<td>Esp\u00edritu del Se\u00f1or, El (TTBB)<\/td>\n<td>Titcomb, Everett<\/td>\n<td>IMSLP<\/td>\n<td>GRAMO<\/td>\n<\/tr>\n<tr>\n<td>Tres Motetes: Laetentur caeli (SSA)<\/td>\n<td>Pinkham, Daniel<\/td>\n<td>CF Peters (P66709)<\/td>\n<td>mi<\/td>\n<\/tr>\n<tr>\n<td>Hostias tollitas (SATB, \u00d3rgano)<\/td>\n<td>Saint Saens, Camille<\/td>\n<td>CPDL<\/td>\n<td>mi<\/td>\n<\/tr>\n<tr>\n<td>Dos Piezas para Coro Infantil: Esp\u00edritu del Se\u00f1or, El (Un\u00edsono, Teclado, Campanillas)<\/td>\n<td>Weinhorst, Ricardo<\/td>\n<td>GIA (3364)<\/td>\n<td>GRAMO<\/td>\n<\/tr>\n<tr>\n<td>Somos el pueblo de Dios (SATB, piano)<\/td>\n<td>Helgen, John<\/td>\n<td>Kjos (8935)<\/td>\n<td>2<\/td>\n<\/tr>\n<tr>\n<td>Con la Ayuda del Esp\u00edritu del Se\u00f1or (Un\u00edsono o 2 Partes, Teclado)<\/td>\n<td>Genial, Jayne Southwick<\/td>\n<td>Gremio de Coristas (CGA 508)<\/td>\n<td>GRAMO<\/td>\n<\/tr>\n<\/tbody>\n<\/table>","protected":false},"excerpt":{"rendered":"<p>Choral Anthems Title (Voicing) Composer\/Arranger Publisher (Item #) Usage All Who Believe and are Baptized (SATB, Keyboard) Bach, Johann Sebastian Augsburg (080065854X)\u00a0in \u201cBach for All Seasons\u201d G Alleluia! Sing to the Lord a New Song (SATB, 2 Violins, Viola, Continuo) Telemann, Georg Philipp Augsburg E Cantate Domino (SAB) Cruger, Johannn CPDL E Cantate Domino (SATB) [&hellip;]<\/p>\n","protected":false},"author":6628,"featured_media":0,"parent":0,"menu_order":0,"comment_status":"closed","ping_status":"closed","template":"","meta":{"_acf_changed":false,"footnotes":""},"class_list":["post-4837","page","type-page","status-publish","hentry"],"acf":[],"_links":{"self":[{"href":"https:\/\/npm.org\/es\/wp-json\/wp\/v2\/pages\/4837"}],"collection":[{"href":"https:\/\/npm.org\/es\/wp-json\/wp\/v2\/pages"}],"about":[{"href":"https:\/\/npm.org\/es\/wp-json\/wp\/v2\/types\/page"}],"author":[{"embeddable":true,"href":"https:\/\/npm.org\/es\/wp-json\/wp\/v2\/users\/6628"}],"replies":[{"embeddable":true,"href":"https:\/\/npm.org\/es\/wp-json\/wp\/v2\/comments?post=4837"}],"version-history":[{"count":0,"href":"https:\/\/npm.org\/es\/wp-json\/wp\/v2\/pages\/4837\/revisions"}],"wp:attachment":[{"href":"https:\/\/npm.org\/es\/wp-json\/wp\/v2\/media?parent=4837"}],"curies":[{"name":"gracias","href":"https:\/\/api.w.org\/{rel}","templated":true}]}}