{"id":4801,"date":"2017-11-08T06:07:02","date_gmt":"2017-11-08T06:07:02","guid":{"rendered":"https:\/\/npm.org\/?page_id=4801"},"modified":"2021-03-03T17:17:02","modified_gmt":"2021-03-03T17:17:02","slug":"choral-anthems-year-c","status":"publish","type":"page","link":"https:\/\/npm.org\/es\/choral-anthems-year-c\/","title":{"rendered":"Proyecto de Himno Coral - A\u00f1o C"},"content":{"rendered":"<table border=\"0\" width=\"100%\" align=\"center\" bgcolor=\"#FFFFFF\">\r\n<tbody>\r\n<tr>\r\n<td bgcolor=\"#CCCCFF\" width=\"314\"><a href=\"https:\/\/npm.org\/es\/choral-anthems-first-sunday-of-advent-c-lectionary-3\/\">Primer Domingo de Adviento<\/a><br \/><a href=\"https:\/\/npm.org\/es\/second-sunday-of-advent-c-lectionary-6\/\">Segundo Domingo de Adviento<\/a><br \/><a href=\"https:\/\/npm.org\/es\/choral-anthems-solemnity-of-the-immaculate-conception-c\/\"> Solemnidad de la Inmaculada Concepci\u00f3n<\/a><br \/><a href=\"https:\/\/npm.org\/es\/choral-anthems-third-sunday-of-advent-c-lectionary-9\/\">Tercer domingo de Adviento<\/a><br \/><a href=\"https:\/\/npm.org\/es\/choral-anthems-fourth-sunday-of-advent-c-lectionary-12\/\">Cuarto Domingo de Adviento<\/a><\/td>\r\n<\/tr>\r\n<tr>\r\n<td bgcolor=\"#FFCCCC\" width=\"314\"><a href=\"https:\/\/npm.org\/es\/choral-anthems-vigil-of-the-nativity-c\/\">Vigilia de la Natividad<\/a><br \/><a href=\"https:\/\/npm.org\/es\/choral-anthems-december-24-vigil-of-the-nativity-lectionary-13-2\/\"> Solemnidad de la Medianoche de la Natividad<\/a><br \/><a href=\"https:\/\/npm.org\/es\/choral-anthems-solemnity-of-the-nativity-dawn-c\/\"> Solemnidad del Amanecer de la Natividad<\/a><br \/><a href=\"https:\/\/npm.org\/es\/choral-anthems-christmas-day-mass-year-a-b-c\/\"> Solemnidad del d\u00eda de la Natividad<\/a><br \/><a href=\"https:\/\/npm.org\/es\/choral-anthems-holy-family-c\/\">Sagrada Familia<\/a><br \/><a href=\"https:\/\/npm.org\/es\/choral-anthems-solemnity-of-mary-mother-of-god-c\/\"> Mar\u00eda, Madre de Dios<\/a><br \/><a href=\"https:\/\/npm.org\/es\/choral-anthems-solemnity-of-the-epiphany-c\/\"> Solemnidad de Epifan\u00eda<\/a><br \/><a href=\"https:\/\/npm.org\/es\/choral-anthems-baptism-of-the-lord-lectionary-21c\/\"> Bautismo del se\u00f1or<\/a><\/td>\r\n<\/tr>\r\n<tr>\r\n<td bgcolor=\"#CCFFCC\" width=\"314\"><a href=\"https:\/\/npm.org\/es\/choral-anthems-second-sunday-in-ordinary-time-c-lectionary-66\/\">2do domingo del tiempo ordinario<\/a><br \/><a href=\"https:\/\/npm.org\/es\/choral-anthems-third-sunday-in-ordinary-time-c-lectionary-69\/\"> 3er domingo del tiempo ordinario<\/a><br \/><a href=\"https:\/\/npm.org\/es\/choral-anthems-fourth-sunday-in-ordinary-time-c-lectionary-72\/\"> IV Domingo del Tiempo Ordinario<\/a><br \/><a href=\"https:\/\/npm.org\/es\/choral-anthems-presentation-c\/\">Presentaci\u00f3n<\/a><br \/><a href=\"https:\/\/npm.org\/es\/choral-anthems-fifth-sunday-in-ordinary-time-c-lectionary-75\/\"> V Domingo del Tiempo Ordinario<\/a><br \/><a href=\"https:\/\/npm.org\/es\/choral-anthems-sixth-sunday-in-ordinary-time-c-lectionary-78\/\"> VI Domingo del Tiempo Ordinario<\/a><br \/><a href=\"https:\/\/npm.org\/es\/choral-anthems-seventh-sunday-in-ordinary-time-c-lectionary-81\/\"> S\u00e9ptimo Domingo del Tiempo Ordinario<\/a><br \/><a href=\"https:\/\/npm.org\/es\/choral-anthems-eighth-sunday-in-ordinary-time-c\/\">VIII Domingo del Tiempo Ordinario<\/a><br \/><a href=\"https:\/\/npm.org\/es\/choral-anthems-9th-sunday-in-ordinary-time-c\/\">IX Domingo del Tiempo Ordinario<\/a><\/td>\r\n<\/tr>\r\n<tr>\r\n<td bgcolor=\"#FFCCFF\" width=\"314\"><a href=\"https:\/\/npm.org\/es\/choral-anthems-c-ash-wednesday-a-b-c-lectionary-219\/\">Mi\u00e9rcoles de ceniza<\/a><br \/><a href=\"https:\/\/npm.org\/es\/choral-anthems-first-sunday-of-lent-c-lectionary-24\/\"> 1er domingo de Cuaresma<\/a><br \/><a href=\"https:\/\/npm.org\/es\/choral-anthems-second-sunday-of-lent-c-lectionary-27\/\"> 2do domingo de Cuaresma<\/a><br \/><a href=\"https:\/\/npm.org\/es\/choral-anthems-third-sunday-of-lent-c-lectionary-30\/\"> 3er domingo de Cuaresma<\/a><br \/><a href=\"https:\/\/npm.org\/es\/choral-anthems-fourth-sunday-of-lent-c-lectionary-33\/\"> IV Domingo de Cuaresma<\/a><br \/><a href=\"https:\/\/npm.org\/es\/choral-anthems-fifth-sunday-of-lent-c-lectionary-36\/\"> 5to domingo de Cuaresma<\/a><\/td>\r\n<\/tr>\r\n<tr>\r\n<td width=\"314\"><a href=\"https:\/\/npm.org\/es\/choral-anthems-palm-sunday-of-the-passion-of-the-lord-c-lectionary-37c-38c\/\">Pasi\u00f3n \/ Domingo de Ramos<\/a><br \/><a href=\"https:\/\/npm.org\/es\/choral-anthems-holy-thursday-mass-of-the-lords-supper-c\/\"> Jueves Santo<\/a><br \/><a href=\"https:\/\/npm.org\/es\/choral-anthems-c-good-friday-celebration-of-the-lords-passion-a-b-c-lectionary-40\/\"> Buen viernes<\/a><br \/><a href=\"https:\/\/npm.org\/es\/choral-anthems-easter-vigil-c\/\"> S\u00e1bado Santo<\/a><br \/><a href=\"https:\/\/npm.org\/es\/choral-anthems-easter-day-c\/\"> d\u00eda de Pascua<\/a><br \/><a href=\"https:\/\/npm.org\/es\/choral-anthems-second-sunday-of-easterdivine-mercy-sunday-c-lectionary-45\/\"> 2do domingo de Pascua<\/a><br \/><a href=\"https:\/\/npm.org\/es\/choral-anthems-third-sunday-of-easter-c-lectionary-48\/\"> 3er domingo de Pascua<\/a><br \/><a href=\"https:\/\/npm.org\/es\/choral-anthems-fourth-sunday-of-easter-c-lectionary-51\/\"> 4to domingo de Pascua<\/a><br \/><a href=\"https:\/\/npm.org\/es\/choral-anthems-fifth-sunday-of-easter-c-lectionary-54\/\"> 5to domingo de Pascua<\/a><br \/><a href=\"https:\/\/npm.org\/es\/choral-anthems-sixth-sunday-of-easter-c-lectionary-57\/\"> VI Domingo de Pascua<\/a><br \/><a href=\"https:\/\/npm.org\/es\/choral-anthems-solemnity-of-the-ascension-c-lectionary-58\/\"> Ascensi\u00f3n<\/a><br \/><a href=\"https:\/\/npm.org\/es\/choral-anthems-seventh-sunday-of-easter-c-lectionary-61\/\"> 7mo domingo de Pascua<\/a><br \/><a href=\"https:\/\/npm.org\/es\/choral-anthems-c-solemnity-of-pentecost-a-b-c-lectionary-63c\/\"> Vigilia de Pentecost\u00e9s<\/a><br \/><a href=\"https:\/\/npm.org\/es\/choral-anthems-c-solemnity-of-pentecost-a-b-c-lectionary-63c\/\"> Pentecost\u00e9s<\/a><\/td>\r\n<\/tr>\r\n<tr>\r\n<td bgcolor=\"#CCFFCC\" width=\"314\"><a href=\"https:\/\/npm.org\/es\/choral-anthems-sunday-after-pentecost-the-most-holy-trinity-c-lectionary-166\/\">Trinidad<\/a><br \/><a href=\"https:\/\/npm.org\/es\/choral-anthems-the-most-holy-body-and-blood-of-christ-c-lectionary-169\/\"> Cuerpo y Sangre de Cristo<\/a><br \/><a href=\"https:\/\/npm.org\/es\/choral-anthems-eleventh-sunday-in-ordinary-time-c-lectionary-93\/\"> XI Domingo del Tiempo Ordinario<\/a><br \/><a href=\"https:\/\/npm.org\/es\/choral-anthems-twelfth-sunday-in-ordinary-time-lectionary-96\/\"> XII Domingo del Tiempo Ordinario<\/a><br \/><a href=\"https:\/\/npm.org\/es\/choral-anthems-thirteenth-sunday-in-ordinary-time-c-lectionary-99\/\"> XIII Domingo del Tiempo Ordinario<\/a><br \/><a href=\"https:\/\/npm.org\/es\/choral-anthems-fourteenth-sunday-in-ordinary-time-c-lectionary-102\/\"> XIV Domingo del Tiempo Ordinario<\/a><br \/><a href=\"https:\/\/npm.org\/es\/choral-anthems-fifteenth-sunday-in-ordinary-time-lectionary-105\/\"> XV Domingo del Tiempo Ordinario<\/a><br \/><a href=\"https:\/\/npm.org\/es\/choral-anthems-sixteenth-sunday-in-ordinary-time-c-lectionary-108\/\"> XVI Domingo del Tiempo Ordinario<\/a><br \/><a href=\"https:\/\/npm.org\/es\/choral-anthems-seventeenth-sunday-in-ordinary-time-c-lectionary-111\/\"> XVII Domingo del Tiempo Ordinario<\/a><br \/><a href=\"https:\/\/npm.org\/es\/choral-anthems-eighteenth-sunday-in-ordinary-time-c-lectionary-114\/\"> XVIII Domingo del Tiempo Ordinario<\/a><br \/><a href=\"https:\/\/npm.org\/es\/choral-anthems-transfiguration-lectionary-614c\/\"> Transfiguraci\u00f3n<\/a><br \/><a href=\"https:\/\/npm.org\/es\/choral-anthems-nineteenth-sunday-in-ordinary-time-c-lectionary-117\/\"> XIX Domingo del Tiempo Ordinario<\/a><br \/><a href=\"https:\/\/npm.org\/es\/choral-anthems-august-14-15-assumption-lectionary-621-622-2\/\"> Vigilia de la Asunci\u00f3n<\/a><br \/><a href=\"https:\/\/npm.org\/es\/choral-anthems-august-14-15-assumption-lectionary-621-622-2\/\">Solemnidad de la Asunci\u00f3n<\/a><br \/><a href=\"https:\/\/npm.org\/es\/choral-anthems-twentieth-sunday-in-ordinary-time-c-lectionary-120\/\"> XX Domingo del Tiempo Ordinario<\/a><br \/><a href=\"https:\/\/npm.org\/es\/choral-anthems-twenty-first-sunday-in-ordinary-time-c-lectionary-123\/\"> XXI Domingo del Tiempo Ordinario<\/a><br \/><a href=\"https:\/\/npm.org\/es\/choral-anthems-twenty-second-sunday-in-ordinary-time-c-lectionary-126\/\"> XXII Domingo del Tiempo Ordinario<\/a><br \/><a href=\"https:\/\/npm.org\/es\/choral-anthems-ordinary-time-23-c\/\"> XXIII Domingo del Tiempo Ordinario<\/a><br \/><a href=\"https:\/\/npm.org\/es\/choral-anthems-exaltation-of-the-holy-cross-lectionary-638-2\/\"> Exaltaci\u00f3n de la cruz<\/a><br \/><a href=\"https:\/\/npm.org\/es\/choral-anthems-twenty-fourth-sunday-in-ordinary-time-c-lectionary-132\/\"> XXIV Domingo del Tiempo Ordinario<\/a><br \/><a href=\"https:\/\/npm.org\/es\/choral-anthems-twenty-fifth-sunday-in-ordinary-time-c-lectionary-135\/\"> Vig\u00e9simo quinto domingo del tiempo ordinario<\/a><br \/><a href=\"https:\/\/npm.org\/es\/choral-anthems-twenty-sixth-sunday-in-ordinary-time-c-lectionary-138\/\"> XXVI Domingo del Tiempo Ordinario<\/a><br \/><a href=\"https:\/\/npm.org\/es\/choral-anthems-twenty-seventh-sunday-in-ordinary-time-lectionary-141\/\"> XXVII Domingo del Tiempo Ordinario<\/a><br \/><a href=\"https:\/\/npm.org\/es\/choral-anthems-twenty-eighth-sunday-in-ordinary-time-c-lectionary-144\/\"> XXVIII Domingo del Tiempo Ordinario<\/a><br \/><a href=\"https:\/\/npm.org\/es\/choral-anthems-all-saints-c\/\"> Todos los santos<\/a><br \/><a href=\"https:\/\/npm.org\/es\/choral-anthem-twenty-ninth-sunday-in-ordinary-time-lectionary-147\/\"> Vig\u00e9simo noveno domingo del tiempo ordinario<\/a><br \/><a href=\"https:\/\/npm.org\/es\/choral-anthems-thirtieth-sunday-in-ordinary-time-c-lectionary-150\/\"> Trig\u00e9simo domingo del tiempo ordinario<\/a><br \/><a href=\"https:\/\/npm.org\/es\/choral-anthems-thirty-first-sunday-in-ordinary-time-c-lectionary-153\/\"> XXXI domingo del tiempo ordinario<\/a><br \/><a href=\"https:\/\/npm.org\/es\/choral-anthems-thirty-second-sunday-in-ordinary-time-c-lectionary-156\/\"> 32o domingo del tiempo ordinario<\/a><br \/><a href=\"https:\/\/npm.org\/es\/choral-anthems-dedication-of-the-lateran-basilica-c\/\">Dedicaci\u00f3n de la Bas\u00edlica de Letr\u00e1n<\/a><br \/><a href=\"https:\/\/npm.org\/es\/choral-anthems-thirty-third-sunday-in-ordinary-time-c-lectionary-159\/\"> 33 \u00b0 domingo del tiempo ordinario<\/a><br \/><a href=\"https:\/\/npm.org\/es\/choral-anthems-last-sunday-in-ordinary-time-our-lord-jesus-christ-king-of-the-universe-c-lectionary-162\/\"> Cristo el rey<\/a><\/td>\r\n<\/tr>\r\n<\/tbody>\r\n<\/table>","protected":false},"excerpt":{"rendered":"","protected":false},"author":6628,"featured_media":0,"parent":0,"menu_order":0,"comment_status":"closed","ping_status":"closed","template":"","meta":{"_acf_changed":false,"footnotes":""},"class_list":["post-4801","page","type-page","status-publish","hentry"],"acf":[],"_links":{"self":[{"href":"https:\/\/npm.org\/es\/wp-json\/wp\/v2\/pages\/4801"}],"collection":[{"href":"https:\/\/npm.org\/es\/wp-json\/wp\/v2\/pages"}],"about":[{"href":"https:\/\/npm.org\/es\/wp-json\/wp\/v2\/types\/page"}],"author":[{"embeddable":true,"href":"https:\/\/npm.org\/es\/wp-json\/wp\/v2\/users\/6628"}],"replies":[{"embeddable":true,"href":"https:\/\/npm.org\/es\/wp-json\/wp\/v2\/comments?post=4801"}],"version-history":[{"count":0,"href":"https:\/\/npm.org\/es\/wp-json\/wp\/v2\/pages\/4801\/revisions"}],"wp:attachment":[{"href":"https:\/\/npm.org\/es\/wp-json\/wp\/v2\/media?parent=4801"}],"curies":[{"name":"gracias","href":"https:\/\/api.w.org\/{rel}","templated":true}]}}