{"id":4795,"date":"2017-11-08T05:52:18","date_gmt":"2017-11-08T05:52:18","guid":{"rendered":"https:\/\/npm.org\/?page_id=4795"},"modified":"2020-06-20T16:54:47","modified_gmt":"2020-06-20T16:54:47","slug":"choral-anthems-third-sunday-of-advent-c-lectionary-9","status":"publish","type":"page","link":"https:\/\/npm.org\/es\/choral-anthems-third-sunday-of-advent-c-lectionary-9\/","title":{"rendered":"Himnos corales - 3er domingo de Adviento (C)"},"content":{"rendered":"<p><strong>Himnos corales<\/strong><\/p>\n<table style=\"width: 100%;\" border=\"1\" width=\"100%\">\n<tbody>\n<tr>\n<td width=\"456\"><strong>T\u00edtulo (Voicing)<\/strong><\/td>\n<td width=\"187\"><strong>Compositor \/ Arreglista<\/strong><\/td>\n<td width=\"187\"><strong>Editor (art\u00edculo #)<\/strong><\/td>\n<td width=\"103\"><strong>Uso<\/strong><\/td>\n<\/tr>\n<tr>\n<td>Sean Paz en la Tierra (SA)<\/td>\n<td>Entrepierna, William<\/td>\n<td>Oxford (9780193533219) en \u201cEl libro Oxford Easy Anthem\u201d<\/td>\n<td>2<\/td>\n<\/tr>\n<tr>\n<td>S\u00e9 fuerte, no temas (SATB, teclado)<\/td>\n<td>Keesecker, Thomas<\/td>\n<td>Concordia<\/td>\n<td>C<\/td>\n<\/tr>\n<tr>\n<td>\u00a1Mirad! Dios es mi salvaci\u00f3n (SA, piano)<\/td>\n<td>PowellRobert J.<\/td>\n<td>McAfee<\/td>\n<td>PD<\/td>\n<\/tr>\n<tr>\n<td>\u00a1Mirad! Dios es mi salvaci\u00f3n (SATB)<\/td>\n<td>Berger, Jean<\/td>\n<td>Augsburgo<\/td>\n<td>PD<\/td>\n<\/tr>\n<tr>\n<td>\u00a1Mirad! Dios es mi salvaci\u00f3n (SATB)<\/td>\n<td>DuBois, Le\u00f3n J.<\/td>\n<td>J. Fischer<\/td>\n<td>PD<\/td>\n<\/tr>\n<tr>\n<td>He aqu\u00ed, Dios es mi salvaci\u00f3n (SA, \u00d3rgano)<\/td>\n<td>Sowerby, Leo<\/td>\n<td>HW gris<\/td>\n<td>PD<\/td>\n<\/tr>\n<tr>\n<td>He aqu\u00ed Dios es mi salvaci\u00f3n (Un\u00edsono, opt. 2\u00aa voz, \u00d3rgano)<\/td>\n<td>Lindh, Jody W.<\/td>\n<td>Concordia (98-3193)<\/td>\n<td>PD<\/td>\n<\/tr>\n<tr>\n<td>Clama y grita (SSATB)<\/td>\n<td>Nystedt, Knut<\/td>\n<td>Summy-Birchard (1574)<\/td>\n<td>PD<\/td>\n<\/tr>\n<tr>\n<td>Hija de Si\u00f3n, ahora regoc\u00edjate (SA, Piano)<\/td>\n<td>Handel, George F.\/Warren, B. arr.<\/td>\n<td>CE Schirmer (1956)<\/td>\n<td>PD<\/td>\n<\/tr>\n<tr>\n<td>Dicita pusilanimes (SATB)<\/td>\n<td>Fux, Juan Jos\u00e9<\/td>\n<td>CPDL<\/td>\n<td>C<\/td>\n<\/tr>\n<tr>\n<td>Dicita pusilanimes (SATB)<\/td>\n<td>Isaac, Enrique<\/td>\n<td>CPDL<\/td>\n<td>C<\/td>\n<\/tr>\n<tr>\n<td>As\u00ed pues, Se\u00f1or Jes\u00fas, ven pronto (SATB)<\/td>\n<td>Manz, Paul<\/td>\n<td>MorningStar Music (50-0001)<\/td>\n<td>2<\/td>\n<\/tr>\n<tr>\n<td>As\u00ed pues, Se\u00f1or Jes\u00fas, ven pronto (SSAA)<\/td>\n<td>Manz, Paul<\/td>\n<td>MorningStar Music (50-0450)<\/td>\n<td>2<\/td>\n<\/tr>\n<tr>\n<td>As\u00ed que, Se\u00f1or Jes\u00fas, ven pronto (TTBB)<\/td>\n<td>Manz, Paul<\/td>\n<td>MorningStar Music (50-0900)<\/td>\n<td>2<\/td>\n<\/tr>\n<tr>\n<td>Ecce, Deus (C\u00e1nticos, Conjunto II) (SATBB)<\/td>\n<td>Rorem, Ned<\/td>\n<td>Boosey y Hawkes (5841)<\/td>\n<td>PD<\/td>\n<\/tr>\n<tr>\n<td>Primera Canci\u00f3n de Isa\u00edas,La(SATB)<\/td>\n<td>Blanco, Jack Noble<\/td>\n<td>Gris HW (00-GCMR03347)<\/td>\n<td>PD<\/td>\n<\/tr>\n<tr>\n<td>Dios es mi salvaci\u00f3n (TTBB)<\/td>\n<td>Adler, Samuel<\/td>\n<td>Mercurio<\/td>\n<td>PD<\/td>\n<\/tr>\n<tr>\n<td>Dios es mi fuerte salvaci\u00f3n (SATB)<\/td>\n<td>Palestrina, Giovanni Pierluigi da<\/td>\n<td>lanzallamas<\/td>\n<td>PD<\/td>\n<\/tr>\n<tr>\n<td>Dios es nuestra fuerte salvaci\u00f3n (SAB, teclado)<\/td>\n<td>Mozart, Wolfgang A.\/Hopson, Hal H. arreglo.<\/td>\n<td>Sela (410-531)<\/td>\n<td>PD<\/td>\n<\/tr>\n<tr>\n<td>\u00a1Escuchar con atenci\u00f3n! Suena una voz emocionante (SATB)<\/td>\n<td>Keesecker, Thomas<\/td>\n<td>Concordia<\/td>\n<td>2<\/td>\n<\/tr>\n<tr>\n<td>Laetentur coeli (SATBarB)<\/td>\n<td>Byrd, Guillermo<\/td>\n<td>Oxford (9780193520554)<\/td>\n<td>mi<\/td>\n<\/tr>\n<tr>\n<td>Paz de Dios, El (SATB, \u00d3rgano)<\/td>\n<td>Rutter, Juan<\/td>\n<td>Oxford (9780193511439)<\/td>\n<td>2<\/td>\n<\/tr>\n<tr>\n<td>Paz de Dios, El (SATB, \u00d3rgano)<\/td>\n<td>Scott, K. Lee<\/td>\n<td>Concordia (98-3289)<\/td>\n<td>2<\/td>\n<\/tr>\n<tr>\n<td>Prep\u00e1rate, Si\u00f3n (Un\u00edsono, teclado opcional violonchelo\/fagot)<\/td>\n<td>Bach, Johann Sebastian\/Burkhardt, Michael arr.<\/td>\n<td>M\u00fasica MorningStar (50-0415)<\/td>\n<td>1<\/td>\n<\/tr>\n<tr>\n<td>Alegraos mucho, oh hijas de Si\u00f3n (SATB, teclado)<\/td>\n<td>Kosche, Kenneth T.<\/td>\n<td>Concordia (98-3084)<\/td>\n<td>2<\/td>\n<\/tr>\n<tr>\n<td>Alegraos en el Se\u00f1or (SATB)<\/td>\n<td>An\u00f3nimo<\/td>\n<td>Augsburgo (11-1631)<\/td>\n<td>E,2<\/td>\n<\/tr>\n<tr>\n<td>Alegraos en el Se\u00f1or (SATB)<\/td>\n<td>An\u00f3nimo<\/td>\n<td>Oxford (9780193521100)<\/td>\n<td>E,2<\/td>\n<\/tr>\n<tr>\n<td>Alegraos en el Se\u00f1or (SATB)<\/td>\n<td>Purcell, Enrique<\/td>\n<td>CE Schirmer (1101)<\/td>\n<td>E,2<\/td>\n<\/tr>\n<tr>\n<td>Alegraos en el Se\u00f1or (SATB, \u00d3rgano)<\/td>\n<td>Behnke, John A.<\/td>\n<td>Concordia (98-3771)<\/td>\n<td>E,2<\/td>\n<\/tr>\n<tr>\n<td>Alegraos en el Se\u00f1or (SATB, \u00d3rgano)<\/td>\n<td>Goemanne, Noel<\/td>\n<td>GIA (2423) *<\/td>\n<td>E,2<\/td>\n<\/tr>\n<tr>\n<td>Regoc\u00edjense en el Se\u00f1or (SSA)<\/td>\n<td>Davis, Katherine K.<\/td>\n<td>CE Schirmer (1544)<\/td>\n<td>E,2<\/td>\n<\/tr>\n<tr>\n<td>Regoc\u00edjense en el Se\u00f1or siempre (A,T,B Soli, SATB, \u00d3rgano o Cuerdas)<\/td>\n<td>Purcell, Enrique<\/td>\n<td>Oxford (9780193953123)<\/td>\n<td>E,2<\/td>\n<\/tr>\n<tr>\n<td>Estad siempre alegres en el Se\u00f1or (SA, \u00d3rgano)<\/td>\n<td>Willan, Healley<\/td>\n<td>Concordia (98-1815)<\/td>\n<td>E,2<\/td>\n<\/tr>\n<tr>\n<td>Estad siempre alegres en el Se\u00f1or (SATB, \u00d3rgano o Piano)<\/td>\n<td>Kirk, Theron<\/td>\n<td>Kjos (5864)<\/td>\n<td>E,2<\/td>\n<\/tr>\n<tr>\n<td>Estad siempre alegres en el Se\u00f1or (SATB, \u00d3rgano)<\/td>\n<td>Purcell, Enrique<\/td>\n<td>Carl Fischer (CM 6308)<\/td>\n<td>E,2<\/td>\n<\/tr>\n<tr>\n<td>Estad siempre alegres en el Se\u00f1or (SATB, \u00d3rgano)<\/td>\n<td>Purcell, Enrique<\/td>\n<td>Novello (290150NOV)<\/td>\n<td>E,2<\/td>\n<\/tr>\n<tr>\n<td>Estad siempre alegres en el Se\u00f1or (SATB, \u00d3rgano, opt. Cuerdas)<\/td>\n<td>Purcell, Enrique<\/td>\n<td>Concordia (97-6344)<\/td>\n<td>E,2<\/td>\n<\/tr>\n<tr>\n<td>Estad siempre alegres en el Se\u00f1or (2 partes o 3 partes, \u00f3rgano)<\/td>\n<td>Martinson, Joel<\/td>\n<td>GIA (4450)<\/td>\n<td>E,2<\/td>\n<\/tr>\n<tr>\n<td>Estad siempre alegres en el Se\u00f1or (2 partes)<\/td>\n<td>Kosche, Kenneth T.<\/td>\n<td>Concordia (98-3091)<\/td>\n<td>E,2<\/td>\n<\/tr>\n<tr>\n<td>Estad siempre alegres en el Se\u00f1or (Cuatro ant\u00edfonas de entrada) (SATB)<\/td>\n<td>Chiusano, Gerard<\/td>\n<td>Trinitas (94073)<\/td>\n<td>mi<\/td>\n<\/tr>\n<tr>\n<td>Estad siempre alegres en el Se\u00f1or (SATB)<\/td>\n<td>Redford, Juan<\/td>\n<td>GIA (2810)<\/td>\n<td>E,2<\/td>\n<\/tr>\n<tr>\n<td>Estad siempre alegres en el Se\u00f1or (SATB, A,T, &amp; B soli, opt. Cuerda, \u00d3rgano)<\/td>\n<td>Purcell, Enrique<\/td>\n<td>Concordia (97-6344)<\/td>\n<td>E,2<\/td>\n<\/tr>\n<tr>\n<td>Estad siempre alegres en el Se\u00f1or (TTBB)<\/td>\n<td>Causton, Thomas<\/td>\n<td>Concordia<\/td>\n<td>E,2<\/td>\n<\/tr>\n<tr>\n<td>Al\u00e9grate, el Se\u00f1or es Rey (SATB, 2 Trompetas, \u00d3rgano)<\/td>\n<td>Goemanne, Noel<\/td>\n<td>GIA (2223)<\/td>\n<td>E,2<\/td>\n<\/tr>\n<tr>\n<td>Al\u00e9grate, el Se\u00f1or es Rey (SATB, \u00d3rgano)<\/td>\n<td>Ashdown, Franklin D.<\/td>\n<td>Par\u00e1clito (PPM00316)<\/td>\n<td>E,2<\/td>\n<\/tr>\n<tr>\n<td>\u00a1Canta en voz alta! (SATB)<\/td>\n<td>Verdadero, S. Clarence<\/td>\n<td>Abingdon<\/td>\n<td>1<\/td>\n<\/tr>\n<tr>\n<td>Cantad, oh hijas de Si\u00f3n (SAB, Sop Solo)<\/td>\n<td>doblador, enero<\/td>\n<td>Concordia<\/td>\n<td>1<\/td>\n<\/tr>\n<tr>\n<td>Canci\u00f3n de Isa\u00edas (2 partes, campanillas, percusi\u00f3n)<\/td>\n<td>Proulx, Richard<\/td>\n<td>GIA (3305)<\/td>\n<td>PD<\/td>\n<\/tr>\n<tr>\n<td>Seguramente es Dios quien me salva (SATB, \u00d3rgano)<\/td>\n<td>Wyton, Alec<\/td>\n<td>Hinshaw<\/td>\n<td>PD<\/td>\n<\/tr>\n<tr>\n<td>Sion escucha a los vigilantes cantar (un\u00edsono, teclado)<\/td>\n<td>Bach, Juan Sebasti\u00e1n<\/td>\n<td>Augsburgo (9780800658540) en \u201cBach para todas las estaciones\u201d<\/td>\n<td>1<\/td>\n<\/tr>\n<\/tbody>\n<\/table>","protected":false},"excerpt":{"rendered":"<p>Choral Anthems Title (Voicing) Composer\/Arranger Publisher (Item #) Usage Be Peace on Earth (SA) Crotch, William Oxford (9780193533219)\u00a0in \u201cThe Oxford Easy Anthem Book\u201d 2 Be Strong, Fear Not (SATB, Keyboard) Keesecker, Thomas Concordia C Behold! God Is My Salvation (SA, Piano) Powell, Robert J. McAfee PS Behold! God Is My Salvation (SATB) Berger, Jean Augsburg [&hellip;]<\/p>\n","protected":false},"author":6628,"featured_media":0,"parent":0,"menu_order":0,"comment_status":"closed","ping_status":"closed","template":"","meta":{"_acf_changed":false,"footnotes":""},"class_list":["post-4795","page","type-page","status-publish","hentry"],"acf":[],"_links":{"self":[{"href":"https:\/\/npm.org\/es\/wp-json\/wp\/v2\/pages\/4795"}],"collection":[{"href":"https:\/\/npm.org\/es\/wp-json\/wp\/v2\/pages"}],"about":[{"href":"https:\/\/npm.org\/es\/wp-json\/wp\/v2\/types\/page"}],"author":[{"embeddable":true,"href":"https:\/\/npm.org\/es\/wp-json\/wp\/v2\/users\/6628"}],"replies":[{"embeddable":true,"href":"https:\/\/npm.org\/es\/wp-json\/wp\/v2\/comments?post=4795"}],"version-history":[{"count":0,"href":"https:\/\/npm.org\/es\/wp-json\/wp\/v2\/pages\/4795\/revisions"}],"wp:attachment":[{"href":"https:\/\/npm.org\/es\/wp-json\/wp\/v2\/media?parent=4795"}],"curies":[{"name":"gracias","href":"https:\/\/api.w.org\/{rel}","templated":true}]}}