{"id":4229,"date":"2017-10-03T14:39:24","date_gmt":"2017-10-03T14:39:24","guid":{"rendered":"https:\/\/npm.org\/?page_id=4229"},"modified":"2024-01-17T11:18:42","modified_gmt":"2024-01-17T16:18:42","slug":"choral-anthems-thirty-second-sunday-in-ordinary-time-lectionary-155","status":"publish","type":"page","link":"https:\/\/npm.org\/es\/choral-anthems-thirty-second-sunday-in-ordinary-time-lectionary-155\/","title":{"rendered":"Himnos corales - Domingo 32 del tiempo ordinario (B)"},"content":{"rendered":"<p><strong>Himnos corales<\/strong><\/p>\n<table style=\"width: 100%; height: 2232px;\" border=\"1\" width=\"100%\">\n<tbody>\n<tr style=\"height: 24px;\">\n<td style=\"height: 24px;\" width=\"456\"><strong>T\u00edtulo (Voicing)<\/strong><\/td>\n<td style=\"height: 24px;\" width=\"187\"><strong>Compositor \/ Arreglista<\/strong><\/td>\n<td style=\"height: 24px;\" width=\"187\"><strong>Editor (art\u00edculo #)<\/strong><\/td>\n<td style=\"height: 24px;\" width=\"103\"><strong>Uso<\/strong><\/td>\n<\/tr>\n<tr style=\"height: 24px;\">\n<td style=\"height: 24px;\">Bendito Jes\u00fas (Un\u00edsono, \u00d3rgano)<\/td>\n<td style=\"height: 24px;\">Faure, Gabriel<\/td>\n<td style=\"height: 24px;\">Concordia (98-2580)<\/td>\n<td style=\"height: 24px;\">C<\/td>\n<\/tr>\n<tr style=\"height: 48px;\">\n<td style=\"height: 48px;\">El aire del hermano James (SATB)<\/td>\n<td style=\"height: 48px;\">Jacob, Gordon<\/td>\n<td style=\"height: 48px;\">Oxford (9780193405240)<\/td>\n<td style=\"height: 48px;\">C<\/td>\n<\/tr>\n<tr style=\"height: 48px;\">\n<td style=\"height: 48px;\">Aire del hermano James (SSA, piano\/cuerdas)<\/td>\n<td style=\"height: 48px;\">Jacob, Gordon<\/td>\n<td style=\"height: 48px;\">Oxford (9780193856165)<\/td>\n<td style=\"height: 48px;\">C<\/td>\n<\/tr>\n<tr style=\"height: 48px;\">\n<td style=\"height: 48px;\">Air del hermano James (al un\u00edsono, piano\/piano y cuerdas)<\/td>\n<td style=\"height: 48px;\">Jacob, Gordon<\/td>\n<td style=\"height: 48px;\">Oxford (9780193401969)<\/td>\n<td style=\"height: 48px;\">C<\/td>\n<\/tr>\n<tr style=\"height: 48px;\">\n<td style=\"height: 48px;\">El reba\u00f1o de Cristo (SATB, \u00f3rgano\/teclado)<\/td>\n<td style=\"height: 48px;\">Shaw, Mart\u00edn<\/td>\n<td style=\"height: 48px;\">G. Schirmer (OC10584)<\/td>\n<td style=\"height: 48px;\">C<\/td>\n<\/tr>\n<tr style=\"height: 48px;\">\n<td style=\"height: 48px;\">Crucifixus (SATB, teclado)<\/td>\n<td style=\"height: 48px;\">Bach, Juan Sebasti\u00e1n<\/td>\n<td style=\"height: 48px;\">Teodoro Presser (332-14650)<\/td>\n<td style=\"height: 48px;\">2<\/td>\n<\/tr>\n<tr style=\"height: 48px;\">\n<td style=\"height: 48px;\">Der Herr is mein Hirte (SSB o SS, 2 violines)<\/td>\n<td style=\"height: 48px;\">Telemann, Georg Philipp<\/td>\n<td style=\"height: 48px;\">Hannsler (HE 39.39.012)<\/td>\n<td style=\"height: 48px;\">C<\/td>\n<\/tr>\n<tr style=\"height: 48px;\">\n<td style=\"height: 48px;\">Dar gracias a Dios (SAB, Teclado)<\/td>\n<td style=\"height: 48px;\">Beethoven, Ludwig van\/Proulx, Richard arr.<\/td>\n<td style=\"height: 48px;\">Augsburgo<\/td>\n<td style=\"height: 48px;\">GRAMO<\/td>\n<\/tr>\n<tr style=\"height: 24px;\">\n<td style=\"height: 24px;\">Dios es mi pastor (SA, teclado)<\/td>\n<td style=\"height: 24px;\">Dvor\u00e1k, Ant\u00f3n<\/td>\n<td style=\"height: 24px;\">Prensa de Santa Mar\u00eda<\/td>\n<td style=\"height: 24px;\">C<\/td>\n<\/tr>\n<tr style=\"height: 48px;\">\n<td style=\"height: 48px;\">Dios es mi pastor (SA, oboe, flauta, teclado)<\/td>\n<td style=\"height: 48px;\">Dvor\u00e1k, Ant\u00f3n<\/td>\n<td style=\"height: 48px;\">Theodore Presser<\/td>\n<td style=\"height: 48px;\">C<\/td>\n<\/tr>\n<tr style=\"height: 24px;\">\n<td style=\"height: 24px;\">Dios es mi pastor (SA, piano)<\/td>\n<td style=\"height: 24px;\">Dvor\u00e1k, Ant\u00f3n<\/td>\n<td style=\"height: 24px;\">G. Schirmer<\/td>\n<td style=\"height: 24px;\">C<\/td>\n<\/tr>\n<tr style=\"height: 24px;\">\n<td style=\"height: 24px;\">Dios es mi pastor (SATB, \u00f3rgano)<\/td>\n<td style=\"height: 24px;\">Dvor\u00e1k, Ant\u00f3n<\/td>\n<td style=\"height: 24px;\">Summy-abedul<\/td>\n<td style=\"height: 24px;\">C<\/td>\n<\/tr>\n<tr style=\"height: 24px;\">\n<td style=\"height: 24px;\">Dios es mi pastor (SSA, teclado)<\/td>\n<td style=\"height: 24px;\">Dvor\u00e1k, Ant\u00f3n<\/td>\n<td style=\"height: 24px;\">Carl Fischer<\/td>\n<td style=\"height: 24px;\">C<\/td>\n<\/tr>\n<tr style=\"height: 24px;\">\n<td style=\"height: 24px;\">Dios es mi pastor (Un\u00edsono, Guitarra)<\/td>\n<td style=\"height: 24px;\">Dvor\u00e1k, Ant\u00f3n<\/td>\n<td style=\"height: 24px;\">Augsburgo<\/td>\n<td style=\"height: 24px;\">C<\/td>\n<\/tr>\n<tr style=\"height: 48px;\">\n<td style=\"height: 48px;\">Dios de amor, mi pastor es el (SA, teclado)<\/td>\n<td style=\"height: 48px;\">Handel, George F.\/Jacques, Reginald arr.<\/td>\n<td style=\"height: 48px;\">Oxford<\/td>\n<td style=\"height: 48px;\">C<\/td>\n<\/tr>\n<tr style=\"height: 48px;\">\n<td style=\"height: 48px;\">Jes\u00fas, el solo pensar en ti (SATB, \u00d3rgano, instrumento en C opcional)<\/td>\n<td style=\"height: 48px;\">Ashdown, Franklin D.<\/td>\n<td style=\"height: 48px;\">Augsburgo (9780800657505)<\/td>\n<td style=\"height: 48px;\">2<\/td>\n<\/tr>\n<tr style=\"height: 48px;\">\n<td style=\"height: 48px;\">Rey del amor, mi pastor es el (SATB, teclado)<\/td>\n<td style=\"height: 48px;\">arreglo Beck, John Ness<\/td>\n<td style=\"height: 48px;\">Beckenhorst (a\u00f1o de fundaci\u00f3n 1247)<\/td>\n<td style=\"height: 48px;\">C<\/td>\n<\/tr>\n<tr style=\"height: 48px;\">\n<td style=\"height: 48px;\">Rey del amor, mi pastor es, el (Sop Solo, Bari Solo, SATB, \u00d3rgano)<\/td>\n<td style=\"height: 48px;\">arreglo de Englert, Eugene<\/td>\n<td style=\"height: 48px;\">GIA (1842)<\/td>\n<td style=\"height: 48px;\">C<\/td>\n<\/tr>\n<tr style=\"height: 48px;\">\n<td style=\"height: 48px;\">Rey del Amor Mi Pastor Es, El (SSATB, \u00d3rgano)<\/td>\n<td style=\"height: 48px;\">Bairstow, Eduardo<\/td>\n<td style=\"height: 48px;\">CPDL<\/td>\n<td style=\"height: 48px;\">C<\/td>\n<\/tr>\n<tr style=\"height: 48px;\">\n<td style=\"height: 48px;\">Rey del amor, mi pastor es, El (SATB, \u00d3rgano, Fl. opto., Oboe, Clarinete)<\/td>\n<td style=\"height: 48px;\">Blakley, Duane<\/td>\n<td style=\"height: 48px;\">Prensa Shawnee<\/td>\n<td style=\"height: 48px;\">C<\/td>\n<\/tr>\n<tr style=\"height: 48px;\">\n<td style=\"height: 48px;\">El Se\u00f1or es como un pastor (Un\u00edsono, teclado, flauta dulce o contralto)<\/td>\n<td style=\"height: 48px;\">P\u00e1gina, Sue Ellen<\/td>\n<td style=\"height: 48px;\">Hinshaw (HMC432)<\/td>\n<td style=\"height: 48px;\">C<\/td>\n<\/tr>\n<tr style=\"height: 48px;\">\n<td style=\"height: 48px;\">Se\u00f1or Es Mi Pastor El (SAT, SAB o SATB, Piano)<\/td>\n<td style=\"height: 48px;\">Pote, Allen C.<\/td>\n<td style=\"height: 48px;\">Gremio de Coristas (CGA 551)<\/td>\n<td style=\"height: 48px;\">C<\/td>\n<\/tr>\n<tr style=\"height: 24px;\">\n<td style=\"height: 24px;\">El Se\u00f1or es mi pastor (SA, \u00d3rgano)<\/td>\n<td style=\"height: 24px;\">Mueller, Carl F.<\/td>\n<td style=\"height: 24px;\">Carl Fischer<\/td>\n<td style=\"height: 24px;\">C<\/td>\n<\/tr>\n<tr style=\"height: 48px;\">\n<td style=\"height: 48px;\">El Se\u00f1or es mi pastor, El (SAT, SAB o SATB, Piano)<\/td>\n<td style=\"height: 48px;\">Pote, Allen C.<\/td>\n<td style=\"height: 48px;\">Gremio de Coristas (CGA 551)<\/td>\n<td style=\"height: 48px;\">C<\/td>\n<\/tr>\n<tr style=\"height: 24px;\">\n<td style=\"height: 24px;\">El Se\u00f1or es mi pastor (SATB)<\/td>\n<td style=\"height: 24px;\">Goodall, Howard<\/td>\n<td style=\"height: 24px;\">M\u00fasica Faber<\/td>\n<td style=\"height: 24px;\">PD<\/td>\n<\/tr>\n<tr style=\"height: 48px;\">\n<td style=\"height: 48px;\">El Se\u00f1or es mi pastor (SATB)<\/td>\n<td style=\"height: 48px;\">Berger, Jean<\/td>\n<td style=\"height: 48px;\">Hermanos Broude (BB 3053)<\/td>\n<td style=\"height: 48px;\">C<\/td>\n<\/tr>\n<tr style=\"height: 24px;\">\n<td style=\"height: 24px;\">El Se\u00f1or es mi pastor (SATB)<\/td>\n<td style=\"height: 24px;\">Bouman, Paul<\/td>\n<td style=\"height: 24px;\">Prensa Shawnee<\/td>\n<td style=\"height: 24px;\">C<\/td>\n<\/tr>\n<tr style=\"height: 24px;\">\n<td style=\"height: 24px;\">Se\u00f1or es mi pastor, El (SATB, \u00d3rgano)<\/td>\n<td style=\"height: 24px;\">Mateos, Tom\u00e1s<\/td>\n<td style=\"height: 24px;\">Fitzsimons (F2137)<\/td>\n<td style=\"height: 24px;\">C<\/td>\n<\/tr>\n<tr style=\"height: 48px;\">\n<td style=\"height: 48px;\">Se\u00f1or es mi pastor, El (SATB, \u00d3rgano)<\/td>\n<td style=\"height: 48px;\">Rutter, Juan<\/td>\n<td style=\"height: 48px;\">Oxford (9780193856295)<\/td>\n<td style=\"height: 48px;\">C<\/td>\n<\/tr>\n<tr style=\"height: 24px;\">\n<td style=\"height: 24px;\">Se\u00f1or es mi pastor, El (SATB, \u00d3rgano)<\/td>\n<td style=\"height: 24px;\">Mateos, Tom\u00e1s<\/td>\n<td style=\"height: 24px;\">Fitzsimons (F2137)<\/td>\n<td style=\"height: 24px;\">C<\/td>\n<\/tr>\n<tr style=\"height: 48px;\">\n<td style=\"height: 48px;\">El Se\u00f1or es mi pastor (SATB, \u00d3rgano, Oboe)<\/td>\n<td style=\"height: 48px;\">Blanco, David Ashley<\/td>\n<td style=\"height: 48px;\">Selah (410-823)<\/td>\n<td style=\"height: 48px;\">PD<\/td>\n<\/tr>\n<tr style=\"height: 24px;\">\n<td style=\"height: 24px;\">El Se\u00f1or es mi pastor (SATB, piano)<\/td>\n<td style=\"height: 24px;\">Mueller, Carl F.<\/td>\n<td style=\"height: 24px;\">Carl Fischer<\/td>\n<td style=\"height: 24px;\">C<\/td>\n<\/tr>\n<tr style=\"height: 24px;\">\n<td style=\"height: 24px;\">El Se\u00f1or es mi pastor (SSA, \u00f3rgano)<\/td>\n<td style=\"height: 24px;\">Mateos, Tom\u00e1s<\/td>\n<td style=\"height: 24px;\">Fitzsimons<\/td>\n<td style=\"height: 24px;\">C<\/td>\n<\/tr>\n<tr style=\"height: 24px;\">\n<td style=\"height: 24px;\">El Se\u00f1or es mi pastor (TTBB)<\/td>\n<td style=\"height: 24px;\">Leighton, Kenneth<\/td>\n<td style=\"height: 24px;\">Novello<\/td>\n<td style=\"height: 24px;\">C<\/td>\n<\/tr>\n<tr style=\"height: 24px;\">\n<td style=\"height: 24px;\">El Se\u00f1or es mi pastor (TTBB)<\/td>\n<td style=\"height: 24px;\">Mateos, Tom\u00e1s<\/td>\n<td style=\"height: 24px;\">Fitzsimons (F2322)<\/td>\n<td style=\"height: 24px;\">C<\/td>\n<\/tr>\n<tr style=\"height: 24px;\">\n<td style=\"height: 24px;\">El Se\u00f1or es mi pastor (TTBB, piano)<\/td>\n<td style=\"height: 24px;\">Mueller, Carl F.<\/td>\n<td style=\"height: 24px;\">Carl Fischer<\/td>\n<td style=\"height: 24px;\">C<\/td>\n<\/tr>\n<tr style=\"height: 48px;\">\n<td style=\"height: 48px;\">El Se\u00f1or es mi pastor (Un\u00edsono, teclado)<\/td>\n<td style=\"height: 48px;\">Bouman, Paul<\/td>\n<td style=\"height: 48px;\">Concordia (98-2911)<\/td>\n<td style=\"height: 48px;\">C<\/td>\n<\/tr>\n<tr style=\"height: 48px;\">\n<td style=\"height: 48px;\">El Se\u00f1or es mi pastor (Un\u00edsono, teclado)<\/td>\n<td style=\"height: 48px;\">Hoja, Roberto<\/td>\n<td style=\"height: 48px;\">Gremio de coristas<\/td>\n<td style=\"height: 48px;\">C<\/td>\n<\/tr>\n<tr style=\"height: 48px;\">\n<td style=\"height: 48px;\">El Se\u00f1or es mi pastor (Un\u00edsono, teclado)<\/td>\n<td style=\"height: 48px;\">Hoja, Roberto<\/td>\n<td style=\"height: 48px;\">Gremio de coristas<\/td>\n<td style=\"height: 48px;\">PD<\/td>\n<\/tr>\n<tr style=\"height: 48px;\">\n<td style=\"height: 48px;\">Se\u00f1or, Dios de mi salvaci\u00f3n (SSAATB, \u00d3rgano)<\/td>\n<td style=\"height: 48px;\">Croft, Guillermo<\/td>\n<td style=\"height: 48px;\">Hermanos Broude<\/td>\n<td style=\"height: 48px;\">mi<\/td>\n<\/tr>\n<tr style=\"height: 24px;\">\n<td style=\"height: 24px;\">El Se\u00f1or es mi pastor (TTBB, piano)<\/td>\n<td style=\"height: 24px;\">Mueller, Carl F.<\/td>\n<td style=\"height: 24px;\">Carl Fischer<\/td>\n<td style=\"height: 24px;\">C<\/td>\n<\/tr>\n<tr style=\"height: 48px;\">\n<td style=\"height: 48px;\">No m\u00e1s un extra\u00f1o o un invitado (2 partes, campanas de mano, instrumento en C)<\/td>\n<td style=\"height: 48px;\">Blanco, David Ashley<\/td>\n<td style=\"height: 48px;\">Selah (410-833)<\/td>\n<td style=\"height: 48px;\">PD<\/td>\n<\/tr>\n<tr style=\"height: 48px;\">\n<td style=\"height: 48px;\">Oh, estad gozosos en el Se\u00f1or (SATB, \u00d3rgano)<\/td>\n<td style=\"height: 48px;\">Rutter, Juan<\/td>\n<td style=\"height: 48px;\">Oxford (9780193503878)<\/td>\n<td style=\"height: 48px;\">PD<\/td>\n<\/tr>\n<tr style=\"height: 48px;\">\n<td style=\"height: 48px;\">Oh Se\u00f1or Dios de mi salvaci\u00f3n (SSAATB, \u00d3rgano)<\/td>\n<td style=\"height: 48px;\">Croft, Guillermo<\/td>\n<td style=\"height: 48px;\">Hermanos Broude<\/td>\n<td style=\"height: 48px;\">mi<\/td>\n<\/tr>\n<tr style=\"height: 48px;\">\n<td style=\"height: 48px;\">Oferta (SATB, piano, flauta, opcionalmente campanas de mano)<\/td>\n<td style=\"height: 48px;\">Collins, Dori Erwin<\/td>\n<td style=\"height: 48px;\">Augsburgo<\/td>\n<td style=\"height: 48px;\">GRAMO<\/td>\n<\/tr>\n<tr style=\"height: 48px;\">\n<td style=\"height: 48px;\">Alabado sea el Se\u00f1or, oh alma m\u00eda\/Sal. 146 (SATB div., \u00d3rgano)<\/td>\n<td style=\"height: 48px;\">Rorem, Ned<\/td>\n<td style=\"height: 48px;\">Boosey y Hawkes<\/td>\n<td style=\"height: 48px;\">PD<\/td>\n<\/tr>\n<tr style=\"height: 24px;\">\n<td style=\"height: 24px;\">Alabad al Se\u00f1or (SATB, 2 pianos)<\/td>\n<td style=\"height: 24px;\">Diemer, Emma Lou<\/td>\n<td style=\"height: 24px;\">Prensa Shawnee<\/td>\n<td style=\"height: 24px;\">PD<\/td>\n<\/tr>\n<tr style=\"height: 48px;\">\n<td style=\"height: 48px;\">Salmo 23 (SATB, \u00d3rgano, Bajo)<\/td>\n<td style=\"height: 48px;\">Zimmermann, Heinz Werner<\/td>\n<td style=\"height: 48px;\">Augsburgo (9780800645380)<\/td>\n<td style=\"height: 48px;\">C<\/td>\n<\/tr>\n<tr style=\"height: 48px;\">\n<td style=\"height: 48px;\">Salmo 23 (SSA, \u00d3rgano)<\/td>\n<td style=\"height: 48px;\">\u00bfC\u00f3mo, Mart\u00edn?<\/td>\n<td style=\"height: 48px;\">Boosey y Hawkes (M570052097)<\/td>\n<td style=\"height: 48px;\">C<\/td>\n<\/tr>\n<tr style=\"height: 48px;\">\n<td style=\"height: 48px;\">Salmo 50: Ofrenda a Dios (SATB)<\/td>\n<td style=\"height: 48px;\">Christiansen, F. Melius<\/td>\n<td style=\"height: 48px;\">Augsburgo (9786000175863)<\/td>\n<td style=\"height: 48px;\">GRAMO<\/td>\n<\/tr>\n<tr style=\"height: 48px;\">\n<td style=\"height: 48px;\">Toma mi vida y que sea consagrada (SATB, teclado, oboe)<\/td>\n<td style=\"height: 48px;\">Blanco, Nicol\u00e1s<\/td>\n<td style=\"height: 48px;\">Hinshaw (HMC1336)<\/td>\n<td style=\"height: 48px;\">GRAMO<\/td>\n<\/tr>\n<tr style=\"height: 48px;\">\n<td style=\"height: 48px;\">Temple Rang con monedas de oro (2 partes, teclado)<\/td>\n<td style=\"height: 48px;\">Sensmeier, Randall<\/td>\n<td style=\"height: 48px;\">GIA (5584)<\/td>\n<td style=\"height: 48px;\">GRAMO<\/td>\n<\/tr>\n<tr style=\"height: 24px;\">\n<td style=\"height: 24px;\">Habr\u00e1 algo en el cielo (SATB)<\/td>\n<td style=\"height: 24px;\">Svedlund, Karl Erik<\/td>\n<td style=\"height: 24px;\">Augsburgo<\/td>\n<td style=\"height: 24px;\">GRAMO<\/td>\n<\/tr>\n<tr style=\"height: 48px;\">\n<td style=\"height: 48px;\">Salmo 23, El (SA, \u00d3rgano\/Piano)<\/td>\n<td style=\"height: 48px;\">Davis, Katherine K.<\/td>\n<td style=\"height: 48px;\">Remick<\/td>\n<td style=\"height: 48px;\">C<\/td>\n<\/tr>\n<tr style=\"height: 48px;\">\n<td style=\"height: 48px;\">Salmo 23 (SATB, Solo, Teclado)<\/td>\n<td style=\"height: 48px;\">Vaughan Williams, Ralph<\/td>\n<td style=\"height: 48px;\">Oxford<\/td>\n<td style=\"height: 48px;\">C<\/td>\n<\/tr>\n<tr style=\"height: 24px;\">\n<td style=\"height: 24px;\">Salmo 23 (TTBB, piano)<\/td>\n<td style=\"height: 24px;\">Malotte, Albert Hay<\/td>\n<td style=\"height: 24px;\">G. Schirmer<\/td>\n<td style=\"height: 24px;\">C<\/td>\n<\/tr>\n<\/tbody>\n<\/table>","protected":false},"excerpt":{"rendered":"<p>Choral Anthems Title (Voicing) Composer\/Arranger Publisher (Item #) Usage Blessed Jesus (Unison, Organ) Faur\u00e9, Gabriel Concordia (98-2580) C Brother James\u2019 Air (SATB) Jacob, Gordon Oxford (9780193405240) C Brother James\u2019 Air (SSA, Piano\/Strings) Jacob, Gordon Oxford (9780193856165) C Brother James\u2019 Air (Unison, Piano\/Piano &amp; Strings) Jacob, Gordon Oxford (9780193401969) C Christ\u2019s Flock (SATB, Organ\/Keyboard) Shaw, Martin [&hellip;]<\/p>\n","protected":false},"author":6628,"featured_media":0,"parent":0,"menu_order":0,"comment_status":"closed","ping_status":"closed","template":"","meta":{"_acf_changed":false,"footnotes":""},"class_list":["post-4229","page","type-page","status-publish","hentry"],"acf":[],"_links":{"self":[{"href":"https:\/\/npm.org\/es\/wp-json\/wp\/v2\/pages\/4229"}],"collection":[{"href":"https:\/\/npm.org\/es\/wp-json\/wp\/v2\/pages"}],"about":[{"href":"https:\/\/npm.org\/es\/wp-json\/wp\/v2\/types\/page"}],"author":[{"embeddable":true,"href":"https:\/\/npm.org\/es\/wp-json\/wp\/v2\/users\/6628"}],"replies":[{"embeddable":true,"href":"https:\/\/npm.org\/es\/wp-json\/wp\/v2\/comments?post=4229"}],"version-history":[{"count":1,"href":"https:\/\/npm.org\/es\/wp-json\/wp\/v2\/pages\/4229\/revisions"}],"predecessor-version":[{"id":22657,"href":"https:\/\/npm.org\/es\/wp-json\/wp\/v2\/pages\/4229\/revisions\/22657"}],"wp:attachment":[{"href":"https:\/\/npm.org\/es\/wp-json\/wp\/v2\/media?parent=4229"}],"curies":[{"name":"gracias","href":"https:\/\/api.w.org\/{rel}","templated":true}]}}