{"id":4226,"date":"2017-10-03T14:38:15","date_gmt":"2017-10-03T14:38:15","guid":{"rendered":"https:\/\/npm.org\/?page_id=4226"},"modified":"2020-06-18T21:46:59","modified_gmt":"2020-06-18T21:46:59","slug":"choral-anthems-dedication-of-the-lateran-basilica-lectionary-671","status":"publish","type":"page","link":"https:\/\/npm.org\/es\/choral-anthems-dedication-of-the-lateran-basilica-lectionary-671\/","title":{"rendered":"Himnos corales - Dedicaci\u00f3n de la Bas\u00edlica de Letr\u00e1n (B)"},"content":{"rendered":"<p><strong>Himnos corales<\/strong><\/p>\n<table style=\"width: 100%;\" border=\"1\" width=\"100%\">\n<tbody>\n<tr>\n<td width=\"456\"><strong>T\u00edtulo (Voicing)<\/strong><\/td>\n<td width=\"187\"><strong>Compositor \/ Arreglista<\/strong><\/td>\n<td width=\"187\"><strong>Editor (art\u00edculo #)<\/strong><\/td>\n<td width=\"103\"><strong>Uso<\/strong><\/td>\n<\/tr>\n<tr>\n<td>He aqu\u00ed el Tabern\u00e1culo de Dios (SATB)<\/td>\n<td>Willan, Healley<\/td>\n<td>Carl Fischer (CM 427)<\/td>\n<td>2<\/td>\n<\/tr>\n<tr>\n<td>He aqu\u00ed el Tabern\u00e1culo de Dios (SATB, \u00d3rgano)<\/td>\n<td>Harris, Guillermo Enrique<\/td>\n<td>RSCM (4180)<\/td>\n<td>2<\/td>\n<\/tr>\n<tr>\n<td>Dios es nuestro refugio y fortaleza (SATB, Cuarteto de metales, Campanas de mano de 3 a 5 octavas)<\/td>\n<td>Behnke, John A.<\/td>\n<td>Concordia (98-3835)<\/td>\n<td>PD<\/td>\n<\/tr>\n<tr>\n<td>Piedra viva (SATB, teclado)<\/td>\n<td>Isele, David Clark<\/td>\n<td>GIA (3718)<\/td>\n<td>C<\/td>\n<\/tr>\n<tr>\n<td>Locus iste (SATB)<\/td>\n<td>Bruckner, Ant\u00f3n<\/td>\n<td>CPDL<\/td>\n<td>GRAMO<\/td>\n<\/tr>\n<tr>\n<td>Oh Ciudad Santa, vista de Juan (SATB, \u00d3rgano)<\/td>\n<td>arreglo PowellRobert J.<\/td>\n<td>GIA (4482)<\/td>\n<td>mi<\/td>\n<\/tr>\n<\/tbody>\n<\/table>","protected":false},"excerpt":{"rendered":"<p>Choral Anthems Title (Voicing) Composer\/Arranger Publisher (Item #) Usage Behold the Tabernacle of God (SATB) Willan, Healey Carl Fischer (CM 427) 2 Behold, the Tabernacle of God (SATB, Organ) Harris, William Henry RSCM (4180) 2 God Is Our Refuge and Strength (SATB, Brass Quartet, 3-5 Octave Handbells) Behnke, John A. Concordia (98-3835) PS Living Stone [&hellip;]<\/p>\n","protected":false},"author":6628,"featured_media":0,"parent":0,"menu_order":0,"comment_status":"closed","ping_status":"closed","template":"","meta":{"_acf_changed":false,"footnotes":""},"class_list":["post-4226","page","type-page","status-publish","hentry"],"acf":[],"_links":{"self":[{"href":"https:\/\/npm.org\/es\/wp-json\/wp\/v2\/pages\/4226"}],"collection":[{"href":"https:\/\/npm.org\/es\/wp-json\/wp\/v2\/pages"}],"about":[{"href":"https:\/\/npm.org\/es\/wp-json\/wp\/v2\/types\/page"}],"author":[{"embeddable":true,"href":"https:\/\/npm.org\/es\/wp-json\/wp\/v2\/users\/6628"}],"replies":[{"embeddable":true,"href":"https:\/\/npm.org\/es\/wp-json\/wp\/v2\/comments?post=4226"}],"version-history":[{"count":0,"href":"https:\/\/npm.org\/es\/wp-json\/wp\/v2\/pages\/4226\/revisions"}],"wp:attachment":[{"href":"https:\/\/npm.org\/es\/wp-json\/wp\/v2\/media?parent=4226"}],"curies":[{"name":"gracias","href":"https:\/\/api.w.org\/{rel}","templated":true}]}}