{"id":4223,"date":"2017-10-03T14:37:10","date_gmt":"2017-10-03T14:37:10","guid":{"rendered":"https:\/\/npm.org\/?page_id=4223"},"modified":"2020-06-19T22:10:38","modified_gmt":"2020-06-19T22:10:38","slug":"choral-anthems-thirty-first-sunday-in-ordinary-time-lectionary-152","status":"publish","type":"page","link":"https:\/\/npm.org\/es\/choral-anthems-thirty-first-sunday-in-ordinary-time-lectionary-152\/","title":{"rendered":"Himnos corales - 31o domingo del tiempo ordinario (B)"},"content":{"rendered":"<p><strong>Himnos corales<\/strong><\/p>\n<table style=\"width: 100%;\" border=\"1\" width=\"100%\">\n<tbody>\n<tr>\n<td width=\"456\"><strong>T\u00edtulo (Voicing)<\/strong><\/td>\n<td width=\"187\"><strong>Compositor \/ Arreglista<\/strong><\/td>\n<td width=\"187\"><strong>Editor (art\u00edculo #)<\/strong><\/td>\n<td width=\"103\"><strong>Uso<\/strong><\/td>\n<\/tr>\n<tr>\n<td>Beati qu\u00f3rum v\u00eda (SSATBB)<\/td>\n<td>Stanford, Charles Villiers<\/td>\n<td>Boosey y Hawkes (9790060025044)<\/td>\n<td>C<\/td>\n<\/tr>\n<tr>\n<td>No me abandones, oh Se\u00f1or (SATB)<\/td>\n<td>Mechem, Iglesia<\/td>\n<td>E. C. Schirmer (2733)<\/td>\n<td>mi<\/td>\n<\/tr>\n<tr>\n<td>Dios es mi roca (SATB, \u00d3rgano)<\/td>\n<td>Horman, John D.<\/td>\n<td>Beckenhorst (a\u00f1o de fundaci\u00f3n 1148)<\/td>\n<td>PD<\/td>\n<\/tr>\n<tr>\n<td>Meditaci\u00f3n Cuaresmal, A (SATB, \u00d3rgano)<\/td>\n<td>Pasquet, Jean<\/td>\n<td>HW gris<\/td>\n<td>mi<\/td>\n<\/tr>\n<tr>\n<td>Se\u00f1or, h\u00e1blame (SATB, \u00d3rgano)<\/td>\n<td>Rickard, Jeffrey K.<\/td>\n<td>Prensa de M\u00fasica Sacra (10\/1248S)<\/td>\n<td>GRAMO<\/td>\n<\/tr>\n<tr>\n<td>Se\u00f1or, te amo con todo mi coraz\u00f3n (SATB, oboe o trompeta, \u00f3rgano)<\/td>\n<td>Busarow, Donald<\/td>\n<td>Concordia (98-3429)<\/td>\n<td>PS,1,G<\/td>\n<\/tr>\n<tr>\n<td>Se\u00f1or, te amo con todo mi coraz\u00f3n (SATB)<\/td>\n<td>Bach, Juan Sebasti\u00e1n<\/td>\n<td>Augsburgo (9780800658540) en \u201cBach para todas las estaciones\u201d<\/td>\n<td>PS,1,G<\/td>\n<\/tr>\n<tr>\n<td>Que pueda amarte, Se\u00f1or (SATB, teclado)<\/td>\n<td>Hopp, Roy<\/td>\n<td>Augsburgo<\/td>\n<td>GRAMO<\/td>\n<\/tr>\n<tr>\n<td>Dios m\u00edo, Dios m\u00edo, m\u00edrame (SSATB, tenor solo, \u00f3rgano)<\/td>\n<td>Greene, Mauricio<\/td>\n<td>Hermanos Broude (MGC 29)<\/td>\n<td>mi<\/td>\n<\/tr>\n<tr>\n<td>Oh Pan de Vida del Cielo (2 partes, \u00f3rgano)<\/td>\n<td>Blanco, David Ashley<\/td>\n<td>Augsburgo (9780800650919)<\/td>\n<td>C<\/td>\n<\/tr>\n<tr>\n<td>Ens\u00e9\u00f1ame ahora, oh Se\u00f1or (2 partes, teclado)<\/td>\n<td>Marcello, Benedetto\/Grothenhuis, Dale arr.<\/td>\n<td>M\u00fasica MorningStar (50-9418)<\/td>\n<td>C<\/td>\n<\/tr>\n<tr>\n<td>Ens\u00e9\u00f1ame, oh Se\u00f1or (SAB, \u00d3rgano)<\/td>\n<td>Moger, Peter<\/td>\n<td>GIA (4201)<\/td>\n<td>C<\/td>\n<\/tr>\n<tr>\n<td>Ens\u00e9\u00f1ame, oh Se\u00f1or (SATB, Teclado)<\/td>\n<td>Atwood, Thomas<\/td>\n<td>GIA (3045)<\/td>\n<td>C<\/td>\n<\/tr>\n<tr>\n<td>Ens\u00e9\u00f1ame, oh Se\u00f1or (SATB, Teclado)<\/td>\n<td>Atwood, Thomas<\/td>\n<td>GIA (3045)<\/td>\n<td>C<\/td>\n<\/tr>\n<tr>\n<td>Ens\u00e9\u00f1ame, oh Se\u00f1or (SATB, \u00d3rgano)<\/td>\n<td>Atwood, Thomas<\/td>\n<td>CPDL<\/td>\n<td>C<\/td>\n<\/tr>\n<tr>\n<td>Eres mi roca (SATB, teclado, guitarra opcional)<\/td>\n<td>Pierce, Michael T.<\/td>\n<td>WLP-006229)<\/td>\n<td>PD<\/td>\n<\/tr>\n<\/tbody>\n<\/table>","protected":false},"excerpt":{"rendered":"<p>Choral Anthems Title (Voicing) Composer\/Arranger Publisher (Item #) Usage Beati quorum via (SSATBB) Stanford, Charles Villiers Boosey &amp; Hawkes (9790060025044) C Forsake Me Not, O Lord (SATB) Mechem, Kirke E. C. Schirmer (2733) E God Is My Rock (SATB, Organ) Horman, John D. Beckenhorst (BP 1148) PS Lenten Meditation, A (SATB, Organ) Pasquet, Jean H. [&hellip;]<\/p>\n","protected":false},"author":6628,"featured_media":0,"parent":0,"menu_order":0,"comment_status":"closed","ping_status":"closed","template":"","meta":{"_acf_changed":false,"footnotes":""},"class_list":["post-4223","page","type-page","status-publish","hentry"],"acf":[],"_links":{"self":[{"href":"https:\/\/npm.org\/es\/wp-json\/wp\/v2\/pages\/4223"}],"collection":[{"href":"https:\/\/npm.org\/es\/wp-json\/wp\/v2\/pages"}],"about":[{"href":"https:\/\/npm.org\/es\/wp-json\/wp\/v2\/types\/page"}],"author":[{"embeddable":true,"href":"https:\/\/npm.org\/es\/wp-json\/wp\/v2\/users\/6628"}],"replies":[{"embeddable":true,"href":"https:\/\/npm.org\/es\/wp-json\/wp\/v2\/comments?post=4223"}],"version-history":[{"count":0,"href":"https:\/\/npm.org\/es\/wp-json\/wp\/v2\/pages\/4223\/revisions"}],"wp:attachment":[{"href":"https:\/\/npm.org\/es\/wp-json\/wp\/v2\/media?parent=4223"}],"curies":[{"name":"gracias","href":"https:\/\/api.w.org\/{rel}","templated":true}]}}