{"id":4216,"date":"2017-10-03T14:32:26","date_gmt":"2017-10-03T14:32:26","guid":{"rendered":"https:\/\/npm.org\/?page_id=4216"},"modified":"2024-01-17T11:17:41","modified_gmt":"2024-01-17T16:17:41","slug":"choral-anthems-thirtieth-sunday-in-ordinary-time-lectionary-149","status":"publish","type":"page","link":"https:\/\/npm.org\/es\/choral-anthems-thirtieth-sunday-in-ordinary-time-lectionary-149\/","title":{"rendered":"Himnos corales - trig\u00e9simo domingo del tiempo ordinario (B)"},"content":{"rendered":"<p><strong>Himnos corales<\/strong><\/p>\n<table style=\"width: 100%;\" border=\"1\" width=\"100%\">\n<tbody>\n<tr>\n<td width=\"456\"><strong>T\u00edtulo (Voicing)<\/strong><\/td>\n<td width=\"187\"><strong>Compositor \/ Arreglista<\/strong><\/td>\n<td width=\"187\"><strong>Editor (art\u00edculo #)<\/strong><\/td>\n<td width=\"103\"><strong>Uso<\/strong><\/td>\n<\/tr>\n<tr>\n<td>Solo T\u00fa Avanzas, oh Se\u00f1or (SATB, \u00d3rgano)<\/td>\n<td>Macabe, Michael<\/td>\n<td>Par\u00e1clito (PPM00511)<\/td>\n<td>C<\/td>\n<\/tr>\n<tr>\n<td>Amazing Grace (2 partes, teclado)<\/td>\n<td>Arr. joven, jeremy<\/td>\n<td>GIA (3199)<\/td>\n<td>GRAMO<\/td>\n<\/tr>\n<tr>\n<td>Amazing Grace (SA, 2 flautas)<\/td>\n<td>Arr. Weinhorst, Ricardo<\/td>\n<td>CE Schirmer (4698)<\/td>\n<td>GRAMO<\/td>\n<\/tr>\n<tr>\n<td>Amazing Grace (SATB, instrumento en do, \u00f3rgano)<\/td>\n<td>Blanco, David Ashley<\/td>\n<td>Sela (420-733)<\/td>\n<td>1, PS, G<\/td>\n<\/tr>\n<tr>\n<td>Amazing Grace (SATB, flauta)<\/td>\n<td>arreglo Proulx, Ricardo<\/td>\n<td>GIA (6389)<\/td>\n<td>GRAMO<\/td>\n<\/tr>\n<tr>\n<td>Amazing Grace (SATB, \u00d3rgano)<\/td>\n<td>Arr. Bertalot, Juan<\/td>\n<td>Augsburgo (9780800649142)<\/td>\n<td>GRAMO<\/td>\n<\/tr>\n<tr>\n<td>Amazing Grace (Soprano Solo, Mezzosoprano Solo, SSATBB, Piano<\/td>\n<td>Arr. Ames, Roger<\/td>\n<td>GIA (5926)<\/td>\n<td>1, PS, G<\/td>\n<\/tr>\n<tr>\n<td>Bendito Jes\u00fas en Tu Palabra (SATB, Teclado)<\/td>\n<td>Hopson, Hal. h.<\/td>\n<td>Sela (410-107)<\/td>\n<td>GRAMO<\/td>\n<\/tr>\n<tr>\n<td>Die mit Tr\u00e4nen saen (SATBB\/SATBB)<\/td>\n<td>Sch\u00fctz, Heinrich<\/td>\n<td width=\"187\">Hal Leonard (08500814)<\/td>\n<td>PD<\/td>\n<\/tr>\n<tr>\n<td>Llenad vuestros corazones de gozo y alegr\u00eda (SATB, \u00d3rgano)<\/td>\n<td>Englert, Eugene<\/td>\n<td>GIA (2876)<\/td>\n<td>mi<\/td>\n<\/tr>\n<tr>\n<td>Fragante la Oraci\u00f3n (SATB, Sop. &amp; Ten. Solos)<\/td>\n<td>Oliver, Curt<\/td>\n<td>Par\u00e1clito (PPM09821)<\/td>\n<td>C<\/td>\n<\/tr>\n<tr>\n<td>Dad Gracias al Se\u00f1or (SATB, \u00d3rgano)<\/td>\n<td>Martinson, Joel<\/td>\n<td>Par\u00e1clito (PPM00509)<\/td>\n<td>mi<\/td>\n<\/tr>\n<tr>\n<td>Ay\u00fadanos, oh Se\u00f1or (SATB)<\/td>\n<td>Copland, Aar\u00f3n<\/td>\n<td>Boosey y Hawkes (M051460182)<\/td>\n<td>GRAMO<\/td>\n<\/tr>\n<tr>\n<td>In convertendo Dominus (Sop solo, Bajo solo, SATB, \u00d3rgano)<\/td>\n<td>Garc\u00eda, Jos\u00e9 Mauricio Nunes<\/td>\n<td>CPDL.org<\/td>\n<td>PD<\/td>\n<\/tr>\n<tr>\n<td>En convertendo Dominus (SATB)<\/td>\n<td>Peters, Flor<\/td>\n<td>McLaughlin y Reilly<\/td>\n<td>PD<\/td>\n<\/tr>\n<tr>\n<td>In convertendo Dominus (SATB\/SATB, Organ Continuo)<\/td>\n<td>Willaert, Adri\u00e1n<\/td>\n<td>Molinos Belwin<\/td>\n<td>PD<\/td>\n<\/tr>\n<tr>\n<td>Se\u00f1or, ha hecho grandes cosas por ellos (Un\u00edsono, Inst.)<\/td>\n<td>bob<\/td>\n<td>Concordia<\/td>\n<td>PD<\/td>\n<\/tr>\n<tr>\n<td>Oh Dios, cuyo poder curativo (2 partes, teclado)<\/td>\n<td>Sensmeier, Randall<\/td>\n<td>GIA (4739)<\/td>\n<td>GRAMO<\/td>\n<\/tr>\n<tr>\n<td>Oh Padre Celestial (SATB)<\/td>\n<td>Mateos, Tom\u00e1s<\/td>\n<td>Fitzsimons<\/td>\n<td>GRAMO<\/td>\n<\/tr>\n<tr>\n<td>Oh, que tuviera mil voces (SATB, metales, campanillas, opt. piano)<\/td>\n<td>Arr. Bisbee, B. Wayne<\/td>\n<td>Augsburgo (9781506422121)<\/td>\n<td>PD<\/td>\n<\/tr>\n<tr>\n<td>Open My Eyes (SATB, \u00f3rgano\/teclado)<\/td>\n<td>Scott, K. Lee<\/td>\n<td>Concordia (98-2904)<\/td>\n<td>GRAMO<\/td>\n<\/tr>\n<tr>\n<td>Caminos de Dios, Los (SATB)<\/td>\n<td>joven, gordon<\/td>\n<td>Prensa musical de Richmond (MII-360)<\/td>\n<td>1<\/td>\n<\/tr>\n<tr>\n<td>Buscad su rostro en todos los lugares (SATB, 2 violines, continuo)<\/td>\n<td>Herbst, Johannes\/Kroeger, Karl arr.<\/td>\n<td>carl fischer (c543)<\/td>\n<td>mi<\/td>\n<\/tr>\n<tr>\n<td>Canta una canci\u00f3n festiva (SATB, teclado)<\/td>\n<td>Schultz, Larry E.<\/td>\n<td>Gremio de coristas (CGA 1013)<\/td>\n<td>C<\/td>\n<\/tr>\n<tr>\n<td>Los que siembran en l\u00e1grimas (SATB, \u00d3rgano)<\/td>\n<td>Bach, Juan Sebasti\u00e1n<\/td>\n<td>Concordia<\/td>\n<td>PD<\/td>\n<\/tr>\n<tr>\n<td>Tu amor perfecto (SAT o SATB, teclado)<\/td>\n<td>Scott, K. Lee<\/td>\n<td>Gremio de coristas (CGA 704)<\/td>\n<td>C<\/td>\n<\/tr>\n<tr>\n<td>Convierte nuestro cautiverio, oh Se\u00f1or (SSATBB)<\/td>\n<td>Byrd, Guillermo<\/td>\n<td>Mancha y campana (BY1430)<\/td>\n<td>PD<\/td>\n<\/tr>\n<tr>\n<td>Cantaremos de alegr\u00eda (Al un\u00edsono, Teclado)<\/td>\n<td>Scarlatti, Alessandro\/Lowe, Helenclair arr.<\/td>\n<td>Gremio de coristas (CGA 202)<\/td>\n<td>mi<\/td>\n<\/tr>\n<tr>\n<td>Cuando el Se\u00f1or se volvi\u00f3 otra vez (SAB)<\/td>\n<td>Batten, Adrian\/Thoburn, Crawford R. arreglo.<\/td>\n<td>St. James Press<\/td>\n<td>PD<\/td>\n<\/tr>\n<tr>\n<td>Cuando el Se\u00f1or se volvi\u00f3 otra vez (SATB)<\/td>\n<td>Billings, Guillermo<\/td>\n<td>Concordia<\/td>\n<td>PD<\/td>\n<\/tr>\n<tr>\n<td>Tus manos, oh Se\u00f1or (2 partes, \u00f3rgano)<\/td>\n<td>Arr. Niedmann, Peter<\/td>\n<td>GIA (5119)<\/td>\n<td>GRAMO<\/td>\n<\/tr>\n<\/tbody>\n<\/table>","protected":false},"excerpt":{"rendered":"<p>Choral Anthems Title (Voicing) Composer\/Arranger Publisher (Item #) Usage Alone Thou Goest Forth, O Lord (SATB, Organ) McCabe, Michael Paraclete (PPM00511) C Amazing Grace (2-Part, Keyboard) arr. Young, Jeremy GIA (3199) G Amazing Grace (SA, 2 Flutes) arr. Weinhorst, Richard E. C. Schirmer (4698) G Amazing Grace (SATB, C Instrument, Organ) White, David Ashley Selah [&hellip;]<\/p>\n","protected":false},"author":6628,"featured_media":0,"parent":0,"menu_order":0,"comment_status":"closed","ping_status":"closed","template":"","meta":{"_acf_changed":false,"footnotes":""},"class_list":["post-4216","page","type-page","status-publish","hentry"],"acf":[],"_links":{"self":[{"href":"https:\/\/npm.org\/es\/wp-json\/wp\/v2\/pages\/4216"}],"collection":[{"href":"https:\/\/npm.org\/es\/wp-json\/wp\/v2\/pages"}],"about":[{"href":"https:\/\/npm.org\/es\/wp-json\/wp\/v2\/types\/page"}],"author":[{"embeddable":true,"href":"https:\/\/npm.org\/es\/wp-json\/wp\/v2\/users\/6628"}],"replies":[{"embeddable":true,"href":"https:\/\/npm.org\/es\/wp-json\/wp\/v2\/comments?post=4216"}],"version-history":[{"count":1,"href":"https:\/\/npm.org\/es\/wp-json\/wp\/v2\/pages\/4216\/revisions"}],"predecessor-version":[{"id":22656,"href":"https:\/\/npm.org\/es\/wp-json\/wp\/v2\/pages\/4216\/revisions\/22656"}],"wp:attachment":[{"href":"https:\/\/npm.org\/es\/wp-json\/wp\/v2\/media?parent=4216"}],"curies":[{"name":"gracias","href":"https:\/\/api.w.org\/{rel}","templated":true}]}}