{"id":4213,"date":"2017-10-03T14:31:20","date_gmt":"2017-10-03T14:31:20","guid":{"rendered":"https:\/\/npm.org\/?page_id=4213"},"modified":"2024-01-17T11:17:05","modified_gmt":"2024-01-17T16:17:05","slug":"choral-anthems-twenty%e2%80%91ninth-sunday-in-ordinary-time-lectionary-146","status":"publish","type":"page","link":"https:\/\/npm.org\/es\/choral-anthems-twenty%e2%80%91ninth-sunday-in-ordinary-time-lectionary-146\/","title":{"rendered":"Himnos corales - Vig\u00e9simo noveno domingo del tiempo ordinario (B)"},"content":{"rendered":"<p><strong>Himnos corales<\/strong><\/p>\n<table style=\"width: 100%;\" border=\"1\" width=\"100%\">\n<tbody>\n<tr>\n<td width=\"456\"><strong>T\u00edtulo (Voicing)<\/strong><\/td>\n<td width=\"187\"><strong>Compositor \/ Arreglista<\/strong><\/td>\n<td width=\"187\"><strong>Editor (art\u00edculo #)<\/strong><\/td>\n<td width=\"103\"><strong>Uso<\/strong><\/td>\n<\/tr>\n<tr>\n<td>Cristo va delante (SATB, \u00f3rgano, opt. Cuarteto de metales, timbales)<\/td>\n<td>Schalk, Carl<\/td>\n<td>M\u00fasica MorningStar (50-9049A)<\/td>\n<td>2<\/td>\n<\/tr>\n<tr>\n<td>Copa de Bendici\u00f3n que Bendecimos, El (SATB, \u00d3rgano)<\/td>\n<td>Gehring, Felipe<\/td>\n<td>Concordia (98-3585) en \u201cOfertorios Corales: Propios 19-24\u201d<\/td>\n<td>GRAMO<\/td>\n<\/tr>\n<tr>\n<td>Ojo del Se\u00f1or, El (SATB, Piano)<\/td>\n<td>colina, marcos<\/td>\n<td>WLP (008605)<\/td>\n<td>C<\/td>\n<\/tr>\n<tr>\n<td>Ojo del Se\u00f1or, El (SATB, Piano)<\/td>\n<td>colina, marcos<\/td>\n<td>WLP (008605)<\/td>\n<td>PS,C<\/td>\n<\/tr>\n<tr>\n<td>Escuche la Voz y la Oraci\u00f3n (SATB, \u00d3rgano)<\/td>\n<td>Hopkins, John Larkin<\/td>\n<td>Novello (NOV400213)<\/td>\n<td>mi<\/td>\n<\/tr>\n<tr>\n<td>Servicio Humilde (SATB)<\/td>\n<td>Fleming, Larry L.<\/td>\n<td>Augsburgo (9780800646226)<\/td>\n<td>GRAMO<\/td>\n<\/tr>\n<tr>\n<td>Te he invocado (SATB, \u00d3rgano)<\/td>\n<td>Roff, Jos\u00e9<\/td>\n<td>kjos<\/td>\n<td>mi<\/td>\n<\/tr>\n<tr>\n<td>In Te Speravi, Domine (voces agudas, \u00f3rgano)<\/td>\n<td>Proulx, Richrad<\/td>\n<td>Par\u00e1clito (PPM09521)<\/td>\n<td>PD<\/td>\n<\/tr>\n<tr>\n<td>Justorum animae (Coro de agudos o Soprano Solo, \u00d3rgano)<\/td>\n<td>Ferguson, Michael<\/td>\n<td>Par\u00e1clito (PPM09229)<\/td>\n<td>C<\/td>\n<\/tr>\n<tr>\n<td>Mantenme como la ni\u00f1a de tus ojos (Un\u00edsono\/2 partes, teclado)<\/td>\n<td>Kosche, Kenneth T.<\/td>\n<td>Gremio de Coristas (CGA 800)<\/td>\n<td>mi<\/td>\n<\/tr>\n<tr>\n<td>Mantenme a salvo, oh Dios (SATB, Solo, Teclado, Flauta, Oboe)<\/td>\n<td>Foley, SJ, Juan<\/td>\n<td>GIA (3936)<\/td>\n<td>mi<\/td>\n<\/tr>\n<tr>\n<td>Entonces acerqu\u00e9monos con confianza (SATB)<\/td>\n<td>DeLong, Richard<\/td>\n<td>CE Schirmer (4864)<\/td>\n<td>2<\/td>\n<\/tr>\n<tr>\n<td>Que tu misericordia sea con nosotros (SATB, teclado, guitarra)<\/td>\n<td>Haugen, Marty<\/td>\n<td>GIA (3331)<\/td>\n<td>C<\/td>\n<\/tr>\n<tr>\n<td>El Se\u00f1or guiar\u00e1 nuestros caminos, el (SATB, teclado)<\/td>\n<td>PowellRobert J.<\/td>\n<td>Augsburgo<\/td>\n<td>2<\/td>\n<\/tr>\n<tr>\n<td>Se\u00f1or, ay\u00fadanos a caminar a tu manera de siervo (SATB, teclado)<\/td>\n<td>Sensmeier, Randall<\/td>\n<td>GIA (4368)<\/td>\n<td>GRAMO<\/td>\n<\/tr>\n<tr>\n<td>Se\u00f1or, h\u00e1blame (SATB, \u00d3rgano)<\/td>\n<td>Rickard, Jeffrey K.<\/td>\n<td>Prensa de M\u00fasica Sacra (10\/1248S)<\/td>\n<td>GRAMO<\/td>\n<\/tr>\n<tr>\n<td>Se\u00f1or, cuyo amor en el humilde servicio (SATB, Piano)<\/td>\n<td>Kallman, Daniel<\/td>\n<td>Kjos (J17)<\/td>\n<td>GRAMO<\/td>\n<\/tr>\n<tr>\n<td>Nadie sabe el problema que he visto (SATB, Piano)<\/td>\n<td>Scott, K. Lee<\/td>\n<td>Oxford (9780193864580)<\/td>\n<td>2<\/td>\n<\/tr>\n<tr>\n<td>Nuestra Alma Espera al Se\u00f1or (SATB)<\/td>\n<td>Schalk, Carl<\/td>\n<td>Concordia (98-3252)<\/td>\n<td>PD<\/td>\n<\/tr>\n<tr>\n<td>Nuestra Alma Espera al Se\u00f1or (SATB)<\/td>\n<td>Schalk, Carl<\/td>\n<td>Concordia (98-3252)<\/td>\n<td>PD<\/td>\n<\/tr>\n<tr>\n<td>Salmo 17 (Un\u00edsono, Teclado)<\/td>\n<td>marshall, jane m.<\/td>\n<td>Gremio de Coristas (CGA 891)<\/td>\n<td>mi<\/td>\n<\/tr>\n<tr>\n<td>Rain Down (SATB, Solo, Teclado, Guitarra)<\/td>\n<td>Cort\u00e9s, Jaime.<\/td>\n<td>OCP (9771)<\/td>\n<td>C<\/td>\n<\/tr>\n<tr>\n<td>Oraci\u00f3n de Richard de Castre a Jes\u00fas (SATB)<\/td>\n<td>Terry<\/td>\n<td>Oxford (9780193533219) en \u201cEl libro de Oxford Easy Anthems\u201d<\/td>\n<td>GRAMO<\/td>\n<\/tr>\n<tr>\n<td>Seguramente \u00c9l ha Nacido Nuestros Dolores (SATB)<\/td>\n<td>Willan, Healley<\/td>\n<td>Concordia (97-7610) en \u201cTe alabamos, Parte II\u201d<\/td>\n<td>GRAMO<\/td>\n<\/tr>\n<tr>\n<td>Seguramente \u00c9l ha Nacido Nuestros Dolores del \u201cMes\u00edas\u201d (SATB, \u00d3rgano, Instrumentos)<\/td>\n<td>Handel, George F.<\/td>\n<td>Varios<\/td>\n<td>1,C<\/td>\n<\/tr>\n<tr>\n<td>Seguramente \u00c9l ha llevado nuestras tristezas (SATB)<\/td>\n<td>Copley, R. Evan<\/td>\n<td>Augsburgo (9780800646189)<\/td>\n<td>GRAMO<\/td>\n<\/tr>\n<tr>\n<td>Seguramente \u00c9l ha llevado nuestras tristezas (SATB)<\/td>\n<td>Graun, Karl Heinrich<\/td>\n<td>Concordia (98-1171)<\/td>\n<td>GRAMO<\/td>\n<\/tr>\n<tr>\n<td>Vere languideces nostros (SATB)<\/td>\n<td>Victoria, Tom\u00e1s Luis de<\/td>\n<td>Arista (AMC 359)<\/td>\n<td>2<\/td>\n<\/tr>\n<tr>\n<td>Quien sea grande entre ustedes (SAB, guitarra o teclado)<\/td>\n<td>Nelson, Ronald A.<\/td>\n<td>Augsburgo (9780800645809)<\/td>\n<td>GRAMO<\/td>\n<\/tr>\n<tr>\n<td>Eres todo lo que tenemos (SATB, teclado, guitarra, dos instrumentos C)<\/td>\n<td>O&#039;Brien, Francisco Patricio<\/td>\n<td>GIA (3663)<\/td>\n<td>mi<\/td>\n<\/tr>\n<\/tbody>\n<\/table>","protected":false},"excerpt":{"rendered":"<p>Choral Anthems Title (Voicing) Composer\/Arranger Publisher (Item #) Usage Christ Goes Before (SATB, Organ, opt. Brass Quartet, Timpani) Schalk, Carl MorningStar Music (50-9049A) 2 Cup of Blessing that We Bless, The (SATB, Organ) Gehring, Philip Concordia (98-3585) in &#8220;Choral Offertories: Propers 19-24&#8221; G Eye of the Lord, The (SATB, Piano) Hill, Mark WLP (008605) C [&hellip;]<\/p>\n","protected":false},"author":6628,"featured_media":0,"parent":0,"menu_order":0,"comment_status":"closed","ping_status":"closed","template":"","meta":{"_acf_changed":false,"footnotes":""},"class_list":["post-4213","page","type-page","status-publish","hentry"],"acf":[],"_links":{"self":[{"href":"https:\/\/npm.org\/es\/wp-json\/wp\/v2\/pages\/4213"}],"collection":[{"href":"https:\/\/npm.org\/es\/wp-json\/wp\/v2\/pages"}],"about":[{"href":"https:\/\/npm.org\/es\/wp-json\/wp\/v2\/types\/page"}],"author":[{"embeddable":true,"href":"https:\/\/npm.org\/es\/wp-json\/wp\/v2\/users\/6628"}],"replies":[{"embeddable":true,"href":"https:\/\/npm.org\/es\/wp-json\/wp\/v2\/comments?post=4213"}],"version-history":[{"count":1,"href":"https:\/\/npm.org\/es\/wp-json\/wp\/v2\/pages\/4213\/revisions"}],"predecessor-version":[{"id":22655,"href":"https:\/\/npm.org\/es\/wp-json\/wp\/v2\/pages\/4213\/revisions\/22655"}],"wp:attachment":[{"href":"https:\/\/npm.org\/es\/wp-json\/wp\/v2\/media?parent=4213"}],"curies":[{"name":"gracias","href":"https:\/\/api.w.org\/{rel}","templated":true}]}}