{"id":4204,"date":"2017-10-03T14:27:54","date_gmt":"2017-10-03T14:27:54","guid":{"rendered":"https:\/\/npm.org\/?page_id=4204"},"modified":"2020-06-19T02:08:08","modified_gmt":"2020-06-19T02:08:08","slug":"choral-anthems-twenty%e2%80%91sixth-sunday-in-ordinary-time-lectionary-137","status":"publish","type":"page","link":"https:\/\/npm.org\/es\/choral-anthems-twenty%e2%80%91sixth-sunday-in-ordinary-time-lectionary-137\/","title":{"rendered":"Himnos corales - XXVI domingo del tiempo ordinario (B)"},"content":{"rendered":"<p><strong>Himnos corales<\/strong><\/p>\n<table style=\"width: 100%;\" border=\"1\" width=\"100%\">\n<tbody>\n<tr>\n<td width=\"456\"><strong>T\u00edtulo (Voicing)<\/strong><\/td>\n<td width=\"187\"><strong>Compositor \/ Arreglista<\/strong><\/td>\n<td width=\"187\"><strong>Editor (art\u00edculo #)<\/strong><\/td>\n<td width=\"103\"><strong>Uso<\/strong><\/td>\n<\/tr>\n<tr>\n<td>\u00a1Qu\u00e9 corta y apresurada es nuestra vida! (SATB)<\/td>\n<td>arr. Parker, Alice<\/td>\n<td>GIA (5088)<\/td>\n<td>2<\/td>\n<\/tr>\n<tr>\n<td>Jes\u00fas, el mismo pensamiento de Ti (SATB, \u00d3rgano, instrumento en C opcional)<\/td>\n<td>Ashdown, Franklin D.<\/td>\n<td>Augsburgo (9780800657505)<\/td>\n<td>PD<\/td>\n<\/tr>\n<tr>\n<td>Judica Me, Deus (SATB)<\/td>\n<td>Gorczycki, Gregorio<\/td>\n<td>GIA (1973)<\/td>\n<td>mi<\/td>\n<\/tr>\n<tr>\n<td>Deja que las palabras de mi boca (SATB)<\/td>\n<td>Scott, K. Lee<\/td>\n<td>Concordia (98-2963)<\/td>\n<td>PD<\/td>\n<\/tr>\n<tr>\n<td>Utilicemos nuestras lenguas y talentos (2 partes, teclado, guitarra opcional, bong\u00f3s opcionales)<\/td>\n<td>Lovelace, Austin C.<\/td>\n<td>Gremio de Coristas (CGA 619)<\/td>\n<td>1<\/td>\n<\/tr>\n<tr>\n<td>Utilicemos nuestras lenguas y talentos (2 partes, teclado, guitarra opcional, bong\u00f3s opcionales)<\/td>\n<td>Lovelace, Austin C.<\/td>\n<td>Gremio de Coristas (CGA 619)<\/td>\n<td>GRAMO<\/td>\n<\/tr>\n<tr>\n<td>Se\u00f1or, hazme un instrumento de tu paz (SATB, teclado)<\/td>\n<td>Lindy, Jody<\/td>\n<td>Gremio de Coristas (CGA 612)<\/td>\n<td>C<\/td>\n<\/tr>\n<tr>\n<td>\u00a1Oh, cu\u00e1nto amo tu ley, oh Se\u00f1or! (SATB)<\/td>\n<td>Greene, J. Guillermo<\/td>\n<td>Par\u00e1clito (PPM00207)<\/td>\n<td>C<\/td>\n<\/tr>\n<tr>\n<td>Oraci\u00f3n de San Francisco (SATB, Soprano o Tenor Solo, Teclado)<\/td>\n<td>Pote, Allen C.<\/td>\n<td>Hinshaw (HMC 888)<\/td>\n<td>C<\/td>\n<\/tr>\n<tr>\n<td>Ens\u00e9\u00f1ame, oh Se\u00f1or (SAB, \u00d3rgano)<\/td>\n<td>Moger, Peter<\/td>\n<td>GIA (4201)<\/td>\n<td>GRAMO<\/td>\n<\/tr>\n<tr>\n<td>Tus Decretos Son Mi Canci\u00f3n (Un\u00edsono, Teclado)<\/td>\n<td>Ott, David<\/td>\n<td>Concordia<\/td>\n<td>C<\/td>\n<\/tr>\n<tr>\n<td>Tus estatutos son mi herencia (un\u00edsono\/2 partes, teclado)<\/td>\n<td>Gieschen<\/td>\n<td>Concordia<\/td>\n<td>C<\/td>\n<\/tr>\n<\/tbody>\n<\/table>","protected":false},"excerpt":{"rendered":"<p>Choral Anthems Title (Voicing) Composer\/Arranger Publisher (Item #) Usage How Short and Hasty Is Our Life (SATB) arr. Parker, Alice GIA (5088) 2 Jesus, the Very Thought of Thee (SATB, Organ, opt C instrument) Ashdown, Franklin D. Augsburg (9780800657505) PS Judica Me, Deus (SATB) Gorczycki, Gregor GIA (1973) E Let the Words of My Mouth [&hellip;]<\/p>\n","protected":false},"author":6628,"featured_media":0,"parent":0,"menu_order":0,"comment_status":"closed","ping_status":"closed","template":"","meta":{"_acf_changed":false,"footnotes":""},"class_list":["post-4204","page","type-page","status-publish","hentry"],"acf":[],"_links":{"self":[{"href":"https:\/\/npm.org\/es\/wp-json\/wp\/v2\/pages\/4204"}],"collection":[{"href":"https:\/\/npm.org\/es\/wp-json\/wp\/v2\/pages"}],"about":[{"href":"https:\/\/npm.org\/es\/wp-json\/wp\/v2\/types\/page"}],"author":[{"embeddable":true,"href":"https:\/\/npm.org\/es\/wp-json\/wp\/v2\/users\/6628"}],"replies":[{"embeddable":true,"href":"https:\/\/npm.org\/es\/wp-json\/wp\/v2\/comments?post=4204"}],"version-history":[{"count":0,"href":"https:\/\/npm.org\/es\/wp-json\/wp\/v2\/pages\/4204\/revisions"}],"wp:attachment":[{"href":"https:\/\/npm.org\/es\/wp-json\/wp\/v2\/media?parent=4204"}],"curies":[{"name":"gracias","href":"https:\/\/api.w.org\/{rel}","templated":true}]}}