{"id":4192,"date":"2017-10-03T14:21:53","date_gmt":"2017-10-03T14:21:53","guid":{"rendered":"https:\/\/npm.org\/?page_id=4192"},"modified":"2024-01-17T11:14:29","modified_gmt":"2024-01-17T16:14:29","slug":"choral-anthems-twenty-third-sunday-in-ordinary-time-lectionary-128","status":"publish","type":"page","link":"https:\/\/npm.org\/es\/choral-anthems-twenty-third-sunday-in-ordinary-time-lectionary-128\/","title":{"rendered":"Himnos corales - Domingo XXIII del tiempo ordinario (B)"},"content":{"rendered":"<p><strong>Himnos corales<\/strong><\/p>\n<table style=\"width: 100%;\" border=\"1\" width=\"100%\">\n<tbody>\n<tr>\n<td width=\"456\"><strong>T\u00edtulo (Voicing)<\/strong><\/td>\n<td width=\"187\"><strong>Compositor \/ Arreglista<\/strong><\/td>\n<td width=\"187\"><strong>Editor (art\u00edculo #)<\/strong><\/td>\n<td width=\"103\"><strong>Uso<\/strong><\/td>\n<\/tr>\n<tr>\n<td>Amazing Grace (SATB, instrumento en do, \u00f3rgano)<\/td>\n<td>Blanco, David Ashley<\/td>\n<td>Sela (420-733)<\/td>\n<td>1, PS, G<\/td>\n<\/tr>\n<tr>\n<td>Amazing Grace (SATB, flauta)<\/td>\n<td>arreglo Proulx, Ricardo<\/td>\n<td>GIA (6389)<\/td>\n<td>1, PS, G<\/td>\n<\/tr>\n<tr>\n<td>Como el ciervo (SATB, teclado)<\/td>\n<td>Scialla, Carmen<\/td>\n<td>Concordia (983855POD)<\/td>\n<td>C<\/td>\n<\/tr>\n<tr>\n<td>Mientras el mendigo espera abundancia (SATB)<\/td>\n<td>Bonnighton, Rosal\u00eda<\/td>\n<td>Par\u00e1clito (PPM00226)<\/td>\n<td>GRAMO<\/td>\n<\/tr>\n<tr>\n<td>S\u00e9 fuerte, no temas (SATB, teclado)<\/td>\n<td>Keesecker, Thomas<\/td>\n<td>Concordia<\/td>\n<td>1<\/td>\n<\/tr>\n<tr>\n<td>He aqu\u00ed Dios es mi salvaci\u00f3n (Un\u00edsono, opt. 2\u00aa voz, \u00d3rgano)<\/td>\n<td>Lindh, Jody W.<\/td>\n<td>Concordia (98-3193)<\/td>\n<td>1<\/td>\n<\/tr>\n<tr>\n<td>Bendito Jes\u00fas en Tu Palabra (SATB, Teclado)<\/td>\n<td>Hopson, Hal. h.<\/td>\n<td>Sela (410-107)<\/td>\n<td>GRAMO<\/td>\n<\/tr>\n<tr>\n<td>Reflexi\u00f3n coral sobre Amazing Grace (Sop Solo, Alto Solo, SSATBB, Piano, opt. Brass)<\/td>\n<td>Arr. Ames, Roger<\/td>\n<td>GIA (5926)<\/td>\n<td>GRAMO<\/td>\n<\/tr>\n<tr>\n<td>Dador de cada regalo perfecto (SATB, \u00d3rgano, opt. C-Instrumento)<\/td>\n<td>Scott, K. Lee<\/td>\n<td>Concordia (98-3466)<\/td>\n<td>1<\/td>\n<\/tr>\n<tr>\n<td>Healer of Our Every, Ill (2 partes, instrumento en C, piano)<\/td>\n<td>Haugen, Marty<\/td>\n<td>GIA (3478)<\/td>\n<td>GRAMO<\/td>\n<\/tr>\n<tr>\n<td>Alabar\u00e9 al Se\u00f1or (SATB, Teclado, opt. Guitarra)<\/td>\n<td>Joncas, J. Michael<\/td>\n<td>GIA (3434)<\/td>\n<td>PD<\/td>\n<\/tr>\n<tr>\n<td>Judica Me, Deus (SATB)<\/td>\n<td>Gorczycki, Gregorio<\/td>\n<td>GIA (1973)<\/td>\n<td>mi<\/td>\n<\/tr>\n<tr>\n<td>No dejes que el dolor te abrume (SATB, \u00f3rgano)<\/td>\n<td>Brahms, Johannes<\/td>\n<td>Augsburgo (9780800657772) en \u201cChantry Choirbook\u201d<\/td>\n<td>1<\/td>\n<\/tr>\n<tr>\n<td>Oh Dios, cuyo poder curativo (2 partes, teclado)<\/td>\n<td>Sensmeier, Randall<\/td>\n<td>GIA (4739)<\/td>\n<td>GRAMO<\/td>\n<\/tr>\n<tr>\n<td>Alabado sea el Se\u00f1or, oh alma m\u00eda\/Sal. 146 (SATB div., \u00d3rgano)<\/td>\n<td>Rorem, Ned<\/td>\n<td>Boosey y Hawkes<\/td>\n<td>PD<\/td>\n<\/tr>\n<tr>\n<td>Alabad al Se\u00f1or (SATB, 2 pianos)<\/td>\n<td>Diemer, Emma Lou<\/td>\n<td>Prensa Shawnee<\/td>\n<td>PD<\/td>\n<\/tr>\n<tr>\n<td>Salmo 119 (SATB)<\/td>\n<td>Wilkinson, Scott<\/td>\n<td>Mentor (M710)<\/td>\n<td>mi<\/td>\n<\/tr>\n<tr>\n<td>Sicut cervus (SATB)<\/td>\n<td>Palestrina, Giovanni Pierluigi da<\/td>\n<td>CPDL<\/td>\n<td>C<\/td>\n<\/tr>\n<tr>\n<td>Entonces ser\u00e1n los ojos de los ciegos (SAB, Piano)<\/td>\n<td>Mendelssohn, Felix\/Nelson, Ronald A. arr.<\/td>\n<td>Gremio de Coristas (CGA 927)<\/td>\n<td>1<\/td>\n<\/tr>\n<tr>\n<td>Los que conf\u00edan en el Se\u00f1or (SATB, de Cinco Himnos)<\/td>\n<td>Zimmermann, Heinz Werner<\/td>\n<td>Concordia<\/td>\n<td>1<\/td>\n<\/tr>\n<tr>\n<td>Para los pobres, un tesoro duradero (SATB, teclado, guitarra, instrumento en do, cuarteto de cuerda)<\/td>\n<td>O&#039;Brien, Francisco Patricio<\/td>\n<td>GIA (4523)<\/td>\n<td>2<\/td>\n<\/tr>\n<tr>\n<td>Tus manos, oh Se\u00f1or (2 partes, \u00f3rgano)<\/td>\n<td>Arr. Niedmann, Peter<\/td>\n<td>GIA (5119)<\/td>\n<td>GRAMO<\/td>\n<\/tr>\n<\/tbody>\n<\/table>","protected":false},"excerpt":{"rendered":"<p>Choral Anthems Title (Voicing) Composer\/Arranger Publisher (Item #) Usage Amazing Grace (SATB, C Instrument, Organ) White, David Ashley Selah (420-733) 1,PS,G Amazing Grace (SATB, Flute) arr. Proulx, Richard GIA (6389) 1,PS,G As the Deer (SATB, Keyboard) Scialla, Carmen Concordia (983855POD) C As the Pauper Waits for Plenty (SATB) Bonighton, Rosalie Paraclete (PPM00226) G Be Strong, [&hellip;]<\/p>\n","protected":false},"author":6628,"featured_media":0,"parent":0,"menu_order":0,"comment_status":"closed","ping_status":"closed","template":"","meta":{"_acf_changed":false,"footnotes":""},"class_list":["post-4192","page","type-page","status-publish","hentry"],"acf":[],"_links":{"self":[{"href":"https:\/\/npm.org\/es\/wp-json\/wp\/v2\/pages\/4192"}],"collection":[{"href":"https:\/\/npm.org\/es\/wp-json\/wp\/v2\/pages"}],"about":[{"href":"https:\/\/npm.org\/es\/wp-json\/wp\/v2\/types\/page"}],"author":[{"embeddable":true,"href":"https:\/\/npm.org\/es\/wp-json\/wp\/v2\/users\/6628"}],"replies":[{"embeddable":true,"href":"https:\/\/npm.org\/es\/wp-json\/wp\/v2\/comments?post=4192"}],"version-history":[{"count":1,"href":"https:\/\/npm.org\/es\/wp-json\/wp\/v2\/pages\/4192\/revisions"}],"predecessor-version":[{"id":22650,"href":"https:\/\/npm.org\/es\/wp-json\/wp\/v2\/pages\/4192\/revisions\/22650"}],"wp:attachment":[{"href":"https:\/\/npm.org\/es\/wp-json\/wp\/v2\/media?parent=4192"}],"curies":[{"name":"gracias","href":"https:\/\/api.w.org\/{rel}","templated":true}]}}