{"id":4189,"date":"2017-10-03T14:20:42","date_gmt":"2017-10-03T14:20:42","guid":{"rendered":"https:\/\/npm.org\/?page_id=4189"},"modified":"2022-02-09T15:47:43","modified_gmt":"2022-02-09T15:47:43","slug":"choral-anthems-twenty%e2%80%91second-sunday-b-lectionary-125","status":"publish","type":"page","link":"https:\/\/npm.org\/es\/choral-anthems-twenty%e2%80%91second-sunday-b-lectionary-125\/","title":{"rendered":"Himnos corales - 22o domingo del tiempo ordinario (B)"},"content":{"rendered":"<p><strong>Himnos corales<\/strong><\/p>\n<table style=\"width: 100%;\" border=\"1\" width=\"100%\">\n<tbody>\n<tr>\n<td width=\"456\"><strong>T\u00edtulo (Voicing)<\/strong><\/td>\n<td width=\"187\"><strong>Compositor \/ Arreglista<\/strong><\/td>\n<td width=\"187\"><strong>Editor (art\u00edculo #)<\/strong><\/td>\n<td width=\"103\"><strong>Uso<\/strong><\/td>\n<\/tr>\n<tr>\n<td>Bienaventuranzas, El (SATB, \u00d3rgano)<\/td>\n<td>Callahan, Carlos<\/td>\n<td>Concordia (98-3760)<\/td>\n<td>C<\/td>\n<\/tr>\n<tr>\n<td>Bienaventurados los de limpio coraz\u00f3n (SATB, teclado)<\/td>\n<td>Davies, Henry Walford<\/td>\n<td>Oxford<\/td>\n<td>GRAMO<\/td>\n<\/tr>\n<tr>\n<td>Bienaventurados los que cantan (un\u00edsono, 2 partes, teclado, instrumento en do)<\/td>\n<td>Bedford, Michael<\/td>\n<td>Gremio de Coristas (CGA 1025)<\/td>\n<td>C<\/td>\n<\/tr>\n<tr>\n<td>Bienaventurados ellos (SATB, teclado)<\/td>\n<td>Blanco, Jack Noble<\/td>\n<td>Brookfield (08743584)<\/td>\n<td>C<\/td>\n<\/tr>\n<tr>\n<td>Bienaventurados ellos (Un\u00edsono, opt. 2 partes, teclado)<\/td>\n<td>Leavitt, John<\/td>\n<td>Concordia<\/td>\n<td>C<\/td>\n<\/tr>\n<tr>\n<td>Bienaventurados los puros de coraz\u00f3n (SATB, teclado)<\/td>\n<td>Mengel, Dana<\/td>\n<td>Concordia (98-3450)<\/td>\n<td>C<\/td>\n<\/tr>\n<tr>\n<td>Danos un coraz\u00f3n puro (SATB, \u00d3rgano)<\/td>\n<td>Willcock, Crist\u00f3bal<\/td>\n<td>Trinitas (4529)<\/td>\n<td>2<\/td>\n<\/tr>\n<tr>\n<td>Danos un coraz\u00f3n puro (SATB, \u00d3rgano)<\/td>\n<td>Willcock, Crist\u00f3bal<\/td>\n<td>Trinitas (4529)<\/td>\n<td>GRAMO<\/td>\n<\/tr>\n<tr>\n<td>Dios est\u00e9 en mi cabeza (SATB, teclado)<\/td>\n<td>Carter, Andr\u00e9s<\/td>\n<td>Oxford (9780193511453)<\/td>\n<td>GRAMO<\/td>\n<\/tr>\n<tr>\n<td>Felices los pobres (2 partes, teclado)<\/td>\n<td>Jones, Hilton Kean<\/td>\n<td>Concordia<\/td>\n<td>C<\/td>\n<\/tr>\n<tr>\n<td>Se\u00f1or, hazme conocer tus caminos (SATB)<\/td>\n<td>Byrd, Guillermo<\/td>\n<td>CPDL<\/td>\n<td>2, G<\/td>\n<\/tr>\n<tr>\n<td>Se\u00f1or, hazme conocer tus caminos (SATB, \u00f3rgano)<\/td>\n<td>Byrd, William\/Lovelace, Austin arr.<\/td>\n<td>Concordia (98-2935)<\/td>\n<td>2, G<\/td>\n<\/tr>\n<tr>\n<td>Se\u00f1or, Santif\u00edcame por completo (SATB)<\/td>\n<td>Pasquet, Jean<\/td>\n<td>Los Fitzsimons (2182)<\/td>\n<td>GRAMO<\/td>\n<\/tr>\n<tr>\n<td>Se\u00f1or, \u00bfqui\u00e9n puede entrar en tu casa? (SATB, teclado)<\/td>\n<td>Bell, Juan L.<\/td>\n<td>GIA (4669)<\/td>\n<td>PD<\/td>\n<\/tr>\n<tr>\n<td>Hazme puro, oh Esp\u00edritu Santo (Solo alto o bajo, \u00f3rgano)<\/td>\n<td>Telemann, Georg Phillip<\/td>\n<td>Augsburgo (9780800674335) en \u201cA Dios cantar\u00e9\u201d<\/td>\n<td>2<\/td>\n<\/tr>\n<tr>\n<td>Hazme puro, oh Esp\u00edritu Santo (Solo alto o bajo, \u00f3rgano)<\/td>\n<td>Telemann, Georg Phillip<\/td>\n<td>Augsburgo (9780800674335) en \u201cA Dios cantar\u00e9\u201d<\/td>\n<td>GRAMO<\/td>\n<\/tr>\n<tr>\n<td>Ens\u00e9\u00f1ame, Se\u00f1or, tu camino (Un\u00edsono, teclado, guitarra opcional)<\/td>\n<td>Jefferson, Thomas W.<\/td>\n<td>WLP-001221<\/td>\n<td>GRAMO<\/td>\n<\/tr>\n<tr>\n<td>Ens\u00e9\u00f1ame, oh Se\u00f1or (SAB, \u00d3rgano)<\/td>\n<td>Moger, Peter<\/td>\n<td>GIA (4201)<\/td>\n<td>GRAMO<\/td>\n<\/tr>\n<tr>\n<td>Ens\u00e9\u00f1ame, oh Se\u00f1or (SATB, Teclado)<\/td>\n<td>Atwood, Thomas<\/td>\n<td>GIA (3045)<\/td>\n<td>GRAMO<\/td>\n<\/tr>\n<tr>\n<td>Ens\u00e9\u00f1ame, oh Se\u00f1or (SATB, \u00d3rgano)<\/td>\n<td>Atwood, Thomas<\/td>\n<td>CPDL<\/td>\n<td>GRAMO<\/td>\n<\/tr>\n<tr>\n<td>Ens\u00e9\u00f1ame, oh Se\u00f1or (SATB, \u00d3rgano)<\/td>\n<td>Atwood, Thomas<\/td>\n<td>Schirmer CE (0372)<\/td>\n<td>GRAMO<\/td>\n<\/tr>\n<tr>\n<td>Hay una amplitud en la misericordia de Dios (Un\u00edsono, teclado)<\/td>\n<td>Hampton, Calvino<\/td>\n<td>GIA (5638)<\/td>\n<td>mi<\/td>\n<\/tr>\n<\/tbody>\n<\/table>","protected":false},"excerpt":{"rendered":"<p>Choral Anthems Title (Voicing) Composer\/Arranger Publisher (Item #) Usage Beatitudes, The (SATB, Organ) Callahan, Charles Concordia (98-3760) C Blessed Are the Pure in Heart (SATB, Keyboard) Davies, Henry Walford Oxford G Blessed Are They (Beatitudes) (Unison\/2-Part, Keyboard, C Instrument) Bedford, Michael Choristers Guild (CGA 1025) C Blessed Are They (SATB, Keyboard) White, Jack Noble Brookfield [&hellip;]<\/p>\n","protected":false},"author":6628,"featured_media":0,"parent":0,"menu_order":0,"comment_status":"closed","ping_status":"closed","template":"","meta":{"_acf_changed":false,"footnotes":""},"class_list":["post-4189","page","type-page","status-publish","hentry"],"acf":[],"_links":{"self":[{"href":"https:\/\/npm.org\/es\/wp-json\/wp\/v2\/pages\/4189"}],"collection":[{"href":"https:\/\/npm.org\/es\/wp-json\/wp\/v2\/pages"}],"about":[{"href":"https:\/\/npm.org\/es\/wp-json\/wp\/v2\/types\/page"}],"author":[{"embeddable":true,"href":"https:\/\/npm.org\/es\/wp-json\/wp\/v2\/users\/6628"}],"replies":[{"embeddable":true,"href":"https:\/\/npm.org\/es\/wp-json\/wp\/v2\/comments?post=4189"}],"version-history":[{"count":1,"href":"https:\/\/npm.org\/es\/wp-json\/wp\/v2\/pages\/4189\/revisions"}],"predecessor-version":[{"id":18991,"href":"https:\/\/npm.org\/es\/wp-json\/wp\/v2\/pages\/4189\/revisions\/18991"}],"wp:attachment":[{"href":"https:\/\/npm.org\/es\/wp-json\/wp\/v2\/media?parent=4189"}],"curies":[{"name":"gracias","href":"https:\/\/api.w.org\/{rel}","templated":true}]}}