{"id":4172,"date":"2017-10-03T14:08:10","date_gmt":"2017-10-03T14:08:10","guid":{"rendered":"https:\/\/npm.org\/?page_id=4172"},"modified":"2020-06-19T22:27:28","modified_gmt":"2020-06-19T22:27:28","slug":"choral-anthems-transfiguration-lectionary-614b","status":"publish","type":"page","link":"https:\/\/npm.org\/es\/choral-anthems-transfiguration-lectionary-614b\/","title":{"rendered":"Himnos corales - Transfiguraci\u00f3n (B)"},"content":{"rendered":"<p><strong>Himnos corales<\/strong><\/p>\n<table style=\"width: 100%;\" border=\"1\" width=\"100%\">\n<tbody>\n<tr>\n<td width=\"456\"><strong>T\u00edtulo (Voicing)<\/strong><\/td>\n<td width=\"187\"><strong>Compositor \/ Arreglista<\/strong><\/td>\n<td width=\"187\"><strong>Editor (art\u00edculo #)<\/strong><\/td>\n<td width=\"103\"><strong>Uso<\/strong><\/td>\n<\/tr>\n<tr>\n<td>Cristo en la cima de la monta\u00f1a (2 partes, teclado)<\/td>\n<td>Bertalot, Juan<\/td>\n<td>Augsburgo<\/td>\n<td>GRAMO<\/td>\n<\/tr>\n<tr>\n<td>Cristo en la cima de la monta\u00f1a (SATB)<\/td>\n<td>Bouman, Paul<\/td>\n<td>Concordia (98-2856)<\/td>\n<td>GRAMO<\/td>\n<\/tr>\n<tr>\n<td>Christus Paradox (SATB, Cuarteto de metales)<\/td>\n<td>Sensmeier, Randall<\/td>\n<td>GIA (4543)<\/td>\n<td>GRAMO<\/td>\n<\/tr>\n<tr>\n<td>Paradoja de Christus (SATB, \u00d3rgano)<\/td>\n<td>Fedak, Alfred V.<\/td>\n<td>GIA (5463)<\/td>\n<td>GRAMO<\/td>\n<\/tr>\n<tr>\n<td>Hermoso Se\u00f1or Jes\u00fas (Un\u00edsono, Teclado)<\/td>\n<td>Hampton, Calvino<\/td>\n<td>GIA (2766)<\/td>\n<td>GRAMO<\/td>\n<\/tr>\n<tr>\n<td>Vistazo de gloria, El (SATB, \u00d3rgano, Trompeta opt.)<\/td>\n<td>Blanco, David Ashley<\/td>\n<td>Augsburgo (0800650891)<\/td>\n<td>GRAMO<\/td>\n<\/tr>\n<tr>\n<td>Sube a la monta\u00f1a de Dios (SATB, piano, flauta opcional)<\/td>\n<td>Helman, Michael<\/td>\n<td>Augsburgo (9780800658359)<\/td>\n<td>GRAMO<\/td>\n<\/tr>\n<tr>\n<td>Conc\u00e9denos tu luz (SATB, piano)<\/td>\n<td>Willan, Healley<\/td>\n<td>Concordia (98-1014)<\/td>\n<td>C<\/td>\n<\/tr>\n<tr>\n<td>Jes\u00fas dulcis memoria (SATB)<\/td>\n<td>Giles, Randall<\/td>\n<td>Par\u00e1clito (PPM00213)<\/td>\n<td>GRAMO<\/td>\n<\/tr>\n<tr>\n<td>Jes\u00fas dulcis memoria (SATB)<\/td>\n<td>Lee, R. Antonio<\/td>\n<td>Par\u00e1clito (PPM09611)<\/td>\n<td>GRAMO<\/td>\n<\/tr>\n<tr>\n<td>Jes\u00fas, ll\u00e9vanos a la monta\u00f1a (SATB\/Teclado)<\/td>\n<td>Schalk, Carl<\/td>\n<td>M\u00fasica MorningStar (50-2601)<\/td>\n<td>GRAMO<\/td>\n<\/tr>\n<tr>\n<td>Que toda la carne mortal guarde silencio (SATB, campanillas)<\/td>\n<td>Arr. Ferguson, Juan<\/td>\n<td>Augsburgo (9780800646684)<\/td>\n<td>GRAMO<\/td>\n<\/tr>\n<tr>\n<td>Que toda carne mortal guarde silencio (SATB, \u00f3rgano)<\/td>\n<td>arr. Sommary, Johannes<\/td>\n<td>GIA (1614)<\/td>\n<td>GRAMO<\/td>\n<\/tr>\n<tr>\n<td>El Se\u00f1or es Gobernante sobre Todo, El (SATB)<\/td>\n<td>Sch\u00fctz, Heinrich<\/td>\n<td>Concordia (97-6303) en &quot;Diez Salmos del Salterio de Becker&quot;<\/td>\n<td>PD<\/td>\n<\/tr>\n<tr>\n<td>Espejo de la Eternidad (SATB)<\/td>\n<td>ChepponisJames J.<\/td>\n<td>GIA (4225)<\/td>\n<td>GRAMO<\/td>\n<\/tr>\n<tr>\n<td>La nata de lujo (SSATB)<\/td>\n<td>Tallis, Thomas<\/td>\n<td>CPDL<\/td>\n<td>GRAMO<\/td>\n<\/tr>\n<tr>\n<td>La nata de lujo (SSATB)<\/td>\n<td>Tallis, Thomas<\/td>\n<td>Oxford (9780193521643)<\/td>\n<td>GRAMO<\/td>\n<\/tr>\n<tr>\n<td>Oh Salvador del Mundo (SATB)<\/td>\n<td>Goss, Juan<\/td>\n<td>CPDL<\/td>\n<td>GRAMO<\/td>\n<\/tr>\n<tr>\n<td>Oh esplendor de la gloria de Dios brillante (Al un\u00edsono, campanas de mano de 2 octavas, teclado)<\/td>\n<td>Puentes, David<\/td>\n<td>Concordia<\/td>\n<td>GRAMO<\/td>\n<\/tr>\n<tr>\n<td>\u00a1Oh maravillosa tipolog\u00eda, oh bella visi\u00f3n! (SATB, teclado)<\/td>\n<td>Schalk, Carl<\/td>\n<td>Concordia<\/td>\n<td>GRAMO<\/td>\n<\/tr>\n<tr>\n<td>\u00a1Oh maravilloso tipo, oh bella visi\u00f3n! (SATB, \u00f3rgano, campanas de mano)<\/td>\n<td>B\u00e1culo, Carl<\/td>\n<td>GIA (2836)<\/td>\n<td>GRAMO<\/td>\n<\/tr>\n<tr>\n<td>\u00a1Oh maravilloso tipo, oh bella visi\u00f3n! (SATB, \u00f3rgano, trompeta)<\/td>\n<td>Lobo, S. Drummond<\/td>\n<td>Concordia<\/td>\n<td>GRAMO<\/td>\n<\/tr>\n<tr>\n<td>Este es mi hijo amado (SAB, \u00d3rgano)<\/td>\n<td>Nystedt, Carl<\/td>\n<td>Concordia (98-1805)<\/td>\n<td>E,2,G<\/td>\n<\/tr>\n<tr>\n<td>Este es mi hijo, mi amado (SATB, teclado, guitarra)<\/td>\n<td>Powell, Kathy<\/td>\n<td>GIA (3527)<\/td>\n<td>E,2,G<\/td>\n<\/tr>\n<tr>\n<td>Transfiguraci\u00f3n (Un\u00edsono, \u00d3rgano)<\/td>\n<td>Martinson, Joel<\/td>\n<td>Par\u00e1clito (PPM09511)<\/td>\n<td>GRAMO<\/td>\n<\/tr>\n<tr>\n<td>La Transfiguraci\u00f3n de Cristo (2 partes, \u00f3rgano)<\/td>\n<td>Garber, Aar\u00f3n<\/td>\n<td>Concordia (98-3769)<\/td>\n<td>GRAMO<\/td>\n<\/tr>\n<tr>\n<td>Transformarnos (SAB, Organo)<\/td>\n<td>arreglo de Vyhanek, James<\/td>\n<td>GIA (4104)<\/td>\n<td>GRAMO<\/td>\n<\/tr>\n<\/tbody>\n<\/table>\n<p>*<em>\u00a0agotado<\/em><\/p>","protected":false},"excerpt":{"rendered":"<p>Choral Anthems Title (Voicing) Composer\/Arranger Publisher (Item #) Usage Christ Upon the Mountain Peak (2-Part, Keyboard) Bertalot, John Augsburg G Christ Upon the Mountain Peak (SATB) Bouman, Paul Concordia (98-2856) G Christus Paradox (SATB, Brass Quartet) Sensmeier, Randall GIA (4543) G Christus Paradox (SATB, Organ) Fedak, Alfred V. GIA (5463) G Fairest Lord Jesus (Unison, [&hellip;]<\/p>\n","protected":false},"author":6628,"featured_media":0,"parent":0,"menu_order":0,"comment_status":"closed","ping_status":"closed","template":"","meta":{"_acf_changed":false,"footnotes":""},"class_list":["post-4172","page","type-page","status-publish","hentry"],"acf":[],"_links":{"self":[{"href":"https:\/\/npm.org\/es\/wp-json\/wp\/v2\/pages\/4172"}],"collection":[{"href":"https:\/\/npm.org\/es\/wp-json\/wp\/v2\/pages"}],"about":[{"href":"https:\/\/npm.org\/es\/wp-json\/wp\/v2\/types\/page"}],"author":[{"embeddable":true,"href":"https:\/\/npm.org\/es\/wp-json\/wp\/v2\/users\/6628"}],"replies":[{"embeddable":true,"href":"https:\/\/npm.org\/es\/wp-json\/wp\/v2\/comments?post=4172"}],"version-history":[{"count":0,"href":"https:\/\/npm.org\/es\/wp-json\/wp\/v2\/pages\/4172\/revisions"}],"wp:attachment":[{"href":"https:\/\/npm.org\/es\/wp-json\/wp\/v2\/media?parent=4172"}],"curies":[{"name":"gracias","href":"https:\/\/api.w.org\/{rel}","templated":true}]}}