{"id":4169,"date":"2017-10-03T14:06:53","date_gmt":"2017-10-03T14:06:53","guid":{"rendered":"https:\/\/npm.org\/?page_id=4169"},"modified":"2020-06-18T22:06:58","modified_gmt":"2020-06-18T22:06:58","slug":"choral-anthems-eighteenth-sunday-b-lectionary-113","status":"publish","type":"page","link":"https:\/\/npm.org\/es\/choral-anthems-eighteenth-sunday-b-lectionary-113\/","title":{"rendered":"Himnos corales - D\u00e9cimo octavo domingo del tiempo ordinario (B)"},"content":{"rendered":"<p><strong>Himnos corales<\/strong><\/p>\n<table style=\"width: 100%;\" border=\"1\" width=\"100%\">\n<tbody>\n<tr>\n<td width=\"456\"><strong>T\u00edtulo (Voicing)<\/strong><\/td>\n<td width=\"187\"><strong>Compositor \/ Arreglista<\/strong><\/td>\n<td width=\"187\"><strong>Editor (art\u00edculo #)<\/strong><\/td>\n<td width=\"103\"><strong>Uso<\/strong><\/td>\n<\/tr>\n<tr>\n<td>Ave verum (SA, \u00d3rgano)<\/td>\n<td>Faure, Gabriel<\/td>\n<td>CPDL<\/td>\n<td>GRAMO<\/td>\n<\/tr>\n<tr>\n<td>Ave verum (SA, \u00d3rgano)<\/td>\n<td>Faure, Gabriel<\/td>\n<td>CE Schirmer (0860)<\/td>\n<td>GRAMO<\/td>\n<\/tr>\n<tr>\n<td>Ave verum (SATB)<\/td>\n<td>Saint Saens, Camille<\/td>\n<td>CPDL<\/td>\n<td>GRAMO<\/td>\n<\/tr>\n<tr>\n<td>Ave verum (SATB)<\/td>\n<td>Robinson, Lorenzo<\/td>\n<td>Publicaciones musicales de la Alianza (AMP 0621)<\/td>\n<td>GRAMO<\/td>\n<\/tr>\n<tr>\n<td>Ave verum (SATB, Sop Solo, Teclado)<\/td>\n<td>Elgar, Eduardo<\/td>\n<td>CPDL<\/td>\n<td>GRAMO<\/td>\n<\/tr>\n<tr>\n<td>Ave verum Corpus (SATB)<\/td>\n<td>Saint-Sa\u00ebns, Camille<\/td>\n<td>M\u00fasica MorningStar (50-3005)<\/td>\n<td>GRAMO<\/td>\n<\/tr>\n<tr>\n<td>Ave verum Corpus (SATB, \u00d3rgano)<\/td>\n<td>Mozart, Wolfgang A.<\/td>\n<td>CPDL<\/td>\n<td>GRAMO<\/td>\n<\/tr>\n<tr>\n<td>Ave verum Corpus (SSA)<\/td>\n<td>Poulenc, Francisco<\/td>\n<td>Salaberto (HL.50498640)<\/td>\n<td>GRAMO<\/td>\n<\/tr>\n<tr>\n<td>ave verum<\/td>\n<td>Gontijo, Flavio<\/td>\n<td>Prensa Cantus Quercus<\/td>\n<td>GRAMO<\/td>\n<\/tr>\n<tr>\n<td>Ave verdadera (SATB)<\/td>\n<td>Peters, Flor<\/td>\n<td>Editores Nacionales de M\u00fasica (CH002)<\/td>\n<td>GRAMO<\/td>\n<\/tr>\n<tr>\n<td>Ave verum (SATB, \u00d3rgano)<\/td>\n<td>Mawby, Colin<\/td>\n<td>Kevin Mayhew (KM142)<\/td>\n<td>GRAMO<\/td>\n<\/tr>\n<tr>\n<td>Ave verum Corpus (SATB)<\/td>\n<td>Byrd, Guillermo<\/td>\n<td>Oxford (9780193520066)<\/td>\n<td>GRAMO<\/td>\n<\/tr>\n<tr>\n<td>Pan de Dios (SATB, \u00d3rgano)<\/td>\n<td>Furgoneta, Jeffrey<\/td>\n<td>Marcos Foster (MF 2144)<\/td>\n<td>C<\/td>\n<\/tr>\n<tr>\n<td>Pan del Cielo (2 partes mixtas, \u00f3rgano)<\/td>\n<td>Blanco, David Ashley<\/td>\n<td>Augsburgo (9780800650919)<\/td>\n<td>GRAMO<\/td>\n<\/tr>\n<tr>\n<td>Pan de Vida (SATB, Teclado, Guitarra, Flauta, Clarinete)<\/td>\n<td>Farrell, Bernadette<\/td>\n<td>OCP (7152)<\/td>\n<td>GRAMO<\/td>\n<\/tr>\n<tr>\n<td>Pan del Mundo (SATB)<\/td>\n<td>Lovelace, Austin C.<\/td>\n<td>Par\u00e1clito (PPM00227)<\/td>\n<td>GRAMO<\/td>\n<\/tr>\n<tr>\n<td>Con tu mano alimentas a tu pueblo (SATB o SAB, teclado, guitarra)<\/td>\n<td>Haugen, Marty<\/td>\n<td>GIA (5759)<\/td>\n<td>C<\/td>\n<\/tr>\n<tr>\n<td>Cibavit Eos (\u00c9l tambi\u00e9n los aliment\u00f3), K. 44 (SATB, \u00f3rgano\/teclado)<\/td>\n<td>Mozart, Wolfgang A.<\/td>\n<td>Concordia<\/td>\n<td>C<\/td>\n<\/tr>\n<tr>\n<td>Deus in adjutorium (SSATB, \u00d3rgano)<\/td>\n<td>Pachelbel, Johann<\/td>\n<td>M\u00fasica de Marks (15331)<\/td>\n<td>mi<\/td>\n<\/tr>\n<tr>\n<td>Comed este pan, bebed esta copa (Un\u00edsono\/2 partes, teclado)<\/td>\n<td>joven, jeremy<\/td>\n<td>Augsburgo<\/td>\n<td>C<\/td>\n<\/tr>\n<tr>\n<td>Ego sum panis vivus (SATB)<\/td>\n<td>Byrd, Guillermo<\/td>\n<td>Chester (CH08747)<\/td>\n<td>GRAMO<\/td>\n<\/tr>\n<tr>\n<td>Regalo del mejor trigo (SATB, \u00f3rgano)<\/td>\n<td>Kreutz, Robert E.\/Ferguson, John arr.<\/td>\n<td>GIA (3089)<\/td>\n<td>C<\/td>\n<\/tr>\n<tr>\n<td>Date prisa, Dios, en mi ayuda (SSATB, vibr\u00e1fono, clavec\u00edn, bajo)<\/td>\n<td>Zimmermann, Heinz Werner<\/td>\n<td>Barrenreiter<\/td>\n<td>mi<\/td>\n<\/tr>\n<tr>\n<td>Jes\u00fas dijo al pueblo (SATB, teclado)<\/td>\n<td>Stainer, Juan<\/td>\n<td>CPDL<\/td>\n<td>GRAMO<\/td>\n<\/tr>\n<tr>\n<td>Jes\u00fas, Sol de Vida, Mi Esplendor (SATB, \u00d3rgano)<\/td>\n<td>Handel, George F.<\/td>\n<td>Concordia (98-1445)<\/td>\n<td>GRAMO<\/td>\n<\/tr>\n<tr>\n<td>Se\u00f1or, h\u00e1blame (SATB, \u00d3rgano)<\/td>\n<td>Rickard, Jeffrey K.<\/td>\n<td>Prensa de M\u00fasica Sacra (10\/1248S)<\/td>\n<td>GRAMO<\/td>\n<\/tr>\n<tr>\n<td>Date prisa, Op. 86 (SATB)<\/td>\n<td>Hovhaness, Alan<\/td>\n<td>Edici\u00f3n Peters (EP6288)<\/td>\n<td>mi<\/td>\n<\/tr>\n<tr>\n<td>M\u00fasica de Taiz\u00e9, Vol. 2: Comed este pan (SATB, instrumento en C, teclado)<\/td>\n<td>Berthier, Jacques<\/td>\n<td>GIA (2778)<\/td>\n<td>C<\/td>\n<\/tr>\n<tr>\n<td>Oh Pan de Vida del Cielo (2 partes, \u00f3rgano)<\/td>\n<td>Blanco, David Ashley<\/td>\n<td>Augsburgo (9780800650919)<\/td>\n<td>GRAMO<\/td>\n<\/tr>\n<tr>\n<td>Oh Pan de Vida del Cielo (SATB, Teclado)<\/td>\n<td>Bach, Juan Sebasti\u00e1n<\/td>\n<td>Augsburgo (9780800658540) en \u201cBach para todas las estaciones\u201d<\/td>\n<td>GRAMO<\/td>\n<\/tr>\n<tr>\n<td>Oh Pan de Vida del Cielo\/O esca viatorum (SATB)<\/td>\n<td>Isaac, Enrique<\/td>\n<td>Augsburgo (9780800657772) en \u201cChantry Choirbook\u201d<\/td>\n<td>GRAMO<\/td>\n<\/tr>\n<tr>\n<td>O esca viatorum (SATB)<\/td>\n<td>Haydn, Johann Michael<\/td>\n<td>CPDL<\/td>\n<td>GRAMO<\/td>\n<\/tr>\n<tr>\n<td>O esca viatorum (SATB)<\/td>\n<td>Isaac, Enrique<\/td>\n<td>CPDL<\/td>\n<td>GRAMO<\/td>\n<\/tr>\n<tr>\n<td>O Alimento dado a los peregrinos (SATB, \u00d3rgano)<\/td>\n<td>Blanco, David Ashley<\/td>\n<td>Par\u00e1clito (PPM00513)<\/td>\n<td>GRAMO<\/td>\n<\/tr>\n<tr>\n<td>Oh Sagrada y Bendita Fiesta\/Oh sacrum convivium (SATB)<\/td>\n<td>Hada, Peter<\/td>\n<td>Augsburgo (9786000175832)<\/td>\n<td>GRAMO<\/td>\n<\/tr>\n<tr>\n<td>O sacrum convivium (SAATB)<\/td>\n<td>Tallis, Thomas<\/td>\n<td>Oxford (9780193521612)<\/td>\n<td>GRAMO<\/td>\n<\/tr>\n<tr>\n<td>O sacro convivium (SATB)<\/td>\n<td>Croce, Juan<\/td>\n<td>CPDL<\/td>\n<td>GRAMO<\/td>\n<\/tr>\n<tr>\n<td>O sacro convivium (SATB)<\/td>\n<td>Marenzio, Lucas<\/td>\n<td>CPDL<\/td>\n<td>GRAMO<\/td>\n<\/tr>\n<tr>\n<td>O sacro convivium (SATB)<\/td>\n<td>Viadana, Ludovico da<\/td>\n<td>CPDL<\/td>\n<td>GRAMO<\/td>\n<\/tr>\n<tr>\n<td>O sacro convivium (SATB)<\/td>\n<td>Biery, James<\/td>\n<td>M\u00fasica MorningStar (50-8311)<\/td>\n<td>GRAMO<\/td>\n<\/tr>\n<tr>\n<td>O sacro convivium (SATB)<\/td>\n<td>Messiaen, Oliver<\/td>\n<td>Durand (50565707)<\/td>\n<td>GRAMO<\/td>\n<\/tr>\n<tr>\n<td>O sacro convivium (SATB)<\/td>\n<td>Tovey, Donald F.<\/td>\n<td>Stainer &amp; Bell (9790220210082) en \u201cLaudate Pueri\u201d<\/td>\n<td>GRAMO<\/td>\n<\/tr>\n<tr>\n<td>Pange lingua gloriosi (SATB)<\/td>\n<td>Victoria, Tom\u00e1s Luis de<\/td>\n<td>CPDL<\/td>\n<td>GRAMO<\/td>\n<\/tr>\n<tr>\n<td>Panis angelicus (SATB)<\/td>\n<td>Casciolini, Claudio<\/td>\n<td>CPDL<\/td>\n<td>GRAMO<\/td>\n<\/tr>\n<tr>\n<td>Panis angelicus (SATB)<\/td>\n<td>Lambillotte, Luis<\/td>\n<td>CPDL<\/td>\n<td>GRAMO<\/td>\n<\/tr>\n<tr>\n<td>Panis angelicus (SATB)<\/td>\n<td>Palestrina, Giovanni Pierluigi da<\/td>\n<td>GIA (2003)<\/td>\n<td>GRAMO<\/td>\n<\/tr>\n<tr>\n<td>Panis angelicus (SATB, \u00d3rgano)<\/td>\n<td>Saint Sa\u00ebns, Camille<\/td>\n<td>Oxford (9780193531093) en \u201cThe New Church Anthem Book\u201d<\/td>\n<td>GRAMO<\/td>\n<\/tr>\n<tr>\n<td>Panis angelicus (Solo de diez, SATB, \u00d3rgano, Cuerdas, Opc. Arpa)<\/td>\n<td>Franck, C\u00e9sar\/Proulx, Richard arr.<\/td>\n<td>GIA (5572)<\/td>\n<td>GRAMO<\/td>\n<\/tr>\n<tr>\n<td>Panis angelicus (Unison, SA, TB, SATB, \u00f3rgano\/teclado)<\/td>\n<td>Franck, C\u00e9sar<\/td>\n<td>Varios<\/td>\n<td>GRAMO<\/td>\n<\/tr>\n<tr>\n<td>Salmo 70 (TTBB, \u00d3rgano)<\/td>\n<td>Sowerby, Leo<\/td>\n<td>HW gris<\/td>\n<td>mi<\/td>\n<\/tr>\n<tr>\n<td>De cierto, de cierto os digo (SATB)<\/td>\n<td>Tallis, Thomas<\/td>\n<td>CPDL<\/td>\n<td>GRAMO<\/td>\n<\/tr>\n<tr>\n<td>Pan Muy Rico (SATB)<\/td>\n<td>Currie, Randolph N.<\/td>\n<td>GIA (2422)<\/td>\n<td>1, G<\/td>\n<\/tr>\n<tr>\n<td>Nos reunimos en tu mesa, Se\u00f1or (SATB)<\/td>\n<td>Ehert, Walter<\/td>\n<td>Prensa de m\u00fasica sacra (S228)<\/td>\n<td>GRAMO<\/td>\n<\/tr>\n<\/tbody>\n<\/table>","protected":false},"excerpt":{"rendered":"<p>Choral Anthems Title (Voicing) Composer\/Arranger Publisher (Item #) Usage Ave verum (SA, Organ) Faur\u00e9, Gabriel CPDL G Ave verum (SA, Organ) Faur\u00e9, Gabriel E. C. Schirmer (0860) G Ave verum (SATB) Saint-Saens, Camille CPDL G Ave verum (SATB) Robison, Lawrence Alliance Music Publications (AMP 0621) G Ave verum (SATB, Sop Solo, Keyboard) Elgar, Edward CPDL [&hellip;]<\/p>\n","protected":false},"author":6628,"featured_media":0,"parent":0,"menu_order":0,"comment_status":"closed","ping_status":"closed","template":"","meta":{"_acf_changed":false,"footnotes":""},"class_list":["post-4169","page","type-page","status-publish","hentry"],"acf":[],"_links":{"self":[{"href":"https:\/\/npm.org\/es\/wp-json\/wp\/v2\/pages\/4169"}],"collection":[{"href":"https:\/\/npm.org\/es\/wp-json\/wp\/v2\/pages"}],"about":[{"href":"https:\/\/npm.org\/es\/wp-json\/wp\/v2\/types\/page"}],"author":[{"embeddable":true,"href":"https:\/\/npm.org\/es\/wp-json\/wp\/v2\/users\/6628"}],"replies":[{"embeddable":true,"href":"https:\/\/npm.org\/es\/wp-json\/wp\/v2\/comments?post=4169"}],"version-history":[{"count":0,"href":"https:\/\/npm.org\/es\/wp-json\/wp\/v2\/pages\/4169\/revisions"}],"wp:attachment":[{"href":"https:\/\/npm.org\/es\/wp-json\/wp\/v2\/media?parent=4169"}],"curies":[{"name":"gracias","href":"https:\/\/api.w.org\/{rel}","templated":true}]}}