{"id":4163,"date":"2017-10-03T14:03:36","date_gmt":"2017-10-03T14:03:36","guid":{"rendered":"https:\/\/npm.org\/?page_id=4163"},"modified":"2020-06-18T22:04:21","modified_gmt":"2020-06-18T22:04:21","slug":"choral-anthems-sixteenth-sunday-b-lectionary-107","status":"publish","type":"page","link":"https:\/\/npm.org\/es\/choral-anthems-sixteenth-sunday-b-lectionary-107\/","title":{"rendered":"Himnos corales - Domingo 16 del tiempo ordinario (B)"},"content":{"rendered":"<p><strong>Himnos corales<\/strong><\/p>\n<table style=\"width: 100%;\" border=\"1\" width=\"100%\">\n<tbody>\n<tr>\n<td width=\"456\"><strong>T\u00edtulo (Voicing)<\/strong><\/td>\n<td width=\"187\"><strong>Compositor \/ Arreglista<\/strong><\/td>\n<td width=\"187\"><strong>Editor (art\u00edculo #)<\/strong><\/td>\n<td width=\"103\"><strong>Uso<\/strong><\/td>\n<\/tr>\n<tr>\n<td>He aqu\u00ed, Dios es mi ayuda Op. 26 (SATB, \u00d3rgano)<\/td>\n<td>Hovhaness, Alan<\/td>\n<td>Edici\u00f3n de Peters (66190)<\/td>\n<td>mi<\/td>\n<\/tr>\n<tr>\n<td>He aqu\u00ed que vienen d\u00edas (SATB, teclado opcional)<\/td>\n<td>Bouman, Paul<\/td>\n<td>M\u00fasica MorningStar (50-8200)<\/td>\n<td>1<\/td>\n<\/tr>\n<tr>\n<td>Bendito Jes\u00fas (Un\u00edsono, \u00d3rgano)<\/td>\n<td>Faure, Gabriel<\/td>\n<td>Concordia (98-2580)<\/td>\n<td>PD<\/td>\n<\/tr>\n<tr>\n<td>El aire del hermano James (SATB)<\/td>\n<td>Jacob, Gordon<\/td>\n<td>Oxford (9780193405240)<\/td>\n<td>PD<\/td>\n<\/tr>\n<tr>\n<td>Aire del hermano James (SSA, piano\/cuerdas)<\/td>\n<td>Jacob, Gordon<\/td>\n<td>Oxford (9780193856165)<\/td>\n<td>PD<\/td>\n<\/tr>\n<tr>\n<td>Air del hermano James (al un\u00edsono, piano\/piano y cuerdas)<\/td>\n<td>Jacob, Gordon<\/td>\n<td>Oxford (9780193401969)<\/td>\n<td>PD<\/td>\n<\/tr>\n<tr>\n<td>Cristo es nuestra paz (SATB)<\/td>\n<td>Nicholson, Pablo<\/td>\n<td>Augsburgo<\/td>\n<td>2<\/td>\n<\/tr>\n<tr>\n<td>El reba\u00f1o de Cristo (SATB, \u00f3rgano\/teclado)<\/td>\n<td>Shaw, Mart\u00edn<\/td>\n<td>G. Schirmer (OC10584)<\/td>\n<td>PD<\/td>\n<\/tr>\n<tr>\n<td>Der Herr is mein Hirte (SSB o SS, 2 violines)<\/td>\n<td>Telemann, Georg Philipp<\/td>\n<td>Hannsler (HE 39.39.012)<\/td>\n<td>PD<\/td>\n<\/tr>\n<tr>\n<td>Dios es mi pastor (SA, teclado)<\/td>\n<td>Dvor\u00e1k, Ant\u00f3n<\/td>\n<td>Prensa de Santa Mar\u00eda<\/td>\n<td>PD<\/td>\n<\/tr>\n<tr>\n<td>Dios es mi pastor (SA, oboe, flauta, teclado)<\/td>\n<td>Dvor\u00e1k, Ant\u00f3n<\/td>\n<td>Theodore Presser<\/td>\n<td>PD<\/td>\n<\/tr>\n<tr>\n<td>Dios es mi pastor (SA, piano)<\/td>\n<td>Dvor\u00e1k, Ant\u00f3n<\/td>\n<td>G. Schirmer<\/td>\n<td>PD<\/td>\n<\/tr>\n<tr>\n<td>Dios es mi pastor (SATB, \u00f3rgano)<\/td>\n<td>Dvor\u00e1k, Ant\u00f3n<\/td>\n<td>Summy-abedul<\/td>\n<td>PD<\/td>\n<\/tr>\n<tr>\n<td>Dios es mi pastor (SSA, teclado)<\/td>\n<td>Dvor\u00e1k, Ant\u00f3n<\/td>\n<td>Carl Fischer<\/td>\n<td>PD<\/td>\n<\/tr>\n<tr>\n<td>Dios es mi pastor (Un\u00edsono, Guitarra)<\/td>\n<td>Dvor\u00e1k, Ant\u00f3n<\/td>\n<td>Augsburgo<\/td>\n<td>PD<\/td>\n<\/tr>\n<tr>\n<td>Dios de amor, mi pastor es el (SA, teclado)<\/td>\n<td>Handel, George F.\/Jacques, Reginald arr.<\/td>\n<td>Oxford<\/td>\n<td>PD<\/td>\n<\/tr>\n<tr>\n<td>Estoy parado en la puerta (SATB, \u00d3rgano)<\/td>\n<td>Gehring, Felipe<\/td>\n<td>Concordia (98-3585) en \u201cOfertorios Corales: Propios 19-24\u201d<\/td>\n<td>C<\/td>\n<\/tr>\n<tr>\n<td>Escuch\u00e9 la voz de Jes\u00fas decir (2 partes, flauta, oboe, \u00f3rgano))<\/td>\n<td>Witherup, William C.<\/td>\n<td>Sela (420-451)<\/td>\n<td>GRAMO<\/td>\n<\/tr>\n<tr>\n<td>Escuch\u00e9 la Voz de Jes\u00fas Decir (SATB, \u00d3rgano, Flauta)<\/td>\n<td>Busarow, Donald<\/td>\n<td>Concordia (98-2619)<\/td>\n<td>GRAMO<\/td>\n<\/tr>\n<tr>\n<td>Dar\u00e9 gracias al Se\u00f1or (Un\u00edsono, Teclado)<\/td>\n<td>Cherwien, David<\/td>\n<td>Concordia (98-2930)<\/td>\n<td>C<\/td>\n<\/tr>\n<tr>\n<td>Jes\u00fas, como un pastor, gu\u00edanos (un\u00edsono, teclado)<\/td>\n<td>Lau, Roberto C.<\/td>\n<td>Jenson (423-10022)<\/td>\n<td>GRAMO<\/td>\n<\/tr>\n<tr>\n<td>Rey del amor, mi pastor es el (SATB, teclado)<\/td>\n<td>arreglo Beck, John Ness<\/td>\n<td>Beckenhorst (a\u00f1o de fundaci\u00f3n 1247)<\/td>\n<td>PD<\/td>\n<\/tr>\n<tr>\n<td>Rey del amor, mi pastor es, el (Sop Solo, Bari Solo, SATB, \u00d3rgano)<\/td>\n<td>arreglo de Englert, Eugene<\/td>\n<td>GIA (1842)<\/td>\n<td>PD<\/td>\n<\/tr>\n<tr>\n<td>Rey del Amor Mi Pastor Es, El (SSATB, \u00d3rgano)<\/td>\n<td>Bairstow, Eduardo<\/td>\n<td>CPDL<\/td>\n<td>PD<\/td>\n<\/tr>\n<tr>\n<td>Rey del amor, mi pastor es, el (SATB, teclado, flauta)<\/td>\n<td>PelzWalter L.<\/td>\n<td>Augsburgo (9780800646011)<\/td>\n<td>GRAMO<\/td>\n<\/tr>\n<tr>\n<td>Rey del amor, mi pastor es, El (SATB, \u00d3rgano, Fl. opto., Oboe, Clarinete)<\/td>\n<td>Blakley, Duane<\/td>\n<td>Prensa Shawnee<\/td>\n<td>PD<\/td>\n<\/tr>\n<tr>\n<td>Rey del Amor, Mi Pastor Es, El, SAN COLUMBA (SATB, \u00d3rgano)<\/td>\n<td>Arr. Ferguson, Juan<\/td>\n<td>GIA (4011)<\/td>\n<td>GRAMO<\/td>\n<\/tr>\n<tr>\n<td>El Se\u00f1or es como un pastor (Un\u00edsono, teclado, flauta dulce o contralto)<\/td>\n<td>P\u00e1gina, Sue Ellen<\/td>\n<td>Hinshaw (HMC432)<\/td>\n<td>PD<\/td>\n<\/tr>\n<tr>\n<td>El Se\u00f1or es mi pastor (Bajo, SATB, \u00d3rgano)<\/td>\n<td>Wesley, Samuel Sebasti\u00e1n<\/td>\n<td>Ventas de m\u00fasica en Estados Unidos (28 de noviembre de 1995)<\/td>\n<td>PD<\/td>\n<\/tr>\n<tr>\n<td>El Se\u00f1or es mi pastor (Bajo, SATB, \u00d3rgano)<\/td>\n<td>Wesley, Samuel Sebasti\u00e1n<\/td>\n<td>Novela corta (NOV281195)<\/td>\n<td>PD<\/td>\n<\/tr>\n<tr>\n<td>El Se\u00f1or es mi pastor (SA)<\/td>\n<td>Herrero, Gregg<\/td>\n<td>G. Schirmer<\/td>\n<td>PD<\/td>\n<\/tr>\n<tr>\n<td>El Se\u00f1or es mi pastor (SA, teclado)<\/td>\n<td>Schubert, Francisco<\/td>\n<td>Ventas de m\u00fasica en Am\u00e9rica (EA36680)<\/td>\n<td>PD<\/td>\n<\/tr>\n<tr>\n<td>El Se\u00f1or es mi pastor (SA, \u00d3rgano)<\/td>\n<td>Mueller, Carl F.<\/td>\n<td>Carl Fischer<\/td>\n<td>PD<\/td>\n<\/tr>\n<tr>\n<td>El Se\u00f1or es mi pastor, El (SAT, SAB o SATB, Piano)<\/td>\n<td>Pote, Allen C.<\/td>\n<td>Gremio de Coristas (CGA 551)<\/td>\n<td>PD<\/td>\n<\/tr>\n<tr>\n<td>El Se\u00f1or es mi pastor (SATB)<\/td>\n<td>Berger, Jean<\/td>\n<td>Hermanos Broude (BB 3053)<\/td>\n<td>PD<\/td>\n<\/tr>\n<tr>\n<td>Se\u00f1or es mi pastor, El (SATB, \u00d3rgano)<\/td>\n<td>Mateos, Tom\u00e1s<\/td>\n<td>Fitzsimons (F2137)<\/td>\n<td>PD<\/td>\n<\/tr>\n<tr>\n<td>Se\u00f1or es mi pastor, El (SATB, \u00d3rgano)<\/td>\n<td>Mueller, Carl F.<\/td>\n<td>Carl Fischer<\/td>\n<td>PD<\/td>\n<\/tr>\n<tr>\n<td>Se\u00f1or es mi pastor, El (SATB, \u00d3rgano)<\/td>\n<td>Rutter, Juan<\/td>\n<td>Oxford (9780193856295)<\/td>\n<td>PD<\/td>\n<\/tr>\n<tr>\n<td>Se\u00f1or es mi pastor, El (SATB, \u00d3rgano)<\/td>\n<td>Schubert, Francisco<\/td>\n<td>Novello (290120NOV)<\/td>\n<td>PD<\/td>\n<\/tr>\n<tr>\n<td>El Se\u00f1or es mi pastor, The (SATB, piano\/\u00f3rgano\/arpa)<\/td>\n<td>Thompson, Randall<\/td>\n<td>CE Schirmer (2688)<\/td>\n<td>PD<\/td>\n<\/tr>\n<tr>\n<td>El Se\u00f1or es mi pastor (Sop., Bajo, SATB, \u00d3rgano)<\/td>\n<td>Wesley, Samuel Sebasti\u00e1n<\/td>\n<td>Reimpresi\u00f3n de WT Wagner<\/td>\n<td>PD<\/td>\n<\/tr>\n<tr>\n<td>El Se\u00f1or es mi pastor (Soprano Soli, SATB, \u00d3rgano)<\/td>\n<td>Sabio, Miguel<\/td>\n<td>Novela (NOV880027)<\/td>\n<td>PD<\/td>\n<\/tr>\n<tr>\n<td>El Se\u00f1or es mi pastor (SSA)<\/td>\n<td>Mateos, Tom\u00e1s<\/td>\n<td>Fitzsimons<\/td>\n<td>PD<\/td>\n<\/tr>\n<tr>\n<td>El Se\u00f1or es mi pastor (SSA, \u00f3rgano)<\/td>\n<td>Schubert, Francisco<\/td>\n<td>Marcas M\u00fasica<\/td>\n<td>PD<\/td>\n<\/tr>\n<tr>\n<td>El Se\u00f1or es mi pastor (SSA, piano)<\/td>\n<td>Schubert, Francisco<\/td>\n<td>Carl Fischer<\/td>\n<td>PD<\/td>\n<\/tr>\n<tr>\n<td>Se\u00f1or es mi pastor, El (SSAA, Piano)<\/td>\n<td>Schubert, Francisco<\/td>\n<td>Oxford (9780193417939)<\/td>\n<td>PD<\/td>\n<\/tr>\n<tr>\n<td>Se\u00f1or es mi pastor, El (SSAA, Piano)<\/td>\n<td>Schubert, Francisco<\/td>\n<td>Oxford (9780193417939)<\/td>\n<td>PD<\/td>\n<\/tr>\n<tr>\n<td>El Se\u00f1or es mi pastor, The (SSAA, piano\/\u00f3rgano\/arpa)<\/td>\n<td>Thompson, Randall<\/td>\n<td>E. C. Schirmer (2578)<\/td>\n<td>PD<\/td>\n<\/tr>\n<tr>\n<td>El Se\u00f1or es mi pastor (TTBB)<\/td>\n<td>Leighton, Kenneth<\/td>\n<td>Novello<\/td>\n<td>PD<\/td>\n<\/tr>\n<tr>\n<td>El Se\u00f1or es mi pastor, El (Un\u00edsono)<\/td>\n<td>Sleeth, Nathalie<\/td>\n<td>Prensa de Broadman<\/td>\n<td>PD<\/td>\n<\/tr>\n<tr>\n<td>El Se\u00f1or es mi pastor (Un\u00edsono, teclado)<\/td>\n<td>Bouman, Paul<\/td>\n<td>Concordia (98-2911)<\/td>\n<td>PD<\/td>\n<\/tr>\n<tr>\n<td>El Se\u00f1or es mi pastor (Un\u00edsono, teclado)<\/td>\n<td>Hoja, Roberto<\/td>\n<td>Gremio de coristas<\/td>\n<td>PD<\/td>\n<\/tr>\n<tr>\n<td>Se\u00f1or mi fiel pastor es, El (SATB)<\/td>\n<td>Sch\u00fctz, Heinrich<\/td>\n<td>Schmitt, Hall y McCreary<\/td>\n<td>PD<\/td>\n<\/tr>\n<tr>\n<td>Se\u00f1or, mi pasto preparar\u00e1, El (SATB, \u00d3rgano)<\/td>\n<td>Harris, Guillermo Enrique<\/td>\n<td>Novello (NOV030094) en \u201cEl libro del himno de Novello\u201d<\/td>\n<td>PD<\/td>\n<\/tr>\n<tr>\n<td>Se\u00f1or, mi pasto preparar\u00e1, El (SATB, teclado)<\/td>\n<td>Billings, Guillermo<\/td>\n<td>Concordia<\/td>\n<td>PD<\/td>\n<\/tr>\n<tr>\n<td>El Se\u00f1or es para m\u00ed un pastor, El (SATB)<\/td>\n<td>Hunnicutt, Judy<\/td>\n<td>GIA (2181) *<\/td>\n<td>PD<\/td>\n<\/tr>\n<tr>\n<td>El Se\u00f1or es mi pastor (SAB, 2 campanas de mano)<\/td>\n<td>Burroughs, Bob<\/td>\n<td>Esperanza<\/td>\n<td>PD<\/td>\n<\/tr>\n<tr>\n<td>El Se\u00f1or es mi pastor (SATB)<\/td>\n<td>Hillert, Richard<\/td>\n<td>Concordia<\/td>\n<td>PD<\/td>\n<\/tr>\n<tr>\n<td>El Se\u00f1or es mi pastor (SATB, \u00f3rgano)<\/td>\n<td>Franck, C\u00e9sar<\/td>\n<td>HW gris<\/td>\n<td>PD<\/td>\n<\/tr>\n<tr>\n<td>El Se\u00f1or es mi pastor (SATB, \u00f3rgano)<\/td>\n<td>Titcomb, Everett<\/td>\n<td>HW gris<\/td>\n<td>PD<\/td>\n<\/tr>\n<tr>\n<td>El Se\u00f1or es mi pastor (SATB, \u00f3rgano, flauta)<\/td>\n<td>Hillert, Richard<\/td>\n<td>Concordia<\/td>\n<td>PD<\/td>\n<\/tr>\n<tr>\n<td>El Se\u00f1or es mi pastor (TTBB, piano)<\/td>\n<td>Mueller, Carl F.<\/td>\n<td>Carl Fischer<\/td>\n<td>PD<\/td>\n<\/tr>\n<tr>\n<td>Pastor amoroso de tus ovejas (2 partes, flauta opcional)<\/td>\n<td>arr. Ehret, Walter<\/td>\n<td>Gremio de Coristas (CGA 362)<\/td>\n<td>PD<\/td>\n<\/tr>\n<tr>\n<td>Mi coraz\u00f3n est\u00e1 lleno hoy (2 partes, pandereta, carill\u00f3n, campanillas)<\/td>\n<td>Proulx, Richard<\/td>\n<td>Concordia<\/td>\n<td>C<\/td>\n<\/tr>\n<tr>\n<td>Mi pastor suplir\u00e1 mis necesidades (SAB)<\/td>\n<td>Thomson, Virgilio<\/td>\n<td>Gris HW (GCMR02571)<\/td>\n<td>GRAMO<\/td>\n<\/tr>\n<tr>\n<td>Mi pastor suplir\u00e1 mis necesidades (SAB, viol\u00edn, teclado)<\/td>\n<td>Johnson, Stephen P.<\/td>\n<td>Concordia (98-3759)<\/td>\n<td>PD<\/td>\n<\/tr>\n<tr>\n<td>Mi pastor suplir\u00e1 mis necesidades (SATB)<\/td>\n<td>Thomson, Virgilio<\/td>\n<td>Gris HW (GCMR02046)<\/td>\n<td>PD<\/td>\n<\/tr>\n<tr>\n<td>Mi pastor suplir\u00e1 mis necesidades (SATB, \u00f3rgano, flauta, violonchelo)<\/td>\n<td>Goemanne, Noel<\/td>\n<td>GIA (1738)<\/td>\n<td>PD<\/td>\n<\/tr>\n<tr>\n<td>Mi pastor suplir\u00e1 mis necesidades (SSA)<\/td>\n<td>Thomson, Virgilio<\/td>\n<td>Gris HW (GCMR02558)<\/td>\n<td>PD<\/td>\n<\/tr>\n<tr>\n<td>Caminos de Dios, Los (SATB)<\/td>\n<td>joven, gordon<\/td>\n<td>Prensa musical de Richmond (MII-360)<\/td>\n<td>PD<\/td>\n<\/tr>\n<tr>\n<td>Salmo 23 (SATB, \u00d3rgano, Bajo)<\/td>\n<td>Zimmermann, Heinz Werner<\/td>\n<td>Augsburgo (9780800645380)<\/td>\n<td>PD<\/td>\n<\/tr>\n<tr>\n<td>Salmo 23 (SATB, \u00d3rgano, Instrumento C)<\/td>\n<td>Burkhardt, Michael<\/td>\n<td>M\u00fasica MorningStar (50-9051)<\/td>\n<td>PD<\/td>\n<\/tr>\n<tr>\n<td>Salmo 23 (SATB, \u00d3rgano, Flauta)<\/td>\n<td>PelzWalter L.<\/td>\n<td>Concordia<\/td>\n<td>PD<\/td>\n<\/tr>\n<tr>\n<td>Salmo 23 (SSA, \u00d3rgano)<\/td>\n<td>\u00bfC\u00f3mo, Mart\u00edn?<\/td>\n<td>Boosey y Hawkes (M570052097)<\/td>\n<td>PD<\/td>\n<\/tr>\n<tr>\n<td>Salvador, como un pastor, gu\u00edanos (Un\u00edsono, teclado)<\/td>\n<td>Hampton, Calvino<\/td>\n<td>GIA (2764)<\/td>\n<td>1<\/td>\n<\/tr>\n<tr>\n<td>Salvador, como un pastor, gu\u00edanos (un\u00edsono, \u00f3rgano)<\/td>\n<td>Bach, Johann Sebastian\/Hopson, Hal H. arr.<\/td>\n<td>GIA (2266)<\/td>\n<td>1<\/td>\n<\/tr>\n<tr>\n<td>Las ovejas pueden pastar sin peligro (SATB, teclado)<\/td>\n<td>Bach, Johann Sebastian\/Davis, Katherine K. arr.<\/td>\n<td>Galaxia (1.1278)<\/td>\n<td>PD<\/td>\n<\/tr>\n<tr>\n<td>Ens\u00e9\u00f1ame ahora, oh Se\u00f1or (2 partes, teclado)<\/td>\n<td>Marcello, Benedetto\/Grothenhuis, Dale arr.<\/td>\n<td>M\u00fasica MorningStar (50-9418)<\/td>\n<td>GRAMO<\/td>\n<\/tr>\n<tr>\n<td>Salmo 23, El (SA, \u00d3rgano\/Piano)<\/td>\n<td>Davis, Katherine K.<\/td>\n<td>Remick<\/td>\n<td>PD<\/td>\n<\/tr>\n<tr>\n<td>Salmo 23 (SATB, Solo, Teclado)<\/td>\n<td>Vaughan Williams, Ralph<\/td>\n<td>Oxford<\/td>\n<td>PD<\/td>\n<\/tr>\n<tr>\n<td>Salmo 23 (TTBB, piano)<\/td>\n<td>Malotte, Albert Hay<\/td>\n<td>G. Schirmer<\/td>\n<td>PD<\/td>\n<\/tr>\n<tr>\n<td>Dos versiones del Salmo 23 (SATB)<\/td>\n<td>Goudimel, Claude<\/td>\n<td>Continuo<\/td>\n<td>PD<\/td>\n<\/tr>\n<\/tbody>\n<\/table>","protected":false},"excerpt":{"rendered":"<p>Choral Anthems Title (Voicing) Composer\/Arranger Publisher (Item #) Usage Behold, God Is My Help Op. 26 (SATB, Organ) Hovhaness, Alan Peters Edition (66190) E Behold, the Days Are Coming (SATB, opt. Keyboard) Bouman, Paul MorningStar Music (50-8200) 1 Blessed Jesus (Unison, Organ) Faur\u00e9, Gabriel Concordia (98-2580) PS Brother James\u2019 Air (SATB) Jacob, Gordon Oxford (9780193405240) [&hellip;]<\/p>\n","protected":false},"author":6628,"featured_media":0,"parent":0,"menu_order":0,"comment_status":"closed","ping_status":"closed","template":"","meta":{"_acf_changed":false,"footnotes":""},"class_list":["post-4163","page","type-page","status-publish","hentry"],"acf":[],"_links":{"self":[{"href":"https:\/\/npm.org\/es\/wp-json\/wp\/v2\/pages\/4163"}],"collection":[{"href":"https:\/\/npm.org\/es\/wp-json\/wp\/v2\/pages"}],"about":[{"href":"https:\/\/npm.org\/es\/wp-json\/wp\/v2\/types\/page"}],"author":[{"embeddable":true,"href":"https:\/\/npm.org\/es\/wp-json\/wp\/v2\/users\/6628"}],"replies":[{"embeddable":true,"href":"https:\/\/npm.org\/es\/wp-json\/wp\/v2\/comments?post=4163"}],"version-history":[{"count":0,"href":"https:\/\/npm.org\/es\/wp-json\/wp\/v2\/pages\/4163\/revisions"}],"wp:attachment":[{"href":"https:\/\/npm.org\/es\/wp-json\/wp\/v2\/media?parent=4163"}],"curies":[{"name":"gracias","href":"https:\/\/api.w.org\/{rel}","templated":true}]}}