{"id":4160,"date":"2017-10-03T14:02:38","date_gmt":"2017-10-03T14:02:38","guid":{"rendered":"https:\/\/npm.org\/?page_id=4160"},"modified":"2020-06-18T22:02:46","modified_gmt":"2020-06-18T22:02:46","slug":"choral-anthems-fifteenth-sunday-b-lectionary-104","status":"publish","type":"page","link":"https:\/\/npm.org\/es\/choral-anthems-fifteenth-sunday-b-lectionary-104\/","title":{"rendered":"Himnos corales - XV domingo del tiempo ordinario (B)"},"content":{"rendered":"<p><strong>Himnos corales<\/strong><\/p>\n<table style=\"width: 100%;\" border=\"1\" width=\"100%\">\n<tbody>\n<tr>\n<td width=\"456\"><strong>T\u00edtulo (Voicing)<\/strong><\/td>\n<td width=\"187\"><strong>Compositor \/ Arreglista<\/strong><\/td>\n<td width=\"187\"><strong>Editor (art\u00edculo #)<\/strong><\/td>\n<td width=\"103\"><strong>Uso<\/strong><\/td>\n<\/tr>\n<tr>\n<td>Bendito Jes\u00fas en Tu Palabra (SATB, Teclado)<\/td>\n<td>Hopson, Hal. h.<\/td>\n<td>Sela (410-107)<\/td>\n<td>15,S<\/td>\n<\/tr>\n<tr>\n<td>Benditos sean ellos (SAB)<\/td>\n<td>Bouman, Paul<\/td>\n<td>Sela (410-113)<\/td>\n<td>GRAMO<\/td>\n<\/tr>\n<tr>\n<td>Pan de Vida del Cielo (SATB, Teclado, Guitarra)<\/td>\n<td>adaptar. Haugen, Marty<\/td>\n<td>GIA (5652)<\/td>\n<td>C<\/td>\n<\/tr>\n<tr>\n<td>Cristo sea nuestra semilla (SATB, \u00f3rgano, oboe)<\/td>\n<td>Schalk, Carl<\/td>\n<td>Concordia (98-3602)<\/td>\n<td>2<\/td>\n<\/tr>\n<tr>\n<td>Come Pure Hearts (SATB, \u00d3rgano, Opt. Flauta, Campanillas)<\/td>\n<td>Blanco, David Ashley<\/td>\n<td>Sela (402-382)<\/td>\n<td>1, G<\/td>\n<\/tr>\n<tr>\n<td>Go to the World (SATB, \u00d3rgano, Cuarteto de metales, Percusi\u00f3n)<\/td>\n<td>Arr. Chepponis, James<\/td>\n<td>GIA (5133)<\/td>\n<td>GRAMO<\/td>\n<\/tr>\n<tr>\n<td>\u00a1Vaya al mundo! (SAB, Teclado, opt. Trompeta)<\/td>\n<td>Johengen, Carl<\/td>\n<td>GIA (4395)<\/td>\n<td>GRAMO<\/td>\n<\/tr>\n<tr>\n<td>Dios nos eligi\u00f3 en Cristo (SATB, solo, piano, \u00f3rgano, teclado)<\/td>\n<td>Hutmacher, OFM, Robert M.<\/td>\n<td>GIA (3101)<\/td>\n<td>2<\/td>\n<\/tr>\n<tr>\n<td>Qu\u00e9 encantadores son los mensajeros (SATB, \u00f3rgano)<\/td>\n<td>Mendelssohn, F\u00e9lix<\/td>\n<td>CE Schirmer (1134)<\/td>\n<td>GRAMO<\/td>\n<\/tr>\n<tr>\n<td>Cu\u00e1n hermosa es tu morada (SATB)<\/td>\n<td>Sch\u00fctz, Heinrich<\/td>\n<td>Concordia (97-6303) en &quot;Diez Salmos del Salterio de Becker&quot;<\/td>\n<td>C<\/td>\n<\/tr>\n<tr>\n<td>Cu\u00e1n hermosa es tu morada (SATB, \u00f3rgano opt.)<\/td>\n<td>Somary, Johannes<\/td>\n<td>GIA (1615)<\/td>\n<td>C<\/td>\n<\/tr>\n<tr>\n<td>Qu\u00e9 hermosa es tu morada (SATB, \u00f3rgano)<\/td>\n<td>Stearns, Peter P\u00edndaro<\/td>\n<td>Par\u00e1clito (PPM00409)<\/td>\n<td>C<\/td>\n<\/tr>\n<tr>\n<td>Cu\u00e1n hermosa es tu morada (SATB, \u00d3rgano, opt. Cuerno)<\/td>\n<td>Scott, K. Lee<\/td>\n<td>Concordia (98-3492)<\/td>\n<td>C<\/td>\n<\/tr>\n<tr>\n<td>Qu\u00e9 hermoso es tu lugar de residencia (2 partes, teclado)<\/td>\n<td>Kosche, Kenneth T.<\/td>\n<td>M\u00fasica MorningStar 50-6302<\/td>\n<td>C<\/td>\n<\/tr>\n<tr>\n<td>\u00bfQu\u00e9 tan hermosa es tu morada? (SATB)<\/td>\n<td>Somary, Johannes<\/td>\n<td>GIA (1615)<\/td>\n<td>C<\/td>\n<\/tr>\n<tr>\n<td>\u00bfQu\u00e9 tan hermosa es tu morada? (SATB)<\/td>\n<td>Reagan, Donald J.<\/td>\n<td>WLP (008508)<\/td>\n<td>C<\/td>\n<\/tr>\n<tr>\n<td>Qu\u00e9 encantador es tu lugar de residencia (SATB, teclado)<\/td>\n<td>Brahms, Johannes<\/td>\n<td>Varios<\/td>\n<td>C<\/td>\n<\/tr>\n<tr>\n<td>Qu\u00e9 encantador es tu lugar de residencia (SATB, teclado)<\/td>\n<td>Joncas, J. Michael<\/td>\n<td>Prensa Corona (PR.392413040)<\/td>\n<td>C<\/td>\n<\/tr>\n<tr>\n<td>Yo soy el pan vivo (SATB, Solo, \u00d3rgano, opt. Oboe)<\/td>\n<td>Johengen, Carl<\/td>\n<td>GIA (4353)<\/td>\n<td>C<\/td>\n<\/tr>\n<tr>\n<td>Ir\u00e9 como me has enviado (SATB, Piano)<\/td>\n<td>Alberty, James A.<\/td>\n<td>GIA (4910)<\/td>\n<td>GRAMO<\/td>\n<\/tr>\n<tr>\n<td>Escuche lo que el Se\u00f1or est\u00e1 diciendo (Un\u00edsono, teclado)<\/td>\n<td>Behnke, John A.<\/td>\n<td>Concordia (98-3578) en &quot;Tres salmos para coro al un\u00edsono&quot;<\/td>\n<td>PD<\/td>\n<\/tr>\n<tr>\n<td>Se\u00f1or, h\u00e1blame (SATB, \u00d3rgano)<\/td>\n<td>Rickard, Jeffrey K.<\/td>\n<td>Prensa de M\u00fasica Sacra (10\/1248S)<\/td>\n<td>GRAMO<\/td>\n<\/tr>\n<tr>\n<td>Se\u00f1or, t\u00fa das la gran comisi\u00f3n (SATB, teclado, cuarteto de metales, timbales, campanillas)<\/td>\n<td>Arr. Haugen, Marty<\/td>\n<td>GIA (3200)<\/td>\n<td>GRAMO<\/td>\n<\/tr>\n<tr>\n<td>Mi Jes\u00fas es mi alegr\u00eda duradera (Un\u00edsono, \u00d3rgano)<\/td>\n<td>Buxtehude, Dietrich<\/td>\n<td>HW gris<\/td>\n<td>2<\/td>\n<\/tr>\n<tr>\n<td>Naciones, escuchen el llamado de Dios (Un\u00edsono\/2 partes, Teclado)<\/td>\n<td>Bach, Juan Sebasti\u00e1n<\/td>\n<td>Concordia (97-6055) en \u201cBach Arias para el A\u00f1o Eclesi\u00e1stico\u201d<\/td>\n<td>1<\/td>\n<\/tr>\n<tr>\n<td>O How Beautiful (SATB, teclado, opci\u00f3n flauta o instrumento en do, campanillas)<\/td>\n<td>Horman, John D.<\/td>\n<td>Gremio de Coristas (CGA 773)<\/td>\n<td>C<\/td>\n<\/tr>\n<tr>\n<td>Alabado sea Dios en el cielo\/Lobet den Herren (2 partes, teclado)<\/td>\n<td>Sch\u00fctz, Heinrich<\/td>\n<td>Concordia (98-3587)<\/td>\n<td>2<\/td>\n<\/tr>\n<tr>\n<td>Salmo 84: Cu\u00e1n hermosa es tu morada (SATB)<\/td>\n<td>Proux, Ricardo<\/td>\n<td>GIA (5721)<\/td>\n<td>C<\/td>\n<\/tr>\n<tr>\n<td>Marcap\u00e1ginas de Santa Teresa (SATB)<\/td>\n<td>Blanco, David Ashley<\/td>\n<td>CE Schirmer (3140)<\/td>\n<td>1, PS, G<\/td>\n<\/tr>\n<tr>\n<td>Himno de Acci\u00f3n de Gracias de \u00c9feso (SATB, Solo, Teclado)<\/td>\n<td>Hansen, James<\/td>\n<td>GIA (4636)<\/td>\n<td>2<\/td>\n<\/tr>\n<tr>\n<td>\u00bfVendr\u00e1s y s\u00edgueme? (SATB, Solo, teclado opcional)<\/td>\n<td>Arr. Bell, Juan L.<\/td>\n<td>GIA (4384)<\/td>\n<td>GRAMO<\/td>\n<\/tr>\n<\/tbody>\n<\/table>","protected":false},"excerpt":{"rendered":"<p>Choral Anthems Title (Voicing) Composer\/Arranger Publisher (Item #) Usage Blessed Jesus at Thy Word (SATB, Keyboard) Hopson, Hal. H. Selah (410-107) 15,S Blest Are They (SAB) Bouman, Paul Selah (410-113) G Bread of Life from Heaven (SATB, Keyboard, Guitar) adapt. Haugen, Marty GIA (5652) C Christ Be Our Seed (SATB, Organ, Oboe) Schalk, Carl Concordia [&hellip;]<\/p>\n","protected":false},"author":6628,"featured_media":0,"parent":0,"menu_order":0,"comment_status":"closed","ping_status":"closed","template":"","meta":{"_acf_changed":false,"footnotes":""},"class_list":["post-4160","page","type-page","status-publish","hentry"],"acf":[],"_links":{"self":[{"href":"https:\/\/npm.org\/es\/wp-json\/wp\/v2\/pages\/4160"}],"collection":[{"href":"https:\/\/npm.org\/es\/wp-json\/wp\/v2\/pages"}],"about":[{"href":"https:\/\/npm.org\/es\/wp-json\/wp\/v2\/types\/page"}],"author":[{"embeddable":true,"href":"https:\/\/npm.org\/es\/wp-json\/wp\/v2\/users\/6628"}],"replies":[{"embeddable":true,"href":"https:\/\/npm.org\/es\/wp-json\/wp\/v2\/comments?post=4160"}],"version-history":[{"count":0,"href":"https:\/\/npm.org\/es\/wp-json\/wp\/v2\/pages\/4160\/revisions"}],"wp:attachment":[{"href":"https:\/\/npm.org\/es\/wp-json\/wp\/v2\/media?parent=4160"}],"curies":[{"name":"gracias","href":"https:\/\/api.w.org\/{rel}","templated":true}]}}