{"id":4157,"date":"2017-10-03T14:01:26","date_gmt":"2017-10-03T14:01:26","guid":{"rendered":"https:\/\/npm.org\/?page_id=4157"},"modified":"2020-06-18T22:01:29","modified_gmt":"2020-06-18T22:01:29","slug":"choral-anthems-fourteenth-sunday-b-lectionary-101","status":"publish","type":"page","link":"https:\/\/npm.org\/es\/choral-anthems-fourteenth-sunday-b-lectionary-101\/","title":{"rendered":"Himnos corales - XIV Domingo del tiempo ordinario (B)"},"content":{"rendered":"<p><strong>Himnos corales<\/strong><\/p>\n<table style=\"width: 100%;\" border=\"1\" width=\"100%\">\n<tbody>\n<tr>\n<td width=\"456\"><strong>T\u00edtulo (Voicing)<\/strong><\/td>\n<td width=\"187\"><strong>Compositor \/ Arreglista<\/strong><\/td>\n<td width=\"187\"><strong>Editor (art\u00edculo #)<\/strong><\/td>\n<td width=\"103\"><strong>Uso<\/strong><\/td>\n<\/tr>\n<tr>\n<td>Amazing Grace (SATB, instrumento en do, \u00f3rgano)<\/td>\n<td>Blanco, David Ashley<\/td>\n<td>Sela (420-733)<\/td>\n<td>1, PS, G<\/td>\n<\/tr>\n<tr>\n<td>Amazing Grace (SATB, flauta)<\/td>\n<td>arreglo Proulx, Ricardo<\/td>\n<td>GIA (6389)<\/td>\n<td>1, PS, G<\/td>\n<\/tr>\n<tr>\n<td>Reflexi\u00f3n coral sobre Amazing Grace (Sop Solo, Alto Solo, SSATBB, Piano, opt. Brass)<\/td>\n<td>Arr. Ames, Roger<\/td>\n<td>GIA (5926)<\/td>\n<td>GRAMO<\/td>\n<\/tr>\n<tr>\n<td>Cristo sea nuestra semilla (SATB, \u00f3rgano, oboe)<\/td>\n<td>Schalk, Carl<\/td>\n<td>Concordia (98-3602)<\/td>\n<td>2<\/td>\n<\/tr>\n<tr>\n<td>Venid a m\u00ed (SATB, \u00d3rgano)<\/td>\n<td>Burroughs, Bob<\/td>\n<td>Concordia<\/td>\n<td>C<\/td>\n<\/tr>\n<tr>\n<td>Go to the World (SATB, \u00d3rgano, Cuarteto de metales, Percusi\u00f3n)<\/td>\n<td>Arr. Chepponis, James<\/td>\n<td>GIA (5133)<\/td>\n<td>GRAMO<\/td>\n<\/tr>\n<tr>\n<td>\u00a1Vaya al mundo! (SAB, Teclado, opt. Trompeta)<\/td>\n<td>Johengen, Carl<\/td>\n<td>GIA (4395)<\/td>\n<td>GRAMO<\/td>\n<\/tr>\n<tr>\n<td>Dios nos eligi\u00f3 en Cristo (SATB, solo, piano, \u00f3rgano, teclado)<\/td>\n<td>Hutmacher, OFM, Robert M.<\/td>\n<td>GIA (3101)<\/td>\n<td>2<\/td>\n<\/tr>\n<tr>\n<td>Grande es el Se\u00f1or (SATB, \u00d3rgano)<\/td>\n<td>Sowerby, Leo<\/td>\n<td>HW gris<\/td>\n<td>mi<\/td>\n<\/tr>\n<tr>\n<td>Grande es el Se\u00f1or (SATB, \u00d3rgano\/Teclado)<\/td>\n<td>Whitcomb, Roberto<\/td>\n<td>Asociado<\/td>\n<td>mi<\/td>\n<\/tr>\n<tr>\n<td>Gustate y Videto (SATB)<\/td>\n<td>Isaac, Enrique<\/td>\n<td>Hal Leonard (HX.366727)<\/td>\n<td>C<\/td>\n<\/tr>\n<tr>\n<td>Qu\u00e9 encantadores son los mensajeros (SATB, \u00f3rgano)<\/td>\n<td>Mendelssohn, F\u00e9lix<\/td>\n<td>CE Schirmer (1134)<\/td>\n<td>GRAMO<\/td>\n<\/tr>\n<tr>\n<td>Siempre Dar\u00e9 Gracias (SAB)<\/td>\n<td>Rey<\/td>\n<td>Concordia<\/td>\n<td>C<\/td>\n<\/tr>\n<tr>\n<td>Siempre dar\u00e9 gracias (SATB, \u00d3rgano)<\/td>\n<td>Titcomb, Everett<\/td>\n<td>Prensa Shawnee<\/td>\n<td>C<\/td>\n<\/tr>\n<tr>\n<td>Ir\u00e9 como me has enviado (SATB, Piano)<\/td>\n<td>Alberty, James A.<\/td>\n<td>GIA (4910)<\/td>\n<td>GRAMO<\/td>\n<\/tr>\n<tr>\n<td>Alabar\u00e9 al Se\u00f1or en todo momento (Un\u00edsono, teclado)<\/td>\n<td>Handel, George F.\/Hopson, Hal H. arreglo.<\/td>\n<td>Gremio de Coristas (CGA 243)<\/td>\n<td>C<\/td>\n<\/tr>\n<tr>\n<td>Jesu dulcis: El sabor del bien (SATB, \u00d3rgano)<\/td>\n<td>Kreutz, Robert E.<\/td>\n<td>GIA (2304) *<\/td>\n<td>C<\/td>\n<\/tr>\n<tr>\n<td>Escuche lo que el Se\u00f1or est\u00e1 diciendo (Un\u00edsono, teclado)<\/td>\n<td>Behnke, John A.<\/td>\n<td>Concordia (98-3578) en &quot;Tres salmos para coro al un\u00edsono&quot;<\/td>\n<td>PD<\/td>\n<\/tr>\n<tr>\n<td>Se\u00f1or Jes\u00fas, piensa en m\u00ed (SATB, \u00d3rgano)<\/td>\n<td>Owens, Sam Batt<\/td>\n<td>Par\u00e1clito (PPM09812)<\/td>\n<td>C<\/td>\n<\/tr>\n<tr>\n<td>Se\u00f1or, t\u00fa das la gran comisi\u00f3n (SATB, teclado, cuarteto de metales, timbales, campanillas)<\/td>\n<td>Arr. Haugen, Marty<\/td>\n<td>GIA (3200)<\/td>\n<td>GRAMO<\/td>\n<\/tr>\n<tr>\n<td>Mi gracia es suficiente (SATB)<\/td>\n<td>Thompson, Randall<\/td>\n<td>CE Schirmer (4102)<\/td>\n<td>2<\/td>\n<\/tr>\n<tr>\n<td>Mi Jes\u00fas es mi alegr\u00eda duradera (Un\u00edsono, \u00d3rgano)<\/td>\n<td>Buxtehude, Dietrich<\/td>\n<td>HW gris<\/td>\n<td>2<\/td>\n<\/tr>\n<tr>\n<td>Naciones, escuchen el llamado de Dios (Un\u00edsono\/2 partes, Teclado)<\/td>\n<td>Bach, Juan Sebasti\u00e1n<\/td>\n<td>Concordia (97-6055) en \u201cBach Arias para el A\u00f1o Eclesi\u00e1stico\u201d<\/td>\n<td>mi<\/td>\n<\/tr>\n<tr>\n<td>Oh, magnificad al Se\u00f1or conmigo (SA, piano\/\u00f3rgano)<\/td>\n<td>Mueller, Carl F.<\/td>\n<td>Carl Fischer<\/td>\n<td>C<\/td>\n<\/tr>\n<tr>\n<td>O Pruebe y vea (SATB)<\/td>\n<td>Vaughan Williams, Ralph<\/td>\n<td>Oxford (9780193535114)<\/td>\n<td>C<\/td>\n<\/tr>\n<tr>\n<td>O Pruebe y vea (SATB)<\/td>\n<td>Doherty, Antonio<\/td>\n<td>Trinitas (4592)<\/td>\n<td>C<\/td>\n<\/tr>\n<tr>\n<td>O Pruebe y vea (SATB)<\/td>\n<td>Forster, Stuart<\/td>\n<td>Par\u00e1clito (PPM00514)<\/td>\n<td>C<\/td>\n<\/tr>\n<tr>\n<td>O probar y ver (SATB, teclado)<\/td>\n<td>Larkin, Michael<\/td>\n<td>Theodore Presser (92-41993)<\/td>\n<td>C<\/td>\n<\/tr>\n<tr>\n<td>O Gustar y Ver (SATB, Sop Solo, \u00d3rgano)<\/td>\n<td>Wolff, S. Drummond<\/td>\n<td>Concordia<\/td>\n<td>C<\/td>\n<\/tr>\n<tr>\n<td>Himno del peregrino (SATB)<\/td>\n<td>Pablo, Esteban<\/td>\n<td>Publicaciones Paulus (80400011 )<\/td>\n<td>1,2,PS,G<\/td>\n<\/tr>\n<tr>\n<td>Alabado sea Dios en el cielo\/Lobet den Herren (2 partes, teclado)<\/td>\n<td>Sch\u00fctz, Heinrich<\/td>\n<td>Concordia (98-3587)<\/td>\n<td>2<\/td>\n<\/tr>\n<tr>\n<td>Proclama conmigo (SATB, opt. Trompeta, \u00d3rgano)<\/td>\n<td>Busarow, Donald<\/td>\n<td>Concordia (98-3127)<\/td>\n<td>C<\/td>\n<\/tr>\n<tr>\n<td>Salmo II para el A\u00f1o Eclesi\u00e1stico: Gustad y ved (SATB)<\/td>\n<td>Peloquin, C. Alejandro<\/td>\n<td>GIA (1664) *<\/td>\n<td>C<\/td>\n<\/tr>\n<tr>\n<td>Marcap\u00e1ginas de Santa Teresa (SATB)<\/td>\n<td>Blanco, David Ashley<\/td>\n<td>CE Schirmer (3140)<\/td>\n<td>1, PS, G<\/td>\n<\/tr>\n<tr>\n<td>Saborear y ver (SATB)<\/td>\n<td>Hurd, David<\/td>\n<td>Trinitas (4535)<\/td>\n<td>C<\/td>\n<\/tr>\n<tr>\n<td>Prueba y ve (SATB, teclado)<\/td>\n<td>Connolly, Michael<\/td>\n<td>GIA (3459)<\/td>\n<td>C<\/td>\n<\/tr>\n<tr>\n<td>Sabor y Ver\/Suten y Vean (SATB, Piano)<\/td>\n<td>Moore, James<\/td>\n<td>GIA (2784)<\/td>\n<td>C<\/td>\n<\/tr>\n<tr>\n<td>Himno de Acci\u00f3n de Gracias de \u00c9feso (SATB, Solo, Teclado)<\/td>\n<td>Hansen, James<\/td>\n<td>GIA (4636)<\/td>\n<td>2<\/td>\n<\/tr>\n<tr>\n<td>\u00bfVendr\u00e1s y s\u00edgueme? (SATB, Solo, teclado opcional)<\/td>\n<td>Arr. Bell, Juan L.<\/td>\n<td>GIA (4384)<\/td>\n<td>GRAMO<\/td>\n<\/tr>\n<\/tbody>\n<\/table>","protected":false},"excerpt":{"rendered":"<p>Choral Anthems Title (Voicing) Composer\/Arranger Publisher (Item #) Usage Amazing Grace (SATB, C Instrument, Organ) White, David Ashley Selah (420-733) 1,PS,G Amazing Grace (SATB, Flute) arr. Proulx, Richard GIA (6389) 1,PS,G Choral Reflection on Amazing Grace (Sop Solo, Alto Solo, SSATBB, Piano, opt. Brass) arr. Ames, Roger GIA (5926) G Christ Be Our Seed (SATB, [&hellip;]<\/p>\n","protected":false},"author":6628,"featured_media":0,"parent":0,"menu_order":0,"comment_status":"closed","ping_status":"closed","template":"","meta":{"_acf_changed":false,"footnotes":""},"class_list":["post-4157","page","type-page","status-publish","hentry"],"acf":[],"_links":{"self":[{"href":"https:\/\/npm.org\/es\/wp-json\/wp\/v2\/pages\/4157"}],"collection":[{"href":"https:\/\/npm.org\/es\/wp-json\/wp\/v2\/pages"}],"about":[{"href":"https:\/\/npm.org\/es\/wp-json\/wp\/v2\/types\/page"}],"author":[{"embeddable":true,"href":"https:\/\/npm.org\/es\/wp-json\/wp\/v2\/users\/6628"}],"replies":[{"embeddable":true,"href":"https:\/\/npm.org\/es\/wp-json\/wp\/v2\/comments?post=4157"}],"version-history":[{"count":0,"href":"https:\/\/npm.org\/es\/wp-json\/wp\/v2\/pages\/4157\/revisions"}],"wp:attachment":[{"href":"https:\/\/npm.org\/es\/wp-json\/wp\/v2\/media?parent=4157"}],"curies":[{"name":"gracias","href":"https:\/\/api.w.org\/{rel}","templated":true}]}}