{"id":4154,"date":"2017-10-03T14:00:28","date_gmt":"2017-10-03T14:00:28","guid":{"rendered":"https:\/\/npm.org\/?page_id=4154"},"modified":"2020-06-18T22:00:08","modified_gmt":"2020-06-18T22:00:08","slug":"choral-anthems-thirteenth-sunday-b-lectionary-98","status":"publish","type":"page","link":"https:\/\/npm.org\/es\/choral-anthems-thirteenth-sunday-b-lectionary-98\/","title":{"rendered":"Himnos corales - XIII domingo del tiempo ordinario (B)"},"content":{"rendered":"<p><strong>Himnos corales<\/strong><\/p>\n<table style=\"width: 100%;\" border=\"1\" width=\"100%\">\n<tbody>\n<tr>\n<td width=\"456\"><strong>T\u00edtulo (Voicing)<\/strong><\/td>\n<td width=\"187\"><strong>Compositor \/ Arreglista<\/strong><\/td>\n<td width=\"187\"><strong>Editor (art\u00edculo #)<\/strong><\/td>\n<td width=\"103\"><strong>Uso<\/strong><\/td>\n<\/tr>\n<tr>\n<td>Toda la gente aplaude (SAATB, \u00f3rgano)<\/td>\n<td>Weelkes, Thomas<\/td>\n<td>Oxford<\/td>\n<td>mi<\/td>\n<\/tr>\n<tr>\n<td>Todos ustedes, aplaudan (un\u00edsono, \u00f3rgano)<\/td>\n<td>Roff, Jos\u00e9<\/td>\n<td>GIA (1618) *<\/td>\n<td>mi<\/td>\n<\/tr>\n<tr>\n<td>Alabanza Antifonal (Un\u00edsono, \u00d3rgano)<\/td>\n<td>Hopson, Hal H.<\/td>\n<td>Prensa de M\u00fasica Sacra (S255)<\/td>\n<td>mi<\/td>\n<\/tr>\n<tr>\n<td>Bendice el Santo Nombre de Dios (2 partes, teclado, campanas de mano)<\/td>\n<td>Kosche, Kenneth T.<\/td>\n<td>Gremio de Coristas (CGA 766)<\/td>\n<td>C<\/td>\n<\/tr>\n<tr>\n<td>Bendice al Se\u00f1or (SATB y \u00d3rgano)<\/td>\n<td>Ippolitoff-Ivanoff Mikhail\/Clough-Leighter H. arr.<\/td>\n<td>Theodore Presser (332-13770)<\/td>\n<td>C<\/td>\n<\/tr>\n<tr>\n<td>Bendice al Se\u00f1or (SATB)<\/td>\n<td>Brandon, Jorge<\/td>\n<td>GIA (1931)<\/td>\n<td>C<\/td>\n<\/tr>\n<tr>\n<td>Bendecid al Se\u00f1or, bendecid su santo nombre (SAB, \u00d3rgano)<\/td>\n<td>Corelli, Arc\u00e1ngel<\/td>\n<td>M\u00fasica de Boston<\/td>\n<td>C<\/td>\n<\/tr>\n<tr>\n<td>Bendice al Se\u00f1or, alma m\u00eda (SAB)<\/td>\n<td>Lotti, Antonio<\/td>\n<td>Luis M\u00fasica (10804538)<\/td>\n<td>C<\/td>\n<\/tr>\n<tr>\n<td>Bendice, alma m\u00eda, al Se\u00f1or (SAB, \u00d3rgano)<\/td>\n<td>Handel, George F.\/Mataranglo, Mark arr.<\/td>\n<td>GIA (3796)<\/td>\n<td>C<\/td>\n<\/tr>\n<tr>\n<td>Bendice al Se\u00f1or, alma m\u00eda (SATB)<\/td>\n<td>Hip\u00f3lito-Ivanoff, Mikhail\/Becker, Arthur C. arr.<\/td>\n<td>GIA (6125)<\/td>\n<td>C<\/td>\n<\/tr>\n<tr>\n<td>Bendice, alma m\u00eda, al Se\u00f1or (SATB, teclado)<\/td>\n<td>Mezclilla, Norman L.<\/td>\n<td>Concordia<\/td>\n<td>C<\/td>\n<\/tr>\n<tr>\n<td>Bendice al Se\u00f1or, alma m\u00eda (SATB, \u00f3rgano)<\/td>\n<td>Ippolitoff-Ivanoff, Mijail<\/td>\n<td>G. Schirmer (ED2529) en \u201cCinco siglos de m\u00fasica coral\u201d<\/td>\n<td>C<\/td>\n<\/tr>\n<tr>\n<td>Bendice al Se\u00f1or, alma m\u00eda (SATB, \u00f3rgano)<\/td>\n<td>Lovelace, Austin C.<\/td>\n<td>Lorenz<\/td>\n<td>C<\/td>\n<\/tr>\n<tr>\n<td>Bendice al Se\u00f1or, alma m\u00eda (SATB, piano)<\/td>\n<td>Bach, Johann Sebastian\/Hopson, Hal H. arr.<\/td>\n<td>Esperanza (AA1697)<\/td>\n<td>C<\/td>\n<\/tr>\n<tr>\n<td>Bendice, alma m\u00eda, al Se\u00f1or (Un\u00edsono, \u00d3rgano)<\/td>\n<td>marshall, jane m.<\/td>\n<td>Prensa de Broadman<\/td>\n<td>C<\/td>\n<\/tr>\n<tr>\n<td>Bendecid al Se\u00f1or (SATB)<\/td>\n<td>Ippolitoff-Ivanoff, Mijail<\/td>\n<td>Carl Fischer<\/td>\n<td>C<\/td>\n<\/tr>\n<tr>\n<td>Bendecid al Se\u00f1or (SATB, \u00d3rgano, ad lib.)<\/td>\n<td>Ippolitoff-Ivanoff Mikhail\/Clough-Leighter H. arr.<\/td>\n<td>Theodore Presser (332-13770)<\/td>\n<td>C<\/td>\n<\/tr>\n<tr>\n<td>Bendecid al Se\u00f1or (SATB, \u00d3rgano, ad lib.)<\/td>\n<td>Ippolitoff-Ivanoff, Mijail<\/td>\n<td>HW gris<\/td>\n<td>C<\/td>\n<\/tr>\n<tr>\n<td>Bendice, oh alma m\u00eda (SATB)<\/td>\n<td>Arr. Bell, Juan L.<\/td>\n<td>GIA (4673)<\/td>\n<td>C<\/td>\n<\/tr>\n<tr>\n<td>C\u00e1ntico de alabanza (SATB, piano\/\u00f3rgano)<\/td>\n<td>Beck, John Ness<\/td>\n<td>Theodore Presser (312-40588)<\/td>\n<td>C<\/td>\n<\/tr>\n<tr>\n<td>Hijos del Padre Celestial (SATB)<\/td>\n<td>arreglo de Sholz, Robert<\/td>\n<td>Augsburgo (9780800659110)<\/td>\n<td>1<\/td>\n<\/tr>\n<tr>\n<td>Aplaudan, todas las personas (SATB)<\/td>\n<td>Berger, Jean<\/td>\n<td>Shawnee Press (A-729) en \u201cBay Psalm Book\u201d<\/td>\n<td>mi<\/td>\n<\/tr>\n<tr>\n<td>Aplaude (SATB, opt. Percusi\u00f3n)<\/td>\n<td>Eddleman, David<\/td>\n<td>Carl Fischer (CM 8039)<\/td>\n<td>mi<\/td>\n<\/tr>\n<tr>\n<td>Aplauda (un\u00edsono, teclado)<\/td>\n<td>Wyton, Alec<\/td>\n<td>G\u00e9minis (Alexander Broude) (GP 101)<\/td>\n<td>mi<\/td>\n<\/tr>\n<tr>\n<td>Aplauda (un\u00edsono, teclado)<\/td>\n<td>Wyton, Alec<\/td>\n<td>Prensa Tritone y Publicaciones Tenuto (PR.392003100)<\/td>\n<td>mi<\/td>\n<\/tr>\n<tr>\n<td>Aplaudir (un\u00edsono\/2 partes mixtas, teclado, opci\u00f3n trompeta, opci\u00f3n campanillas)<\/td>\n<td>B\u00f6rtje, B\u00e1rbara<\/td>\n<td>Lorenz (10\/1976U)<\/td>\n<td>mi<\/td>\n<\/tr>\n<tr>\n<td>Aplaudan, ni\u00f1os todos (un\u00edsono, teclado)<\/td>\n<td>Hunnicutt, Judy<\/td>\n<td>Augsburgo<\/td>\n<td>mi<\/td>\n<\/tr>\n<tr>\n<td>Aplaude, pisa fuerte (un\u00edsono, \u00f3rgano\/teclado)<\/td>\n<td>NelsonRoland A.<\/td>\n<td>Augsburgo<\/td>\n<td>mi<\/td>\n<\/tr>\n<tr>\n<td>R\u00edo curativo (SATB, piano)<\/td>\n<td>Cherwien, David<\/td>\n<td>Augsburgo (0800675886)<\/td>\n<td>GRAMO<\/td>\n<\/tr>\n<tr>\n<td>Te magnificar\u00e9, oh Se\u00f1or (SS, teclado)<\/td>\n<td>Corfe, Jos\u00e9<\/td>\n<td>Novela corta (29019708)<\/td>\n<td>PD<\/td>\n<\/tr>\n<tr>\n<td>Deja que todas las cosas vivan ahora (SATB, piano)<\/td>\n<td>Arr. Davis, Katherine K.<\/td>\n<td>CE Schirmer (1770)<\/td>\n<td>1, G<\/td>\n<\/tr>\n<tr>\n<td>Caminemos siempre con Jes\u00fas (Un\u00edsono, \u00d3rgano)<\/td>\n<td>Manz, Paul<\/td>\n<td>M\u00fasica MorningStar (50-9405)<\/td>\n<td>GRAMO<\/td>\n<\/tr>\n<tr>\n<td>Levanta tu voz (SATB)<\/td>\n<td>Sch\u00fctz, Heinrich<\/td>\n<td>Augsburg (9780800657772) en \u201cChantry Choirbook\u201d<\/td>\n<td>PD<\/td>\n<\/tr>\n<tr>\n<td>El Se\u00f1or es Misericordioso y Benevolente (SATB, Teclado, Guitarra, Instrumento en C, Cuarteto de Cuerdas)<\/td>\n<td>Cotter, Jean<\/td>\n<td>GIA (4081)<\/td>\n<td>C<\/td>\n<\/tr>\n<tr>\n<td>Se\u00f1or, mi esperanza est\u00e1 en ti (agudo de 2 partes, teclado\/\u00f3rgano)<\/td>\n<td>Sch\u00fctz, Heinrich<\/td>\n<td>Alfredo (DMC08093) *<\/td>\n<td>GRAMO<\/td>\n<\/tr>\n<tr>\n<td>Amar y perdonar (SATB, teclado)<\/td>\n<td>Soper, Scott<\/td>\n<td>OCP (9893)<\/td>\n<td>C<\/td>\n<\/tr>\n<tr>\n<td>Alma m\u00eda, ahora bendice a tu Se\u00f1or (SATB)<\/td>\n<td>Sch\u00fctz, Heinrich<\/td>\n<td>Concordia<\/td>\n<td>C<\/td>\n<\/tr>\n<tr>\n<td>Naciones, aplaudan (SATB, teclado)<\/td>\n<td>Grotenhuis, Dale<\/td>\n<td>Concordia (98-3621)<\/td>\n<td>mi<\/td>\n<\/tr>\n<tr>\n<td>Bendice, alma m\u00eda, al Se\u00f1or (2 o 3 partes, \u00f3rgano)<\/td>\n<td>Bizet, Georges\/Hopson, Hal H. arr.<\/td>\n<td>Hinshaw (HMC1339)<\/td>\n<td>C<\/td>\n<\/tr>\n<tr>\n<td>Oh Pan de Vida del Cielo (2 partes, \u00f3rgano)<\/td>\n<td>Blanco, David Ashley<\/td>\n<td>Augsburgo (9780800650919)<\/td>\n<td>GRAMO<\/td>\n<\/tr>\n<tr>\n<td>O aplaude (2 partes, \u00f3rgano)<\/td>\n<td>PowellRobert J.<\/td>\n<td>GIA (2088)<\/td>\n<td>mi<\/td>\n<\/tr>\n<tr>\n<td>O Aplaudir (SA, \u00d3rgano\/Piano)<\/td>\n<td>Couperin, Fran\u00e7ois<\/td>\n<td>Concordia<\/td>\n<td>mi<\/td>\n<\/tr>\n<tr>\n<td>O Aplaudir (SAB, \u00d3rgano\/Piano)<\/td>\n<td>Couperin, Fran\u00e7ois<\/td>\n<td>Concordia<\/td>\n<td>mi<\/td>\n<\/tr>\n<tr>\n<td>Oh, aplaude (SATB)<\/td>\n<td>Rohlig, Harald<\/td>\n<td>Augsburgo<\/td>\n<td>mi<\/td>\n<\/tr>\n<tr>\n<td>Oh, aplaude (SATB)<\/td>\n<td>Sch\u00fctz, Heinrich<\/td>\n<td>Concordia<\/td>\n<td>mi<\/td>\n<\/tr>\n<tr>\n<td>O Aplaude (SATB, \u00d3rgano)<\/td>\n<td>Hopson, Hal H.<\/td>\n<td>lanzallamas<\/td>\n<td>mi<\/td>\n<\/tr>\n<tr>\n<td>O Aplaude (SATB, \u00d3rgano)<\/td>\n<td>Mathias, Guillermo H.<\/td>\n<td>Oxford<\/td>\n<td>mi<\/td>\n<\/tr>\n<tr>\n<td>O Aplaude (SATB, \u00d3rgano)<\/td>\n<td>Rutter, Juan<\/td>\n<td>Oxford (9780193407374)<\/td>\n<td>mi<\/td>\n<\/tr>\n<tr>\n<td>O Aplaude (SATB, \u00d3rgano)<\/td>\n<td>Hopson, Hal H.<\/td>\n<td>lanzallamas<\/td>\n<td>mi<\/td>\n<\/tr>\n<tr>\n<td>O Aplaude (SATB, \u00d3rgano)<\/td>\n<td>Mathias, Guillermo H.<\/td>\n<td>Oxford<\/td>\n<td>mi<\/td>\n<\/tr>\n<tr>\n<td>Oh, aplaude (SATB, \u00f3rgano, metales opcionales)<\/td>\n<td>Vaughan Williams, Ralph<\/td>\n<td>Galaxia (1.5000)<\/td>\n<td>mi<\/td>\n<\/tr>\n<tr>\n<td>O Aplaude (SSAATTBB, teclado\/\u00f3rgano)<\/td>\n<td>Gibbons, Orlando<\/td>\n<td>Oxford (9780193804357)<\/td>\n<td>mi<\/td>\n<\/tr>\n<tr>\n<td>O Aplaude (SSATB, \u00d3rgano\/Teclado)<\/td>\n<td>Greene, Mauricio<\/td>\n<td>Concordia<\/td>\n<td>mi<\/td>\n<\/tr>\n<tr>\n<td>O Clap Your Hands (SSATTBB, \u00d3rgano, Lat\u00f3n, Percusi\u00f3n)<\/td>\n<td>Vaughan Williams, Ralph<\/td>\n<td>Galaxia (1.5000)<\/td>\n<td>mi<\/td>\n<\/tr>\n<tr>\n<td>O Aplaude (Un\u00edsono, Teclado)<\/td>\n<td>Rohlig, Harald<\/td>\n<td>Concordia<\/td>\n<td>mi<\/td>\n<\/tr>\n<tr>\n<td>Oh, aplaude (un\u00edsono, \u00f3rgano)<\/td>\n<td>PowellRobert J.<\/td>\n<td>GIA (2088)<\/td>\n<td>mi<\/td>\n<\/tr>\n<tr>\n<td>Oh, aplaudan, pueblo todo (SATB, \u00f3rgano)<\/td>\n<td>Shaw, Mart\u00edn<\/td>\n<td>Novello (NOV290141)<\/td>\n<td>mi<\/td>\n<\/tr>\n<tr>\n<td>Oh Se\u00f1or, Alt\u00edsimo, Rey Eterno (SATB, \u00d3rgano)<\/td>\n<td>BensonRobert A.<\/td>\n<td>Augsburgo<\/td>\n<td>mi<\/td>\n<\/tr>\n<tr>\n<td>Oh alma m\u00eda, bendice a Dios Padre (SB)<\/td>\n<td>Handel, George F.<\/td>\n<td>Prensa Shawnee<\/td>\n<td>C<\/td>\n<\/tr>\n<tr>\n<td>Oh, pueblo todo, aplaudan (SATB, \u00f3rgano)<\/td>\n<td>Purcell, Enrique<\/td>\n<td>Novello (NOV460004)<\/td>\n<td>mi<\/td>\n<\/tr>\n<tr>\n<td>Oh, aplaude (SATB, piano)<\/td>\n<td>Leavitt, John<\/td>\n<td>Concordia (98-3593)<\/td>\n<td>mi<\/td>\n<\/tr>\n<tr>\n<td>Omnes Gentes (SAT\/SATB\/ATTB\/SATB, Teclado)<\/td>\n<td>Gabrielli, Giovanni<\/td>\n<td>CF Peters (4813)<\/td>\n<td>mi<\/td>\n<\/tr>\n<tr>\n<td>Nuestra Fe Es Una Luz (SATB)<\/td>\n<td>Wilson, Alan<\/td>\n<td>Weinberger (M570053698)<\/td>\n<td>2<\/td>\n<\/tr>\n<tr>\n<td>Alaba, alma m\u00eda, al Se\u00f1or (SATB, teclado)<\/td>\n<td>Harlan, Benjam\u00edn<\/td>\n<td>Hal Leonard (08742635)<\/td>\n<td>C<\/td>\n<\/tr>\n<tr>\n<td>Alaba, alma m\u00eda, al Rey del Cielo (SATB, \u00f3rgano, cuarteto de metales opcional)<\/td>\n<td>Arr. Ferguson, Juan<\/td>\n<td>GIA (3073)<\/td>\n<td>C<\/td>\n<\/tr>\n<tr>\n<td>Salmo 103 (SATB, \u00d3rgano\/Piano)<\/td>\n<td>Ca\u00edn, noble<\/td>\n<td>lanzallamas<\/td>\n<td>C<\/td>\n<\/tr>\n<tr>\n<td>Salmo 47 (2 partes, teclado, platillos de dedo y tri\u00e1ngulo opcionales)<\/td>\n<td>Webb, Charles, H.<\/td>\n<td>Gremio de Coristas (CGA 207)<\/td>\n<td>mi<\/td>\n<\/tr>\n<tr>\n<td>Salmo 47 (SAB, \u00d3rgano)<\/td>\n<td>PelzWalter L.<\/td>\n<td>Augsburgo<\/td>\n<td>mi<\/td>\n<\/tr>\n<tr>\n<td>Salmo 47 (SATB, \u00d3rgano, Trompeta)<\/td>\n<td>Lindh, Jody W.<\/td>\n<td>Prensa de Broadman<\/td>\n<td>mi<\/td>\n<\/tr>\n<tr>\n<td>Marcap\u00e1ginas de Santa Teresa (SATB)<\/td>\n<td>Blanco, David Ashley<\/td>\n<td>CE Schirmer (3140)<\/td>\n<td>1, PS, G<\/td>\n<\/tr>\n<tr>\n<td>Entonces ser\u00e9 la alabanza de Jehov\u00e1 (Un\u00edsono, Teclado)<\/td>\n<td>Handel, George F.\/Powell, Robert arr.<\/td>\n<td>Gremio de Coristas (CGA 220)<\/td>\n<td>PD<\/td>\n<\/tr>\n<\/tbody>\n<\/table>","protected":false},"excerpt":{"rendered":"<p>Choral Anthems Title (Voicing) Composer\/Arranger Publisher (Item #) Usage All People Clap Your Hands (SAATB, Organ) Weelkes, Thomas Oxford E All You People, Clap Your Hands (Unison, Organ) Roff, Joseph GIA (1618) * E Antiphonal Praise (Unison, Organ) Hopson, Hal H. Sacred Music Press (S255) E Bless God\u2019s Holy Name (2-Part, Keyboard, Handbells) Kosche, Kenneth [&hellip;]<\/p>\n","protected":false},"author":6628,"featured_media":0,"parent":0,"menu_order":0,"comment_status":"closed","ping_status":"closed","template":"","meta":{"_acf_changed":false,"footnotes":""},"class_list":["post-4154","page","type-page","status-publish","hentry"],"acf":[],"_links":{"self":[{"href":"https:\/\/npm.org\/es\/wp-json\/wp\/v2\/pages\/4154"}],"collection":[{"href":"https:\/\/npm.org\/es\/wp-json\/wp\/v2\/pages"}],"about":[{"href":"https:\/\/npm.org\/es\/wp-json\/wp\/v2\/types\/page"}],"author":[{"embeddable":true,"href":"https:\/\/npm.org\/es\/wp-json\/wp\/v2\/users\/6628"}],"replies":[{"embeddable":true,"href":"https:\/\/npm.org\/es\/wp-json\/wp\/v2\/comments?post=4154"}],"version-history":[{"count":0,"href":"https:\/\/npm.org\/es\/wp-json\/wp\/v2\/pages\/4154\/revisions"}],"wp:attachment":[{"href":"https:\/\/npm.org\/es\/wp-json\/wp\/v2\/media?parent=4154"}],"curies":[{"name":"gracias","href":"https:\/\/api.w.org\/{rel}","templated":true}]}}