{"id":4148,"date":"2017-10-03T13:58:19","date_gmt":"2017-10-03T13:58:19","guid":{"rendered":"https:\/\/npm.org\/?page_id=4148"},"modified":"2020-06-18T17:49:29","modified_gmt":"2020-06-18T17:49:29","slug":"choral-anthems-body-and-blood-of-christ-lectionary-168","status":"publish","type":"page","link":"https:\/\/npm.org\/es\/choral-anthems-body-and-blood-of-christ-lectionary-168\/","title":{"rendered":"Himnos corales - Cuerpo y sangre de Cristo (B)"},"content":{"rendered":"<p><strong>Himnos corales<\/strong><\/p>\n<table style=\"width: 100%;\" border=\"1\" width=\"100%\">\n<tbody>\n<tr>\n<td width=\"456\"><strong>T\u00edtulo (Voicing)<\/strong><\/td>\n<td width=\"187\"><strong>Compositor \/ Arreglista<\/strong><\/td>\n<td width=\"187\"><strong>Editor (art\u00edculo #)<\/strong><\/td>\n<td width=\"103\"><strong>Uso<\/strong><\/td>\n<\/tr>\n<tr>\n<td>Anima Christi (SATB, \u00f3rgano)<\/td>\n<td>Thatcher, Carlos<\/td>\n<td>Trinitas (30103363)<\/td>\n<td>GRAMO<\/td>\n<\/tr>\n<tr>\n<td>Ave verum (SA, \u00d3rgano)<\/td>\n<td>Faure, Gabriel<\/td>\n<td>CPDL<\/td>\n<td>GRAMO<\/td>\n<\/tr>\n<tr>\n<td>Ave verum (SA, \u00d3rgano)<\/td>\n<td>Faure, Gabriel<\/td>\n<td>CE Schirmer (0860)<\/td>\n<td>GRAMO<\/td>\n<\/tr>\n<tr>\n<td>Ave verum (SATB)<\/td>\n<td>Saint Saens, Camille<\/td>\n<td>CPDL<\/td>\n<td>GRAMO<\/td>\n<\/tr>\n<tr>\n<td>Ave verum (SATB)<\/td>\n<td>Saint Saens, Camille<\/td>\n<td>M\u00fasica MorningStar (50-3005)<\/td>\n<td>GRAMO<\/td>\n<\/tr>\n<tr>\n<td>Ave verum (SATB)<\/td>\n<td>Robinson, Lorenzo<\/td>\n<td>Publicaciones musicales de la Alianza (AMP 0621)<\/td>\n<td>GRAMO<\/td>\n<\/tr>\n<tr>\n<td>Ave verum (SATB, Sop Solo, \u00d3rgano)<\/td>\n<td>Elgar, Eduardo<\/td>\n<td>CPDL<\/td>\n<td>GRAMO<\/td>\n<\/tr>\n<tr>\n<td>Ave verum corpus (SATB)<\/td>\n<td>Garau, Mariano<\/td>\n<td>CPDL<\/td>\n<td>GRAMO<\/td>\n<\/tr>\n<tr>\n<td>Ave verum Corpus (SATB)<\/td>\n<td>Byrd, Guillermo<\/td>\n<td>CPDL<\/td>\n<td>GRAMO<\/td>\n<\/tr>\n<tr>\n<td>Ave verum Corpus (SATB)<\/td>\n<td>Byrd, Guillermo<\/td>\n<td>Oxford (9780193520066)<\/td>\n<td>GRAMO<\/td>\n<\/tr>\n<tr>\n<td>Ave verum Corpus (SATB, \u00d3rgano)<\/td>\n<td>Mozart, Wolfgang A.<\/td>\n<td>CPDL<\/td>\n<td>GRAMO<\/td>\n<\/tr>\n<tr>\n<td>Ave verum Corpus (SSA)<\/td>\n<td>Poulenc, Francisco<\/td>\n<td>Salaberto (HL.50498640)<\/td>\n<td>GRAMO<\/td>\n<\/tr>\n<tr>\n<td>ave verum<\/td>\n<td>Gontijo, Flavio<\/td>\n<td>Prensa Cantus Quercus<\/td>\n<td>GRAMO<\/td>\n<\/tr>\n<tr>\n<td>Ave verdadera (SATB)<\/td>\n<td>Peters, Flor<\/td>\n<td>Editores Nacionales de M\u00fasica (CH002)<\/td>\n<td>GRAMO<\/td>\n<\/tr>\n<tr>\n<td>Ave Verum (SATB, \u00d3rgano)<\/td>\n<td>Mawby, Colin<\/td>\n<td>Kevin Mayhew (KM142)<\/td>\n<td>GRAMO<\/td>\n<\/tr>\n<tr>\n<td>Cibavit Eos (\u00c9l tambi\u00e9n los aliment\u00f3), K. 44 (SATB, \u00f3rgano\/teclado)<\/td>\n<td>Mozart, Wolfgang A.<\/td>\n<td>Concordia<\/td>\n<td>mi<\/td>\n<\/tr>\n<tr>\n<td>Cibavit Eos (\u00c9l tambi\u00e9n los aliment\u00f3), K. 44 (SATB, \u00f3rgano\/teclado)<\/td>\n<td>Mozart, Wolfgang A.<\/td>\n<td>Concordia<\/td>\n<td>GRAMO<\/td>\n<\/tr>\n<tr>\n<td>Ven y comparte la fiesta (SAB)<\/td>\n<td>Mozart, Wolfgang A.\/Hopson, Hal H. arreglo.<\/td>\n<td>Celebraciones sin l\u00edmites (CU 206)<\/td>\n<td>S<\/td>\n<\/tr>\n<tr>\n<td>Haced esto en memoria de m\u00ed (SATB, teclado)<\/td>\n<td>Purifoy, Juan<\/td>\n<td>M\u00fasica Trina (10\/1095-3)<\/td>\n<td>GRAMO<\/td>\n<\/tr>\n<tr>\n<td>Ego sum panis vivus (SATB)<\/td>\n<td>Palestrina, Giovanni Pierluigi da<\/td>\n<td>CPDL<\/td>\n<td>GRAMO<\/td>\n<\/tr>\n<tr>\n<td>Regalo del mejor trigo (SATB, \u00f3rgano)<\/td>\n<td>Kreutz, Robert E.\/Ferguson, John arr.<\/td>\n<td>GIA (3089)<\/td>\n<td>mi<\/td>\n<\/tr>\n<tr>\n<td>\u00bfC\u00f3mo pagar\u00e9 al Se\u00f1or? (SATB, teclado)<\/td>\n<td>Englert, Eugene<\/td>\n<td>GIA (5202)<\/td>\n<td>PD<\/td>\n<\/tr>\n<tr>\n<td>Yo soy el pan de vida (SATB, teclado)<\/td>\n<td>Lole, Sim\u00f3n<\/td>\n<td>GIA (4473)<\/td>\n<td>C<\/td>\n<\/tr>\n<tr>\n<td>Yo soy el pan vivo (SATB, Solo, \u00d3rgano, opt. Oboe)<\/td>\n<td>Johengen, Carl<\/td>\n<td>GIA (4353)<\/td>\n<td>C<\/td>\n<\/tr>\n<tr>\n<td>Mantengo al Se\u00f1or delante de m\u00ed (SATB, Sop o Ten Solo, Campanas de mano)<\/td>\n<td>Proulx, Richard<\/td>\n<td>Aureola (AE111)<\/td>\n<td>PD<\/td>\n<\/tr>\n<tr>\n<td>En recuerdo de m\u00ed (SATB, piano, flauta opcional)<\/td>\n<td>Rojo, Buryl A.<\/td>\n<td>Esperanza (C5565)<\/td>\n<td>GRAMO<\/td>\n<\/tr>\n<tr>\n<td>La \u00daltima Cena (SATB, teclado, guitarra y bajo opcionales)<\/td>\n<td>Pote, Allen C.<\/td>\n<td>Gremio de Coristas (CGA 532)<\/td>\n<td>GRAMO<\/td>\n<\/tr>\n<tr>\n<td>Oh Pan de Vida del Cielo (SATB)<\/td>\n<td>Isaac, Enrique<\/td>\n<td>Editores musicales nacionales (NMCH028)<\/td>\n<td>GRAMO<\/td>\n<\/tr>\n<tr>\n<td>O esca viatorum (SATB)<\/td>\n<td>Hadyn, Johann Michael<\/td>\n<td>CPDL<\/td>\n<td>GRAMO<\/td>\n<\/tr>\n<tr>\n<td>O esca viatorum (SATB)<\/td>\n<td>Haydn, Johann Michael<\/td>\n<td>CPDL<\/td>\n<td>GRAMO<\/td>\n<\/tr>\n<tr>\n<td>O esca viatorum (SATB)<\/td>\n<td>Isaac, Enrique<\/td>\n<td>CPDL<\/td>\n<td>GRAMO<\/td>\n<\/tr>\n<tr>\n<td>O sacrum convivium (SAATB)<\/td>\n<td>Tallis, Thomas<\/td>\n<td>Oxford (9780193521612)<\/td>\n<td>GRAMO<\/td>\n<\/tr>\n<tr>\n<td>O sacro convivium (SATB)<\/td>\n<td>Croce, Juan<\/td>\n<td>CPDL<\/td>\n<td>GRAMO<\/td>\n<\/tr>\n<tr>\n<td>O sacro convivium (SATB)<\/td>\n<td>Marenzio, Lucas<\/td>\n<td>CPDL<\/td>\n<td>GRAMO<\/td>\n<\/tr>\n<tr>\n<td>O sacro convivium (SATB)<\/td>\n<td>Viadana, Ludovico da<\/td>\n<td>CPDL<\/td>\n<td>GRAMO<\/td>\n<\/tr>\n<tr>\n<td>O sacro convivium (SATB)<\/td>\n<td>Biery, James<\/td>\n<td>M\u00fasica MorningStar (50-8311)<\/td>\n<td>GRAMO<\/td>\n<\/tr>\n<tr>\n<td>O sacro convivium (SATB)<\/td>\n<td>Messiaen, Oliver<\/td>\n<td>Durand (50565707)<\/td>\n<td>GRAMO<\/td>\n<\/tr>\n<tr>\n<td>O sacro convivium (SATB)<\/td>\n<td>Tovey, Donald F.<\/td>\n<td>Stainer &amp; Bell (9790220210082) en \u201cLaudate Pueri\u201d<\/td>\n<td>GRAMO<\/td>\n<\/tr>\n<tr>\n<td>Pange lingua gloriosi (SATB)<\/td>\n<td>Victoria, Tom\u00e1s Luis de<\/td>\n<td>CPDL<\/td>\n<td>GRAMO<\/td>\n<\/tr>\n<tr>\n<td>Panis angelicus (SATB)<\/td>\n<td>Casciolini, Claudio<\/td>\n<td>CPDL<\/td>\n<td>S,G<\/td>\n<\/tr>\n<tr>\n<td>Panis angelicus (SATB)<\/td>\n<td>Lambillotte, Luis<\/td>\n<td>CPDL<\/td>\n<td>S,G<\/td>\n<\/tr>\n<tr>\n<td>Panis angelicus (SATB)<\/td>\n<td>Palestrina, Giovanni Pierluigi da<\/td>\n<td>GIA (2003)<\/td>\n<td>S,G<\/td>\n<\/tr>\n<tr>\n<td>Panis angelicus (SATB, \u00d3rgano)<\/td>\n<td>Saint Sa\u00ebns, Camille<\/td>\n<td>Oxford (9780193531093) en \u201cThe New Church Anthem Book\u201d<\/td>\n<td>S,G<\/td>\n<\/tr>\n<tr>\n<td>Panis angelicus (Solo de diez, SATB, \u00d3rgano, Cuerdas, Opc. Arpa)<\/td>\n<td>Franck, C\u00e9sar\/Proulx, Richard arr.<\/td>\n<td>GIA (5572)<\/td>\n<td>S,G<\/td>\n<\/tr>\n<tr>\n<td>Panis angelicus (Unison, SA, TB, SATB, \u00f3rgano\/teclado)<\/td>\n<td>Franck, C\u00e9sar<\/td>\n<td>Varios<\/td>\n<td>S,G<\/td>\n<\/tr>\n<tr>\n<td>Sacerdotes (SATB)<\/td>\n<td>Byrd, Guillermo<\/td>\n<td>CPDL<\/td>\n<td>S,G<\/td>\n<\/tr>\n<tr>\n<td>Tantum Ergo de \u201cQuatre Motets sur des Th\u00e8mes Gr\u00e9gorien, Opus 10\u201d (SATB)<\/td>\n<td>Durufl\u00e9, Mauricio<\/td>\n<td>Durand (50565712)<\/td>\n<td>2<\/td>\n<\/tr>\n<tr>\n<td>Haced esto en memoria de m\u00ed (SATB, \u00d3rgano)<\/td>\n<td>Lovelace, Austin C.<\/td>\n<td>Esperanza<\/td>\n<td>GRAMO<\/td>\n<\/tr>\n<tr>\n<td>De cierto, de cierto os digo (SATB)<\/td>\n<td>Tallis, Thomas<\/td>\n<td>CPDL<\/td>\n<td>GRAMO<\/td>\n<\/tr>\n<tr>\n<td>Pan Muy Rico (SATB)<\/td>\n<td>Currie, Randolph N.<\/td>\n<td>GIA (2422)<\/td>\n<td>GRAMO<\/td>\n<\/tr>\n<\/tbody>\n<\/table>","protected":false},"excerpt":{"rendered":"<p>Choral Anthems Title (Voicing) Composer\/Arranger Publisher (Item #) Usage Anima Christi (SATB, Organ) Thatcher, Charles Trinitas (30103363) G Ave verum (SA, Organ) Faur\u00e9, Gabriel CPDL G Ave verum (SA, Organ) Faur\u00e9, Gabriel E. C. Schirmer (0860) G Ave verum (SATB) Saint-Saens, Camille CPDL G Ave verum (SATB) Saint-Saens, Camille MorningStar Music (50-3005) G Ave verum [&hellip;]<\/p>\n","protected":false},"author":6628,"featured_media":0,"parent":0,"menu_order":0,"comment_status":"closed","ping_status":"closed","template":"","meta":{"_acf_changed":false,"footnotes":""},"class_list":["post-4148","page","type-page","status-publish","hentry"],"acf":[],"_links":{"self":[{"href":"https:\/\/npm.org\/es\/wp-json\/wp\/v2\/pages\/4148"}],"collection":[{"href":"https:\/\/npm.org\/es\/wp-json\/wp\/v2\/pages"}],"about":[{"href":"https:\/\/npm.org\/es\/wp-json\/wp\/v2\/types\/page"}],"author":[{"embeddable":true,"href":"https:\/\/npm.org\/es\/wp-json\/wp\/v2\/users\/6628"}],"replies":[{"embeddable":true,"href":"https:\/\/npm.org\/es\/wp-json\/wp\/v2\/comments?post=4148"}],"version-history":[{"count":0,"href":"https:\/\/npm.org\/es\/wp-json\/wp\/v2\/pages\/4148\/revisions"}],"wp:attachment":[{"href":"https:\/\/npm.org\/es\/wp-json\/wp\/v2\/media?parent=4148"}],"curies":[{"name":"gracias","href":"https:\/\/api.w.org\/{rel}","templated":true}]}}