{"id":4141,"date":"2017-10-03T13:54:23","date_gmt":"2017-10-03T13:54:23","guid":{"rendered":"https:\/\/npm.org\/?page_id=4141"},"modified":"2020-06-19T22:20:09","modified_gmt":"2020-06-19T22:20:09","slug":"choral-anthems-solemnity-of-pentecost-year-b","status":"publish","type":"page","link":"https:\/\/npm.org\/es\/choral-anthems-solemnity-of-pentecost-year-b\/","title":{"rendered":"Himnos corales - Solemnidad de Pentecost\u00e9s (B)"},"content":{"rendered":"<p><strong>Himnos corales<\/strong><\/p>\n<table style=\"width: 100%;\" border=\"1\" width=\"100%\">\n<tbody>\n<tr>\n<td width=\"456\"><strong>T\u00edtulo (Voicing)<\/strong><\/td>\n<td width=\"187\"><strong>Compositor \/ Arreglista<\/strong><\/td>\n<td width=\"187\"><strong>Editor (art\u00edculo #)<\/strong><\/td>\n<td width=\"103\"><strong>Uso<\/strong><\/td>\n<\/tr>\n<tr>\n<td>Y fueron todos llenos del Esp\u00edritu Santo\/ Repleti sunt omne (SATB\/SATB, \u00d3rgano)<\/td>\n<td>Handel, Jacob<\/td>\n<td>Concordia<\/td>\n<td>C,1<\/td>\n<\/tr>\n<tr>\n<td>Himnos de Pentecost\u00e9s: Oraci\u00f3n por el Fuego Pentecost\u00e9s (SATB, \u00d3rgano)<\/td>\n<td>Proulx, Richard<\/td>\n<td>GIA (2371)<\/td>\n<td>1<\/td>\n<\/tr>\n<tr>\n<td>Bendice al Se\u00f1or, alma m\u00eda (SATB)<\/td>\n<td>Mathias, Guillermo H.<\/td>\n<td>Oxford (9780193503243)<\/td>\n<td>PD<\/td>\n<\/tr>\n<tr>\n<td>C\u00e1ntico del Esp\u00edritu (2 partes, piano)<\/td>\n<td>Daley, Leonor<\/td>\n<td>Publicaci\u00f3n musical de la Alianza (AMP 0411)<\/td>\n<td>GRAMO<\/td>\n<\/tr>\n<tr>\n<td>Introitos corales con campanas: El esp\u00edritu habita entre nosotros, The (SATB, Handbells)<\/td>\n<td>Hopson, Hal H.<\/td>\n<td>M\u00fasica MorningStar (50-2540)<\/td>\n<td>GRAMO<\/td>\n<\/tr>\n<tr>\n<td>Cristo env\u00eda el Esp\u00edritu (SAB, \u00d3rgano, Flauta)<\/td>\n<td>Proulx, Richard<\/td>\n<td>Augsburgo (0800652703) tambi\u00e9n en \u201cEl libro del coro de Augsburgo\u201d<\/td>\n<td>GRAMO<\/td>\n<\/tr>\n<tr>\n<td>Baja, oh Amor Divino (SSATB, \u00d3rgano)<\/td>\n<td>Mathias, William H.\/Livingston, Donald D. arr.<\/td>\n<td>Augsburgo<\/td>\n<td>mi<\/td>\n<\/tr>\n<tr>\n<td>Ven Esp\u00edritu Santo (SATB)<\/td>\n<td>Gibbons, Orlando<\/td>\n<td>CPDL<\/td>\n<td>GRAMO<\/td>\n<\/tr>\n<tr>\n<td>Ven, Esp\u00edritu Santo, Creador Bendito (SATB, \u00d3rgano)<\/td>\n<td>Carter, Andr\u00e9s<\/td>\n<td>Oxford (9780193504820)<\/td>\n<td>GRAMO<\/td>\n<\/tr>\n<tr>\n<td>Ven, Esp\u00edritu Santo, Dios y Se\u00f1or (SATB, \u00f3rgano opt.)<\/td>\n<td>Bach, Juan Sebasti\u00e1n<\/td>\n<td>GIA (2036)<\/td>\n<td>S<\/td>\n<\/tr>\n<tr>\n<td>Ven, Esp\u00edritu Santo, nuestros corazones inspiran (2 partes, campanillas)<\/td>\n<td>Burkhardt, Michael<\/td>\n<td>M\u00fasica MorningStar (50-5551)<\/td>\n<td>S<\/td>\n<\/tr>\n<tr>\n<td>Ven, Esp\u00edritu Santo (SATB)<\/td>\n<td>Tye, Christopher<\/td>\n<td>GIA (5272)<\/td>\n<td>GRAMO<\/td>\n<\/tr>\n<tr>\n<td>Ven, Esp\u00edritu Santo (Un\u00edsono, \u00d3rgano\/Teclado)<\/td>\n<td>Vieker<\/td>\n<td>Concordia<\/td>\n<td>PD<\/td>\n<\/tr>\n<tr>\n<td>Ven, Esp\u00edritu Santo, Paloma Celestial (SATB, \u00d3rgano, opt. Flauta)<\/td>\n<td>Blanco, David Ashley<\/td>\n<td>Sela (405-659)<\/td>\n<td>mi<\/td>\n<\/tr>\n<tr>\n<td>Ven, Esp\u00edritu Santo y Vivificador (SAB, Teclado)<\/td>\n<td>Scott, K. Lee<\/td>\n<td>Concordia (98-2838)<\/td>\n<td>GRAMO<\/td>\n<\/tr>\n<tr>\n<td>Ven, Esp\u00edritu, Ven (SATB, \u00d3rgano)<\/td>\n<td>Hunnicutt, Judy<\/td>\n<td>GIA (4108)<\/td>\n<td>GRAMO<\/td>\n<\/tr>\n<tr>\n<td>Ven, Se\u00f1or, Esp\u00edritu Creador (SATB, Campanillas)<\/td>\n<td>Rickard, Jeffrey K.<\/td>\n<td>Lorenzo (S-272)<\/td>\n<td>GRAMO<\/td>\n<\/tr>\n<tr>\n<td>Confirma hoc Deus: Haz fuerte en nosotros, oh Dios (SATB, \u00d3rgano)<\/td>\n<td>Rheinberger, Josef\/Proulx, Richard arr.<\/td>\n<td>GIA (5618)<\/td>\n<td>GRAMO<\/td>\n<\/tr>\n<tr>\n<td>Esp\u00edritu Creador, Paloma Celestial (SATB)<\/td>\n<td>Distler, Hugo<\/td>\n<td>Augsburgo (0800657772)<\/td>\n<td>GRAMO<\/td>\n<\/tr>\n<tr>\n<td>Dum complerentur dies Pentecostes (SSATB)<\/td>\n<td>Victoria, Tom\u00e1s Luis de<\/td>\n<td>CPDL<\/td>\n<td>1<\/td>\n<\/tr>\n<tr>\n<td>Dum complerentur dies Pentecostes (SSATB)<\/td>\n<td>Victoria, Tom\u00e1s Luis de<\/td>\n<td>CE Schirmer (2993)<\/td>\n<td>1<\/td>\n<\/tr>\n<tr>\n<td>Dum complerentur dies Pentecostes (SSATTB)<\/td>\n<td>Palestrina, Giovanni Pierluigi da<\/td>\n<td>Arista (AE 145)<\/td>\n<td>1<\/td>\n<\/tr>\n<tr>\n<td>Los ojos de todos esperan en ti, el (SATB)<\/td>\n<td>Berger, Jean<\/td>\n<td>Augsburgo (9780800645595)<\/td>\n<td>1<\/td>\n<\/tr>\n<tr>\n<td>Factus est arrepiente (SATB)<\/td>\n<td>Aichinger, Gregor<\/td>\n<td>Carl Fischer (RC273)<\/td>\n<td>1<\/td>\n<\/tr>\n<tr>\n<td>Esp\u00edritu de gracia, habita conmigo (2 partes, \u00f3rgano)<\/td>\n<td>Scott, K. Lee<\/td>\n<td>Augsburgo (9780800646134)<\/td>\n<td>GRAMO<\/td>\n<\/tr>\n<tr>\n<td>Esp\u00edritu de gracia, Esp\u00edritu Santo (2 partes, teclado)<\/td>\n<td>Arquero, Malcolm<\/td>\n<td>St. James Press<\/td>\n<td>C<\/td>\n<\/tr>\n<tr>\n<td>Salve, Esp\u00edritus Gloriosos, Herederos de la Luz (SATB)<\/td>\n<td>Tye, Christopher\/Knight, Gerald arreglo.<\/td>\n<td>GIA (RA221)<\/td>\n<td>1<\/td>\n<\/tr>\n<tr>\n<td>Hodie Complenti Sunt (SATB)<\/td>\n<td>Marenzio, Lucas<\/td>\n<td>CPDL<\/td>\n<td>GRAMO<\/td>\n<\/tr>\n<tr>\n<td>Himno al Esp\u00edritu Santo (SATB, \u00d3rgano)<\/td>\n<td>Currie, Randolph N.<\/td>\n<td>GIA (5640)<\/td>\n<td>GRAMO<\/td>\n<\/tr>\n<tr>\n<td>Himno al Esp\u00edritu Santo (SATB, \u00d3rgano)<\/td>\n<td>Doherty, Antonio<\/td>\n<td>Trinitas (30111070)<\/td>\n<td>GRAMO<\/td>\n<\/tr>\n<tr>\n<td>Derramar\u00e9 mi esp\u00edritu (SATB, \u00f3rgano)<\/td>\n<td>Hoja, Roberto<\/td>\n<td>Augsburgo (11-1674)<\/td>\n<td>1<\/td>\n<\/tr>\n<tr>\n<td>Cantar\u00e9 al Se\u00f1or (SAATB, \u00d3rgano)<\/td>\n<td>Amner, Juan<\/td>\n<td>Novello (NOV290640)<\/td>\n<td>PD<\/td>\n<\/tr>\n<tr>\n<td>Introito para un d\u00eda de fiesta: Salva festa muere (SATB, \u00d3rgano, Campanillas, Percusi\u00f3n)<\/td>\n<td>rey, larry<\/td>\n<td>GIA (5339)<\/td>\n<td>mi<\/td>\n<\/tr>\n<tr>\n<td>Deja que tu Esp\u00edritu Santo (SATB)<\/td>\n<td>Tschesnokoff, Paul\/Lyall, Jack arr.<\/td>\n<td>Alfredo (LG00660) *<\/td>\n<td>GRAMO<\/td>\n<\/tr>\n<tr>\n<td>Escucha, dulce paloma (SATB, \u00f3rgano)<\/td>\n<td>Ives, Grayston<\/td>\n<td>GIA (4209)<\/td>\n<td>GRAMO<\/td>\n<\/tr>\n<tr>\n<td>Que tu Esp\u00edritu Santo (SATB)<\/td>\n<td>Tschesnokoff, Paul\/Lindasy, Peter arr.<\/td>\n<td>Colla Voce (55-54007)<\/td>\n<td>GRAMO<\/td>\n<\/tr>\n<tr>\n<td>Poderosas Obras del Se\u00f1or, El (SATB, \u00d3rgano\/Teclado)<\/td>\n<td>Jennings, Carolyn<\/td>\n<td>Augsburgo (11-2042)<\/td>\n<td>GRAMO<\/td>\n<\/tr>\n<tr>\n<td>Ahora oramos a Dios, el Esp\u00edritu Santo (SATB, \u00f3rgano opt.)<\/td>\n<td>Bach, Juan Sebasti\u00e1n<\/td>\n<td>GIA (2036)<\/td>\n<td>GRAMO<\/td>\n<\/tr>\n<tr>\n<td>Oh Ven ahora, Esp\u00edritu Santo (SAB)<\/td>\n<td>Amner, Juan<\/td>\n<td>GIA (4012)<\/td>\n<td>GRAMO<\/td>\n<\/tr>\n<tr>\n<td>Oh d\u00eda lleno eres de gracia (SSAATTBB, Sop Solo)<\/td>\n<td>Christiansen, F. Melius<\/td>\n<td>Augsburgo (080064512X)<\/td>\n<td>1<\/td>\n<\/tr>\n<tr>\n<td>Oh Esp\u00edritu Santo (SAT)<\/td>\n<td>Binchois, Gilles<\/td>\n<td>GIA (4059)<\/td>\n<td>GRAMO<\/td>\n<\/tr>\n<tr>\n<td>Oh Esp\u00edritu Santo, Se\u00f1or de la Gracia (SATB)<\/td>\n<td>Tye, Christopher<\/td>\n<td>CPDL<\/td>\n<td>GRAMO<\/td>\n<\/tr>\n<tr>\n<td>Oh Esp\u00edritu Santo, Se\u00f1or de Gracia (SATB, \u00d3rgano)<\/td>\n<td>\u00bfC\u00f3mo, Mart\u00edn?<\/td>\n<td>GIA (4314)<\/td>\n<td>GRAMO<\/td>\n<\/tr>\n<tr>\n<td>Oh Se\u00f1or, da tu Esp\u00edritu Santo (SATB)<\/td>\n<td>Tallis, Thomas<\/td>\n<td>CPDL<\/td>\n<td>GRAMO<\/td>\n<\/tr>\n<tr>\n<td>Oh Se\u00f1or, cu\u00e1n m\u00faltiples son tus obras (un\u00edsono, \u00f3rgano)<\/td>\n<td>Shaw, Mart\u00edn<\/td>\n<td>Novello (NOV290487)<\/td>\n<td>PD<\/td>\n<\/tr>\n<tr>\n<td>Oh Se\u00f1or, cu\u00e1n m\u00faltiples son tus obras (SATB, teclado)<\/td>\n<td>Fedak, Alfred V.<\/td>\n<td>M\u00fasica MorningStar (50-9216)<\/td>\n<td>PD<\/td>\n<\/tr>\n<tr>\n<td>Oh Esp\u00edritu de Dios, Fuente Eterna (SATB)<\/td>\n<td>Vulpio, Melchor<\/td>\n<td>Augsburgo<\/td>\n<td>mi<\/td>\n<\/tr>\n<tr>\n<td>One Faith, One Hope, One Lord (SATB, \u00f3rgano\/teclado, opcional trompeta solista o quinteto de metales)<\/td>\n<td>Courtney, Craig<\/td>\n<td>Lorenzo (10\/3873L)<\/td>\n<td>2<\/td>\n<\/tr>\n<tr>\n<td>Paz a vosotros (SATB)<\/td>\n<td>Nystedt, Knut<\/td>\n<td>Augsburgo<\/td>\n<td>GRAMO<\/td>\n<\/tr>\n<tr>\n<td>La paz sea contigo (SATB, \u00d3rgano)<\/td>\n<td>Wetzler, Robert<\/td>\n<td>AARMI (178)<\/td>\n<td>GRAMO<\/td>\n<\/tr>\n<tr>\n<td>La paz sea contigo, op. 32, #22 (2 partes, \u00f3rgano)<\/td>\n<td>doblador, enero<\/td>\n<td>Concordia<\/td>\n<td>GRAMO<\/td>\n<\/tr>\n<tr>\n<td>Secuencia de Pentecost\u00e9s (SATB, Alto Solo, Bajo Solo, Piano)<\/td>\n<td>arreglo Proulx, Ricardo<\/td>\n<td>GIA (4578)<\/td>\n<td>S<\/td>\n<\/tr>\n<tr>\n<td>Secuencia de Pentecost\u00e9s (al un\u00edsono o mixta en 2 partes, campanillas)<\/td>\n<td>Arr. Palmer, Nicol\u00e1s<\/td>\n<td>GIA (4062)<\/td>\n<td>S<\/td>\n<\/tr>\n<tr>\n<td>Alabado sea el Dios vivo que canta (SATB, \u00d3rgano)<\/td>\n<td>Helgen, John<\/td>\n<td>Augsburgo<\/td>\n<td>C<\/td>\n<\/tr>\n<tr>\n<td>Recibe el Esp\u00edritu Santo (SATB, \u00d3rgano)<\/td>\n<td>Hillert, Richard<\/td>\n<td>Concordia<\/td>\n<td>GRAMO<\/td>\n<\/tr>\n<tr>\n<td>Esp\u00edritu de Dios (Coro de Adultos, Coro de J\u00f3venes, \u00d3rgano, opt. Oboe, opt. Campanillas)<\/td>\n<td>Bedford, Michael<\/td>\n<td>Gremio de Coristas (CGA 977)<\/td>\n<td>GRAMO<\/td>\n<\/tr>\n<tr>\n<td>Spirit of the Lord Come Down (SA(T)B, \u00d3rgano o Piano)<\/td>\n<td>Harper, Juan<\/td>\n<td>St. James Press<\/td>\n<td>PD<\/td>\n<\/tr>\n<tr>\n<td>Esp\u00edritu del Se\u00f1or, El (SATB, Flauta, \u00d3rgano)<\/td>\n<td>Callahan, Carlos<\/td>\n<td>Concordia (98-3256)<\/td>\n<td>PD<\/td>\n<\/tr>\n<tr>\n<td>Stetit Iesus\/All\u00ed Vino Jes\u00fas (SATB)<\/td>\n<td>Handel, Jacob<\/td>\n<td>GIA (2460)<\/td>\n<td>GRAMO<\/td>\n<\/tr>\n<tr>\n<td>Tres Procesiones para Cuatro Campanas y Voz: Procesi\u00f3n de Pentecost\u00e9s (2 Partes, Campanas)<\/td>\n<td>Proulx, Richard<\/td>\n<td>GIA (4982)<\/td>\n<td>mi<\/td>\n<\/tr>\n<tr>\n<td>A Ti, oh Consolador Divino (SATB, \u00d3rgano)<\/td>\n<td>Blanco, David Ashley<\/td>\n<td>Sela (405-632)<\/td>\n<td>S<\/td>\n<\/tr>\n<tr>\n<td>Dos villancicos del siglo XVII para Pascua y Pentecost\u00e9s: Villancico de Pentecost\u00e9s (SATB)<\/td>\n<td>Proulx, Richard<\/td>\n<td>GIA (3668)<\/td>\n<td>mi<\/td>\n<\/tr>\n<tr>\n<td>Veni Creator Spiritus (SATB)<\/td>\n<td>Victoria, Tom\u00e1s Luis de<\/td>\n<td>CPDL<\/td>\n<td>GRAMO<\/td>\n<\/tr>\n<tr>\n<td>Veni Creator Spiritus (SATTB)<\/td>\n<td>Palestrina, Giovanni Pierluigi da<\/td>\n<td>CPDL<\/td>\n<td>GRAMO<\/td>\n<\/tr>\n<tr>\n<td>Veni, Sancte Spiritus (SATB, \u00d3rgano, opt. Flauta)<\/td>\n<td>Birkley, Michael M.<\/td>\n<td>GIA (4779)<\/td>\n<td>S<\/td>\n<\/tr>\n<tr>\n<td>Veni, Sancte Spiritus (SATB, SATB Soli, \u00d3rgano)<\/td>\n<td>Mozart, Woflgang A.<\/td>\n<td>CPDL<\/td>\n<td>S<\/td>\n<\/tr>\n<tr>\n<td>Veni, Sancte Spiritus (SATB, SATB Soli, \u00d3rgano)<\/td>\n<td>Mozart, Woflgang A.<\/td>\n<td>Kalmus (K-A2674)<\/td>\n<td>S<\/td>\n<\/tr>\n<tr>\n<td>Hemos visto al Se\u00f1or (SATB)<\/td>\n<td>Wetzler, Robert<\/td>\n<td>Augsburgo<\/td>\n<td>GRAMO<\/td>\n<\/tr>\n<tr>\n<td>Cuando lleg\u00f3 plenamente el d\u00eda de Pentecost\u00e9s (SSATBB)<\/td>\n<td>Palestrina, Giovanni Pierluigi da<\/td>\n<td>Concordia (98-3339)<\/td>\n<td>1<\/td>\n<\/tr>\n<tr>\n<td>Cuando lleg\u00f3 su plenitud el d\u00eda de Pentecost\u00e9s (SATB)<\/td>\n<td>Coca-Jephcott, Norman<\/td>\n<td>Galaxia<\/td>\n<td>1<\/td>\n<\/tr>\n<\/tbody>\n<\/table>","protected":false},"excerpt":{"rendered":"<p>Choral Anthems Title (Voicing) Composer\/Arranger Publisher (Item #) Usage And They Were All Filled with the Holy Spirit\/ Repleti sunt omne (SATB\/SATB, Organ) Handl, Jacob Concordia C,1 Anthems for Pentecost: Prayer for Pentecostal Fire (SATB, Organ) Proulx, Richard GIA (2371) 1 Bless the Lord, O My Soul (SATB) Mathias, William H. Oxford (9780193503243) PS Canticle [&hellip;]<\/p>\n","protected":false},"author":6628,"featured_media":0,"parent":0,"menu_order":0,"comment_status":"closed","ping_status":"closed","template":"","meta":{"_acf_changed":false,"footnotes":""},"class_list":["post-4141","page","type-page","status-publish","hentry"],"acf":[],"_links":{"self":[{"href":"https:\/\/npm.org\/es\/wp-json\/wp\/v2\/pages\/4141"}],"collection":[{"href":"https:\/\/npm.org\/es\/wp-json\/wp\/v2\/pages"}],"about":[{"href":"https:\/\/npm.org\/es\/wp-json\/wp\/v2\/types\/page"}],"author":[{"embeddable":true,"href":"https:\/\/npm.org\/es\/wp-json\/wp\/v2\/users\/6628"}],"replies":[{"embeddable":true,"href":"https:\/\/npm.org\/es\/wp-json\/wp\/v2\/comments?post=4141"}],"version-history":[{"count":0,"href":"https:\/\/npm.org\/es\/wp-json\/wp\/v2\/pages\/4141\/revisions"}],"wp:attachment":[{"href":"https:\/\/npm.org\/es\/wp-json\/wp\/v2\/media?parent=4141"}],"curies":[{"name":"gracias","href":"https:\/\/api.w.org\/{rel}","templated":true}]}}