{"id":4138,"date":"2017-10-03T13:53:18","date_gmt":"2017-10-03T13:53:18","guid":{"rendered":"https:\/\/npm.org\/?page_id=4138"},"modified":"2020-06-18T17:56:30","modified_gmt":"2020-06-18T17:56:30","slug":"choral-anthems-seventh-sunday-of-easter-b-lectionary-60","status":"publish","type":"page","link":"https:\/\/npm.org\/es\/choral-anthems-seventh-sunday-of-easter-b-lectionary-60\/","title":{"rendered":"Himnos corales - S\u00e9ptimo domingo de Pascua (B)"},"content":{"rendered":"<p><strong>Himnos corales<\/strong><\/p>\n<table style=\"width: 100%;\" border=\"1\" width=\"100%\">\n<tbody>\n<tr>\n<td width=\"456\"><strong>T\u00edtulo (Voicing)<\/strong><\/td>\n<td width=\"187\"><strong>Compositor \/ Arreglista<\/strong><\/td>\n<td width=\"187\"><strong>Editor (art\u00edculo #)<\/strong><\/td>\n<td width=\"103\"><strong>Uso<\/strong><\/td>\n<\/tr>\n<tr>\n<td>Porque \u00c9l nos am\u00f3 primero (SATB, \u00d3rgano)<\/td>\n<td>Mueller, Carl F.<\/td>\n<td>Prensa de Broadman<\/td>\n<td>2<\/td>\n<\/tr>\n<tr>\n<td>Amados, am\u00e9monos unos a otros (SATB)<\/td>\n<td>Dailey, Guillermo<\/td>\n<td>Prensa Shawnee (HL.35001960)<\/td>\n<td>2<\/td>\n<\/tr>\n<tr>\n<td>Amados, am\u00e9monos unos a otros (SATB, solo de soprano, \u00f3rgano)<\/td>\n<td>York, David Stanley<\/td>\n<td>M\u00fasica dorada<\/td>\n<td>2<\/td>\n<\/tr>\n<tr>\n<td>Bendice al Se\u00f1or, alma m\u00eda (SATB)<\/td>\n<td>Bush, Geoffrey<\/td>\n<td>Novela corta (Ant. 1344)<\/td>\n<td>PD<\/td>\n<\/tr>\n<tr>\n<td>Bendice al Se\u00f1or, alma m\u00eda (SATB)<\/td>\n<td>Dirksen, Richard<\/td>\n<td>Lanzallamas (A5725)<\/td>\n<td>PD<\/td>\n<\/tr>\n<tr>\n<td>Bendice, alma m\u00eda, al Se\u00f1or (Un\u00edsono, teclado)<\/td>\n<td>marshall, jane m.<\/td>\n<td>Prensa de Broadman<\/td>\n<td>PD<\/td>\n<\/tr>\n<tr>\n<td>Dios es amor (SATB, piano)<\/td>\n<td>arr. Parker, Alice<\/td>\n<td>GIA (6260)<\/td>\n<td>2<\/td>\n<\/tr>\n<tr>\n<td>No escondas tu rostro (SATB)<\/td>\n<td>Farrant, Richard<\/td>\n<td>CPDL<\/td>\n<td>mi<\/td>\n<\/tr>\n<tr>\n<td>No escondas de nosotros, oh Se\u00f1or, tu rostro (SATB, \u00d3rgano)<\/td>\n<td>Farrant, Richard<\/td>\n<td>Oxford (9780193852204)<\/td>\n<td>mi<\/td>\n<\/tr>\n<tr>\n<td>No me escondas tu rostro (SATB, \u00d3rgano)<\/td>\n<td>Roff, Jos\u00e9<\/td>\n<td>GIA (2206)<\/td>\n<td>mi<\/td>\n<\/tr>\n<tr>\n<td>Se\u00f1or Dios, Misericordioso y Clemente (SATB, \u00d3rgano)<\/td>\n<td>Gregorio, cristiano<\/td>\n<td>Abingdon<\/td>\n<td>1<\/td>\n<\/tr>\n<tr>\n<td>El Amor que Dios Tiene por Nosotros, El (SATB)<\/td>\n<td>Currie, Randolph N.<\/td>\n<td>GIA (2963)<\/td>\n<td>2<\/td>\n<\/tr>\n<tr>\n<td>Amor de Dios, El (SATB, \u00d3rgano)<\/td>\n<td>Lovelace, Austin C.<\/td>\n<td>Par\u00e1clito (PPM00019)<\/td>\n<td>2<\/td>\n<\/tr>\n<tr>\n<td>Oh amados, am\u00e9monos unos a otros (SATB, \u00d3rgano)<\/td>\n<td>Langlais, Jean<\/td>\n<td>Hinshaw (HMC 423)<\/td>\n<td>2<\/td>\n<\/tr>\n<tr>\n<td>One Faith, One Hope, One Lord (SATB, \u00f3rgano\/teclado, opcional trompeta solista o quinteto de metales)<\/td>\n<td>Courtney, Craig<\/td>\n<td>Lorenzo (10\/3873L)<\/td>\n<td>C<\/td>\n<\/tr>\n<tr>\n<td>Alaba, alma m\u00eda, al Se\u00f1or (SATB, \u00f3rgano)<\/td>\n<td>Tomkins, Thomas<\/td>\n<td>Ventas de m\u00fasica en Estados Unidos (NOV880012)<\/td>\n<td>PD<\/td>\n<\/tr>\n<tr>\n<td>Alaba, alma m\u00eda, al Se\u00f1or (Un\u00edsono, \u00d3rgano)<\/td>\n<td>Greene, Mauricio<\/td>\n<td>GIA (RAB2) en \u201cDoce himnos f\u00e1ciles\u201d<\/td>\n<td>PD<\/td>\n<\/tr>\n<tr>\n<td>Que todos sean uno (SATB, \u00d3rgano)<\/td>\n<td>Mueller, Carl F.<\/td>\n<td>G. Schirmer (11594)<\/td>\n<td>C<\/td>\n<\/tr>\n<tr>\n<td>Verso de \u201cEpifan\u00eda VI\u201d (Un\u00edsono, \u00d3rgano)<\/td>\n<td>Johnson, David N.<\/td>\n<td>Augsburgo<\/td>\n<td>GRAMO<\/td>\n<\/tr>\n<\/tbody>\n<\/table>","protected":false},"excerpt":{"rendered":"<p>Choral Anthems Title (Voicing) Composer\/Arranger Publisher (Item #) Usage Because He First Loved Us (SATB, Organ) Mueller, Carl F. Broadman Press 2 Beloved, Let Us Love One Another (SATB) Dailey, William Shawnee Press (HL.35001960) 2 Beloved, Let Us Love One Another (SATB, Soprano solo, Organ) York, David Stanley Golden Music 2 Bless the Lord, O [&hellip;]<\/p>\n","protected":false},"author":6628,"featured_media":0,"parent":0,"menu_order":0,"comment_status":"closed","ping_status":"closed","template":"","meta":{"_acf_changed":false,"footnotes":""},"class_list":["post-4138","page","type-page","status-publish","hentry"],"acf":[],"_links":{"self":[{"href":"https:\/\/npm.org\/es\/wp-json\/wp\/v2\/pages\/4138"}],"collection":[{"href":"https:\/\/npm.org\/es\/wp-json\/wp\/v2\/pages"}],"about":[{"href":"https:\/\/npm.org\/es\/wp-json\/wp\/v2\/types\/page"}],"author":[{"embeddable":true,"href":"https:\/\/npm.org\/es\/wp-json\/wp\/v2\/users\/6628"}],"replies":[{"embeddable":true,"href":"https:\/\/npm.org\/es\/wp-json\/wp\/v2\/comments?post=4138"}],"version-history":[{"count":0,"href":"https:\/\/npm.org\/es\/wp-json\/wp\/v2\/pages\/4138\/revisions"}],"wp:attachment":[{"href":"https:\/\/npm.org\/es\/wp-json\/wp\/v2\/media?parent=4138"}],"curies":[{"name":"gracias","href":"https:\/\/api.w.org\/{rel}","templated":true}]}}