{"id":4131,"date":"2017-10-03T13:48:30","date_gmt":"2017-10-03T13:48:30","guid":{"rendered":"https:\/\/npm.org\/?page_id=4131"},"modified":"2020-06-18T17:55:31","modified_gmt":"2020-06-18T17:55:31","slug":"choral-anthems-sixth-sunday-of-easter-b-lectionary-56","status":"publish","type":"page","link":"https:\/\/npm.org\/es\/choral-anthems-sixth-sunday-of-easter-b-lectionary-56\/","title":{"rendered":"Himnos corales - VI Domingo de Pascua (B)"},"content":{"rendered":"<p><strong>Himnos corales<\/strong><\/p>\n<table style=\"width: 100%;\" border=\"1\" width=\"100%\">\n<tbody>\n<tr>\n<td width=\"456\"><strong>T\u00edtulo (Voicing)<\/strong><\/td>\n<td width=\"187\"><strong>Compositor \/ Arreglista<\/strong><\/td>\n<td width=\"187\"><strong>Editor (art\u00edculo #)<\/strong><\/td>\n<td width=\"103\"><strong>Uso<\/strong><\/td>\n<\/tr>\n<tr>\n<td>Amados (amaos unos a otros) (SATB, teclado)<\/td>\n<td>Kinyon, B\u00e1rbara Balzter<\/td>\n<td>Concordia (98-3653)<\/td>\n<td>2<\/td>\n<\/tr>\n<tr>\n<td>Amados, am\u00e9monos unos a otros (SATB)<\/td>\n<td>Dailey, Guillermo<\/td>\n<td>Prensa Shawnee (HL.35001960)<\/td>\n<td>2<\/td>\n<\/tr>\n<tr>\n<td>Amados, am\u00e9monos unos a otros (SATB)<\/td>\n<td>Joven, Felipe M.<\/td>\n<td>Augsburgo<\/td>\n<td>2<\/td>\n<\/tr>\n<tr>\n<td>Amados, am\u00e9monos unos a otros (SATB, \u00d3rgano)<\/td>\n<td>Langlais, Jean<\/td>\n<td>Hinshaw (HMC 423)<\/td>\n<td>2<\/td>\n<\/tr>\n<tr>\n<td>Canatate Domino (Un\u00edsono\/2 partes, Teclado)<\/td>\n<td>Bedford, Michael<\/td>\n<td>Gremio de coristas (CGA 689)<\/td>\n<td>PD<\/td>\n<\/tr>\n<tr>\n<td>Cantate Domino (SATB, teclado opcional)<\/td>\n<td>Hurd, David<\/td>\n<td>Augsburgo<\/td>\n<td>PD<\/td>\n<\/tr>\n<tr>\n<td>Caridad y Amor (SATB, \u00d3rgano, Flauta, Claves, opt. Campanillas)<\/td>\n<td>Kallman, Daniel<\/td>\n<td>Kjos (J15)<\/td>\n<td>2<\/td>\n<\/tr>\n<tr>\n<td>Venid, cantad al Se\u00f1or (SAB, \u00d3rgano)<\/td>\n<td>McCray, James<\/td>\n<td>HW gris<\/td>\n<td>PD<\/td>\n<\/tr>\n<tr>\n<td>Cinco Salmos de Alabanza y el Responsorio del \u201cSalterio de Becker\u201d: Cantad al Se\u00f1or (SATB)<\/td>\n<td>Sch\u00fctz, Heinrich<\/td>\n<td>GIA (1790)<\/td>\n<td>PD<\/td>\n<\/tr>\n<tr>\n<td>Porque tanto am\u00f3 Dios al mundo (SATTB)<\/td>\n<td>Sch\u00fctz, Heinrich<\/td>\n<td>Concordia<\/td>\n<td>2<\/td>\n<\/tr>\n<tr>\n<td>Id por todo el mundo (SATB, piano, \u00f3rgano)<\/td>\n<td>Mayordomo, Eugene<\/td>\n<td>Carl Fischer (CM7880)<\/td>\n<td>GRAMO<\/td>\n<\/tr>\n<tr>\n<td>Dios es amor (SATB, piano)<\/td>\n<td>arr. Parker, Alice<\/td>\n<td>GIA (6260)<\/td>\n<td>2<\/td>\n<\/tr>\n<tr>\n<td>Tanto am\u00f3 Dios al mundo (SAB)<\/td>\n<td>Goemanne, Noel<\/td>\n<td>GIA (7824)<\/td>\n<td>2<\/td>\n<\/tr>\n<tr>\n<td>Tanto am\u00f3 Dios al mundo (SAB, teclado)<\/td>\n<td>Carter, Juan<\/td>\n<td>Beckenhorst (BP 1665)<\/td>\n<td>2<\/td>\n<\/tr>\n<tr>\n<td>Tanto am\u00f3 Dios al mundo (SATB)<\/td>\n<td>SadowskiKevin J.<\/td>\n<td>Concordia<\/td>\n<td>2<\/td>\n<\/tr>\n<tr>\n<td>Tanto am\u00f3 Dios al mundo (Un\u00edsono, Teclado, Guitarra)<\/td>\n<td>Englert, Eugene<\/td>\n<td>GIA (5713)<\/td>\n<td>2<\/td>\n<\/tr>\n<tr>\n<td>Dios am\u00f3 tanto al mundo (Un\u00edsono\/2 partes, teclado, opcional flauta o viol\u00edn)<\/td>\n<td>Horman, John D.<\/td>\n<td>Gremio de Coristas (CGA 447)<\/td>\n<td>2<\/td>\n<\/tr>\n<tr>\n<td>Mayor amor no tiene hombre (SB Soli, SATB, \u00f3rgano)<\/td>\n<td>Irlanda, Juan<\/td>\n<td>Galaxia (1.5030)<\/td>\n<td>GRAMO<\/td>\n<\/tr>\n<tr>\n<td>Os doy un mandamiento nuevo (2 partes, \u00f3rgano)<\/td>\n<td>Ast\u00f3n, Pedro<\/td>\n<td>RSCM (4331)<\/td>\n<td>GRAMO<\/td>\n<\/tr>\n<tr>\n<td>Te he elegido (SATB, \u00f3rgano, 7 metales)<\/td>\n<td>Allen, Larry<\/td>\n<td>Recursos de adoraci\u00f3n LifeWay (4562-56)<\/td>\n<td>GRAMO<\/td>\n<\/tr>\n<tr>\n<td>No os dejar\u00e9 desamparados (SATB)<\/td>\n<td>Titcomb, Everett<\/td>\n<td>Carl Fischer (CM 441)<\/td>\n<td>GRAMO<\/td>\n<\/tr>\n<tr>\n<td>No os dejar\u00e9 desamparados (SATB, \u00d3rgano)<\/td>\n<td>Joule, Antonio<\/td>\n<td>GIA (4492)<\/td>\n<td>GRAMO<\/td>\n<\/tr>\n<tr>\n<td>Si guard\u00e1is mis mandamientos (SATB, teclado)<\/td>\n<td>Heeley, Alberto<\/td>\n<td>Novello<\/td>\n<td>GRAMO<\/td>\n<\/tr>\n<tr>\n<td>Si me am\u00e1is (SAB)<\/td>\n<td>Tallis, Thomas<\/td>\n<td>GIA (2290)<\/td>\n<td>G,C<\/td>\n<\/tr>\n<tr>\n<td>Si me am\u00e1is (SATB)<\/td>\n<td>Tallis, Thomas<\/td>\n<td>G. Schirmer (OC10234)<\/td>\n<td>G,C<\/td>\n<\/tr>\n<tr>\n<td>Si me am\u00e1is (SSATB, \u00f3rgano)<\/td>\n<td>Wilby, Felipe<\/td>\n<td>Publicaciones musicales de Banks (ECS191)<\/td>\n<td>C,G<\/td>\n<\/tr>\n<tr>\n<td>Si me amas (SAT(B), Piano)<\/td>\n<td>Paterson, Mark<\/td>\n<td>Gremio de Coristas (CGA 952)<\/td>\n<td>G,C<\/td>\n<\/tr>\n<tr>\n<td>Canci\u00f3n jubilosa, A (2 partes, teclado)<\/td>\n<td>Pie ligero, Mary Lynn<\/td>\n<td>Lorenzo (10-1026)<\/td>\n<td>PD<\/td>\n<\/tr>\n<tr>\n<td>No se turbe vuestro coraz\u00f3n (SATB, seg\u00fan op.)<\/td>\n<td>Wolff, S. Drummond<\/td>\n<td>Concordia<\/td>\n<td>GRAMO<\/td>\n<\/tr>\n<tr>\n<td>El Amor que Dios Tiene por Nosotros, El (SATB)<\/td>\n<td>Currie, Randolph N.<\/td>\n<td>GIA (2963)<\/td>\n<td>2<\/td>\n<\/tr>\n<tr>\n<td>Oh, cantad al Se\u00f1or (SATB, Sop Solo, flauta, trompa, \u00f3rgano)<\/td>\n<td>HendersonRuth Watson<\/td>\n<td>Oxford<\/td>\n<td>PD<\/td>\n<\/tr>\n<tr>\n<td>Del Amor Divino (SATB, \u00d3rgano)<\/td>\n<td>Routley, Erik<\/td>\n<td>Novello<\/td>\n<td>GRAMO<\/td>\n<\/tr>\n<tr>\n<td>Oh, cantad al Se\u00f1or (Un\u00edsono\/2 partes, teclado, percusi\u00f3n)<\/td>\n<td>Arr. Ziegenhals, Harriett<\/td>\n<td>Gremio de Coristas (CGA 640)<\/td>\n<td>PD<\/td>\n<\/tr>\n<tr>\n<td>Oh, cantad al Se\u00f1or un c\u00e1ntico nuevo (SA, \u00f3rgano)<\/td>\n<td>Willan, Healley<\/td>\n<td>Concordia (97-7610) en \u201cTe alabamos, Parte II\u201d<\/td>\n<td>PD<\/td>\n<\/tr>\n<tr>\n<td>Salmo 98 (2 partes, instrumentos Orff)<\/td>\n<td>Maeker Nelson, Ron<\/td>\n<td>Concordia<\/td>\n<td>PD<\/td>\n<\/tr>\n<tr>\n<td>Salmo 98 (SATB)<\/td>\n<td>Distler, Hugo<\/td>\n<td>Arista (AE 110)<\/td>\n<td>PD<\/td>\n<\/tr>\n<tr>\n<td>Salmo 98 (SATB, \u00d3rgano, Trompeta)<\/td>\n<td>Martinson, Joel<\/td>\n<td>Concordia<\/td>\n<td>PD<\/td>\n<\/tr>\n<tr>\n<td>Salmo 98 (Un\u00edsono, Teclado)<\/td>\n<td>marshall, jane m.<\/td>\n<td>Gremio de coristas (CGA 427)<\/td>\n<td>PD<\/td>\n<\/tr>\n<tr>\n<td>Mira lo que ama (SATB, \u00d3rgano)<\/td>\n<td>Mendelssohn, F\u00e9lix<\/td>\n<td>Augsburgo (9780800645618)<\/td>\n<td>2<\/td>\n<\/tr>\n<tr>\n<td>Grita alegremente (al un\u00edsono o en 2 partes, teclado)<\/td>\n<td>Rentz, Earlene<\/td>\n<td>Gremio de coristas (CGA 1004)<\/td>\n<td>PD<\/td>\n<\/tr>\n<tr>\n<td>Canta en voz alta a Dios (SATB, \u00d3rgano, opt. Trompeta)<\/td>\n<td>Hopson, Hal H.<\/td>\n<td>Augsburgo<\/td>\n<td>PD<\/td>\n<\/tr>\n<tr>\n<td>Cantad al Se\u00f1or un c\u00e1ntico nuevo (2 partes, teclado)<\/td>\n<td>Pachelbel, Johann<\/td>\n<td>Concordia (98-3151)<\/td>\n<td>PD<\/td>\n<\/tr>\n<tr>\n<td>Cantad al Se\u00f1or una canci\u00f3n nueva (2 partes, teclado, op. campanillas)<\/td>\n<td>Behnke, John A.<\/td>\n<td>Concordia (98-3503)<\/td>\n<td>PD<\/td>\n<\/tr>\n<tr>\n<td>Canta, alma m\u00eda, su maravilloso amor (SATB)<\/td>\n<td>Rorem, Ned<\/td>\n<td>Edici\u00f3n Peters (EP6386)<\/td>\n<td>2<\/td>\n<\/tr>\n<tr>\n<td>Canci\u00f3n de triunfo (SATB, coro de agudos, teclado)<\/td>\n<td>Bitgood, Roberta<\/td>\n<td>Esperanza<\/td>\n<td>mi<\/td>\n<\/tr>\n<tr>\n<td>Este es mi mandamiento (SATB)<\/td>\n<td>Tallis, Thomas<\/td>\n<td>Oxford<\/td>\n<td>GRAMO<\/td>\n<\/tr>\n<tr>\n<td>Ubi caritas (SATB)<\/td>\n<td>Durufl\u00e9, Mauricio<\/td>\n<td>Durand (DF01390101)<\/td>\n<td>2<\/td>\n<\/tr>\n<tr>\n<td>Ubi caritas (SATB)<\/td>\n<td>Gjeilo, Ola<\/td>\n<td>Walton (WW1386)<\/td>\n<td>GRAMO<\/td>\n<\/tr>\n<tr>\n<td>Ubi caritas et amor (SATB, campanillas)<\/td>\n<td>Proulx, Richard<\/td>\n<td>GIA (5513)<\/td>\n<td>2<\/td>\n<\/tr>\n<tr>\n<td>Camina en amor (SATB, \u00d3rgano)<\/td>\n<td>Siton, Michael<\/td>\n<td>Trinitas (4539)<\/td>\n<td>6,K<\/td>\n<\/tr>\n<tr>\n<td>Donde prevalecen la caridad y el amor (SATB, \u00f3rgano)<\/td>\n<td>Benoit, Paul\/Vermulst, Jan arr.<\/td>\n<td>WLP (001335)<\/td>\n<td>2<\/td>\n<\/tr>\n<tr>\n<td>Con Voz de Canto (SATB)<\/td>\n<td>Jennings, Kenneth<\/td>\n<td>Augsburgo (9780800645663)<\/td>\n<td>mi<\/td>\n<\/tr>\n<tr>\n<td>Con Voz de Canto (SATB, \u00d3rgano)<\/td>\n<td>Shaw, Mart\u00edn<\/td>\n<td>G. Schirmer (OC8103)<\/td>\n<td>mi<\/td>\n<\/tr>\n<\/tbody>\n<\/table>","protected":false},"excerpt":{"rendered":"<p>Choral Anthems Title (Voicing) Composer\/Arranger Publisher (Item #) Usage Beloved (Love One Another) (SATB, Keyboard) Kinyon, Barbara Balzter Concordia (98-3653) 2 Beloved, Let Us Love One Another (SATB) Dailey, William Shawnee Press (HL.35001960) 2 Beloved, Let Us Love One Another (SATB) Young, Philip M. Augsburg 2 Beloved, Let Us Love One Another (SATB, Organ) Langlais, [&hellip;]<\/p>\n","protected":false},"author":6628,"featured_media":0,"parent":0,"menu_order":0,"comment_status":"closed","ping_status":"closed","template":"","meta":{"_acf_changed":false,"footnotes":""},"class_list":["post-4131","page","type-page","status-publish","hentry"],"acf":[],"_links":{"self":[{"href":"https:\/\/npm.org\/es\/wp-json\/wp\/v2\/pages\/4131"}],"collection":[{"href":"https:\/\/npm.org\/es\/wp-json\/wp\/v2\/pages"}],"about":[{"href":"https:\/\/npm.org\/es\/wp-json\/wp\/v2\/types\/page"}],"author":[{"embeddable":true,"href":"https:\/\/npm.org\/es\/wp-json\/wp\/v2\/users\/6628"}],"replies":[{"embeddable":true,"href":"https:\/\/npm.org\/es\/wp-json\/wp\/v2\/comments?post=4131"}],"version-history":[{"count":0,"href":"https:\/\/npm.org\/es\/wp-json\/wp\/v2\/pages\/4131\/revisions"}],"wp:attachment":[{"href":"https:\/\/npm.org\/es\/wp-json\/wp\/v2\/media?parent=4131"}],"curies":[{"name":"gracias","href":"https:\/\/api.w.org\/{rel}","templated":true}]}}