{"id":4119,"date":"2017-10-03T13:43:58","date_gmt":"2017-10-03T13:43:58","guid":{"rendered":"https:\/\/npm.org\/?page_id=4119"},"modified":"2024-01-17T11:11:06","modified_gmt":"2024-01-17T16:11:06","slug":"choral-anthems-easter-season-year-b","status":"publish","type":"page","link":"https:\/\/npm.org\/es\/choral-anthems-easter-season-year-b\/","title":{"rendered":"Himnos corales - 2do domingo de Pascua (B)"},"content":{"rendered":"<p><strong>Himnos corales<\/strong><\/p>\n<table style=\"width: 100%;\" border=\"1\" width=\"100%\">\n<tbody>\n<tr>\n<td width=\"456\"><strong>T\u00edtulo (Voicing)<\/strong><\/td>\n<td width=\"187\"><strong>Compositor \/ Arreglista<\/strong><\/td>\n<td width=\"187\"><strong>Editor (art\u00edculo #)<\/strong><\/td>\n<td width=\"103\"><strong>Uso<\/strong><\/td>\n<\/tr>\n<tr>\n<td>Despierta, lev\u00e1ntate, ve y regocijate (Un\u00edsono)<\/td>\n<td>Hoja, Roberto<\/td>\n<td>Augsburgo<\/td>\n<td>PD<\/td>\n<\/tr>\n<tr>\n<td>Estad alegres y regocijaos (SATB)<\/td>\n<td>Goemanne, Noel<\/td>\n<td>lanzallamas<\/td>\n<td>PD<\/td>\n<\/tr>\n<tr>\n<td>Benditos sean ellos (SATB)<\/td>\n<td>Pasquet, Jean<\/td>\n<td>Molinos Belwin (6025)<\/td>\n<td>GRAMO<\/td>\n<\/tr>\n<tr>\n<td>Benditos los ojos que no te han visto (Solo, SATB)<\/td>\n<td>Gramann, Fred<\/td>\n<td>E. C. Schirmer (7329)<\/td>\n<td>GRAMO<\/td>\n<\/tr>\n<tr>\n<td>Benditos los ojos que no te han visto (Solo, SATB)<\/td>\n<td>Gramann, Fred<\/td>\n<td>E. C. Schirmer (7329)<\/td>\n<td>GRAMO<\/td>\n<\/tr>\n<tr>\n<td>Dies ist der Tag, der Herr macht (SAB)<\/td>\n<td>Telemann, Georg Philipp<\/td>\n<td>Editorial Carus (39.010\/00)<\/td>\n<td>PD<\/td>\n<\/tr>\n<tr>\n<td>Himno de Pascua (SATB)<\/td>\n<td>Billings, Guillermo<\/td>\n<td>CPDL<\/td>\n<td>GRAMO<\/td>\n<\/tr>\n<tr>\n<td>Villancico de Pascua (al un\u00edsono, contrapunto, \u00f3rgano, flauta)<\/td>\n<td>Proulx Richard<\/td>\n<td>GIA (4465)<\/td>\n<td>GRAMO<\/td>\n<\/tr>\n<tr>\n<td>Cuatro motetes de \u201cResurrexi\u201d (SATB)<\/td>\n<td>Cerca, Gerald<\/td>\n<td>Par\u00e1clito (PPM09108)<\/td>\n<td>C<\/td>\n<\/tr>\n<tr>\n<td>Muere Haec (SATB)<\/td>\n<td>Arcadelt, Jacob<\/td>\n<td>Chester (CH64834)<\/td>\n<td>PD<\/td>\n<\/tr>\n<tr>\n<td>Muere Haec (SATB)<\/td>\n<td>Ingenieros, Marc Antonio<\/td>\n<td>Editorial Carus (CV0304720)<\/td>\n<td>PD<\/td>\n<\/tr>\n<tr>\n<td>Muere Haec (SATB)<\/td>\n<td>Palestrina, Giovanni Pierluigi da<\/td>\n<td>HW gris<\/td>\n<td>PD<\/td>\n<\/tr>\n<tr>\n<td>Haec muere (SATB\/SATB)<\/td>\n<td>Handel, Jacob<\/td>\n<td>CPDL<\/td>\n<td>PD<\/td>\n<\/tr>\n<tr>\n<td>Haec muere (SSATTB)<\/td>\n<td>Palestrina, Giovanni Pierluigi da<\/td>\n<td>CF Peters (NDC012)<\/td>\n<td>PD<\/td>\n<\/tr>\n<tr>\n<td>Muere Haec (SSATTB)<\/td>\n<td>Byrd, Guillermo<\/td>\n<td>Varios<\/td>\n<td>PD<\/td>\n<\/tr>\n<tr>\n<td>Haec muere\/Canten alabanzas a Dios en este d\u00eda santo (SSATTB)<\/td>\n<td>Byrd, Guillermo<\/td>\n<td>Concordia (98-2091)<\/td>\n<td>PD<\/td>\n<\/tr>\n<tr>\n<td>Himno de la promesa (SATB, piano)<\/td>\n<td>Sleeth, Nathalie<\/td>\n<td>Esperanza (A686)<\/td>\n<td>GRAMO<\/td>\n<\/tr>\n<tr>\n<td>Jes\u00fas, Hijo de Dios Alt\u00edsimo (Un\u00edsono, Piano, Flauta opt., Guitarra opt., Bajo opt.)<\/td>\n<td>Cox, Joe y Lindh, Jody<\/td>\n<td>Gremio de Coristas (CGA 377)<\/td>\n<td>GRAMO<\/td>\n<\/tr>\n<tr>\n<td>Gozosa Pascua, esta (SATB, \u00f3rgano)<\/td>\n<td>Harris, Guillermo Enrique<\/td>\n<td>Novello (290151 NOV)<\/td>\n<td>GRAMO<\/td>\n<\/tr>\n<tr>\n<td>Seamos felices (SAB)<\/td>\n<td>Hoja, Roberto<\/td>\n<td>Augsburgo<\/td>\n<td>PD<\/td>\n<\/tr>\n<tr>\n<td>El Se\u00f1or ha resucitado (SAB)<\/td>\n<td>Gumpeltzhaimer, Adam<\/td>\n<td>GIA (3009)<\/td>\n<td>PD<\/td>\n<\/tr>\n<tr>\n<td>Ahora (SATB)<\/td>\n<td>Schalk, Carl<\/td>\n<td>Esperanza (AG 7278)<\/td>\n<td>GRAMO<\/td>\n<\/tr>\n<tr>\n<td>Oh Hijos e Hijas (SAB, \u00d3rgano, Trompeta)<\/td>\n<td>Hillert, Richard<\/td>\n<td>Concordia<\/td>\n<td>GRAMO<\/td>\n<\/tr>\n<tr>\n<td>Oh hijos e hijas (SATB)<\/td>\n<td>arreglo de Tortolano, William<\/td>\n<td>GIA (5269)<\/td>\n<td>GRAMO<\/td>\n<\/tr>\n<tr>\n<td>Oh hijos e hijas (SATB, pandereta, campanas de mano)<\/td>\n<td>Arr. Ferguson, Juan<\/td>\n<td>GIA (4547)<\/td>\n<td>GRAMO<\/td>\n<\/tr>\n<tr>\n<td>\u00c1breme las puertas de la justicia (SATB, \u00f3rgano, cuarteto de metales)<\/td>\n<td>Scott, K. Lee<\/td>\n<td>Concordia (98-3501)<\/td>\n<td>PD<\/td>\n<\/tr>\n<tr>\n<td>La paz sea contigo (SATB)<\/td>\n<td>Nystedt, Knut<\/td>\n<td>Augsburgo<\/td>\n<td>GRAMO<\/td>\n<\/tr>\n<tr>\n<td>La paz sea con vosotros (SATB, \u00f3rgano)<\/td>\n<td>Walter, Samuel<\/td>\n<td>Abingdon<\/td>\n<td>GRAMO<\/td>\n<\/tr>\n<tr>\n<td>La paz sea contigo (SATB, \u00d3rgano)<\/td>\n<td>Wetzler, Robert<\/td>\n<td>AARMI (178)<\/td>\n<td>GRAMO<\/td>\n<\/tr>\n<tr>\n<td>La paz sea contigo, op. 32, #22 (2 partes, \u00f3rgano)<\/td>\n<td>doblador, enero<\/td>\n<td>Concordia<\/td>\n<td>GRAMO<\/td>\n<\/tr>\n<tr>\n<td>La paz os dejo (SATB)<\/td>\n<td>PelzWalter L.<\/td>\n<td>Augsburgo (9780800645656)<\/td>\n<td>GRAMO<\/td>\n<\/tr>\n<tr>\n<td>La paz os dejo con vosotros (SATB, \u00d3rgano)<\/td>\n<td>Perti, Giacomo Antonio\/Hopson, Hal H. arr.<\/td>\n<td>GIA (4388)<\/td>\n<td>GRAMO<\/td>\n<\/tr>\n<tr>\n<td>Paz a ti (2 partes, \u00f3rgano)<\/td>\n<td>Pearsall, Robert\/Shephard, Richard arr.<\/td>\n<td>St. James Press<\/td>\n<td>GRAMO<\/td>\n<\/tr>\n<tr>\n<td>\u00bfQui\u00e9n me vio, Thoma (SATB)?<\/td>\n<td>Hassler, Hans Leo<\/td>\n<td>CPDL<\/td>\n<td>GRAMO<\/td>\n<\/tr>\n<tr>\n<td>\u00bfQui\u00e9n me vio, Thoma (SATB)?<\/td>\n<td>Marenzio, Lucas<\/td>\n<td>CPDL<\/td>\n<td>GRAMO<\/td>\n<\/tr>\n<tr>\n<td>Stetit Iesus\/All\u00ed Vino Jes\u00fas (SATB)<\/td>\n<td>Handel, Jacob<\/td>\n<td>GIA (2460)<\/td>\n<td>GRAMO<\/td>\n<\/tr>\n<tr>\n<td>Stetit Jes\u00fas (SSATB)<\/td>\n<td>Regnart, Jacob<\/td>\n<td>Chester (CH55261) en \u201cEl libro de motetes de Chester-Vol. 11\u201d<\/td>\n<td>GRAMO<\/td>\n<\/tr>\n<tr>\n<td>Surgens Jesu (SATB, \u00d3rgano)<\/td>\n<td>Philips, Pedro<\/td>\n<td>Oxford (9780193531093) en \u201cThe New Church Anthem Book\u201d<\/td>\n<td>GRAMO<\/td>\n<\/tr>\n<tr>\n<td>Surgens Jes\u00fas (SATB)<\/td>\n<td>Monteverdi, Claudio<\/td>\n<td>Oxford (9780193532427) en \u201cHimnos para coro 3\u201d<\/td>\n<td>GRAMO<\/td>\n<\/tr>\n<tr>\n<td>Ese d\u00eda de Pascua (SATB, \u00d3rgano)<\/td>\n<td>arreglo de Bumgarner, Burton<\/td>\n<td>GIA (4433)<\/td>\n<td>GRAMO<\/td>\n<\/tr>\n<tr>\n<td>Ese d\u00eda de Pascua con alegr\u00eda fue brillante (Un\u00edsono\/2 partes, \u00f3rgano, platillos de dedo opcionales)<\/td>\n<td>Arr. Ferguson, Juan<\/td>\n<td>Gremio de Coristas (CGA 1016)<\/td>\n<td>GRAMO<\/td>\n<\/tr>\n<tr>\n<td>Este es el d\u00eda (ronda de 3 partes)<\/td>\n<td>Parker, Alice<\/td>\n<td>Hinshaw<\/td>\n<td>PD<\/td>\n<\/tr>\n<tr>\n<td>Este es el d\u00eda (Cantata de Pascua) (SATB)<\/td>\n<td>Pinkham, Daniel<\/td>\n<td>Edici\u00f3n Peters (EP6393)<\/td>\n<td>PD<\/td>\n<\/tr>\n<tr>\n<td>Este es el d\u00eda (SATB)<\/td>\n<td>Christiansen, Paul J.<\/td>\n<td>AARMI<\/td>\n<td>PD<\/td>\n<\/tr>\n<tr>\n<td>Este es el d\u00eda (SATB)<\/td>\n<td>Copley, R. Evan<\/td>\n<td>Abingdon<\/td>\n<td>PD<\/td>\n<\/tr>\n<tr>\n<td>Este es el d\u00eda (SATB)<\/td>\n<td>Titcomb, Everett<\/td>\n<td>IMSLP<\/td>\n<td>PD<\/td>\n<\/tr>\n<tr>\n<td>Este es el d\u00eda (Al un\u00edsono)<\/td>\n<td>Copley, R. Evan<\/td>\n<td>Abingdon<\/td>\n<td>PD<\/td>\n<\/tr>\n<tr>\n<td>Este es el d\u00eda que el Se\u00f1or cre\u00f3 (SSAB)<\/td>\n<td>Geisler, Juan<\/td>\n<td>Boosey y Hawkes (073999129663) *<\/td>\n<td>PD<\/td>\n<\/tr>\n<tr>\n<td>Este es el d\u00eda que hizo el Se\u00f1or (SATB, \u00d3rgano, Metales, Timbales, Platillos)<\/td>\n<td>Ferris, William<\/td>\n<td>Par\u00e1clito (PPM00202)<\/td>\n<td>PD<\/td>\n<\/tr>\n<tr>\n<td>Este es el d\u00eda que hizo el Se\u00f1or (SAB)<\/td>\n<td>Cerca, Gerald<\/td>\n<td>Augsburgo<\/td>\n<td>PD<\/td>\n<\/tr>\n<tr>\n<td>Este es el d\u00eda que hizo el Se\u00f1or (SATB)<\/td>\n<td>Lekberg, Sven G.<\/td>\n<td>G. Schirmer (50319250)<\/td>\n<td>PD<\/td>\n<\/tr>\n<tr>\n<td>Este es el d\u00eda que hizo el Se\u00f1or (SATB)<\/td>\n<td>Ford, Virgil T.<\/td>\n<td>G. Schirmer<\/td>\n<td>PD<\/td>\n<\/tr>\n<tr>\n<td>Troqueles This Is the Day\/Haec est (SATB\/SATB, lat\u00f3n opcional)<\/td>\n<td>Gallus, Jacobus<\/td>\n<td>Concordia (98-1702)<\/td>\n<td>PD<\/td>\n<\/tr>\n<tr>\n<td>Dos cantos sublimes: Oh hijos e hijas (SATB)<\/td>\n<td>arreglo Proulx, Ricardo<\/td>\n<td>GIA (4552)<\/td>\n<td>GRAMO<\/td>\n<\/tr>\n<tr>\n<td>Virtud magna (SATB)<\/td>\n<td>Croce, Juan<\/td>\n<td>CPDL<\/td>\n<td>1<\/td>\n<\/tr>\n<tr>\n<td>Hemos visto al Se\u00f1or (SATB)<\/td>\n<td>Wetzler, Robert<\/td>\n<td>Augsburgo<\/td>\n<td>GRAMO<\/td>\n<\/tr>\n<tr>\n<td>Caminamos por fe (SATB)<\/td>\n<td>Kosche, Kenneth T.<\/td>\n<td>M\u00fasica MorningStar (50-6031)<\/td>\n<td>GRAMO<\/td>\n<\/tr>\n<tr>\n<td>Caminamos por fe (SATB, piano)<\/td>\n<td>Helman, Michael<\/td>\n<td>Augsburgo (9780800659752 ) *<\/td>\n<td>GRAMO<\/td>\n<\/tr>\n<\/tbody>\n<\/table>","protected":false},"excerpt":{"rendered":"<p>Choral Anthems Title (Voicing) Composer\/Arranger Publisher (Item #) Usage Awake, Arise, Go Forth and Rejoice (Unison) Leaf, Robert Augsburg PS Be Glad and Rejoice (SATB) Goemanne, Noel Flammer PS Blessed Are They (SATB) Pasquet, Jean Belwin Mills (6025) G Blest Are the Eyes That Have Not Seen You (Solo, SATB) Gramann, Fred E. C. Schirmer [&hellip;]<\/p>\n","protected":false},"author":6628,"featured_media":0,"parent":0,"menu_order":0,"comment_status":"closed","ping_status":"closed","template":"","meta":{"_acf_changed":false,"footnotes":""},"class_list":["post-4119","page","type-page","status-publish","hentry"],"acf":[],"_links":{"self":[{"href":"https:\/\/npm.org\/es\/wp-json\/wp\/v2\/pages\/4119"}],"collection":[{"href":"https:\/\/npm.org\/es\/wp-json\/wp\/v2\/pages"}],"about":[{"href":"https:\/\/npm.org\/es\/wp-json\/wp\/v2\/types\/page"}],"author":[{"embeddable":true,"href":"https:\/\/npm.org\/es\/wp-json\/wp\/v2\/users\/6628"}],"replies":[{"embeddable":true,"href":"https:\/\/npm.org\/es\/wp-json\/wp\/v2\/comments?post=4119"}],"version-history":[{"count":1,"href":"https:\/\/npm.org\/es\/wp-json\/wp\/v2\/pages\/4119\/revisions"}],"predecessor-version":[{"id":22646,"href":"https:\/\/npm.org\/es\/wp-json\/wp\/v2\/pages\/4119\/revisions\/22646"}],"wp:attachment":[{"href":"https:\/\/npm.org\/es\/wp-json\/wp\/v2\/media?parent=4119"}],"curies":[{"name":"gracias","href":"https:\/\/api.w.org\/{rel}","templated":true}]}}