{"id":4093,"date":"2017-10-03T13:27:35","date_gmt":"2017-10-03T13:27:35","guid":{"rendered":"https:\/\/npm.org\/?page_id=4093"},"modified":"2024-01-17T11:08:59","modified_gmt":"2024-01-17T16:08:59","slug":"choral-anthems-fourth-sunday-of-lent-b-lectionary-32","status":"publish","type":"page","link":"https:\/\/npm.org\/es\/choral-anthems-fourth-sunday-of-lent-b-lectionary-32\/","title":{"rendered":"Himnos corales - 4to domingo de Cuaresma (B)"},"content":{"rendered":"<p><strong>Himnos corales<\/strong><\/p>\n<table style=\"width: 100%;\" border=\"1\" width=\"100%\">\n<tbody>\n<tr>\n<td width=\"456\"><strong>T\u00edtulo (Voicing)<\/strong><\/td>\n<td width=\"187\"><strong>Compositor \/ Arreglista<\/strong><\/td>\n<td width=\"187\"><strong>Editor (art\u00edculo #)<\/strong><\/td>\n<td width=\"103\"><strong>Uso<\/strong><\/td>\n<\/tr>\n<tr>\n<td>Amazing Grace (2 partes, teclado)<\/td>\n<td>Arr. joven, jeremy<\/td>\n<td>GIA (3199)<\/td>\n<td>2,G,C<\/td>\n<\/tr>\n<tr>\n<td>Amazing Grace (SATB, flauta)<\/td>\n<td>arreglo Proulx, Ricardo<\/td>\n<td>GIA (6389)<\/td>\n<td>2,G,C<\/td>\n<\/tr>\n<tr>\n<td>Amazing Grace (SATB, \u00d3rgano)<\/td>\n<td>Arr. Bertalot, Juan<\/td>\n<td>Augsburgo (9780800649142)<\/td>\n<td>2,G,C<\/td>\n<\/tr>\n<tr>\n<td>Junto al r\u00edo alien\u00edgena (2 partes mixtas, teclado)<\/td>\n<td>Sensmeier, Randall<\/td>\n<td>GIA (4662)<\/td>\n<td>PD<\/td>\n<\/tr>\n<tr>\n<td>Junto a los arroyos de Babilonia<\/td>\n<td>Lisicky, Pablo<\/td>\n<td>WLP (009675)<\/td>\n<td>PD<\/td>\n<\/tr>\n<tr>\n<td>Por los r\u00edos de Babilonia (SATB, instrumento en C)<\/td>\n<td>Sedio, Marcos<\/td>\n<td>Selah (410-850)<\/td>\n<td>PD<\/td>\n<\/tr>\n<tr>\n<td>Por las aguas de Babilonia<\/td>\n<td>Palmer, Nicol\u00e1s<\/td>\n<td>WLP<\/td>\n<td>PD<\/td>\n<\/tr>\n<tr>\n<td>Por las aguas de Babilonia (SA, piano)<\/td>\n<td>Henning, Ervin<\/td>\n<td>E. C. Schirmer (2556)<\/td>\n<td>PD<\/td>\n<\/tr>\n<tr>\n<td>Junto a las aguas de Babilonia (SAB)<\/td>\n<td>arr. Lucas, James A.<\/td>\n<td>Esperanza (SP779)<\/td>\n<td>PD<\/td>\n<\/tr>\n<tr>\n<td>Junto a las aguas de Babilonia (SATB)<\/td>\n<td>Noble, T. Tercio<\/td>\n<td>HW gris<\/td>\n<td>PD<\/td>\n<\/tr>\n<tr>\n<td>Junto a las aguas de Babilonia (SATB)<\/td>\n<td>Palestrina, Giovanni Pierluigi da<\/td>\n<td>Novela corta (NOV281074)<\/td>\n<td>PD<\/td>\n<\/tr>\n<tr>\n<td>Por las aguas de Babilonia (Un\u00edsono, \u00d3rgano)<\/td>\n<td>Pratt, Jorge<\/td>\n<td>RSCM<\/td>\n<td>PD<\/td>\n<\/tr>\n<tr>\n<td>Efesios 1:8-10 (SATB, \u00d3rgano\/Teclado)<\/td>\n<td>Allen, Larry<\/td>\n<td>Prensa Broadman (4563-11)<\/td>\n<td>2<\/td>\n<\/tr>\n<tr>\n<td>Porque tanto am\u00f3 Dios al mundo (SAB)<\/td>\n<td>Distler, Hugo<\/td>\n<td>Concordia (98-2239)<\/td>\n<td>GRAMO<\/td>\n<\/tr>\n<tr>\n<td>Porque tanto am\u00f3 Dios al mundo (SATB)<\/td>\n<td>Martinson, Joel<\/td>\n<td>Sela (410-546)<\/td>\n<td>GRAMO<\/td>\n<\/tr>\n<tr>\n<td>Porque tanto am\u00f3 Dios al mundo (SATT(Bar.)B)<\/td>\n<td>Sch\u00fctz, Heinrich<\/td>\n<td>Concordia<\/td>\n<td>GRAMO<\/td>\n<\/tr>\n<tr>\n<td>Cuatro configuraciones de salmos: Junto a las aguas de Babilonia (a dos voces, \u00f3rgano)<\/td>\n<td>Mawby, Colin<\/td>\n<td>GIA (1098)<\/td>\n<td>PD<\/td>\n<\/tr>\n<tr>\n<td>Dios am\u00f3 tanto al mundo (SA, teclado)<\/td>\n<td>Martinson, Joel<\/td>\n<td>Concordia<\/td>\n<td>GRAMO<\/td>\n<\/tr>\n<tr>\n<td>Tanto am\u00f3 Dios al mundo (SAB)<\/td>\n<td>Goemanne, Noel<\/td>\n<td>GIA (7824)<\/td>\n<td>GRAMO<\/td>\n<\/tr>\n<tr>\n<td>Tanto am\u00f3 Dios al mundo (SAB)<\/td>\n<td>Stainer, Juan<\/td>\n<td>G. Schirmer (OC10085)<\/td>\n<td>GRAMO<\/td>\n<\/tr>\n<tr>\n<td>De tal manera am\u00f3 Dios al mundo (SAB, 2 violines, viola)<\/td>\n<td>Telemann, Georg Philipp<\/td>\n<td>Concordia<\/td>\n<td>GRAMO<\/td>\n<\/tr>\n<tr>\n<td>Tanto am\u00f3 Dios al mundo (SAB, teclado)<\/td>\n<td>Carter, Juan<\/td>\n<td>Beckenhorst (BP 1665)<\/td>\n<td>GRAMO<\/td>\n<\/tr>\n<tr>\n<td>Tanto am\u00f3 Dios al mundo (SATB)<\/td>\n<td>SadowskiKevin J.<\/td>\n<td>Concordia<\/td>\n<td>GRAMO<\/td>\n<\/tr>\n<tr>\n<td>Tanto am\u00f3 Dios al mundo (SATB)<\/td>\n<td>Stainer, Juan<\/td>\n<td>G. Schirmer (OC3798)<\/td>\n<td>GRAMO<\/td>\n<\/tr>\n<tr>\n<td>Tanto am\u00f3 Dios al mundo (Un\u00edsono, Teclado, Guitarra)<\/td>\n<td>Englert, Eugene<\/td>\n<td>GIA (5713)<\/td>\n<td>GRAMO<\/td>\n<\/tr>\n<tr>\n<td>Dios am\u00f3 tanto al mundo (Un\u00edsono\/2 partes, teclado, opcional flauta o viol\u00edn)<\/td>\n<td>Horman, John D.<\/td>\n<td>Gremio de Coristas (CGA 447)<\/td>\n<td>GRAMO<\/td>\n<\/tr>\n<tr>\n<td>Escuch\u00e9 la voz de Jes\u00fas decir (2 partes, flauta, oboe, \u00f3rgano))<\/td>\n<td>Witherup, William C.<\/td>\n<td>Sela (420-451)<\/td>\n<td>GRAMO<\/td>\n<\/tr>\n<tr>\n<td>Que mi lengua se calle (SATB, piano, oboe)<\/td>\n<td>Johengen, Carl<\/td>\n<td>GIA (3653)<\/td>\n<td>PD<\/td>\n<\/tr>\n<tr>\n<td>Se\u00f1or, por tus tiernas misericordias (SATB, \u00f3rgano optativo)<\/td>\n<td>Farrant, Richard<\/td>\n<td>CE Schirmer (0374)<\/td>\n<td>2<\/td>\n<\/tr>\n<tr>\n<td>Mi canci\u00f3n es amor desconocido (SAB, \u00f3rgano, flauta)<\/td>\n<td>Cherwien, David<\/td>\n<td>Augsburgo (9780800655488)<\/td>\n<td>GRAMO<\/td>\n<\/tr>\n<tr>\n<td>Siete motetes para uso ocasional durante el a\u00f1o eclesi\u00e1stico: Super flumina (SATB)<\/td>\n<td>Palestrina, Giovanni Pierluigi da<\/td>\n<td>GIA (1495)<\/td>\n<td>PD<\/td>\n<\/tr>\n<tr>\n<td>Cantad alabanzas a Dios (Un\u00edsono, Teclado)<\/td>\n<td>Hoja, Roberto<\/td>\n<td>Gremio de Coristas (CGA 712)<\/td>\n<td>GRAMO<\/td>\n<\/tr>\n<tr>\n<td>S\u00faper flumina Babylonis (SATB)<\/td>\n<td>di Lasso, Orlando<\/td>\n<td>CPDL<\/td>\n<td>PD<\/td>\n<\/tr>\n<tr>\n<td>Superflumina Babylonis (SATB, Piano)<\/td>\n<td>Fondo, Mitchell<\/td>\n<td>GIA (G-10608)<\/td>\n<td>PD<\/td>\n<\/tr>\n<tr>\n<td>S\u00faper flumina Babylonis (SATB)<\/td>\n<td>Palestrina, Giovanni Pierluigi da<\/td>\n<td>CPDL<\/td>\n<td>PD<\/td>\n<\/tr>\n<tr>\n<td>De cierto, de cierto os digo (Un\u00edsono, \u00d3rgano)<\/td>\n<td>Krapf, Gerhard<\/td>\n<td>Concordia<\/td>\n<td>GRAMO<\/td>\n<\/tr>\n<tr>\n<td>Qu\u00e9 maravilloso amor es este (SATB, flauta, teclado\/\u00f3rgano opcional)<\/td>\n<td>arreglo de Melby, James<\/td>\n<td>Concordia (98-2635)<\/td>\n<td>GRAMO<\/td>\n<\/tr>\n<tr>\n<td>Amor maravilloso (SATB)<\/td>\n<td>Christiansen, Paul J.<\/td>\n<td>Augsburgo (9780800652661)<\/td>\n<td>GRAMO<\/td>\n<\/tr>\n<\/tbody>\n<\/table>","protected":false},"excerpt":{"rendered":"<p>Choral Anthems Title (Voicing) Composer\/Arranger Publisher (Item #) Usage Amazing Grace (2-Part, Keyboard) arr. Young, Jeremy GIA (3199) 2,G,C Amazing Grace (SATB, Flute) arr. Proulx, Richard GIA (6389) 2,G,C Amazing Grace (SATB, Organ) arr. Bertalot, John Augsburg (9780800649142) 2,G,C Beside the Alien River, (2-Part Mixed, Keyboard) Sensmeier, Randall GIA (4662) PS Beside the Streams of [&hellip;]<\/p>\n","protected":false},"author":6628,"featured_media":0,"parent":0,"menu_order":0,"comment_status":"closed","ping_status":"closed","template":"","meta":{"_acf_changed":false,"footnotes":""},"class_list":["post-4093","page","type-page","status-publish","hentry"],"acf":[],"_links":{"self":[{"href":"https:\/\/npm.org\/es\/wp-json\/wp\/v2\/pages\/4093"}],"collection":[{"href":"https:\/\/npm.org\/es\/wp-json\/wp\/v2\/pages"}],"about":[{"href":"https:\/\/npm.org\/es\/wp-json\/wp\/v2\/types\/page"}],"author":[{"embeddable":true,"href":"https:\/\/npm.org\/es\/wp-json\/wp\/v2\/users\/6628"}],"replies":[{"embeddable":true,"href":"https:\/\/npm.org\/es\/wp-json\/wp\/v2\/comments?post=4093"}],"version-history":[{"count":1,"href":"https:\/\/npm.org\/es\/wp-json\/wp\/v2\/pages\/4093\/revisions"}],"predecessor-version":[{"id":22644,"href":"https:\/\/npm.org\/es\/wp-json\/wp\/v2\/pages\/4093\/revisions\/22644"}],"wp:attachment":[{"href":"https:\/\/npm.org\/es\/wp-json\/wp\/v2\/media?parent=4093"}],"curies":[{"name":"gracias","href":"https:\/\/api.w.org\/{rel}","templated":true}]}}