{"id":4083,"date":"2017-10-03T13:22:48","date_gmt":"2017-10-03T13:22:48","guid":{"rendered":"https:\/\/npm.org\/?page_id=4083"},"modified":"2024-01-17T11:07:03","modified_gmt":"2024-01-17T16:07:03","slug":"choral-anthems-first-sunday-of-lent-b-lectionary-23","status":"publish","type":"page","link":"https:\/\/npm.org\/es\/choral-anthems-first-sunday-of-lent-b-lectionary-23\/","title":{"rendered":"Himnos corales - 1er domingo de Cuaresma (B)"},"content":{"rendered":"<p><strong>Himnos corales<\/strong><\/p>\n<table style=\"width: 100%;\" border=\"1\" width=\"100%\">\n<tbody>\n<tr>\n<td width=\"456\"><strong>T\u00edtulo (Voicing)<\/strong><\/td>\n<td width=\"187\"><strong>Compositor \/ Arreglista<\/strong><\/td>\n<td width=\"187\"><strong>Editor (art\u00edculo #)<\/strong><\/td>\n<td width=\"103\"><strong>Uso<\/strong><\/td>\n<\/tr>\n<tr>\n<td>Todo el d\u00eda (SATB, \u00f3rgano opcional)<\/td>\n<td>Scott, K. Lee<\/td>\n<td width=\"187\">Concordia (983275)<\/td>\n<td>PD<\/td>\n<\/tr>\n<tr>\n<td>Todos los que permanec\u00e9is (SATB, \u00f3rgano)<\/td>\n<td>Abelardo, Peter\/arr. Clarke, Arlen<\/td>\n<td>St. James Press<\/td>\n<td>mi<\/td>\n<\/tr>\n<tr>\n<td>Llamado al Recuerdo (SATB)<\/td>\n<td>Farrant, Richard<\/td>\n<td>Bourne Music Co. (18226)<\/td>\n<td>PD<\/td>\n<\/tr>\n<tr>\n<td>Llamado al Recuerdo (SATB)<\/td>\n<td>Farrant, Richard<\/td>\n<td>GIA (3051)<\/td>\n<td>PD<\/td>\n<\/tr>\n<tr>\n<td>Llamado al Recuerdo (SATB)<\/td>\n<td>Farrant, Richard<\/td>\n<td>Gris claro (GCMR01751)<\/td>\n<td>PD<\/td>\n<\/tr>\n<tr>\n<td>Llamado al Recuerdo (SATB)<\/td>\n<td>Farrant, Richard<\/td>\n<td>Hinshaw (HMC 492)<\/td>\n<td>PD<\/td>\n<\/tr>\n<tr>\n<td>Llamado a la Memoria (SATB, \u00f3rgano opt.)<\/td>\n<td>Battishill, Johana<\/td>\n<td>Alfredo (MCA)<\/td>\n<td>PD<\/td>\n<\/tr>\n<tr>\n<td>Llamado a la Memoria (SATB, \u00d3rgano)<\/td>\n<td>Farrant, Richard<\/td>\n<td>Oxford (9780193521216)<\/td>\n<td>PD<\/td>\n<\/tr>\n<tr>\n<td>Llamado al Recuerdo (SSAATTBB)<\/td>\n<td>Hilton, Juan<\/td>\n<td>Oxford (MTC 97)<\/td>\n<td>PD<\/td>\n<\/tr>\n<tr>\n<td>Llamado al Recuerdo (TTBB)<\/td>\n<td>Farrant, Richard<\/td>\n<td>Concordia<\/td>\n<td>PD<\/td>\n<\/tr>\n<tr>\n<td>Da limosna de tus bienes (SATB)<\/td>\n<td>Tye, Christopher<\/td>\n<td>CPDL<\/td>\n<td>GRAMO<\/td>\n<\/tr>\n<tr>\n<td>Jes\u00fas camin\u00f3 por este valle solitario (SAATTBB, Flauta)<\/td>\n<td>Arr. Ferguson, Juan<\/td>\n<td>GIA (3279)<\/td>\n<td>GRAMO<\/td>\n<\/tr>\n<tr>\n<td>Jes\u00fas camin\u00f3 por este valle solitario (SATB)<\/td>\n<td>Arr. Berg, Ken<\/td>\n<td>Gremio de Coristas (CGA 979)<\/td>\n<td>GRAMO<\/td>\n<\/tr>\n<tr>\n<td>Jes\u00fas camin\u00f3 por este valle solitario (SATB, \u00f3rgano)<\/td>\n<td>Arr. Reager, John<\/td>\n<td>GIA (4447)<\/td>\n<td>GRAMO<\/td>\n<\/tr>\n<tr>\n<td>Oraci\u00f3n de Cuaresma, La (2 partes, \u00f3rgano\/piano, opci\u00f3n flauta)<\/td>\n<td>Blanco, David Ashley<\/td>\n<td>Par\u00e1clito (PPM09208)<\/td>\n<td>1,2<\/td>\n<\/tr>\n<tr>\n<td>Oraci\u00f3n de Cuaresma, A (Un\u00edsono, \u00d3rgano, Flauta)<\/td>\n<td>PowellRobert J.<\/td>\n<td>Gremio de Coristas (CGA 159)<\/td>\n<td>GRAMO<\/td>\n<\/tr>\n<tr>\n<td>Se\u00f1or Jesucristo, el \u00fanico hijo de Dios (SATB, \u00f3rgano\/teclado)<\/td>\n<td>Bach, Juan Sebasti\u00e1n<\/td>\n<td>Augsburgo (080065854X) en \u201cBach para todas las estaciones\u201d<\/td>\n<td>GRAMO<\/td>\n<\/tr>\n<tr>\n<td>Se\u00f1or, mantennos firmes en tu palabra (2 partes, opci\u00f3n instrumento solista)<\/td>\n<td>Busarow, Donald<\/td>\n<td>Concordia (98-2602)<\/td>\n<td>mi<\/td>\n<\/tr>\n<tr>\n<td>Se\u00f1or, hazme conocer tus caminos (SATB)<\/td>\n<td>Byrd, Guillermo<\/td>\n<td>CPDL<\/td>\n<td>2, G<\/td>\n<\/tr>\n<tr>\n<td>Se\u00f1or, hazme conocer tus caminos (SATB, \u00f3rgano)<\/td>\n<td>Byrd, William\/Lovelace, Austin arr.<\/td>\n<td>Concordia (98-2935)<\/td>\n<td>2, G<\/td>\n<\/tr>\n<tr>\n<td>Se\u00f1or, que a lo largo de estos cuarenta d\u00edas (SATB)<\/td>\n<td>Kosche, Kenneth T.<\/td>\n<td>M\u00fasica MorningStar (50-3047)<\/td>\n<td>GRAMO<\/td>\n<\/tr>\n<tr>\n<td>Se\u00f1or, que a lo largo de estos cuarenta d\u00edas (SATB, teclado)<\/td>\n<td>Precio, William Roger<\/td>\n<td>St. James Press<\/td>\n<td>GRAMO<\/td>\n<\/tr>\n<tr>\n<td>No s\u00f3lo de pan vivir\u00e1 el hombre (SATB, Soprano\/Tenor, Bajo Soli, Piano)<\/td>\n<td>Gardner, Don<\/td>\n<td>Lanzallamas (A-5061)<\/td>\n<td>C<\/td>\n<\/tr>\n<tr>\n<td>Salmo 25 (SAB, \u00d3rgano\/Teclado)<\/td>\n<td>Haydn, Francisco Jos\u00e9<\/td>\n<td>Concordia (98-3019) en \u201cCuatro Salmos para Coro SAB\u201d<\/td>\n<td>PD<\/td>\n<\/tr>\n<tr>\n<td>El arco\u00edris es una promesa, A (2 partes, piano)<\/td>\n<td>Beebe, Hank<\/td>\n<td>Hinshaw (HPC 7086)<\/td>\n<td>1<\/td>\n<\/tr>\n<tr>\n<td>Esc\u00e1pula suis (SATB)<\/td>\n<td>Casali, Giambatista<\/td>\n<td>cpdl.org<\/td>\n<td>C<\/td>\n<\/tr>\n<tr>\n<td>Mu\u00e9strame tus caminos (SATB, guitarra, oboe)<\/td>\n<td>PelzWalter L.<\/td>\n<td>Augsburgo (9780800645427)<\/td>\n<td>PD<\/td>\n<\/tr>\n<tr>\n<td>Mu\u00e9strame tus caminos, oh Se\u00f1or (SATB)<\/td>\n<td>Schalk, Carl<\/td>\n<td>Concordia (98-3207)<\/td>\n<td>PD<\/td>\n<\/tr>\n<tr>\n<td>As\u00ed que ens\u00e9\u00f1anos a contar nuestros d\u00edas (SATB)<\/td>\n<td>Hillert, Richard<\/td>\n<td>Concordia<\/td>\n<td>mi<\/td>\n<\/tr>\n<tr>\n<td>Ens\u00e9\u00f1ame tus caminos, Se\u00f1or (SATB o 2 pt)<\/td>\n<td>Pote, Allen C.<\/td>\n<td>Hinshaw<\/td>\n<td>PD<\/td>\n<\/tr>\n<tr>\n<td>Ens\u00e9\u00f1ame tus caminos, Se\u00f1or (Unison o SA)<\/td>\n<td>Rohlig, Harald<\/td>\n<td>Concordia<\/td>\n<td>PD<\/td>\n<\/tr>\n<tr>\n<td>Ens\u00e9\u00f1ame, oh Se\u00f1or (SATB, Teclado)<\/td>\n<td>Atwood, Thomas<\/td>\n<td>GIA (3045)<\/td>\n<td>PD<\/td>\n<\/tr>\n<tr>\n<td>Ens\u00e9\u00f1ame, oh Se\u00f1or (SATB, \u00d3rgano)<\/td>\n<td>Atwood, Thomas<\/td>\n<td>CPDL<\/td>\n<td>PD<\/td>\n<\/tr>\n<tr>\n<td>Tiempo de Cumplimiento, El (SATB, Teclado)<\/td>\n<td>ChepponisJames J.<\/td>\n<td>GIA (3906)<\/td>\n<td>GRAMO<\/td>\n<\/tr>\n<tr>\n<td>A ti, oh Se\u00f1or (SATB)<\/td>\n<td>Ford, Virgil T.<\/td>\n<td>G. Schirmer (OC11101)<\/td>\n<td>PD<\/td>\n<\/tr>\n<\/tbody>\n<\/table>","protected":false},"excerpt":{"rendered":"<p>Choral Anthems Title (Voicing) Composer\/Arranger Publisher (Item #) Usage All the Day Long (SATB, opt. Organ) Scott, K. Lee Concordia (983275) PS All You Who Abide (SATB, Organ) Abelard, Peter\/arr. Clarke, Arlen St. James Press E Call to Remembrance (SATB) Farrant, Richard Bourne Music Co. (18226 ) PS Call to Remembrance (SATB) Farrant, Richard GIA [&hellip;]<\/p>\n","protected":false},"author":6628,"featured_media":0,"parent":0,"menu_order":0,"comment_status":"closed","ping_status":"closed","template":"","meta":{"_acf_changed":false,"footnotes":""},"class_list":["post-4083","page","type-page","status-publish","hentry"],"acf":[],"_links":{"self":[{"href":"https:\/\/npm.org\/es\/wp-json\/wp\/v2\/pages\/4083"}],"collection":[{"href":"https:\/\/npm.org\/es\/wp-json\/wp\/v2\/pages"}],"about":[{"href":"https:\/\/npm.org\/es\/wp-json\/wp\/v2\/types\/page"}],"author":[{"embeddable":true,"href":"https:\/\/npm.org\/es\/wp-json\/wp\/v2\/users\/6628"}],"replies":[{"embeddable":true,"href":"https:\/\/npm.org\/es\/wp-json\/wp\/v2\/comments?post=4083"}],"version-history":[{"count":1,"href":"https:\/\/npm.org\/es\/wp-json\/wp\/v2\/pages\/4083\/revisions"}],"predecessor-version":[{"id":22643,"href":"https:\/\/npm.org\/es\/wp-json\/wp\/v2\/pages\/4083\/revisions\/22643"}],"wp:attachment":[{"href":"https:\/\/npm.org\/es\/wp-json\/wp\/v2\/media?parent=4083"}],"curies":[{"name":"gracias","href":"https:\/\/api.w.org\/{rel}","templated":true}]}}