{"id":4080,"date":"2017-10-03T13:19:39","date_gmt":"2017-10-03T13:19:39","guid":{"rendered":"https:\/\/npm.org\/?page_id=4080"},"modified":"2020-06-18T17:22:04","modified_gmt":"2020-06-18T17:22:04","slug":"choral-anthems-ash-wednesday-a-b-c-lectionary-219","status":"publish","type":"page","link":"https:\/\/npm.org\/es\/choral-anthems-ash-wednesday-a-b-c-lectionary-219\/","title":{"rendered":"Himnos corales - Mi\u00e9rcoles de ceniza (B)"},"content":{"rendered":"<p><strong>Himnos corales<\/strong><\/p>\n<table style=\"width: 100%;\" border=\"1\" width=\"100%\">\n<tbody>\n<tr>\n<td width=\"456\"><strong>T\u00edtulo (Voicing)<\/strong><\/td>\n<td width=\"187\"><strong>Compositor \/ Arreglista<\/strong><\/td>\n<td width=\"187\"><strong>Editor (art\u00edculo #)<\/strong><\/td>\n<td width=\"103\"><strong>Uso<\/strong><\/td>\n<\/tr>\n<tr>\n<td>Presencia Domine (SAB)<\/td>\n<td>Proulx, Richard<\/td>\n<td>Aureola (AE61)<\/td>\n<td>PD<\/td>\n<\/tr>\n<tr>\n<td>Asistencia Domine (SATB)<\/td>\n<td>Osterhagen, Juan<\/td>\n<td>Canci\u00f3n nueva (5004)<\/td>\n<td>PD<\/td>\n<\/tr>\n<tr>\n<td>Ten Misericordia, oh Dios (SAB, \u00d3rgano)<\/td>\n<td>Ferris, William<\/td>\n<td>Par\u00e1clito (PPM09814)<\/td>\n<td>PD<\/td>\n<\/tr>\n<tr>\n<td>Benditos sean (SATB, \u00d3rgano, flauta opcional)<\/td>\n<td>Jennings, Carolyn<\/td>\n<td>Gremio de Coristas (CGA 896)<\/td>\n<td>C<\/td>\n<\/tr>\n<tr>\n<td>No me eches lejos (SATB, \u00d3rgano)<\/td>\n<td>PowellRobert J.<\/td>\n<td>Par\u00e1clito (PPM00708)<\/td>\n<td>PD<\/td>\n<\/tr>\n<tr>\n<td>Coraz\u00f3n limpio, A (SAB, teclado)<\/td>\n<td>Harlan, Benjam\u00edn<\/td>\n<td>Prensa Shawnee (D5562) *<\/td>\n<td>PD<\/td>\n<\/tr>\n<tr>\n<td>Coraz\u00f3n limpio, A (SATB, teclado)<\/td>\n<td>Harlan, Benjam\u00edn<\/td>\n<td>Prensa Shawnee (A-6731)<\/td>\n<td>PD<\/td>\n<\/tr>\n<tr>\n<td>Crea en m\u00ed un coraz\u00f3n limpio (SAB)<\/td>\n<td>Pasquet, Jean<\/td>\n<td>Augsburgo (11-0627)*<\/td>\n<td>PD<\/td>\n<\/tr>\n<tr>\n<td>Crea en m\u00ed un coraz\u00f3n limpio (SATB)<\/td>\n<td>Berger, Jean<\/td>\n<td>Alfredo (FEC 09446)<\/td>\n<td>PD<\/td>\n<\/tr>\n<tr>\n<td>Crea en m\u00ed un coraz\u00f3n limpio (SATB)<\/td>\n<td>Mochnick, Juan<\/td>\n<td>Lorenzo (10\/2207R)<\/td>\n<td>PD<\/td>\n<\/tr>\n<tr>\n<td>Crea en m\u00ed un coraz\u00f3n limpio (SATB, \u00d3rgano)<\/td>\n<td>Locklair, Dan<\/td>\n<td>Par\u00e1clito (PPM0006)<\/td>\n<td>PD<\/td>\n<\/tr>\n<tr>\n<td>Crea en m\u00ed un coraz\u00f3n limpio (SATB, \u00d3rgano\/Teclado)<\/td>\n<td>Nelson, Ronald A.<\/td>\n<td>Kjos (8808)<\/td>\n<td>PD<\/td>\n<\/tr>\n<tr>\n<td>Crea en m\u00ed un coraz\u00f3n limpio (SATB, \u00d3rgano\/Teclado)<\/td>\n<td>Christiansen, Paul J.<\/td>\n<td>Augsburgo (11-1793)<\/td>\n<td>PD<\/td>\n<\/tr>\n<tr>\n<td>Crea en m\u00ed, oh Dios, un coraz\u00f3n limpio (2 partes mixtas)<\/td>\n<td>Schalk, Carl<\/td>\n<td>Concordia<\/td>\n<td>PD<\/td>\n<\/tr>\n<tr>\n<td>Crea en m\u00ed, oh Dios, un coraz\u00f3n limpio (SA, \u00d3rgano\/Teclado)<\/td>\n<td>Bouman, Paul<\/td>\n<td>Concordia (98-1143)<\/td>\n<td>PD<\/td>\n<\/tr>\n<tr>\n<td>Crea en m\u00ed, oh Dios, un coraz\u00f3n limpio (SATB, TTBB)<\/td>\n<td>Willan, Healy<\/td>\n<td>Concordia (98-2238)<\/td>\n<td>PD<\/td>\n<\/tr>\n<tr>\n<td>Crea en m\u00ed, oh Dios, un coraz\u00f3n limpio (TTBB)<\/td>\n<td>Gerike, Enrique V.<\/td>\n<td>Augsburgo (98-3607)<\/td>\n<td>PD<\/td>\n<\/tr>\n<tr>\n<td>Crea en m\u00ed, oh Se\u00f1or, un coraz\u00f3n limpio (SATB)<\/td>\n<td>Bedford, Michael<\/td>\n<td>St. James Press<\/td>\n<td>PD<\/td>\n<\/tr>\n<tr>\n<td>Crea en m\u00ed, oh Dios (SATB, \u00f3rgano\/teclado)<\/td>\n<td>Brahms, Johannes<\/td>\n<td>Alfredo (LG53042)<\/td>\n<td>PD<\/td>\n<\/tr>\n<tr>\n<td>Crea en m\u00ed, oh Dios (Un\u00edsono, Teclado)<\/td>\n<td>marshall, jane m.<\/td>\n<td>Gremio de Coristas (CGA 750)<\/td>\n<td>PD<\/td>\n<\/tr>\n<tr>\n<td>Felices los que se deleitan (Un\u00edsono, \u00d3rgano, Flauta, Cuarteto de cuerdas opcional)<\/td>\n<td>Hillert, Richard<\/td>\n<td>GIA (4259)<\/td>\n<td>C<\/td>\n<\/tr>\n<tr>\n<td>Ten Misericordia de M\u00ed (SAB)<\/td>\n<td>Tomkins, Thomas<\/td>\n<td>GIA (1899)<\/td>\n<td>A, PD<\/td>\n<\/tr>\n<tr>\n<td>Ten misericordia de m\u00ed, oh Dios (SATB)<\/td>\n<td>Schalk, Carl<\/td>\n<td>Augsburgo (9780800657840)<\/td>\n<td>A, PD<\/td>\n<\/tr>\n<tr>\n<td>Himno de Cuaresma, A (Un\u00edsono, \u00d3rgano, Cuarteto de metales opcional)<\/td>\n<td>Wyton, Alec<\/td>\n<td>Par\u00e1clito (PPM08809)<\/td>\n<td>1<\/td>\n<\/tr>\n<tr>\n<td>En yejunio y fletu (SAATB)<\/td>\n<td>Tallis, Thomas<\/td>\n<td>CPDL<\/td>\n<td>1<\/td>\n<\/tr>\n<tr>\n<td>Jes\u00fas, meditar\u00e9 ahora - Salmo 51 (Un\u00edsono o en 2 partes)<\/td>\n<td>Rotermund, Donald<\/td>\n<td>Concordia (97-7622) en \u201cCompa\u00f1eros del Salmo\u201d<\/td>\n<td>PD<\/td>\n<\/tr>\n<tr>\n<td>Preg\u00f3n de Cuaresma, A (3 voces, 11 campanas)<\/td>\n<td>ChepponisJames J.<\/td>\n<td>GIA (2761)<\/td>\n<td>1,2<\/td>\n<\/tr>\n<tr>\n<td>Se\u00f1or, por Tus entra\u00f1ables misericordias (SAB)<\/td>\n<td>Blanco, David Ashley<\/td>\n<td>Selah (420-239)<\/td>\n<td>mi<\/td>\n<\/tr>\n<tr>\n<td>Se\u00f1or, por Tus entra\u00f1ables misericordias (SATB)<\/td>\n<td>Farrant, Richard o Hilton, John<\/td>\n<td>GIA (3049)<\/td>\n<td>mi<\/td>\n<\/tr>\n<tr>\n<td>Se\u00f1or, ten piedad (SAB, teclado)<\/td>\n<td>Bach, Johann Sebastian\/Hopson, Hal H. arr.<\/td>\n<td>Esperanza (MW 1246)<\/td>\n<td>UN<\/td>\n<\/tr>\n<tr>\n<td>Miserere mei (SATB)<\/td>\n<td>di Lasso, Orlando<\/td>\n<td>GIA (3007)<\/td>\n<td>PD<\/td>\n<\/tr>\n<tr>\n<td>Miserere mei (SATB)<\/td>\n<td>Lotti, Antonio<\/td>\n<td>CPDL<\/td>\n<td>PD<\/td>\n<\/tr>\n<tr>\n<td>Miserere Mei (SATTB)<\/td>\n<td>Byrd, Guillermo<\/td>\n<td>CPDL<\/td>\n<td>PD<\/td>\n<\/tr>\n<tr>\n<td>Miserere mei Deus (SATTB)<\/td>\n<td>di Lasso, Orlando<\/td>\n<td>CPDL<\/td>\n<td>PD<\/td>\n<\/tr>\n<tr>\n<td>Miserere mei, Dios (SATBB)<\/td>\n<td>Byrd, Guillermo<\/td>\n<td>CPDL<\/td>\n<td>PD<\/td>\n<\/tr>\n<tr>\n<td>Miserere mei, Dios (SATBB)<\/td>\n<td>Byrd, Guillermo<\/td>\n<td>Oxford (9780193520530)<\/td>\n<td>PD<\/td>\n<\/tr>\n<tr>\n<td>Miserere mei, Dios (SATBB)<\/td>\n<td>Byrd, Guillermo<\/td>\n<td>Oxford (9780193520530)<\/td>\n<td>PD<\/td>\n<\/tr>\n<tr>\n<td>Miserere mei, Dios (SSATB)<\/td>\n<td>Allegri, Gregorio<\/td>\n<td>CPDL<\/td>\n<td>PD<\/td>\n<\/tr>\n<tr>\n<td>Miserere Mei, Domine (SATB)<\/td>\n<td>di Lasso, Orlando<\/td>\n<td>Augsburgo (11-10267)<\/td>\n<td>PD<\/td>\n<\/tr>\n<tr>\n<td>Oh Dios, ten piedad (SATB)<\/td>\n<td>Pfautsch, Lloyd<\/td>\n<td>Hinshaw (HMC 1875)<\/td>\n<td>PD<\/td>\n<\/tr>\n<tr>\n<td>Parce Domine (SATB)<\/td>\n<td>Nowowiejski, F\u00e9lix<\/td>\n<td>Colla Voz (39-20105)<\/td>\n<td>1<\/td>\n<\/tr>\n<tr>\n<td>Salmo 1 (SSATB, piano\/\u00f3rgano)<\/td>\n<td>Carter, Nathan<\/td>\n<td>GIA (6024)<\/td>\n<td>C<\/td>\n<\/tr>\n<tr>\n<td>Salmo 51: 1-13 (Al un\u00edsono o a dos voces, \u00f3rgano\/teclado)<\/td>\n<td>Rotermund, Donald<\/td>\n<td>Concordia<\/td>\n<td>PD<\/td>\n<\/tr>\n<tr>\n<td>Salmo de Confesi\u00f3n, A (SATB, Teclado, Opci\u00f3n Solo)<\/td>\n<td>Hopson, Hal H.<\/td>\n<td>Augsburgo<\/td>\n<td>A, PD<\/td>\n<\/tr>\n<tr>\n<td>Purif\u00edcame, oh Se\u00f1or (SATB)<\/td>\n<td>Tallis, Thomas<\/td>\n<td>Oxford (9780193521339)<\/td>\n<td>UN<\/td>\n<\/tr>\n<tr>\n<td>Restaura mi alma (SATB, teclado)<\/td>\n<td>PowellRobert J.<\/td>\n<td>St. James Press<\/td>\n<td>PD<\/td>\n<\/tr>\n<tr>\n<td>Regreso al Se\u00f1or (TTBB, Teclado)<\/td>\n<td>Gerike, Enrique V.<\/td>\n<td>Concordia<\/td>\n<td>1,A<\/td>\n<\/tr>\n<tr>\n<td>Vuelve al Se\u00f1or, tu Dios (SATB, Teclado)<\/td>\n<td>Gerike, Enrique V.<\/td>\n<td>Concordia<\/td>\n<td>1,A<\/td>\n<\/tr>\n<tr>\n<td>Sacrificio, El (SATB)<\/td>\n<td>Shepard, Ricardo<\/td>\n<td>St. James Press<\/td>\n<td>PD<\/td>\n<\/tr>\n<tr>\n<td>Aparta tu rostro de mis pecados (SATB)<\/td>\n<td>Atwood, Thomas<\/td>\n<td>GIA (RCL26)<\/td>\n<td>PD<\/td>\n<\/tr>\n<tr>\n<td>Aparta tu rostro de mis pecados (SATB)<\/td>\n<td>Atwood, Thomas<\/td>\n<td>Oxford (9780193531093) en \u201cThe New Church Anthem Book\u201d<\/td>\n<td>PD<\/td>\n<\/tr>\n<tr>\n<td>L\u00e1vame a fondo (SATB, \u00d3rgano)<\/td>\n<td>Wesley, Samuel Sebasti\u00e1n<\/td>\n<td>Oxford (9780193368415)en \u201cM\u00fasica de iglesia inglesa\u201d<\/td>\n<td>UN<\/td>\n<\/tr>\n<tr>\n<td>L\u00e1vame de cabo a rabo (SATB, opcional con campanas de mano)<\/td>\n<td>Hallock, Pedro<\/td>\n<td>Artes j\u00f3nicas (CH-1014)<\/td>\n<td>PD,A<\/td>\n<\/tr>\n<\/tbody>\n<\/table>","protected":false},"excerpt":{"rendered":"<p>Choral Anthems Title (Voicing) Composer\/Arranger Publisher (Item #) Usage Attende Domine (SAB) Proulx, Richard Aureole (AE61) PS Attende Domine (SATB) Osterhagen, John Cantica Nova (5004) PS Be Merciful, O God (SAB, Organ) Ferris, William Paraclete (PPM09814) PS Blessed Are They (SATB, Organ, opt. Flute) Jennings, Carolyn Choristers Guild (CGA 896) C Cast Me Not Away [&hellip;]<\/p>\n","protected":false},"author":6628,"featured_media":0,"parent":0,"menu_order":0,"comment_status":"closed","ping_status":"closed","template":"","meta":{"_acf_changed":false,"footnotes":""},"class_list":["post-4080","page","type-page","status-publish","hentry"],"acf":[],"_links":{"self":[{"href":"https:\/\/npm.org\/es\/wp-json\/wp\/v2\/pages\/4080"}],"collection":[{"href":"https:\/\/npm.org\/es\/wp-json\/wp\/v2\/pages"}],"about":[{"href":"https:\/\/npm.org\/es\/wp-json\/wp\/v2\/types\/page"}],"author":[{"embeddable":true,"href":"https:\/\/npm.org\/es\/wp-json\/wp\/v2\/users\/6628"}],"replies":[{"embeddable":true,"href":"https:\/\/npm.org\/es\/wp-json\/wp\/v2\/comments?post=4080"}],"version-history":[{"count":0,"href":"https:\/\/npm.org\/es\/wp-json\/wp\/v2\/pages\/4080\/revisions"}],"wp:attachment":[{"href":"https:\/\/npm.org\/es\/wp-json\/wp\/v2\/media?parent=4080"}],"curies":[{"name":"gracias","href":"https:\/\/api.w.org\/{rel}","templated":true}]}}