{"id":3961,"date":"2017-09-21T05:42:59","date_gmt":"2017-09-21T05:42:59","guid":{"rendered":"https:\/\/npm.org\/?page_id=3961"},"modified":"2020-06-19T22:17:45","modified_gmt":"2020-06-19T22:17:45","slug":"eighth-sunday-in-ordinary-time-b-lectionary-83","status":"publish","type":"page","link":"https:\/\/npm.org\/es\/eighth-sunday-in-ordinary-time-b-lectionary-83\/","title":{"rendered":"Himnos corales - VIII domingo del tiempo ordinario (B)"},"content":{"rendered":"<p><strong>Himnos corales<\/strong><\/p>\n<table style=\"width: 100%;\" border=\"1\" width=\"100%\">\n<tbody>\n<tr>\n<td width=\"456\"><strong>T\u00edtulo (Voicing)<\/strong><\/td>\n<td width=\"187\"><strong>Compositor \/ Arreglista<\/strong><\/td>\n<td width=\"187\"><strong>Editor (art\u00edculo #)<\/strong><\/td>\n<td width=\"103\"><strong>Uso<\/strong><\/td>\n<\/tr>\n<tr>\n<td>3 Salmos festivos: Salmo 46, 103, 63 (SATB, 3 campanillas)<\/td>\n<td>Kosche, Kenneth T. y John A. Behnke<\/td>\n<td>Concordia (98-3365)<\/td>\n<td>PD<\/td>\n<\/tr>\n<tr>\n<td>Bendice al Se\u00f1or (SATB)<\/td>\n<td>Brandon, Jorge<\/td>\n<td>GIA (1931)<\/td>\n<td>PD<\/td>\n<\/tr>\n<tr>\n<td>Bendice al Se\u00f1or, bendice su santo nombre (SAB, \u00f3rgano\/piano)<\/td>\n<td>Corelli, Arc\u00e1ngel<\/td>\n<td>M\u00fasica de Boston<\/td>\n<td>PD<\/td>\n<\/tr>\n<tr>\n<td>Bendice al Se\u00f1or, alma m\u00eda (SAB)<\/td>\n<td>Lotti, Antonio<\/td>\n<td>Luis M\u00fasica (10804538)<\/td>\n<td>PD<\/td>\n<\/tr>\n<tr>\n<td>Bendice al Se\u00f1or, alma m\u00eda (SATB)<\/td>\n<td>Ippolitoff-Ivanoff, Mijail<\/td>\n<td>G. Schirmer (ED2529) en \u201cCinco siglos de m\u00fasica coral\u201d<\/td>\n<td>PD<\/td>\n<\/tr>\n<tr>\n<td>Bendice al Se\u00f1or, alma m\u00eda (SATB, \u00f3rgano)<\/td>\n<td>Lovelace, Austin C.<\/td>\n<td>Lorenz<\/td>\n<td>PD<\/td>\n<\/tr>\n<tr>\n<td>Bendice al Se\u00f1or, alma m\u00eda (SATB, piano)<\/td>\n<td>Bach, Johann Sebastian\/Hopson, Hal H. arr.<\/td>\n<td>Esperanza (AA1697)<\/td>\n<td>PD<\/td>\n<\/tr>\n<tr>\n<td>Bendice al Se\u00f1or, alma m\u00eda (Un\u00edsono, \u00f3rgano)<\/td>\n<td>marshall, jane m.<\/td>\n<td>Prensa de Broadman<\/td>\n<td>PD<\/td>\n<\/tr>\n<tr>\n<td>Bendecid al Se\u00f1or (SATB)<\/td>\n<td>Ippolitoff-Ivanoff, Mijail<\/td>\n<td>Carl Fischer<\/td>\n<td>PD<\/td>\n<\/tr>\n<tr>\n<td>Bendecid al Se\u00f1or (SATB, \u00d3rgano, ad lib.)<\/td>\n<td>Ippolitoff-Ivanoff Mikhail\/Clough-Leighter H. arr.<\/td>\n<td>Theodore Presser (332-13770)<\/td>\n<td>PD<\/td>\n<\/tr>\n<tr>\n<td>Bendecid al Se\u00f1or (SATB, \u00d3rgano, ad lib.)<\/td>\n<td>Ippolitoff-Ivanoff, Mijail<\/td>\n<td>HW gris<\/td>\n<td>PD<\/td>\n<\/tr>\n<tr>\n<td>C\u00e1ntico de alabanza (SATB, piano\/\u00f3rgano)<\/td>\n<td>Beck, John Ness<\/td>\n<td>Theodore Presser (312-40588)<\/td>\n<td>PD<\/td>\n<\/tr>\n<tr>\n<td>Cantar\u00e9 de tus grandes misericordias, oh Se\u00f1or (SAB, teclado)<\/td>\n<td>Mendelssohn, F\u00e9lix<\/td>\n<td>Walton (1192)<\/td>\n<td>C<\/td>\n<\/tr>\n<tr>\n<td>El amor me dio la bienvenida (SATB)<\/td>\n<td>Hurd, David<\/td>\n<td>Sela (418-610)<\/td>\n<td>GRAMO<\/td>\n<\/tr>\n<tr>\n<td>Alma m\u00eda, ahora bendice (SATB)<\/td>\n<td>Sch\u00fctz, Heinrich<\/td>\n<td>Concordia<\/td>\n<td>PD<\/td>\n<\/tr>\n<tr>\n<td>Sin templo ahora, sin regalo de precio (SATB)<\/td>\n<td>Hyslop, Scott M.<\/td>\n<td>Concordia (98-3606)<\/td>\n<td>GRAMO<\/td>\n<\/tr>\n<tr>\n<td>Oh Jes\u00fas, alegr\u00eda de los corazones amantes (SATB, \u00d3rgano)<\/td>\n<td>arreglo PowellRobert J.<\/td>\n<td>GIA (3405)<\/td>\n<td>GRAMO<\/td>\n<\/tr>\n<tr>\n<td>Oh alma m\u00eda, bendice a Dios Padre (SB)<\/td>\n<td>Handel, George F.<\/td>\n<td>Prensa Shawnee<\/td>\n<td>PD<\/td>\n<\/tr>\n<tr>\n<td>Alabado sea el Se\u00f1or, alma m\u00eda (SATB\/SATB, \u00d3rgano, opt. Lat\u00f3n)<\/td>\n<td>Schutz, Heinrich<\/td>\n<td>Theodore Presser (312-41056)<\/td>\n<td>PD<\/td>\n<\/tr>\n<tr>\n<td>Salmo 103 (SATB, \u00d3rgano\/Piano)<\/td>\n<td>Ca\u00edn, noble<\/td>\n<td>lanzallamas<\/td>\n<td>PD<\/td>\n<\/tr>\n<\/tbody>\n<\/table>","protected":false},"excerpt":{"rendered":"<p>Choral Anthems Title (Voicing) Composer\/Arranger Publisher (Item #) Usage 3 Festival Psalms: Psalm 46, 103, 63 (SATB, 3 Handbells) Kosche, Kenneth T. and John A. Behnke Concordia (98-3365) PS Bless the Lord (SATB) Brandon, George GIA (1931) PS Bless the Lord, O Bless His Holy Name (SAB, organ\/piano) Corelli, Arcangelo Boston Music PS Bless the [&hellip;]<\/p>\n","protected":false},"author":6628,"featured_media":0,"parent":0,"menu_order":0,"comment_status":"closed","ping_status":"closed","template":"","meta":{"_acf_changed":false,"footnotes":""},"class_list":["post-3961","page","type-page","status-publish","hentry"],"acf":[],"_links":{"self":[{"href":"https:\/\/npm.org\/es\/wp-json\/wp\/v2\/pages\/3961"}],"collection":[{"href":"https:\/\/npm.org\/es\/wp-json\/wp\/v2\/pages"}],"about":[{"href":"https:\/\/npm.org\/es\/wp-json\/wp\/v2\/types\/page"}],"author":[{"embeddable":true,"href":"https:\/\/npm.org\/es\/wp-json\/wp\/v2\/users\/6628"}],"replies":[{"embeddable":true,"href":"https:\/\/npm.org\/es\/wp-json\/wp\/v2\/comments?post=3961"}],"version-history":[{"count":0,"href":"https:\/\/npm.org\/es\/wp-json\/wp\/v2\/pages\/3961\/revisions"}],"wp:attachment":[{"href":"https:\/\/npm.org\/es\/wp-json\/wp\/v2\/media?parent=3961"}],"curies":[{"name":"gracias","href":"https:\/\/api.w.org\/{rel}","templated":true}]}}